{"id":16,"date":"2025-03-21T23:38:10","date_gmt":"2025-03-21T23:38:10","guid":{"rendered":"https:\/\/yokoboost.com\/?page_id=16"},"modified":"2025-03-21T23:40:29","modified_gmt":"2025-03-21T23:40:29","slug":"zasady-ochrany-osobnich-udaju","status":"publish","type":"page","link":"https:\/\/yokoboost.com\/cs\/politica-de-privacidade\/","title":{"rendered":"Z\u00e1sady ochrany osobn\u00edch \u00fadaj\u016f"},"content":{"rendered":"Ve\u0161ker\u00e9 shrom\u00e1\u017ed\u011bn\u00e9 informace budou pou\u017eity ke zlep\u0161en\u00ed va\u0161\u00ed zku\u0161enosti s na\u0161imi webov\u00fdmi str\u00e1nkami. Shrom\u00e1\u017ed\u011bn\u00e9 informace mohou zahrnovat va\u0161e jm\u00e9no, e-mailovou adresu, telefonn\u00ed \u010d\u00edslo a\/nebo dal\u0161\u00ed informace. Pou\u017e\u00edv\u00e1n\u00edm YokoBoost souhlas\u00edte s touto Z\u00e1sadou ochrany osobn\u00edch \u00fadaj\u016f. Pokud nesouhlas\u00edte, by\u0165 jen \u010d\u00e1ste\u010dn\u011b, s podm\u00ednkami obsa\u017een\u00fdmi v t\u011bchto Z\u00e1sad\u00e1ch ochrany osobn\u00edch \u00fadaj\u016f, nem\u011bli byste p\u0159istupovat k obsahu nab\u00edzen\u00e9mu YokoBoost a\/nebo jej pou\u017e\u00edvat. Pou\u017e\u00edv\u00e1n\u00edm webov\u00fdch str\u00e1nek berete na v\u011bdom\u00ed a pln\u011b souhlas\u00edte se zpracov\u00e1n\u00edm va\u0161ich \u00fadaj\u016f v souladu s podm\u00ednkami t\u011bchto Z\u00e1sad ochrany osobn\u00edch \u00fadaj\u016f a V\u0161eobecn\u00fdmi podm\u00ednkami pou\u017e\u00edv\u00e1n\u00ed. Vyhrazujeme si pr\u00e1vo kdykoli zm\u011bnit tyto z\u00e1sady ochrany osobn\u00edch \u00fadaj\u016f bez souhlasu nebo ozn\u00e1men\u00ed u\u017eivatel\u016f, proto si je pros\u00edm \u010dasto prohl\u00ed\u017eejte. Zm\u011bny a up\u0159esn\u011bn\u00ed nabudou \u00fa\u010dinnosti okam\u017eit\u011b po jejich zve\u0159ejn\u011bn\u00ed na webov\u00fdch str\u00e1nk\u00e1ch. Pokud v t\u011bchto z\u00e1sad\u00e1ch provedeme podstatn\u00e9 zm\u011bny, budeme v\u00e1s zde informovat o jejich aktualizaci, abyste v\u011bd\u011bli, jak\u00e9 informace shroma\u017e\u010fujeme, jak je pou\u017e\u00edv\u00e1me a za jak\u00fdch okolnost\u00ed je p\u0159\u00edpadn\u011b pou\u017e\u00edv\u00e1me a\/nebo zve\u0159ej\u0148ujeme. YokoBoost respektuje soukrom\u00ed sv\u00fdch u\u017eivatel\u016f a transparentnost v tom, jak jsou data pou\u017e\u00edv\u00e1na. Na\u0161e Z\u00e1sady ochrany osobn\u00edch \u00fadaj\u016f byly vypracov\u00e1ny v souladu s mezin\u00e1rodn\u00edmi a n\u00e1rodn\u00edmi standardy ochrany osobn\u00edch \u00fadaj\u016f. Tyto Z\u00e1sady ochrany osobn\u00edch \u00fadaj\u016f by m\u011bly b\u00fdt \u010dteny a vykl\u00e1d\u00e1ny ve spojen\u00ed s V\u0161eobecn\u00fdmi obchodn\u00edmi podm\u00ednkami spole\u010dnosti YokoBoost, kter\u00e9 jsou k dispozici na adrese <a href=\"https:\/\/yokoboost.com\/cs\/podminky-pouziti\/\">https:\/\/yokoboost.com\/termos-de-uso\/<\/a>\n<h2 class=\"wp-block-heading\">Obecn\u00e9 informace pro u\u017eivatele<\/h2>\nYokoBoost si klade za c\u00edl sd\u00edlet informace se sv\u00fdmi u\u017eivateli a zp\u0159\u00edstupnit je v\u0161em. U\u017eivatel\u00e9 si mohou prohl\u00ed\u017eet webov\u00e9 str\u00e1nky YokoBoost bez nutnosti registrace. YokoBoost dodr\u017euje mezin\u00e1rodn\u00ed bezpe\u010dnostn\u00ed standardy a normy pro ukl\u00e1d\u00e1n\u00ed, ochranu, soukrom\u00ed a p\u0159enos dat. Je d\u016fle\u017eit\u00e9 si uv\u011bdomit, \u017ee \u017e\u00e1dn\u00e1 metoda ukl\u00e1d\u00e1n\u00ed, ochrany, soukrom\u00ed ani p\u0159enosu dat nen\u00ed bezpe\u010dn\u00e1 a nedotknuteln\u00e1. YokoBoost pou\u017e\u00edv\u00e1 postupy a technologie, kter\u00e9 jsou neust\u00e1le revidov\u00e1ny a vylep\u0161ov\u00e1ny v souladu s n\u00e1rodn\u00edm a mezin\u00e1rodn\u00edm technick\u00fdm a regula\u010dn\u00edm pokrokem. Kdy\u017e mluv\u00edme o ochran\u011b, m\u00e1me na mysli jak\u00fdkoli neopr\u00e1vn\u011bn\u00fd p\u0159\u00edstup, pou\u017eit\u00ed, zm\u011bnu, zve\u0159ejn\u011bn\u00ed nebo zni\u010den\u00ed va\u0161ich dat. Abychom tomu zabr\u00e1nili, investujeme do opat\u0159en\u00ed, kter\u00e1 zahrnuj\u00ed \u0161ifrovanou komunikaci, kontrolu p\u0159\u00edstupu, dodr\u017eov\u00e1n\u00ed bezpe\u010dn\u00e9ho v\u00fdvoje softwaru, intern\u00ed z\u00e1sady dodr\u017eov\u00e1n\u00ed p\u0159edpis\u016f a opat\u0159en\u00ed pro odpov\u011bdnost a zm\u00edrn\u011bn\u00ed rizik, kter\u00e1 zaji\u0161\u0165uj\u00ed bezpe\u010dnost po celou dobu \u017eivotn\u00edho cyklu dat. Informace o u\u017eivatel\u00edch jsou tak\u00e9 ulo\u017eeny v zabezpe\u010den\u00fdch, renomovan\u00fdch a mezin\u00e1rodn\u011b uzn\u00e1van\u00fdch datab\u00e1z\u00edch. YokoBoost nikdy nepo\u017eaduje pen\u011b\u017en\u00ed \u010d\u00e1stky za vyd\u00e1n\u00ed jak\u00e9hokoli typu produktu, bez ohledu na jeho povahu. Pokud k tomu dojde, neprodlen\u011b n\u00e1s informujte. Sna\u017e\u00edme se udr\u017eovat v\u0161echny informace co nejaktu\u00e1ln\u011bj\u0161\u00ed. Je v\u0161ak d\u016fle\u017eit\u00e9 si uv\u011bdomit, \u017ee tyto informace se mohou li\u0161it od informac\u00ed uveden\u00fdch na webov\u00fdch str\u00e1nk\u00e1ch instituc\u00ed nebo poskytovatel\u016f slu\u017eeb na konkr\u00e9tn\u00edm webu. Nezaru\u010dujeme p\u0159esnost ani aktu\u00e1lnost t\u011bchto informac\u00ed. V\u017edy si nezapome\u0148te p\u0159e\u010d\u00edst podm\u00ednky pou\u017e\u00edv\u00e1n\u00ed instituc\u00ed, kter\u00e9 si vyberete. Z reklamy na na\u0161ich str\u00e1nk\u00e1ch a od na\u0161ich partner\u016f dost\u00e1v\u00e1me malou \u010d\u00e1stku, kdy\u017e doporu\u010d\u00edme u\u017eivatele, kte\u0159\u00ed po\u017eaduj\u00ed produkt nebo nab\u00eddku. V\u0161e, co zve\u0159ej\u0148ujeme, je zalo\u017eeno na kvantitativn\u00edm a kvalitativn\u00edm hodnocen\u00ed ka\u017ed\u00e9ho produktu. Je d\u016fle\u017eit\u00e9 si uv\u011bdomit, \u017ee na\u0161i partne\u0159i mohou p\u0159\u00edmo ovlivnit produkty, o kter\u00fdch p\u00ed\u0161eme a kter\u00e9 recenzujeme, stejn\u011b jako po\u0159ad\u00ed \u201enejlep\u0161\u00edch\u201c \u010dl\u00e1nk\u016f a um\u00edst\u011bn\u00ed produkt\u016f na YokoBoost. Vzhledem k mno\u017estv\u00ed informac\u00ed na na\u0161ich str\u00e1nk\u00e1ch neposkytujeme \u017e\u00e1dn\u00e9 z\u00e1ruky ohledn\u011b kvality a aktu\u00e1lnosti informac\u00ed; proto up\u0159ednost\u0148ujeme informace od na\u0161ich partner\u016f. Abychom ochr\u00e1nili va\u0161e osobn\u00ed \u00fadaje, p\u0159ij\u00edm\u00e1me p\u0159im\u011b\u0159en\u00e1 opat\u0159en\u00ed a dodr\u017eujeme osv\u011bd\u010den\u00e9 postupy v oboru, abychom zajistili, \u017ee nebudou nevhodn\u011b ztraceny, zneu\u017eity, zp\u0159\u00edstupn\u011bny, zve\u0159ejn\u011bny, pozm\u011bn\u011bny ani zni\u010deny.\n<h2 class=\"wp-block-heading\">Odkazy na weby t\u0159et\u00edch stran<\/h2>\nYokoBoost obsahuje odkazy na jin\u00e9 webov\u00e9 str\u00e1nky, kter\u00e9 podle na\u0161eho n\u00e1zoru mohou obsahovat u\u017eite\u010dn\u00e9 informace nebo n\u00e1stroje pro na\u0161e n\u00e1v\u0161t\u011bvn\u00edky. Na\u0161e Z\u00e1sady ochrany osobn\u00edch \u00fadaj\u016f se nevztahuj\u00ed na webov\u00e9 str\u00e1nky t\u0159et\u00edch stran. Nejsme zodpov\u011bdn\u00ed za z\u00e1sady ochrany osobn\u00edch \u00fadaj\u016f ani za obsah t\u011bchto webov\u00fdch str\u00e1nek. YokoBoost nad nimi nevykon\u00e1v\u00e1 \u017e\u00e1dnou kontrolu, a proto je zpro\u0161t\u011bn jak\u00e9koli odpov\u011bdnosti ve vztaz\u00edch mezi U\u017eivatelem a produkty a slu\u017ebami t\u0159et\u00edch stran inzerovan\u00fdmi na webov\u00fdch str\u00e1nk\u00e1ch. Jakmile opust\u00edte na\u0161e webov\u00e9 str\u00e1nky nebo budete p\u0159esm\u011brov\u00e1ni na aplikaci \u010di webov\u00e9 str\u00e1nky t\u0159et\u00ed strany, p\u0159estanou se na v\u00e1s vztahovat tyto Z\u00e1sady ochrany osobn\u00edch \u00fadaj\u016f ani Podm\u00ednky slu\u017eby na\u0161ich webov\u00fdch str\u00e1nek. Pokud po poskytnut\u00ed sv\u00fdch \u00fadaj\u016f zm\u011bn\u00edte n\u00e1zor, m\u016f\u017eete kdykoli odvolat sv\u016fj souhlas s t\u00edm, abychom v\u00e1s kontaktovali, s dal\u0161\u00edm shroma\u017e\u010fov\u00e1n\u00edm, pou\u017e\u00edv\u00e1n\u00edm nebo zve\u0159ej\u0148ov\u00e1n\u00edm va\u0161ich informac\u00ed, a to kontaktov\u00e1n\u00edm na adrese contato@appsntech.com.\n<h2 class=\"wp-block-heading\">Neosobn\u00ed \u00fadaje<\/h2>\nPokud si u\u017eivatel\u00e9 od YokoBoost nevy\u017e\u00e1daj\u00ed bezplatn\u00fd obsah (mimo jin\u00e9 elektronick\u00e9 knihy, kv\u00edzy, \u010dl\u00e1nky, infografiky), m\u016f\u017ee doch\u00e1zet ke sledov\u00e1n\u00ed a shroma\u017e\u010fov\u00e1n\u00ed neosobn\u00edch \u00fadaj\u016f, kter\u00e9 mimo jin\u00e9 uv\u00e1d\u011bj\u00ed, kter\u00e9 str\u00e1nky webov\u00fdch str\u00e1nek byly nav\u0161t\u00edveny, kdy byly nav\u0161t\u00edveny, na kter\u00e9 hypertextov\u00e9 odkazy bylo kliknuto, jak\u00fd obsah nebo slu\u017eby byly vy\u017e\u00e1d\u00e1ny nebo zobrazeny a dal\u0161\u00ed.\n<h2 class=\"wp-block-heading\">Soubory cookie<\/h2>\nSpole\u010dnost Google, jako\u017eto extern\u00ed dodavatel, pou\u017e\u00edv\u00e1 soubory cookie k zobrazov\u00e1n\u00ed reklam. D\u00edky souboru cookie DART m\u016f\u017ee Google zobrazovat reklamy na z\u00e1klad\u011b n\u00e1v\u0161t\u011bv jin\u00fdch webov\u00fdch str\u00e1nek na internetu. U\u017eivatel\u00e9 se mohou z pou\u017e\u00edv\u00e1n\u00ed souboru cookie DART odhl\u00e1sit v z\u00e1sad\u00e1ch ochrany osobn\u00edch \u00fadaj\u016f pro reklamy a obsahovou s\u00ed\u0165 Google. YokoBoost pou\u017e\u00edv\u00e1 soubory cookie ke shroma\u017e\u010fov\u00e1n\u00ed dat a identifika\u010dn\u00edch informac\u00ed IP (Internet Protocol) pro usnadn\u011bn\u00ed navigace u\u017eivatel\u016f a zaji\u0161t\u011bn\u00ed bezpe\u010dnosti, ochrany a autenticity dat. Krom\u011b toho na na\u0161ich webov\u00fdch str\u00e1nk\u00e1ch pou\u017e\u00edv\u00e1me tak\u00e9 reklamu t\u0159et\u00edch stran k pokryt\u00ed n\u00e1klad\u016f na \u00fadr\u017ebu. N\u011bkte\u0159\u00ed z t\u011bchto inzerent\u016f mohou p\u0159i inzerci na na\u0161ich webov\u00fdch str\u00e1nk\u00e1ch pou\u017e\u00edvat technologie, jako jsou soubory cookie, co\u017e tak\u00e9 zp\u016fsob\u00ed, \u017ee tito inzerenti (nap\u0159\u00edklad Google prost\u0159ednictv\u00edm Google AdSense a Ad Exchange) obdr\u017e\u00ed va\u0161e osobn\u00ed \u00fadaje, jako je va\u0161e IP adresa, v\u00e1\u0161 poskytovatel internetov\u00fdch slu\u017eeb, v\u00e1\u0161 prohl\u00ed\u017ee\u010d atd. Tato funkce se obecn\u011b pou\u017e\u00edv\u00e1 pro geotargeting (zobrazov\u00e1n\u00ed reklam, kter\u00e9 d\u00e1vaj\u00ed smysl na z\u00e1klad\u011b va\u0161\u00ed geografick\u00e9 polohy). U\u017eivatel m\u016f\u017ee kdykoli zm\u011bnit, zda chce v nastaven\u00ed prohl\u00ed\u017ee\u010de p\u0159ij\u00edmat soubory cookie, s t\u00edm, \u017ee zak\u00e1z\u00e1n\u00edm soubor\u016f cookie pro prohl\u00ed\u017een\u00ed mohou b\u00fdt naru\u0161eny n\u011bkter\u00e9 funkce YokoBoost.\n<h2 class=\"wp-block-heading\">Osobn\u011b identifikovateln\u00e9 \u00fadaje<\/h2>\nPro p\u0159\u00edstup k bezplatn\u00e9mu obsahu na YokoBoost, jako jsou \u010dl\u00e1nky, elektronick\u00e9 knihy, kv\u00edzy a dal\u0161\u00ed, mus\u00ed u\u017eivatel\u00e9 poskytnout ur\u010dit\u00e9 osobn\u00ed \u00fadaje, v\u010detn\u011b e-mailov\u00e9 adresy a cel\u00e9ho jm\u00e9na. Osobn\u00ed \u00fadaje zpracov\u00e1van\u00e9 YokoBoost se pou\u017e\u00edvaj\u00ed k n\u00e1sleduj\u00edc\u00edm \u00fa\u010del\u016fm: \u2013 Spr\u00e1vn\u00e1 a p\u0159esn\u00e1 identifikace u\u017eivatel\u016f, \u010d\u00edm\u017e je zaji\u0161t\u011bna jejich v\u011bt\u0161\u00ed bezpe\u010dnost a ochrana; \u2013 P\u0159\u00edstup ke slu\u017eb\u00e1m a produkt\u016fm poskytovan\u00fdm YokoBoost; \u2013 Anal\u00fdza profil\u016f u\u017eivatel\u016f spole\u010dnost\u00ed YokoBoost za \u00fa\u010delem doporu\u010den\u00ed nejlep\u0161\u00edch produkt\u016f a informac\u00ed na z\u00e1klad\u011b jejich skute\u010dn\u00fdch pot\u0159eb a okolnost\u00ed. Pro dal\u0161\u00ed anal\u00fdzu profil\u016f u\u017eivatel\u016f m\u016f\u017ee YokoBoost prov\u00e1d\u011bt pr\u016fzkumy, aby z\u00edskala o nich podrobn\u011bj\u0161\u00ed informace, a proto doporu\u010dila personalizovan\u00e9 produkty a slu\u017eby na z\u00e1klad\u011b preferenc\u00ed a pot\u0159eb ka\u017ed\u00e9ho u\u017eivatele. YokoBoost a jej\u00ed partnersk\u00e9 spole\u010dnosti proto mohou u\u017eivatele vyzvat k \u00fa\u010dasti v pr\u016fzkumech spokojenosti, kter\u00e9 budou zahrnovat e-maily s pot\u0159ebn\u00fdmi pokyny. Shrom\u00e1\u017ed\u011bn\u00e9 \u00fadaje budou pou\u017eity p\u0159edev\u0161\u00edm ke zlep\u0161en\u00ed syst\u00e9m\u016f, produkt\u016f, obsahu a slu\u017eeb nab\u00edzen\u00fdch YokoBoost a jej\u00edmi partnersk\u00fdmi spole\u010dnostmi. Pokud n\u00e1s u\u017eivatel kontaktuje, aby nahl\u00e1sil probl\u00e9m, polo\u017eil ot\u00e1zku nebo z\u00edskal podporu, shrom\u00e1\u017ed\u00edme a ulo\u017e\u00edme kontaktn\u00ed informace u\u017eivatele, stejn\u011b jako odpov\u00eddaj\u00edc\u00ed zpr\u00e1vy a dal\u0161\u00ed \u00fadaje nezbytn\u00e9 k pro\u0161et\u0159en\u00ed probl\u00e9mu nebo ot\u00e1zky. Tyto \u00fadaje budou pou\u017eity k vy\u0159e\u0161en\u00ed jak\u00fdchkoli ot\u00e1zek na z\u00e1klad\u011b shrom\u00e1\u017ed\u011bn\u00fdch informac\u00ed, k objasn\u011bn\u00ed pochybnost\u00ed, n\u00e1prav\u011b probl\u00e9m\u016f a k vylep\u0161en\u00ed syst\u00e9mu, \u010d\u00edm\u017e se d\u00e1le zlep\u0161\u00ed u\u017eivatelsk\u00e1 zku\u0161enost v r\u00e1mci YokoBoost.\n<h2 class=\"wp-block-heading\">O sd\u00edlen\u00ed dat<\/h2>\nSpole\u010dnost YokoBoost neprod\u00e1v\u00e1 osobn\u00ed \u00fadaje ani data sv\u00fdch u\u017eivatel\u016f, ale m\u016f\u017ee je sd\u00edlet s partnersk\u00fdmi spole\u010dnostmi za \u00fa\u010delem doporu\u010den\u00ed produkt\u016f a slu\u017eeb, kter\u00e9 nejl\u00e9pe odpov\u00eddaj\u00ed jejich profilu a pot\u0159eb\u00e1m, nebo za \u00fa\u010delem poskytov\u00e1n\u00ed produkt\u016f a\/nebo slu\u017eeb po\u017eadovan\u00fdch u\u017eivatelem. Spole\u010dnost YokoBoost si vyhrazuje pr\u00e1vo pom\u00e1hat nebo spolupracovat s jak\u00fdmkoli soudn\u00edm org\u00e1nem nebo vl\u00e1dn\u00ed agenturou a m\u016f\u017ee sd\u00edlet osobn\u00ed \u00fadaje u\u017eivatel\u016f za \u00fa\u010delem: a) prok\u00e1z\u00e1n\u00ed nebo v\u00fdkonu sv\u00fdch z\u00e1konn\u00fdch pr\u00e1v; b) ochrany sv\u00e9ho majetku; c) pokud pova\u017euje svou pomoc nebo spolupr\u00e1ci za nezbytnou k ochran\u011b sv\u00fdch u\u017eivatel\u016f, zam\u011bstnanc\u016f, administr\u00e1tor\u016f nebo jak\u00e9koli osoby po\u0161kozen\u00e9 jedn\u00e1n\u00edm nebo opomenut\u00edm.\n<h2 class=\"wp-block-heading\">O nezpracovan\u00fdch a neshrom\u00e1\u017ed\u011bn\u00fdch datech<\/h2>\nSpole\u010dnost YokoBoost nezpracov\u00e1v\u00e1 osobn\u00ed \u00fadaje d\u011bt\u00ed mlad\u0161\u00edch 13 (t\u0159in\u00e1cti) let bez p\u0159edchoz\u00edho souhlasu jejich rodi\u010d\u016f nebo z\u00e1konn\u00fdch z\u00e1stupc\u016f. Pokud jsou osobn\u00ed \u00fadaje d\u011bt\u00ed mlad\u0161\u00edch 13 (t\u0159in\u00e1cti) let ne\u00famysln\u011b shrom\u00e1\u017ed\u011bny a zpracov\u00e1ny bez v\u00fdslovn\u00e9ho souhlasu jejich rodi\u010d\u016f nebo z\u00e1konn\u00fdch z\u00e1stupc\u016f, spole\u010dnost YokoBoost ve\u0161ker\u00e9 shrom\u00e1\u017ed\u011bn\u00e9 \u00fadaje bez p\u0159edchoz\u00edho upozorn\u011bn\u00ed sma\u017ee. Pokud zjist\u00edte, \u017ee jsme omylem zpracovali \u00fadaje d\u00edt\u011bte, kontaktujte n\u00e1s pros\u00edm neprodlen\u011b e-mailem. <a>contato@appsntech.com<\/a>, abychom mohli p\u0159ijmout nezbytn\u00e1 opat\u0159en\u00ed.","protected":false},"excerpt":{"rendered":"<p>Todas as informa\u00e7\u00f5es recolhidas ser\u00e3o utilizadas para melhorar sua experi\u00eancia dentro do nosso site. As informa\u00e7\u00f5es recolhidas podem incluir o seu nome, email, n\u00famero de telefone e\/ou outros. O uso do YokoBoost pressup\u00f5e a aceita\u00e7\u00e3o deste Acordo de Privacidade. Caso o usu\u00e1rio n\u00e3o concorde, ainda que em parte, com os termos e condi\u00e7\u00f5es contidos nesta &#8230; <a title=\"Z\u00e1sady ochrany osobn\u00edch \u00fadaj\u016f\" class=\"read-more\" href=\"https:\/\/yokoboost.com\/cs\/politica-de-privacidade\/\" aria-label=\"\u010c\u00edst v\u00edce o Politica de Privacidade\">\u010cist\u00fd d\u00e1l<\/a><\/p>","protected":false},"author":1,"featured_media":0,"parent":0,"menu_order":0,"comment_status":"closed","ping_status":"closed","template":"","meta":{"footnotes":""},"class_list":["post-16","page","type-page","status-publish"],"_links":{"self":[{"href":"https:\/\/yokoboost.com\/cs\/wp-json\/wp\/v2\/pages\/16","targetHints":{"allow":["GET"]}}],"collection":[{"href":"https:\/\/yokoboost.com\/cs\/wp-json\/wp\/v2\/pages"}],"about":[{"href":"https:\/\/yokoboost.com\/cs\/wp-json\/wp\/v2\/types\/page"}],"author":[{"embeddable":true,"href":"https:\/\/yokoboost.com\/cs\/wp-json\/wp\/v2\/users\/1"}],"replies":[{"embeddable":true,"href":"https:\/\/yokoboost.com\/cs\/wp-json\/wp\/v2\/comments?post=16"}],"version-history":[{"count":2,"href":"https:\/\/yokoboost.com\/cs\/wp-json\/wp\/v2\/pages\/16\/revisions"}],"predecessor-version":[{"id":24,"href":"https:\/\/yokoboost.com\/cs\/wp-json\/wp\/v2\/pages\/16\/revisions\/24"}],"wp:attachment":[{"href":"https:\/\/yokoboost.com\/cs\/wp-json\/wp\/v2\/media?parent=16"}],"curies":[{"name":"wp","href":"https:\/\/api.w.org\/{rel}","templated":true}]}}