{"id":20,"date":"2025-03-21T23:38:52","date_gmt":"2025-03-21T23:38:52","guid":{"rendered":"https:\/\/yokoboost.com\/?page_id=20"},"modified":"2025-03-21T23:39:31","modified_gmt":"2025-03-21T23:39:31","slug":"podminky-pouziti","status":"publish","type":"page","link":"https:\/\/yokoboost.com\/cs\/termos-de-uso\/","title":{"rendered":"Podm\u00ednky pou\u017eit\u00ed"},"content":{"rendered":"<h2 class=\"wp-block-heading\">Podm\u00ednky pou\u017eit\u00ed YokoBoostu<\/h2>\nP\u0159\u00edstupem na webov\u00e9 str\u00e1nky YokoBoost souhlas\u00edte s dodr\u017eov\u00e1n\u00edm t\u011bchto podm\u00ednek slu\u017eby, v\u0161ech platn\u00fdch z\u00e1kon\u016f a p\u0159edpis\u016f a souhlas\u00edte s t\u00edm, \u017ee jste zodpov\u011bdn\u00ed za dodr\u017eov\u00e1n\u00ed v\u0161ech platn\u00fdch m\u00edstn\u00edch z\u00e1kon\u016f. Pokud s n\u011bkterou z t\u011bchto podm\u00ednek nesouhlas\u00edte, je v\u00e1m zak\u00e1z\u00e1no tyto str\u00e1nky pou\u017e\u00edvat nebo k nim p\u0159istupovat. Materi\u00e1ly obsa\u017een\u00e9 na t\u011bchto str\u00e1nk\u00e1ch jsou chr\u00e1n\u011bny platn\u00fdmi z\u00e1kony o autorsk\u00fdch pr\u00e1vech a ochrann\u00fdch zn\u00e1mk\u00e1ch.\n<h2 class=\"wp-block-heading\">Pou\u017e\u00edt licenci<\/h2>\nJe ud\u011bleno povolen\u00ed k do\u010dasn\u00e9mu sta\u017een\u00ed jedn\u00e9 kopie materi\u00e1l\u016f (informac\u00ed nebo softwaru) na webov\u00fdch str\u00e1nk\u00e1ch YokoBoost pouze pro osobn\u00ed, nekomer\u010dn\u00ed a p\u0159echodn\u00e9 prohl\u00ed\u017een\u00ed. Jedn\u00e1 se o ud\u011blen\u00ed licence, nikoli o p\u0159evod vlastnictv\u00ed, a na z\u00e1klad\u011b t\u00e9to licence nesm\u00edte:\n<ul class=\"wp-block-list\">\n \t<li>upravovat nebo kop\u00edrovat materi\u00e1ly;<\/li>\n \t<li>pou\u017e\u00edvat materi\u00e1ly pro jak\u00e9koli komer\u010dn\u00ed \u00fa\u010dely nebo pro jak\u00e9koli ve\u0159ejn\u00e9 zobrazen\u00ed (komer\u010dn\u00ed \u010di nekomer\u010dn\u00ed);<\/li>\n \t<li>pokou\u0161et se dekompilovat nebo zp\u011btn\u011b analyzovat jak\u00fdkoli software obsa\u017een\u00fd na webov\u00fdch str\u00e1nk\u00e1ch YokoBoost;<\/li>\n \t<li>odstranit z materi\u00e1l\u016f jak\u00e9koli pozn\u00e1mky o autorsk\u00fdch pr\u00e1vech nebo jin\u00e9 ochrann\u00e9 zn\u00e1mky; nebo<\/li>\n \t<li>P\u0159ev\u00e1d\u011bt materi\u00e1ly na jinou osobu nebo \u201ezrcadlit\u201c materi\u00e1ly na jak\u00e9mkoli jin\u00e9m serveru. Tato licence automaticky zanikne, pokud poru\u0161\u00edte kter\u00e9koli z t\u011bchto omezen\u00ed, a spole\u010dnost YokoBoost ji m\u016f\u017ee kdykoli ukon\u010dit. Po ukon\u010den\u00ed prohl\u00ed\u017een\u00ed t\u011bchto materi\u00e1l\u016f nebo po ukon\u010den\u00ed t\u00e9to licence mus\u00edte smazat v\u0161echny sta\u017een\u00e9 materi\u00e1ly, kter\u00e9 m\u00e1te k dispozici, a\u0165 u\u017e v elektronick\u00e9 nebo ti\u0161t\u011bn\u00e9 podob\u011b.<\/li>\n<\/ul>\n<h2 class=\"wp-block-heading\">Z\u0159eknut\u00ed se odpov\u011bdnosti<\/h2>\nMateri\u00e1ly na webov\u00fdch str\u00e1nk\u00e1ch YokoBoost jsou poskytov\u00e1ny \u201etak, jak jsou\u201c. YokoBoost neposkytuje \u017e\u00e1dn\u00e9 z\u00e1ruky, v\u00fdslovn\u00e9 ani implicitn\u00ed, a t\u00edmto se z\u0159\u00edk\u00e1 a pop\u00edr\u00e1 v\u0161echny ostatn\u00ed z\u00e1ruky, v\u010detn\u011b, bez omezen\u00ed, implicitn\u00edch z\u00e1ruk nebo podm\u00ednek prodejnosti, vhodnosti pro konkr\u00e9tn\u00ed \u00fa\u010del nebo neporu\u0161en\u00ed du\u0161evn\u00edho vlastnictv\u00ed \u010di jin\u00e9ho poru\u0161en\u00ed pr\u00e1v. YokoBoost d\u00e1le nezaru\u010duje ani neposkytuje \u017e\u00e1dn\u00e1 prohl\u00e1\u0161en\u00ed ohledn\u011b p\u0159esnosti, pravd\u011bpodobn\u00fdch v\u00fdsledk\u016f nebo spolehlivosti pou\u017eit\u00ed materi\u00e1l\u016f na sv\u00fdch webov\u00fdch str\u00e1nk\u00e1ch nebo jinak souvisej\u00edc\u00edch s t\u011bmito materi\u00e1ly nebo na str\u00e1nk\u00e1ch odkazovan\u00fdch na tyto webov\u00e9 str\u00e1nky.\n<h2 class=\"wp-block-heading\">Omezen\u00ed<\/h2>\nSpole\u010dnost YokoBoost ani jej\u00ed dodavatel\u00e9 nenesou v \u017e\u00e1dn\u00e9m p\u0159\u00edpad\u011b odpov\u011bdnost za jak\u00e9koli \u0161kody (v\u010detn\u011b, mimo jin\u00e9, \u0161kod zp\u016fsoben\u00fdch ztr\u00e1tou dat nebo zisku nebo v d\u016fsledku p\u0159eru\u0161en\u00ed obchodn\u00ed \u010dinnosti) vznikl\u00e9 v d\u016fsledku pou\u017eit\u00ed nebo nemo\u017enosti pou\u017eit\u00ed materi\u00e1l\u016f na YokoBoost, a to i v p\u0159\u00edpad\u011b, \u017ee spole\u010dnost YokoBoost nebo jej\u00ed opr\u00e1vn\u011bn\u00fd z\u00e1stupce byli \u00fastn\u011b nebo p\u00edsemn\u011b informov\u00e1ni o mo\u017enosti vzniku takov\u00e9 \u0161kody. Vzhledem k tomu, \u017ee n\u011bkter\u00e9 jurisdikce neumo\u017e\u0148uj\u00ed omezen\u00ed implicitn\u00edch z\u00e1ruk ani omezen\u00ed odpov\u011bdnosti za n\u00e1sledn\u00e9 nebo n\u00e1hodn\u00e9 \u0161kody, nemus\u00ed se na v\u00e1s tato omezen\u00ed vztahovat.\n<h2 class=\"wp-block-heading\">P\u0159esnost materi\u00e1l\u016f<\/h2>\nMateri\u00e1ly zobrazen\u00e9 na webov\u00fdch str\u00e1nk\u00e1ch YokoBoost mohou obsahovat technick\u00e9, typografick\u00e9 nebo fotografick\u00e9 chyby. YokoBoost nezaru\u010duje, \u017ee jak\u00fdkoli materi\u00e1l na jeho webov\u00fdch str\u00e1nk\u00e1ch je p\u0159esn\u00fd, \u00fapln\u00fd nebo aktu\u00e1ln\u00ed. YokoBoost m\u016f\u017ee kdykoli bez p\u0159edchoz\u00edho upozorn\u011bn\u00ed prov\u00e1d\u011bt zm\u011bny v materi\u00e1lech obsa\u017een\u00fdch na sv\u00fdch webov\u00fdch str\u00e1nk\u00e1ch. YokoBoost se v\u0161ak nezavazuje materi\u00e1ly aktualizovat.\n<h2 class=\"wp-block-heading\">Odkazy<\/h2>\nSpole\u010dnost YokoBoost nekontrolovala v\u0161echny str\u00e1nky odkazovan\u00e9 na jej\u00ed webov\u00e9 str\u00e1nky a nenese odpov\u011bdnost za obsah \u017e\u00e1dn\u00e9 z odkazovan\u00fdch str\u00e1nek. Zahrnut\u00ed jak\u00e9hokoli odkazu neznamen\u00e1, \u017ee spole\u010dnost YokoBoost tyto str\u00e1nky schvaluje. Pou\u017e\u00edv\u00e1n\u00ed odkazovan\u00fdch str\u00e1nek je na vlastn\u00ed nebezpe\u010d\u00ed u\u017eivatele.\n<h2 class=\"wp-block-heading\">Modifikace<\/h2>\nSpole\u010dnost YokoBoost si vyhrazuje pr\u00e1vo kdykoli bez p\u0159edchoz\u00edho upozorn\u011bn\u00ed revidovat tyto podm\u00ednky pou\u017e\u00edv\u00e1n\u00ed webov\u00fdch str\u00e1nek. Pou\u017e\u00edv\u00e1n\u00edm t\u011bchto webov\u00fdch str\u00e1nek souhlas\u00edte s t\u00edm, \u017ee budete v\u00e1z\u00e1ni aktu\u00e1ln\u00ed verz\u00ed t\u011bchto podm\u00ednek pou\u017e\u00edv\u00e1n\u00ed. Rozhodn\u00e9 pr\u00e1vo Tyto podm\u00ednky se \u0159\u00edd\u00ed a vykl\u00e1daj\u00ed v souladu se z\u00e1kony spole\u010dnosti YokoBoost a vy se neodvolateln\u011b pod\u0159izujete v\u00fdlu\u010dn\u00e9 jurisdikci soud\u016f v dan\u00e9m st\u00e1t\u011b nebo lokalit\u011b.\n<h2 id=\"lei-aplicavel\" class=\"wp-block-heading\">Rozhodn\u00e9 pr\u00e1vo<\/h2>\nTyto obchodn\u00ed podm\u00ednky se \u0159\u00edd\u00ed a vykl\u00e1daj\u00ed v souladu se z\u00e1kony spole\u010dnosti YokoBoost a vy se neodvolateln\u011b pod\u0159izujete v\u00fdlu\u010dn\u00e9 jurisdikci soud\u016f v dan\u00e9m st\u00e1t\u011b nebo m\u00edst\u011b.","protected":false},"excerpt":{"rendered":"<p>Termos de Uso do YokoBoost Ao acessar ao site YokoBoost, concorda em cumprir estes termos de servi\u00e7o, todas as leis e regulamentos aplic\u00e1veis e concorda que \u00e9 respons\u00e1vel pelo cumprimento de todas as leis locais aplic\u00e1veis. Se voc\u00ea n\u00e3o concordar com algum desses termos, est\u00e1 proibido de usar ou acessar este site. Os materiais contidos &#8230; <a title=\"Podm\u00ednky pou\u017eit\u00ed\" class=\"read-more\" href=\"https:\/\/yokoboost.com\/cs\/termos-de-uso\/\" aria-label=\"\u010c\u00edst v\u00edce o Termos de uso\">\u010cist\u00fd d\u00e1l<\/a><\/p>","protected":false},"author":1,"featured_media":0,"parent":0,"menu_order":0,"comment_status":"closed","ping_status":"closed","template":"","meta":{"footnotes":""},"class_list":["post-20","page","type-page","status-publish"],"_links":{"self":[{"href":"https:\/\/yokoboost.com\/cs\/wp-json\/wp\/v2\/pages\/20","targetHints":{"allow":["GET"]}}],"collection":[{"href":"https:\/\/yokoboost.com\/cs\/wp-json\/wp\/v2\/pages"}],"about":[{"href":"https:\/\/yokoboost.com\/cs\/wp-json\/wp\/v2\/types\/page"}],"author":[{"embeddable":true,"href":"https:\/\/yokoboost.com\/cs\/wp-json\/wp\/v2\/users\/1"}],"replies":[{"embeddable":true,"href":"https:\/\/yokoboost.com\/cs\/wp-json\/wp\/v2\/comments?post=20"}],"version-history":[{"count":2,"href":"https:\/\/yokoboost.com\/cs\/wp-json\/wp\/v2\/pages\/20\/revisions"}],"predecessor-version":[{"id":22,"href":"https:\/\/yokoboost.com\/cs\/wp-json\/wp\/v2\/pages\/20\/revisions\/22"}],"wp:attachment":[{"href":"https:\/\/yokoboost.com\/cs\/wp-json\/wp\/v2\/media?parent=20"}],"curies":[{"name":"wp","href":"https:\/\/api.w.org\/{rel}","templated":true}]}}