{"id":16,"date":"2025-03-21T23:38:10","date_gmt":"2025-03-21T23:38:10","guid":{"rendered":"https:\/\/yokoboost.com\/?page_id=16"},"modified":"2025-03-21T23:40:29","modified_gmt":"2025-03-21T23:40:29","slug":"datenschutzrichtlinie","status":"publish","type":"page","link":"https:\/\/yokoboost.com\/de\/politica-de-privacidade\/","title":{"rendered":"Datenschutzrichtlinie"},"content":{"rendered":"Alle erfassten Informationen werden verwendet, um Ihr Erlebnis auf unserer Website zu verbessern. Zu den erfassten Informationen k\u00f6nnen Ihr Name, Ihre E-Mail-Adresse, Ihre Telefonnummer und\/oder weitere Informationen geh\u00f6ren. Die Nutzung von YokoBoost setzt die Annahme dieser Datenschutzvereinbarung voraus. Wenn Sie mit den Bedingungen dieser Datenschutzrichtlinie auch nur teilweise nicht einverstanden sind, sollten Sie nicht auf die von YokoBoost angebotenen Inhalte zugreifen und\/oder diese nutzen. Durch die Nutzung der Website erkennen Sie die Verarbeitung Ihrer Daten gem\u00e4\u00df den Bestimmungen dieser Datenschutzrichtlinie und den Allgemeinen Nutzungsbedingungen an und stimmen dieser vollumf\u00e4nglich zu. Wir behalten uns das Recht vor, diese Datenschutzrichtlinie jederzeit ohne Zustimmung oder Benachrichtigung der Nutzer zu \u00e4ndern. Bitte lesen Sie sie daher regelm\u00e4\u00dfig durch. \u00c4nderungen und Klarstellungen werden sofort nach ihrer Ver\u00f6ffentlichung auf der Website wirksam. Sollten wir wesentliche \u00c4nderungen an dieser Richtlinie vornehmen, benachrichtigen wir Sie hier \u00fcber die Aktualisierung, damit Sie wissen, welche Informationen wir erfassen, wie wir sie verwenden und unter welchen Umst\u00e4nden wir sie gegebenenfalls verwenden und\/oder weitergeben. YokoBoost respektiert die Privatsph\u00e4re seiner Nutzer und sorgt f\u00fcr Transparenz bei der Datenverwendung. Unsere Datenschutzrichtlinie wurde in \u00dcbereinstimmung mit internationalen und nationalen Datenschutzstandards erstellt. Diese Datenschutzrichtlinie sollte in Verbindung mit den Allgemeinen Nutzungsbedingungen von YokoBoost gelesen und interpretiert werden, die unter folgender Adresse verf\u00fcgbar sind: <a href=\"https:\/\/yokoboost.com\/de\/nutzungsbedingungen\/\">https:\/\/yokoboost.com\/termos-de-uso\/<\/a>\n<h2 class=\"wp-block-heading\">Allgemeine Informationen f\u00fcr Benutzer<\/h2>\nYokoBoost m\u00f6chte Informationen mit seinen Nutzern teilen und Wissen f\u00fcr alle zug\u00e4nglich machen. Nutzer k\u00f6nnen die YokoBoost-Website ohne Registrierung nutzen. YokoBoost h\u00e4lt sich an internationale Sicherheitsstandards und -normen f\u00fcr Datenspeicherung, -schutz, -vertraulichkeit und -\u00fcbertragung. Es ist wichtig zu beachten, dass keine Methode zur Datenspeicherung, zum Schutz, zur Vertraulichkeit oder zur \u00dcbertragung absolut sicher und unverletzlich ist. YokoBoost setzt Verfahren und Technologien ein, die st\u00e4ndig \u00fcberpr\u00fcft und verbessert werden, um dem nationalen und internationalen technischen und regulatorischen Fortschritt gerecht zu werden. Mit Schutz meinen wir jeglichen unbefugten Zugriff, die unbefugte Nutzung, Ver\u00e4nderung, Offenlegung oder Vernichtung Ihrer Daten. Um dies zu verhindern, investieren wir in Ma\u00dfnahmen wie verschl\u00fcsselte Kommunikation, Zugriffskontrolle, Einhaltung sicherer Softwareentwicklung, interne Compliance-Richtlinien sowie Ma\u00dfnahmen zur Rechenschaftspflicht und Risikominderung, die die Sicherheit w\u00e4hrend des gesamten Datenlebenszyklus gew\u00e4hrleisten. Nutzerinformationen werden au\u00dferdem in sicheren, renommierten und international anerkannten Datenbanken gespeichert. YokoBoost verlangt niemals Geldbetr\u00e4ge f\u00fcr die Ver\u00f6ffentlichung von Produkten jeglicher Art, unabh\u00e4ngig von deren Art. Sollte dies dennoch der Fall sein, benachrichtigen Sie uns bitte umgehend. Wir bem\u00fchen uns, alle Informationen so aktuell wie m\u00f6glich zu halten. Beachten Sie jedoch, dass diese Informationen von denen auf den Websites von Institutionen oder Dienstleistern auf einer bestimmten Website abweichen k\u00f6nnen. Wir \u00fcbernehmen keine Garantie f\u00fcr die Richtigkeit oder Aktualit\u00e4t dieser Informationen. Lesen Sie stets die Nutzungsbedingungen der von Ihnen ausgew\u00e4hlten Institutionen. Wir erhalten einen kleinen Betrag durch Werbung auf unserer Website und von unseren Partnern, wenn wir einen Nutzer vermitteln, der ein Produkt oder Angebot anfordert. Alle unsere Ver\u00f6ffentlichungen basieren auf quantitativen und qualitativen Bewertungen jedes Produkts. Es ist wichtig zu beachten, dass unsere Partner direkten Einfluss auf die Produkte haben, \u00fcber die wir schreiben und die wir bewerten, sowie auf die Reihenfolge der \u201ebesten\u201c Artikel und die Produktpositionierung auf YokoBoost. Angesichts der Informationsmenge auf unserer Website \u00fcbernehmen wir keine Garantie f\u00fcr die Qualit\u00e4t und Aktualit\u00e4t der Informationen. Daher bevorzugen wir Informationen unserer Partner. Zum Schutz Ihrer personenbezogenen Daten treffen wir angemessene Vorkehrungen und befolgen bew\u00e4hrte Branchenpraktiken, um sicherzustellen, dass sie nicht unangemessen verloren gehen, missbraucht, abgerufen, offengelegt, ver\u00e4ndert oder zerst\u00f6rt werden.\n<h2 class=\"wp-block-heading\">Links zu Websites Dritter<\/h2>\nYokoBoost enth\u00e4lt Links zu anderen Websites, die unserer Meinung nach n\u00fctzliche Informationen oder Tools f\u00fcr unsere Besucher enthalten k\u00f6nnen. Unsere Datenschutzrichtlinie gilt nicht f\u00fcr Websites Dritter. Wir sind nicht f\u00fcr die Datenschutzrichtlinien oder Inhalte dieser Websites verantwortlich. YokoBoost \u00fcbt keine Kontrolle \u00fcber diese Websites aus und ist daher von jeglicher Haftung in den Beziehungen zwischen dem Benutzer und den auf der Website beworbenen Produkten und Dienstleistungen Dritter befreit. Sobald Sie unsere Website verlassen oder zu einer Anwendung oder Website eines Drittanbieters weitergeleitet werden, unterliegen Sie nicht mehr dieser Datenschutzrichtlinie oder den Servicebedingungen unserer Website. Wenn Sie nach der Bereitstellung Ihrer Daten Ihre Meinung \u00e4ndern, k\u00f6nnen Sie Ihre Einwilligung zur Kontaktaufnahme mit uns sowie zur weiteren Erfassung, Verwendung oder Weitergabe Ihrer Daten jederzeit widerrufen, indem Sie sich an contato@appsntech.com wenden.\n<h2 class=\"wp-block-heading\">Nicht personenbezogene Daten<\/h2>\nWenn Benutzer keine kostenlosen Inhalte von YokoBoost anfordern (E-Books, Quizze, Artikel, Infografiken usw.), kann eine Verfolgung und Erfassung nicht personenbezogener Daten erfolgen, die unter anderem Aufschluss dar\u00fcber geben, welche Seiten der Website besucht wurden, wann sie besucht wurden, auf welche Hyperlinks geklickt wurde und welche Inhalte oder Dienste angefordert oder angezeigt wurden.\n<h2 class=\"wp-block-heading\">Cookie Einstellungen<\/h2>\nGoogle als Drittanbieter verwendet Cookies zur Anzeigenschaltung. Mit dem DART-Cookie kann Google Anzeigen basierend auf den Besuchen des Nutzers auf anderen Websites im Internet schalten. Nutzer k\u00f6nnen das DART-Cookie in den Datenschutzbestimmungen des Google-Anzeigen- und Content-Netzwerks deaktivieren. YokoBoost verwendet Cookies zur Erfassung von Daten und IP-Identifikationsinformationen (Internet Protocol), um die Navigation zu erleichtern und Datensicherheit, -schutz und -authentizit\u00e4t zu gew\u00e4hrleisten. Dar\u00fcber hinaus nutzen wir auf unserer Website Werbung von Drittanbietern, um die Wartungskosten zu decken. Einige dieser Werbetreibenden verwenden m\u00f6glicherweise Technologien wie Cookies, wenn sie auf unserer Website werben. Dadurch erhalten diese Werbetreibenden (wie Google \u00fcber Google AdSense und Ad Exchange) Ihre personenbezogenen Daten wie Ihre IP-Adresse, Ihren Internetdienstanbieter, Ihren Browser usw. Diese Funktion wird in der Regel f\u00fcr Geotargeting verwendet (Anzeigen, die basierend auf Ihrem geografischen Standort sinnvoll sind). Der Nutzer kann Cookies jederzeit in seinen Browsereinstellungen akzeptieren oder ablehnen. Beachten Sie jedoch, dass durch die Deaktivierung von Browser-Cookies einige Funktionen von YokoBoost beeintr\u00e4chtigt werden k\u00f6nnen.\n<h2 class=\"wp-block-heading\">Pers\u00f6nlich identifizierbare Daten<\/h2>\nUm auf kostenlose Inhalte von YokoBoost zuzugreifen, wie z. B. Artikel, E-Books, Quizze und mehr, m\u00fcssen Benutzer bestimmte personenbezogene Daten angeben, darunter E-Mail-Adresse und vollst\u00e4ndiger Name. Die von YokoBoost verarbeiteten personenbezogenen Daten werden f\u00fcr die folgenden Zwecke verwendet: \u2013 Korrekte und genaue Identifizierung der Benutzer, um ihnen so mehr Sicherheit und Schutz zu gew\u00e4hrleisten; \u2013 Zugriff auf Dienste und Produkte von YokoBoost; \u2013 Analyse der Benutzerprofile durch YokoBoost, um die besten Produkte und Informationen basierend auf ihren tats\u00e4chlichen Bed\u00fcrfnissen und Umst\u00e4nden zu empfehlen. Zur weiteren Analyse der Benutzerprofile kann YokoBoost Umfragen durchf\u00fchren, um detailliertere Informationen \u00fcber die Benutzer zu erhalten und somit personalisierte Produkte und Dienste basierend auf den Vorlieben und Bed\u00fcrfnissen jedes Benutzers zu empfehlen. Daher k\u00f6nnen YokoBoost und seine Partnerunternehmen Benutzer zur Teilnahme an Zufriedenheitsumfragen einladen, die E-Mails mit den erforderlichen Anleitungen beinhalten. Die gesammelten Daten werden in erster Linie dazu verwendet, die von YokoBoost und seinen Partnerunternehmen angebotenen Systeme, Produkte, Inhalte und Dienste zu verbessern. Wenn ein Nutzer uns kontaktiert, um ein Problem zu melden, eine Frage zu stellen oder Support zu erhalten, erfassen und speichern wir die Kontaktdaten des Nutzers sowie die entsprechenden Nachrichten und weitere Daten, die zur Untersuchung des Problems oder der Frage erforderlich sind. Diese Daten werden verwendet, um auf der Grundlage der gesammelten Informationen Fragen zu kl\u00e4ren, Zweifel auszur\u00e4umen, Probleme zu beheben und das System zu verbessern, um die Benutzererfahrung mit YokoBoost weiter zu verbessern.\n<h2 class=\"wp-block-heading\">Informationen zur Datenfreigabe<\/h2>\nYokoBoost verkauft die personenbezogenen Informationen oder Daten seiner Nutzer nicht, kann sie jedoch an Partnerunternehmen weitergeben, um Produkte und Dienstleistungen zu empfehlen, die am besten zu ihrem Profil und ihren Bed\u00fcrfnissen passen, oder um vom Nutzer angeforderte Produkte und\/oder Dienstleistungen bereitzustellen. YokoBoost beh\u00e4lt sich das Recht vor, Justizbeh\u00f6rden oder Regierungsbeh\u00f6rden zu unterst\u00fctzen oder mit ihnen zusammenzuarbeiten und kann personenbezogene Daten von Nutzern weitergeben, um: a) seine gesetzlichen Rechte zu begr\u00fcnden oder auszu\u00fcben; b) sein Eigentum zu sch\u00fctzen; c) wenn es seine Unterst\u00fctzung oder Zusammenarbeit zum Schutz seiner Nutzer, Mitarbeiter, Administratoren oder anderer durch die Handlung oder Unterlassung gesch\u00e4digter Personen f\u00fcr notwendig erachtet.\n<h2 class=\"wp-block-heading\">Informationen zu Rohdaten und nicht erfassten Daten<\/h2>\nYokoBoost verarbeitet keine personenbezogenen Daten von Kindern unter 13 (dreizehn) Jahren ohne vorherige Zustimmung der Eltern oder Erziehungsberechtigten. Sollten personenbezogene Daten von Kindern unter 13 (dreizehn) Jahren unbeabsichtigt und ohne ausdr\u00fcckliche Zustimmung der Eltern oder Erziehungsberechtigten erhoben und verarbeitet werden, l\u00f6scht YokoBoost alle erhobenen Daten ohne vorherige Benachrichtigung. Sollten Sie feststellen, dass wir irrt\u00fcmlicherweise Daten eines Kindes verarbeitet haben, kontaktieren Sie uns bitte umgehend per E-Mail. <a>contato@appsntech.com<\/a>, damit wir die notwendigen Ma\u00dfnahmen ergreifen k\u00f6nnen.","protected":false},"excerpt":{"rendered":"<p>Todas as informa\u00e7\u00f5es recolhidas ser\u00e3o utilizadas para melhorar sua experi\u00eancia dentro do nosso site. As informa\u00e7\u00f5es recolhidas podem incluir o seu nome, email, n\u00famero de telefone e\/ou outros. O uso do YokoBoost pressup\u00f5e a aceita\u00e7\u00e3o deste Acordo de Privacidade. Caso o usu\u00e1rio n\u00e3o concorde, ainda que em parte, com os termos e condi\u00e7\u00f5es contidos nesta &#8230; <a title=\"Datenschutzrichtlinie\" class=\"read-more\" href=\"https:\/\/yokoboost.com\/de\/politica-de-privacidade\/\" aria-label=\"Mehr Informationen \u00fcber Politica de Privacidade\">Mehr lesen<\/a><\/p>","protected":false},"author":1,"featured_media":0,"parent":0,"menu_order":0,"comment_status":"closed","ping_status":"closed","template":"","meta":{"footnotes":""},"class_list":["post-16","page","type-page","status-publish"],"_links":{"self":[{"href":"https:\/\/yokoboost.com\/de\/wp-json\/wp\/v2\/pages\/16","targetHints":{"allow":["GET"]}}],"collection":[{"href":"https:\/\/yokoboost.com\/de\/wp-json\/wp\/v2\/pages"}],"about":[{"href":"https:\/\/yokoboost.com\/de\/wp-json\/wp\/v2\/types\/page"}],"author":[{"embeddable":true,"href":"https:\/\/yokoboost.com\/de\/wp-json\/wp\/v2\/users\/1"}],"replies":[{"embeddable":true,"href":"https:\/\/yokoboost.com\/de\/wp-json\/wp\/v2\/comments?post=16"}],"version-history":[{"count":2,"href":"https:\/\/yokoboost.com\/de\/wp-json\/wp\/v2\/pages\/16\/revisions"}],"predecessor-version":[{"id":24,"href":"https:\/\/yokoboost.com\/de\/wp-json\/wp\/v2\/pages\/16\/revisions\/24"}],"wp:attachment":[{"href":"https:\/\/yokoboost.com\/de\/wp-json\/wp\/v2\/media?parent=16"}],"curies":[{"name":"wp","href":"https:\/\/api.w.org\/{rel}","templated":true}]}}