{"id":18,"date":"2025-03-21T23:38:34","date_gmt":"2025-03-21T23:38:34","guid":{"rendered":"https:\/\/yokoboost.com\/?page_id=18"},"modified":"2025-03-21T23:40:01","modified_gmt":"2025-03-21T23:40:01","slug":"wer-wir-sind","status":"publish","type":"page","link":"https:\/\/yokoboost.com\/de\/quem-somos\/","title":{"rendered":"Wer wir sind"},"content":{"rendered":"<p>YokoBoost ist eine Technologie-Website, die 2024 mit dem Ziel gegr\u00fcndet wurde, Informationen und Tipps zu Apps, Finanzen und anderen Themen der digitalen Welt bereitzustellen. Wir glauben, dass Technologie ein m\u00e4chtiges Werkzeug ist, um Leben und Unternehmen zu ver\u00e4ndern, und wir m\u00f6chten unseren Lesern helfen, auf dem Laufenden zu bleiben und diese Tools optimal zu nutzen.<\/p>\n\n\n\n<p>Hier bei YokoBoost finden Sie Artikel und Tutorials von Technologieexperten sowie Produkt- und Servicebewertungen und -analysen. Wir bieten Ihnen au\u00dferdem Tipps und Tricks, mit denen Sie Ihre Mobilger\u00e4te und Apps optimal nutzen k\u00f6nnen.<\/p>\n\n\n\n<p>Unser Team besteht aus Technologieexperten, Journalisten und Autoren, die sich alle der Bereitstellung hochwertiger und pr\u00e4ziser Inhalte f\u00fcr unsere Leser verschrieben haben. Wir sind \u00fcberzeugt, dass Technologie ein m\u00e4chtiges Werkzeug ist, um Leben und Unternehmen zu ver\u00e4ndern. Unser Ziel ist es, unseren Lesern zu helfen, auf dem Laufenden zu bleiben und diese Werkzeuge optimal zu nutzen.<\/p>\n\n\n\n<p>Neben Inhalten bieten wir unseren Lesern auch die M\u00f6glichkeit, sich \u00fcber unsere Social-Media-Kan\u00e4le und Diskussionsforen mit anderen Technikbegeisterten zu vernetzen. Wir legen Wert auf die Meinung unserer Leser und sind stets offen f\u00fcr Vorschl\u00e4ge und Feedback zur Verbesserung unserer Dienste.<\/p>\n\n\n\n<p>Folgen Sie uns und bleiben Sie \u00fcber die neuesten Trends und Neuigkeiten aus der Welt der Technologie auf dem Laufenden. Vielen Dank f\u00fcr Ihren Besuch auf unserer Website. Wir hoffen, Sie bald wiederzusehen!<\/p>","protected":false},"excerpt":{"rendered":"<p>O YokoBoost \u00e9 um site de tecnologia criado em 2024 com o objetivo de fornecer informa\u00e7\u00f5es e dicas sobre aplicativos, finan\u00e7as e outros assuntos relacionados ao mundo digital. N\u00f3s acreditamos que a tecnologia \u00e9 uma ferramenta poderosa para transformar vidas e empresas, e queremos ajudar nossos leitores a se manterem atualizados e aproveitar ao m\u00e1ximo &#8230; <a title=\"Wer wir sind\" class=\"read-more\" href=\"https:\/\/yokoboost.com\/de\/quem-somos\/\" aria-label=\"Mehr Informationen \u00fcber Quem somos\">Mehr lesen<\/a><\/p>","protected":false},"author":1,"featured_media":0,"parent":0,"menu_order":0,"comment_status":"closed","ping_status":"closed","template":"","meta":{"footnotes":""},"class_list":["post-18","page","type-page","status-publish"],"_links":{"self":[{"href":"https:\/\/yokoboost.com\/de\/wp-json\/wp\/v2\/pages\/18","targetHints":{"allow":["GET"]}}],"collection":[{"href":"https:\/\/yokoboost.com\/de\/wp-json\/wp\/v2\/pages"}],"about":[{"href":"https:\/\/yokoboost.com\/de\/wp-json\/wp\/v2\/types\/page"}],"author":[{"embeddable":true,"href":"https:\/\/yokoboost.com\/de\/wp-json\/wp\/v2\/users\/1"}],"replies":[{"embeddable":true,"href":"https:\/\/yokoboost.com\/de\/wp-json\/wp\/v2\/comments?post=18"}],"version-history":[{"count":2,"href":"https:\/\/yokoboost.com\/de\/wp-json\/wp\/v2\/pages\/18\/revisions"}],"predecessor-version":[{"id":23,"href":"https:\/\/yokoboost.com\/de\/wp-json\/wp\/v2\/pages\/18\/revisions\/23"}],"wp:attachment":[{"href":"https:\/\/yokoboost.com\/de\/wp-json\/wp\/v2\/media?parent=18"}],"curies":[{"name":"wp","href":"https:\/\/api.w.org\/{rel}","templated":true}]}}