{"id":20,"date":"2025-03-21T23:38:52","date_gmt":"2025-03-21T23:38:52","guid":{"rendered":"https:\/\/yokoboost.com\/?page_id=20"},"modified":"2025-03-21T23:39:31","modified_gmt":"2025-03-21T23:39:31","slug":"nutzungsbedingungen","status":"publish","type":"page","link":"https:\/\/yokoboost.com\/de\/termos-de-uso\/","title":{"rendered":"Nutzungsbedingungen"},"content":{"rendered":"<h2 class=\"wp-block-heading\">YokoBoost Nutzungsbedingungen<\/h2>\nMit dem Zugriff auf die YokoBoost-Website erkl\u00e4ren Sie sich mit diesen Nutzungsbedingungen sowie allen geltenden Gesetzen und Vorschriften einverstanden und erkl\u00e4ren sich damit einverstanden, dass Sie f\u00fcr die Einhaltung aller geltenden lokalen Gesetze verantwortlich sind. Wenn Sie mit diesen Bedingungen nicht einverstanden sind, ist Ihnen die Nutzung oder der Zugriff auf diese Website untersagt. Die auf dieser Website enthaltenen Materialien sind durch geltendes Urheber- und Markenrecht gesch\u00fctzt.\n<h2 class=\"wp-block-heading\">Nutzungslizenz<\/h2>\nEs wird die Erlaubnis erteilt, vor\u00fcbergehend eine Kopie der Materialien (Informationen oder Software) auf der YokoBoost-Website herunterzuladen, und zwar ausschlie\u00dflich f\u00fcr den pers\u00f6nlichen, nicht kommerziellen Gebrauch. Es handelt sich um die Erteilung einer Lizenz, nicht um eine \u00dcbertragung des Eigentums. Im Rahmen dieser Lizenz d\u00fcrfen Sie nicht:\n<ul class=\"wp-block-list\">\n \t<li>die Materialien zu ver\u00e4ndern oder zu kopieren;<\/li>\n \t<li>die Materialien f\u00fcr kommerzielle Zwecke oder f\u00fcr eine \u00f6ffentliche Darstellung (kommerziell oder nicht kommerziell) zu verwenden;<\/li>\n \t<li>versuchen, die auf der YokoBoost-Website enthaltene Software zu dekompilieren oder zur\u00fcckzuentwickeln;<\/li>\n \t<li>jegliche Urheberrechts- oder sonstige Eigentumsvermerke aus den Materialien entfernen; oder<\/li>\n \t<li>\u00dcbertragen Sie die Materialien nicht an Dritte oder spiegeln Sie sie auf einem anderen Server. Diese Lizenz erlischt automatisch, wenn Sie gegen eine dieser Einschr\u00e4nkungen versto\u00dfen. Sie kann jederzeit von YokoBoost gek\u00fcndigt werden. Nach Beendigung der Nutzung dieser Materialien oder nach Beendigung dieser Lizenz m\u00fcssen Sie alle heruntergeladenen Materialien in Ihrem Besitz l\u00f6schen, egal ob in elektronischer oder gedruckter Form.<\/li>\n<\/ul>\n<h2 class=\"wp-block-heading\">Haftungsausschluss<\/h2>\nDie Materialien auf der YokoBoost-Website werden \u201ewie besehen\u201c bereitgestellt. YokoBoost \u00fcbernimmt keine ausdr\u00fccklichen oder stillschweigenden Garantien und schlie\u00dft hiermit alle anderen Garantien aus, einschlie\u00dflich, aber nicht beschr\u00e4nkt auf stillschweigende Garantien oder Gew\u00e4hrleistungen hinsichtlich der Marktg\u00e4ngigkeit, der Eignung f\u00fcr einen bestimmten Zweck oder der Nichtverletzung von Rechten des geistigen Eigentums. Dar\u00fcber hinaus \u00fcbernimmt YokoBoost keine Garantie oder Zusicherung hinsichtlich der Genauigkeit, der voraussichtlichen Ergebnisse oder der Zuverl\u00e4ssigkeit der Nutzung der Materialien auf seiner Website oder in sonstiger Weise in Bezug auf diese Materialien oder auf mit dieser Website verlinkten Websites.\n<h2 class=\"wp-block-heading\">Einschr\u00e4nkungen<\/h2>\nYokoBoost oder seine Lieferanten haften in keinem Fall f\u00fcr Sch\u00e4den (einschlie\u00dflich, aber nicht beschr\u00e4nkt auf Sch\u00e4den durch Datenverlust, entgangenen Gewinn oder Betriebsunterbrechung), die aus der Nutzung oder der Unm\u00f6glichkeit der Nutzung der Materialien von YokoBoost entstehen, selbst wenn YokoBoost oder ein autorisierter Vertreter von YokoBoost m\u00fcndlich oder schriftlich auf die M\u00f6glichkeit solcher Sch\u00e4den hingewiesen wurde. Da in einigen Rechtsr\u00e4umen Beschr\u00e4nkungen stillschweigender Garantien oder Haftungsbeschr\u00e4nkungen f\u00fcr Folge- oder Nebensch\u00e4den nicht zul\u00e4ssig sind, gelten diese Beschr\u00e4nkungen m\u00f6glicherweise nicht f\u00fcr Sie.\n<h2 class=\"wp-block-heading\">Genauigkeit der Materialien<\/h2>\nDie auf der YokoBoost-Website angezeigten Materialien k\u00f6nnen technische, typografische oder fotografische Fehler enthalten. YokoBoost \u00fcbernimmt keine Garantie f\u00fcr die Richtigkeit, Vollst\u00e4ndigkeit und Aktualit\u00e4t der auf seiner Website bereitgestellten Materialien. YokoBoost kann die auf seiner Website enthaltenen Materialien jederzeit und ohne Vorank\u00fcndigung \u00e4ndern. YokoBoost \u00fcbernimmt jedoch keine Verpflichtung zur Aktualisierung der Materialien.\n<h2 class=\"wp-block-heading\">Links<\/h2>\nYokoBoost hat nicht alle mit seiner Website verlinkten Seiten \u00fcberpr\u00fcft und ist nicht f\u00fcr deren Inhalt verantwortlich. Die Bereitstellung eines Links bedeutet nicht, dass YokoBoost die Seite unterst\u00fctzt. Die Nutzung verlinkter Seiten erfolgt auf eigene Gefahr des Nutzers.\n<h2 class=\"wp-block-heading\">\u00c4nderungen<\/h2>\nYokoBoost kann diese Website-Nutzungsbedingungen jederzeit und ohne Vorank\u00fcndigung \u00e4ndern. Durch die Nutzung dieser Website erkl\u00e4ren Sie sich mit der aktuellen Version dieser Nutzungsbedingungen einverstanden. Geltendes Recht Diese Bedingungen unterliegen den Gesetzen von YokoBoost und werden entsprechend ausgelegt. Sie unterwerfen sich unwiderruflich der ausschlie\u00dflichen Zust\u00e4ndigkeit der Gerichte des jeweiligen Staates oder Ortes.\n<h2 id=\"lei-aplicavel\" class=\"wp-block-heading\">Geltendes Recht<\/h2>\nDiese Gesch\u00e4ftsbedingungen unterliegen den Gesetzen von YokoBoost und werden in \u00dcbereinstimmung mit diesen ausgelegt. Sie unterwerfen sich unwiderruflich der ausschlie\u00dflichen Zust\u00e4ndigkeit der Gerichte in diesem Staat oder an diesem Ort.","protected":false},"excerpt":{"rendered":"<p>Termos de Uso do YokoBoost Ao acessar ao site YokoBoost, concorda em cumprir estes termos de servi\u00e7o, todas as leis e regulamentos aplic\u00e1veis e concorda que \u00e9 respons\u00e1vel pelo cumprimento de todas as leis locais aplic\u00e1veis. Se voc\u00ea n\u00e3o concordar com algum desses termos, est\u00e1 proibido de usar ou acessar este site. Os materiais contidos &#8230; <a title=\"Nutzungsbedingungen\" class=\"read-more\" href=\"https:\/\/yokoboost.com\/de\/termos-de-uso\/\" aria-label=\"Mehr Informationen \u00fcber Termos de uso\">Mehr lesen<\/a><\/p>","protected":false},"author":1,"featured_media":0,"parent":0,"menu_order":0,"comment_status":"closed","ping_status":"closed","template":"","meta":{"footnotes":""},"class_list":["post-20","page","type-page","status-publish"],"_links":{"self":[{"href":"https:\/\/yokoboost.com\/de\/wp-json\/wp\/v2\/pages\/20","targetHints":{"allow":["GET"]}}],"collection":[{"href":"https:\/\/yokoboost.com\/de\/wp-json\/wp\/v2\/pages"}],"about":[{"href":"https:\/\/yokoboost.com\/de\/wp-json\/wp\/v2\/types\/page"}],"author":[{"embeddable":true,"href":"https:\/\/yokoboost.com\/de\/wp-json\/wp\/v2\/users\/1"}],"replies":[{"embeddable":true,"href":"https:\/\/yokoboost.com\/de\/wp-json\/wp\/v2\/comments?post=20"}],"version-history":[{"count":2,"href":"https:\/\/yokoboost.com\/de\/wp-json\/wp\/v2\/pages\/20\/revisions"}],"predecessor-version":[{"id":22,"href":"https:\/\/yokoboost.com\/de\/wp-json\/wp\/v2\/pages\/20\/revisions\/22"}],"wp:attachment":[{"href":"https:\/\/yokoboost.com\/de\/wp-json\/wp\/v2\/media?parent=20"}],"curies":[{"name":"wp","href":"https:\/\/api.w.org\/{rel}","templated":true}]}}