{"id":16,"date":"2025-03-21T23:38:10","date_gmt":"2025-03-21T23:38:10","guid":{"rendered":"https:\/\/yokoboost.com\/?page_id=16"},"modified":"2025-03-21T23:40:29","modified_gmt":"2025-03-21T23:40:29","slug":"politica-de-privacidad","status":"publish","type":"page","link":"https:\/\/yokoboost.com\/es\/politica-de-privacidade\/","title":{"rendered":"pol\u00edtica de privacidad"},"content":{"rendered":"Toda la informaci\u00f3n recopilada se utilizar\u00e1 para mejorar su experiencia en nuestro sitio web. Dicha informaci\u00f3n puede incluir su nombre, direcci\u00f3n de correo electr\u00f3nico, n\u00famero de tel\u00e9fono u otra informaci\u00f3n. El uso de YokoBoost implica la aceptaci\u00f3n de este Acuerdo de Privacidad. Si no est\u00e1 de acuerdo, incluso parcialmente, con los t\u00e9rminos y condiciones de esta Pol\u00edtica de Privacidad, no debe acceder ni utilizar el contenido ofrecido por YokoBoost. Al utilizar el sitio web, usted reconoce y acepta plenamente el tratamiento de sus datos de acuerdo con los t\u00e9rminos de esta Pol\u00edtica de Privacidad y los T\u00e9rminos y Condiciones Generales de Uso. Nos reservamos el derecho de modificar esta pol\u00edtica de privacidad en cualquier momento, sin el consentimiento ni la notificaci\u00f3n a los usuarios, por lo que le rogamos que la revise con frecuencia. Los cambios y las aclaraciones entrar\u00e1n en vigor inmediatamente despu\u00e9s de su publicaci\u00f3n en el sitio web. Si realizamos cambios sustanciales en esta pol\u00edtica, le notificaremos aqu\u00ed su actualizaci\u00f3n para que est\u00e9 al tanto de qu\u00e9 informaci\u00f3n recopilamos, c\u00f3mo la utilizamos y bajo qu\u00e9 circunstancias, si las hubiera, la utilizamos o divulgamos. YokoBoost respeta la privacidad de sus usuarios y la transparencia en el uso de los datos. Nuestra Pol\u00edtica de Privacidad se elabor\u00f3 de conformidad con las normas internacionales y nacionales de protecci\u00f3n de datos. Esta Pol\u00edtica de Privacidad debe leerse e interpretarse junto con los T\u00e9rminos y Condiciones Generales de Uso de YokoBoost, disponibles en <a href=\"https:\/\/yokoboost.com\/es\/condiciones-de-uso\/\">https:\/\/yokoboost.com\/termos-de-uso\/<\/a>\n<h2 class=\"wp-block-heading\">Informaci\u00f3n general para los usuarios<\/h2>\nYokoBoost tiene como objetivo compartir informaci\u00f3n con sus usuarios, haciendo que el conocimiento sea accesible para todos. Los usuarios pueden navegar por el sitio web de YokoBoost sin necesidad de registrarse. YokoBoost cumple con los est\u00e1ndares y normas internacionales de seguridad para el almacenamiento, la protecci\u00f3n, la privacidad y la transmisi\u00f3n de datos. Es importante destacar que ning\u00fan m\u00e9todo de almacenamiento, protecci\u00f3n, privacidad o transmisi\u00f3n de datos es completamente seguro e inviolable. YokoBoost adopta pr\u00e1cticas y tecnolog\u00edas que se revisan y mejoran constantemente, de acuerdo con los avances t\u00e9cnicos y regulatorios nacionales e internacionales. Cuando hablamos de protecci\u00f3n, nos referimos a cualquier acceso, uso, alteraci\u00f3n, divulgaci\u00f3n o destrucci\u00f3n no autorizados de sus datos. Para evitarlo, invertimos en medidas que incluyen comunicaciones cifradas, control de acceso, cumplimiento de un desarrollo de software seguro, pol\u00edticas internas de cumplimiento normativo y medidas de rendici\u00f3n de cuentas y mitigaci\u00f3n de riesgos que garantizan la seguridad durante todo el ciclo de vida de los datos. La informaci\u00f3n del usuario tambi\u00e9n se almacena en bases de datos seguras, reconocidas internacionalmente. YokoBoost nunca solicita sumas monetarias por el lanzamiento de ning\u00fan tipo de producto, independientemente de su naturaleza. Si esto ocurre, notif\u00edquenos de inmediato. Nos esforzamos por mantener toda la informaci\u00f3n lo m\u00e1s actualizada posible. Sin embargo, es importante tener en cuenta que esta informaci\u00f3n puede diferir de la que se encuentra en los sitios web de instituciones o proveedores de servicios en un sitio espec\u00edfico. No garantizamos la exactitud ni la actualidad de esta informaci\u00f3n. Recuerde siempre leer los t\u00e9rminos y condiciones de uso de las instituciones que elija. Recibimos una peque\u00f1a cantidad de la publicidad en nuestro sitio y de nuestros socios cuando recomendamos a un usuario que solicita un producto o una propuesta. Todo lo que publicamos se basa en evaluaciones cuantitativas y cualitativas de cada producto. Es importante tener en cuenta que nuestros socios pueden influir directamente en los productos sobre los que escribimos y rese\u00f1amos, as\u00ed como en el orden de los &quot;mejores&quot; art\u00edculos y el posicionamiento de los productos en YokoBoost. Dada la cantidad de informaci\u00f3n en nuestro sitio, no ofrecemos garant\u00edas sobre la calidad ni la actualidad de la misma; por lo tanto, priorizamos la informaci\u00f3n de nuestros socios. Para proteger su informaci\u00f3n personal, tomamos precauciones razonables y seguimos las mejores pr\u00e1cticas del sector para garantizar que no se pierda, utilice indebidamente, acceda, divulgue, altere ni destruya de forma inapropiada.\n<h2 class=\"wp-block-heading\">Enlaces a sitios de terceros<\/h2>\nYokoBoost tiene enlaces a otros sitios web que, en nuestra opini\u00f3n, pueden contener informaci\u00f3n o herramientas \u00fatiles para nuestros visitantes. Nuestra Pol\u00edtica de Privacidad no se aplica a sitios web de terceros. No nos responsabilizamos de las pol\u00edticas de privacidad ni del contenido de estos sitios web. YokoBoost no ejerce ning\u00fan control sobre ellos y, por lo tanto, queda exento de cualquier responsabilidad en las relaciones establecidas entre el Usuario y los productos y servicios de terceros anunciados en el sitio web. Una vez que abandone nuestro sitio web o sea redirigido a una aplicaci\u00f3n o sitio web de terceros, ya no estar\u00e1 sujeto a esta Pol\u00edtica de Privacidad ni a las Condiciones de Servicio de nuestro sitio web. Si, tras proporcionar sus datos, cambia de opini\u00f3n, puede revocar su consentimiento para que nos pongamos en contacto con usted, para la recopilaci\u00f3n, el uso o la divulgaci\u00f3n continua de su informaci\u00f3n, en cualquier momento, contactando con contato@appsntech.com.\n<h2 class=\"wp-block-heading\">Datos no personales<\/h2>\nCuando los usuarios no soliciten contenidos gratuitos de YokoBoost (e-books, quizzes, art\u00edculos, infograf\u00edas, entre otros), se podr\u00e1 realizar un seguimiento y recogida de datos no personales indicando, entre otros detalles, qu\u00e9 p\u00e1ginas del sitio web fueron visitadas, cu\u00e1ndo se visitaron, qu\u00e9 hiperv\u00ednculos fueron clicados, qu\u00e9 contenidos o servicios fueron solicitados o indicados, entre otros.\n<h2 class=\"wp-block-heading\">Galletas<\/h2>\nGoogle, como proveedor externo, utiliza cookies para mostrar anuncios. Con la cookie de DART, Google puede mostrar anuncios basados en las visitas del lector a otros sitios web. Los usuarios pueden desactivar la cookie de DART consultando la pol\u00edtica de privacidad de anuncios y redes de contenido de Google. YokoBoost utiliza cookies para recopilar datos e informaci\u00f3n de identificaci\u00f3n IP (Protocolo de Internet) para facilitar la navegaci\u00f3n del usuario, garantizando as\u00ed la seguridad, protecci\u00f3n y autenticidad de los datos. Adem\u00e1s, tambi\u00e9n utilizamos publicidad de terceros en nuestro sitio web para cubrir los costes de mantenimiento. Algunos de estos anunciantes pueden utilizar tecnolog\u00edas como cookies al anunciarse en nuestro sitio web, lo que tambi\u00e9n har\u00e1 que estos anunciantes (como Google a trav\u00e9s de Google AdSense y Ad Exchange) reciban su informaci\u00f3n personal, como su direcci\u00f3n IP, su proveedor de servicios de internet (ISP), su navegador, etc. Esta funci\u00f3n se utiliza generalmente para la segmentaci\u00f3n geogr\u00e1fica (mostrar anuncios relevantes seg\u00fan su ubicaci\u00f3n geogr\u00e1fica). El usuario puede cambiar en cualquier momento si acepta o no las cookies en la configuraci\u00f3n de su navegador, teniendo en cuenta que al desactivar las cookies de navegaci\u00f3n, algunas funcionalidades de YokoBoost podr\u00edan verse afectadas.\n<h2 class=\"wp-block-heading\">Datos de identificaci\u00f3n personal<\/h2>\nPara acceder a contenido gratuito de YokoBoost, como art\u00edculos, libros electr\u00f3nicos, cuestionarios y m\u00e1s, los usuarios deben proporcionar cierta informaci\u00f3n personal, incluyendo su direcci\u00f3n de correo electr\u00f3nico y nombre completo. Los datos personales que YokoBoost procesa se utilizan para los siguientes fines: \u2013 Identificaci\u00f3n correcta y precisa de los usuarios, garantizando as\u00ed una mayor seguridad y protecci\u00f3n; \u2013 Acceso a los servicios y productos de YokoBoost; \u2013 An\u00e1lisis de los perfiles de los usuarios por parte de YokoBoost para recomendar los mejores productos e informaci\u00f3n seg\u00fan sus necesidades y circunstancias reales. Para analizar con m\u00e1s detalle los perfiles de los usuarios, YokoBoost puede realizar encuestas para obtener informaci\u00f3n m\u00e1s detallada sobre ellos y, por lo tanto, recomendar productos y servicios personalizados seg\u00fan las preferencias y necesidades de cada usuario. Por lo tanto, YokoBoost y sus empresas asociadas pueden invitar a los usuarios a participar en encuestas de satisfacci\u00f3n, que incluir\u00e1n correos electr\u00f3nicos con la orientaci\u00f3n necesaria. Los datos recopilados se utilizar\u00e1n principalmente para mejorar los sistemas, productos, contenido y servicios que YokoBoost y sus empresas asociadas ofrecen. Si un usuario nos contacta para reportar un problema, hacer una pregunta u obtener soporte, recopilamos y almacenamos su informaci\u00f3n de contacto, as\u00ed como los mensajes correspondientes y otros datos necesarios para investigar el problema o la pregunta. Estos datos se utilizar\u00e1n para resolver cualquier pregunta basada en la informaci\u00f3n recopilada, aclarar dudas, corregir problemas y mejorar el sistema, optimizando a\u00fan m\u00e1s la experiencia del usuario en YokoBoost.\n<h2 class=\"wp-block-heading\">Acerca del intercambio de datos<\/h2>\nYokoBoost no vender\u00e1 la informaci\u00f3n ni los datos personales de sus Usuarios, pero podr\u00e1 compartirlos con empresas colaboradoras para recomendar productos y servicios que se ajusten mejor a su perfil y necesidades, o para proporcionar los productos o servicios solicitados por el Usuario. YokoBoost se reserva el derecho de colaborar con cualquier autoridad judicial o agencia gubernamental, y podr\u00e1 compartir los datos personales identificables de los Usuarios para: a) establecer o ejercer sus derechos legales; b) proteger su propiedad; c) cuando considere necesaria su asistencia o cooperaci\u00f3n para proteger a sus Usuarios, empleados, administradores o cualquier persona perjudicada por la acci\u00f3n u omisi\u00f3n.\n<h2 class=\"wp-block-heading\">Acerca de los datos brutos y no recopilados<\/h2>\nYokoBoost no procesa datos personales de menores de 13 (trece) a\u00f1os sin la autorizaci\u00f3n previa de sus padres o tutores legales. Si se recopilan y procesan involuntariamente datos personales de menores de 13 (trece) a\u00f1os sin la autorizaci\u00f3n expresa de sus padres o tutores legales, YokoBoost eliminar\u00e1 todos los datos recopilados sin previo aviso. Si tiene conocimiento de que hemos procesado por error los datos de un menor, p\u00f3ngase en contacto con nosotros de inmediato por correo electr\u00f3nico. <a>contato@appsntech.com<\/a>, para que podamos tomar las medidas necesarias.","protected":false},"excerpt":{"rendered":"<p>Todas as informa\u00e7\u00f5es recolhidas ser\u00e3o utilizadas para melhorar sua experi\u00eancia dentro do nosso site. As informa\u00e7\u00f5es recolhidas podem incluir o seu nome, email, n\u00famero de telefone e\/ou outros. O uso do YokoBoost pressup\u00f5e a aceita\u00e7\u00e3o deste Acordo de Privacidade. Caso o usu\u00e1rio n\u00e3o concorde, ainda que em parte, com os termos e condi\u00e7\u00f5es contidos nesta &#8230; <a title=\"pol\u00edtica de privacidad\" class=\"read-more\" href=\"https:\/\/yokoboost.com\/es\/politica-de-privacidade\/\" aria-label=\"Leer m\u00e1s sobre Politica de Privacidade\">Leer m\u00e1s<\/a><\/p>","protected":false},"author":1,"featured_media":0,"parent":0,"menu_order":0,"comment_status":"closed","ping_status":"closed","template":"","meta":{"footnotes":""},"class_list":["post-16","page","type-page","status-publish"],"_links":{"self":[{"href":"https:\/\/yokoboost.com\/es\/wp-json\/wp\/v2\/pages\/16","targetHints":{"allow":["GET"]}}],"collection":[{"href":"https:\/\/yokoboost.com\/es\/wp-json\/wp\/v2\/pages"}],"about":[{"href":"https:\/\/yokoboost.com\/es\/wp-json\/wp\/v2\/types\/page"}],"author":[{"embeddable":true,"href":"https:\/\/yokoboost.com\/es\/wp-json\/wp\/v2\/users\/1"}],"replies":[{"embeddable":true,"href":"https:\/\/yokoboost.com\/es\/wp-json\/wp\/v2\/comments?post=16"}],"version-history":[{"count":2,"href":"https:\/\/yokoboost.com\/es\/wp-json\/wp\/v2\/pages\/16\/revisions"}],"predecessor-version":[{"id":24,"href":"https:\/\/yokoboost.com\/es\/wp-json\/wp\/v2\/pages\/16\/revisions\/24"}],"wp:attachment":[{"href":"https:\/\/yokoboost.com\/es\/wp-json\/wp\/v2\/media?parent=16"}],"curies":[{"name":"gracias","href":"https:\/\/api.w.org\/{rel}","templated":true}]}}