{"id":20,"date":"2025-03-21T23:38:52","date_gmt":"2025-03-21T23:38:52","guid":{"rendered":"https:\/\/yokoboost.com\/?page_id=20"},"modified":"2025-03-21T23:39:31","modified_gmt":"2025-03-21T23:39:31","slug":"condiciones-de-uso","status":"publish","type":"page","link":"https:\/\/yokoboost.com\/es\/termos-de-uso\/","title":{"rendered":"Condiciones de uso"},"content":{"rendered":"<h2 class=\"wp-block-heading\">Condiciones de uso de YokoBoost<\/h2>\nAl acceder al sitio web de YokoBoost, usted acepta cumplir con estos t\u00e9rminos de servicio, todas las leyes y regulaciones aplicables, y se compromete a cumplir con todas las leyes locales aplicables. Si no acepta alguno de estos t\u00e9rminos, se le proh\u00edbe usar o acceder a este sitio. Los materiales contenidos en este sitio est\u00e1n protegidos por las leyes de derechos de autor y marcas registradas aplicables.\n<h2 class=\"wp-block-heading\">Licencia de uso<\/h2>\nSe concede permiso para descargar temporalmente una copia de los materiales (informaci\u00f3n o software) del sitio web de YokoBoost \u00fanicamente para su visualizaci\u00f3n transitoria personal y no comercial. Esta licencia constituye una concesi\u00f3n de licencia, no una transferencia de titularidad, y, en virtud de ella, no podr\u00e1:\n<ul class=\"wp-block-list\">\n \t<li>modificar o copiar los materiales;<\/li>\n \t<li>utilizar los materiales para cualquier prop\u00f3sito comercial o para cualquier exhibici\u00f3n p\u00fablica (comercial o no comercial);<\/li>\n \t<li>intentar descompilar o realizar ingenier\u00eda inversa a cualquier software contenido en el sitio web de YokoBoost;<\/li>\n \t<li>eliminar cualquier derecho de autor u otras notaciones de propiedad de los materiales; o<\/li>\n \t<li>Transfiera los materiales a otra persona o reprod\u00fazcalos en cualquier otro servidor. Esta licencia se rescindir\u00e1 autom\u00e1ticamente si infringe cualquiera de estas restricciones y YokoBoost podr\u00e1 rescindirla en cualquier momento. Al finalizar la visualizaci\u00f3n de estos materiales o al rescindirse esta licencia, deber\u00e1 eliminar todos los materiales descargados que tenga en su poder, ya sea en formato electr\u00f3nico o impreso.<\/li>\n<\/ul>\n<h2 class=\"wp-block-heading\">Descargo de responsabilidad<\/h2>\nLos materiales del sitio web de YokoBoost se proporcionan &quot;tal cual&quot;. YokoBoost no ofrece garant\u00edas, expresas ni impl\u00edcitas, y por la presente renuncia y niega cualquier otra garant\u00eda, incluyendo, entre otras, las garant\u00edas o condiciones impl\u00edcitas de comerciabilidad, idoneidad para un fin determinado o no infracci\u00f3n de la propiedad intelectual u otras violaciones de derechos. Asimismo, YokoBoost no garantiza ni se responsabiliza de la exactitud, los resultados probables ni la fiabilidad del uso de los materiales de su sitio web, ni de ning\u00fan otro modo relacionados con dichos materiales o en sitios enlazados a este.\n<h2 class=\"wp-block-heading\">Limitaciones<\/h2>\nEn ning\u00fan caso YokoBoost ni sus proveedores ser\u00e1n responsables de ning\u00fan da\u00f1o (incluyendo, sin limitaci\u00f3n, da\u00f1os por p\u00e9rdida de datos o beneficios, o debido a la interrupci\u00f3n del negocio) derivado del uso o la imposibilidad de usar los materiales de YokoBoost, incluso si YokoBoost o un representante autorizado de YokoBoost ha sido notificado oralmente o por escrito de la posibilidad de dicho da\u00f1o. Dado que algunas jurisdicciones no permiten limitaciones a las garant\u00edas impl\u00edcitas ni limitaciones de responsabilidad por da\u00f1os consecuentes o incidentales, es posible que estas limitaciones no le sean aplicables.\n<h2 class=\"wp-block-heading\">Precisi\u00f3n de los materiales<\/h2>\nLos materiales que se muestran en el sitio web de YokoBoost pueden contener errores t\u00e9cnicos, tipogr\u00e1ficos o fotogr\u00e1ficos. YokoBoost no garantiza la exactitud, integridad ni actualidad del material de su sitio web. YokoBoost puede modificar los materiales de su sitio web en cualquier momento sin previo aviso. Sin embargo, YokoBoost no se compromete a actualizarlos.\n<h2 class=\"wp-block-heading\">Campo de golf<\/h2>\nYokoBoost no ha revisado todos los sitios enlazados a su sitio web y no se responsabiliza del contenido de ninguno de ellos. La inclusi\u00f3n de un enlace no implica la aprobaci\u00f3n del sitio por parte de YokoBoost. El uso de cualquier sitio enlazado es bajo la propia responsabilidad del usuario.\n<h2 class=\"wp-block-heading\">Modificaciones<\/h2>\nYokoBoost podr\u00e1 revisar estos t\u00e9rminos de servicio del sitio web en cualquier momento sin previo aviso. Al utilizar este sitio web, usted acepta la versi\u00f3n vigente de estos t\u00e9rminos de servicio. Legislaci\u00f3n aplicable: Estos t\u00e9rminos y condiciones se rigen e interpretan de conformidad con las leyes de YokoBoost, y usted se somete irrevocablemente a la jurisdicci\u00f3n exclusiva de los tribunales de ese estado o lugar.\n<h2 id=\"lei-aplicavel\" class=\"wp-block-heading\">Ley aplicable<\/h2>\nEstos t\u00e9rminos y condiciones se rigen e interpretan de conformidad con las leyes de YokoBoost y usted se somete irrevocablemente a la jurisdicci\u00f3n exclusiva de los tribunales de ese estado o ubicaci\u00f3n.","protected":false},"excerpt":{"rendered":"<p>Termos de Uso do YokoBoost Ao acessar ao site YokoBoost, concorda em cumprir estes termos de servi\u00e7o, todas as leis e regulamentos aplic\u00e1veis e concorda que \u00e9 respons\u00e1vel pelo cumprimento de todas as leis locais aplic\u00e1veis. Se voc\u00ea n\u00e3o concordar com algum desses termos, est\u00e1 proibido de usar ou acessar este site. Os materiais contidos &#8230; <a title=\"Condiciones de uso\" class=\"read-more\" href=\"https:\/\/yokoboost.com\/es\/termos-de-uso\/\" aria-label=\"Leer m\u00e1s sobre Termos de uso\">Leer m\u00e1s<\/a><\/p>","protected":false},"author":1,"featured_media":0,"parent":0,"menu_order":0,"comment_status":"closed","ping_status":"closed","template":"","meta":{"footnotes":""},"class_list":["post-20","page","type-page","status-publish"],"_links":{"self":[{"href":"https:\/\/yokoboost.com\/es\/wp-json\/wp\/v2\/pages\/20","targetHints":{"allow":["GET"]}}],"collection":[{"href":"https:\/\/yokoboost.com\/es\/wp-json\/wp\/v2\/pages"}],"about":[{"href":"https:\/\/yokoboost.com\/es\/wp-json\/wp\/v2\/types\/page"}],"author":[{"embeddable":true,"href":"https:\/\/yokoboost.com\/es\/wp-json\/wp\/v2\/users\/1"}],"replies":[{"embeddable":true,"href":"https:\/\/yokoboost.com\/es\/wp-json\/wp\/v2\/comments?post=20"}],"version-history":[{"count":2,"href":"https:\/\/yokoboost.com\/es\/wp-json\/wp\/v2\/pages\/20\/revisions"}],"predecessor-version":[{"id":22,"href":"https:\/\/yokoboost.com\/es\/wp-json\/wp\/v2\/pages\/20\/revisions\/22"}],"wp:attachment":[{"href":"https:\/\/yokoboost.com\/es\/wp-json\/wp\/v2\/media?parent=20"}],"curies":[{"name":"gracias","href":"https:\/\/api.w.org\/{rel}","templated":true}]}}