{"id":16,"date":"2025-03-21T23:38:10","date_gmt":"2025-03-21T23:38:10","guid":{"rendered":"https:\/\/yokoboost.com\/?page_id=16"},"modified":"2025-03-21T23:40:29","modified_gmt":"2025-03-21T23:40:29","slug":"politique-de-confidentialite","status":"publish","type":"page","link":"https:\/\/yokoboost.com\/fr\/politica-de-privacidade\/","title":{"rendered":"politique de confidentialit\u00e9"},"content":{"rendered":"Toutes les informations collect\u00e9es seront utilis\u00e9es pour am\u00e9liorer votre exp\u00e9rience sur notre site web. Ces informations peuvent inclure votre nom, votre adresse e-mail, votre num\u00e9ro de t\u00e9l\u00e9phone et\/ou d&#039;autres informations. L&#039;utilisation de YokoBoost implique l&#039;acceptation du pr\u00e9sent Accord de confidentialit\u00e9. Si vous \u00eates en d\u00e9saccord, m\u00eame partiel, avec les termes et conditions de la pr\u00e9sente Politique de confidentialit\u00e9, vous ne devez pas acc\u00e9der au contenu propos\u00e9 par YokoBoost et\/ou l&#039;utiliser. En utilisant le site web, vous reconnaissez et acceptez pleinement le traitement de vos donn\u00e9es conform\u00e9ment aux termes de la pr\u00e9sente Politique de confidentialit\u00e9 et des Conditions g\u00e9n\u00e9rales d&#039;utilisation. Nous nous r\u00e9servons le droit de modifier cette politique de confidentialit\u00e9 \u00e0 tout moment, sans le consentement ni la notification des utilisateurs. Veuillez donc la consulter r\u00e9guli\u00e8rement. Les modifications et clarifications entreront en vigueur d\u00e8s leur publication sur le site web. Si nous apportons des modifications substantielles \u00e0 cette politique, nous vous informerons ici de sa mise \u00e0 jour, afin que vous sachiez quelles informations nous collectons, comment nous les utilisons et dans quelles circonstances, le cas \u00e9ch\u00e9ant, nous les utilisons et\/ou les divulguons. YokoBoost respecte la vie priv\u00e9e de ses utilisateurs et la transparence quant \u00e0 l&#039;utilisation des donn\u00e9es. Notre politique de confidentialit\u00e9 a \u00e9t\u00e9 \u00e9labor\u00e9e conform\u00e9ment aux normes internationales et nationales de protection des donn\u00e9es. Elle doit \u00eatre lue et interpr\u00e9t\u00e9e conjointement avec les Conditions g\u00e9n\u00e9rales d&#039;utilisation de YokoBoost, disponibles \u00e0 l&#039;adresse suivante\u00a0: <a href=\"https:\/\/yokoboost.com\/fr\/conditions-dutilisation\/\">https:\/\/yokoboost.com\/termos-de-uso\/<\/a>\n<h2 class=\"wp-block-heading\">Informations g\u00e9n\u00e9rales pour les utilisateurs<\/h2>\nYokoBoost a pour objectif de partager des informations avec ses utilisateurs, rendant ainsi la connaissance accessible \u00e0 tous. Les utilisateurs peuvent consulter le site web de YokoBoost sans inscription. YokoBoost adh\u00e8re aux normes et standards de s\u00e9curit\u00e9 internationaux en mati\u00e8re de stockage, de protection, de confidentialit\u00e9 et de transmission des donn\u00e9es. Il est important de noter qu&#039;aucune m\u00e9thode de stockage, de protection, de confidentialit\u00e9 ou de transmission des donn\u00e9es n&#039;est s\u00fbre et inviolable. YokoBoost adopte des pratiques et des technologies constamment revues et am\u00e9lior\u00e9es, en fonction des avanc\u00e9es techniques et r\u00e9glementaires nationales et internationales. Par protection, nous entendons tout acc\u00e8s, utilisation, modification, divulgation ou destruction non autoris\u00e9s de vos donn\u00e9es. Pour \u00e9viter cela, nous investissons dans des mesures telles que le chiffrement des communications, le contr\u00f4le d&#039;acc\u00e8s, le d\u00e9veloppement de logiciels s\u00e9curis\u00e9s, des politiques de conformit\u00e9 interne et des mesures de responsabilit\u00e9 et d&#039;att\u00e9nuation des risques qui garantissent la s\u00e9curit\u00e9 tout au long du cycle de vie des donn\u00e9es. Les informations des utilisateurs sont \u00e9galement stock\u00e9es dans des bases de donn\u00e9es s\u00e9curis\u00e9es, r\u00e9put\u00e9es et internationalement reconnues. YokoBoost ne demande jamais d&#039;argent pour la sortie de tout type de produit, quelle qu&#039;en soit la nature. Si cela se produit, veuillez nous en informer imm\u00e9diatement. Nous nous effor\u00e7ons de maintenir toutes les informations aussi \u00e0 jour que possible. Cependant, il est important de noter que ces informations peuvent diff\u00e9rer de celles figurant sur les sites web des institutions ou des prestataires de services d&#039;un site sp\u00e9cifique. Nous ne garantissons ni l&#039;exactitude ni l&#039;actualit\u00e9 de ces informations. Pensez \u00e0 consulter les conditions g\u00e9n\u00e9rales d&#039;utilisation des institutions que vous choisissez. Nous percevons une petite somme provenant de la publicit\u00e9 sur notre site et de nos partenaires lorsque nous recommandons un utilisateur qui demande un produit ou une proposition. Toutes nos publications sont bas\u00e9es sur des \u00e9valuations quantitatives et qualitatives de chaque produit. Il est important de noter que nos partenaires peuvent influencer directement les produits que nous \u00e9crivons et \u00e9valuons, ainsi que l&#039;ordre des \u00ab\u00a0meilleurs\u00a0\u00bb articles et le positionnement des produits sur YokoBoost. Compte tenu de la quantit\u00e9 d&#039;informations pr\u00e9sentes sur notre site, nous ne fournissons aucune garantie quant \u00e0 leur qualit\u00e9 et \u00e0 leur actualit\u00e9\u00a0; par cons\u00e9quent, nous privil\u00e9gions les informations provenant de nos partenaires. Afin de prot\u00e9ger vos informations personnelles, nous prenons des pr\u00e9cautions raisonnables et suivons les meilleures pratiques du secteur pour garantir qu&#039;elles ne soient pas perdues, utilis\u00e9es \u00e0 mauvais escient, consult\u00e9es, divulgu\u00e9es, modifi\u00e9es ou d\u00e9truites de mani\u00e8re inappropri\u00e9e.\n<h2 class=\"wp-block-heading\">Liens vers des sites tiers<\/h2>\nYokoBoost propose des liens vers d&#039;autres sites web qui, selon nous, peuvent contenir des informations ou des outils utiles \u00e0 nos visiteurs. Notre Politique de confidentialit\u00e9 ne s&#039;applique pas aux sites web tiers. Nous ne sommes pas responsables des politiques de confidentialit\u00e9 ni du contenu de ces sites. YokoBoost n&#039;exerce aucun contr\u00f4le sur eux et d\u00e9cline donc toute responsabilit\u00e9 quant aux relations \u00e9tablies entre l&#039;Utilisateur et les produits et services tiers annonc\u00e9s sur le site web. D\u00e8s que vous quittez notre site web ou \u00eates redirig\u00e9 vers une application ou un site web tiers, vous n&#039;\u00eates plus soumis \u00e0 la pr\u00e9sente Politique de confidentialit\u00e9 ni aux Conditions d&#039;utilisation de notre site web. Si, apr\u00e8s avoir fourni vos donn\u00e9es, vous changez d&#039;avis, vous pouvez \u00e0 tout moment retirer votre consentement \u00e0 ce que nous vous contactions, \u00e0 la collecte, \u00e0 l&#039;utilisation ou \u00e0 la divulgation continues de vos informations en contactant contato@appsntech.com.\n<h2 class=\"wp-block-heading\">Donn\u00e9es non personnelles<\/h2>\nLorsque les utilisateurs ne demandent pas de contenu gratuit \u00e0 YokoBoost (livres \u00e9lectroniques, quiz, articles, infographies, entre autres), un suivi et une collecte de donn\u00e9es non personnelles peuvent \u00eatre effectu\u00e9s indiquant, entre autres d\u00e9tails, quelles pages du site Web ont \u00e9t\u00e9 visit\u00e9es, quand elles ont \u00e9t\u00e9 visit\u00e9es, quels hyperliens ont \u00e9t\u00e9 cliqu\u00e9s, quels contenus ou services ont \u00e9t\u00e9 demand\u00e9s ou indiqu\u00e9s, entre autres.\n<h2 class=\"wp-block-heading\">Cookies<\/h2>\nGoogle, en tant que fournisseur tiers, utilise des cookies pour diffuser des annonces. Gr\u00e2ce au cookie DART, Google peut afficher des annonces en fonction des visites de l&#039;utilisateur sur d&#039;autres sites web. Les utilisateurs peuvent d\u00e9sactiver le cookie DART en consultant la politique de confidentialit\u00e9 de Google Ads and Content Network. YokoBoost utilise des cookies pour collecter des donn\u00e9es et des informations d&#039;identification IP (Internet Protocol) afin de faciliter la navigation de l&#039;utilisateur et de garantir la s\u00e9curit\u00e9, la protection et l&#039;authenticit\u00e9 des donn\u00e9es. De plus, nous utilisons des publicit\u00e9s tierces sur notre site web pour couvrir les frais de maintenance. Certains de ces annonceurs peuvent utiliser des technologies telles que les cookies lorsqu&#039;ils font de la publicit\u00e9 sur notre site web, ce qui leur permet (comme Google via Google AdSense et Ad Exchange) de recevoir vos informations personnelles, telles que votre adresse IP, votre FAI, votre navigateur, etc. Cette fonction est g\u00e9n\u00e9ralement utilis\u00e9e pour le ciblage g\u00e9ographique (affichage de publicit\u00e9s pertinentes en fonction de votre situation g\u00e9ographique). L&#039;utilisateur peut \u00e0 tout moment modifier son consentement aux cookies dans les param\u00e8tres de son navigateur. Sachez que la d\u00e9sactivation des cookies de navigation peut alt\u00e9rer certaines fonctionnalit\u00e9s de YokoBoost.\n<h2 class=\"wp-block-heading\">Donn\u00e9es personnelles identifiables<\/h2>\nPour acc\u00e9der au contenu gratuit de YokoBoost, tel que des articles, des livres num\u00e9riques, des quiz, etc., les utilisateurs doivent fournir certaines informations personnelles identifiables, notamment leur adresse e-mail et leur nom complet. Les donn\u00e9es personnelles identifiables trait\u00e9es par YokoBoost sont utilis\u00e9es aux fins suivantes\u00a0: \u2013 Identification correcte et pr\u00e9cise des utilisateurs, garantissant ainsi une s\u00e9curit\u00e9 et une protection accrues\u00a0; \u2013 Acc\u00e8s aux services et produits fournis par YokoBoost\u00a0; \u2013 Analyse des profils des utilisateurs par YokoBoost afin de leur recommander les meilleurs produits et informations en fonction de leurs besoins et de leur situation. Pour analyser plus en d\u00e9tail les profils des utilisateurs, YokoBoost peut mener des enqu\u00eates afin d&#039;obtenir des informations plus d\u00e9taill\u00e9es et, ainsi, de recommander des produits et services personnalis\u00e9s en fonction des pr\u00e9f\u00e9rences et des besoins de chaque utilisateur. Par cons\u00e9quent, YokoBoost et ses partenaires peuvent inviter les utilisateurs \u00e0 participer \u00e0 des enqu\u00eates de satisfaction, qui comprendront des e-mails contenant les conseils n\u00e9cessaires. Les donn\u00e9es collect\u00e9es seront principalement utilis\u00e9es pour am\u00e9liorer les syst\u00e8mes, les produits, le contenu et les services propos\u00e9s par YokoBoost et ses partenaires. Si un utilisateur nous contacte pour signaler un probl\u00e8me, poser une question ou obtenir de l&#039;aide, nous collectons et stockons ses coordonn\u00e9es, ainsi que les messages correspondants et autres donn\u00e9es n\u00e9cessaires \u00e0 l&#039;analyse du probl\u00e8me ou de la question. Ces donn\u00e9es seront utilis\u00e9es pour r\u00e9pondre aux questions pos\u00e9es, clarifier les doutes, corriger les probl\u00e8mes et am\u00e9liorer le syst\u00e8me, am\u00e9liorant ainsi l&#039;exp\u00e9rience utilisateur sur YokoBoost.\n<h2 class=\"wp-block-heading\">\u00c0 propos du partage de donn\u00e9es<\/h2>\nYokoBoost ne vendra pas les informations ou donn\u00e9es personnelles de ses utilisateurs, mais pourra les partager avec des entreprises partenaires afin de leur recommander des produits et services adapt\u00e9s \u00e0 leur profil et \u00e0 leurs besoins, ou pour leur fournir les produits et\/ou services demand\u00e9s. YokoBoost se r\u00e9serve le droit d&#039;assister ou de coop\u00e9rer avec toute autorit\u00e9 judiciaire ou agence gouvernementale, et pourra partager les donn\u00e9es personnelles identifiables des utilisateurs afin de\u00a0: a) \u00e9tablir ou exercer ses droits\u00a0; b) prot\u00e9ger ses biens\u00a0; c) lorsqu&#039;elle estime son assistance ou sa coop\u00e9ration n\u00e9cessaire pour prot\u00e9ger ses utilisateurs, employ\u00e9s, administrateurs ou toute personne l\u00e9s\u00e9e par l&#039;action ou l&#039;omission.\n<h2 class=\"wp-block-heading\">\u00c0 propos des donn\u00e9es brutes et non collect\u00e9es<\/h2>\nYokoBoost ne traite pas les donn\u00e9es personnelles des enfants de moins de 13 (treize) ans sans l&#039;autorisation pr\u00e9alable de leurs parents ou tuteurs l\u00e9gaux. Si des donn\u00e9es personnelles d&#039;enfants de moins de 13 (treize) ans sont collect\u00e9es et trait\u00e9es involontairement sans l&#039;autorisation expresse de leurs parents ou tuteurs l\u00e9gaux, YokoBoost supprimera toutes les donn\u00e9es collect\u00e9es sans pr\u00e9avis. Si vous constatez que nous avons trait\u00e9 les donn\u00e9es d&#039;un enfant par erreur, veuillez nous contacter imm\u00e9diatement par e-mail. <a>contato@appsntech.com<\/a>, afin que nous puissions prendre les mesures n\u00e9cessaires.","protected":false},"excerpt":{"rendered":"<p>Todas as informa\u00e7\u00f5es recolhidas ser\u00e3o utilizadas para melhorar sua experi\u00eancia dentro do nosso site. As informa\u00e7\u00f5es recolhidas podem incluir o seu nome, email, n\u00famero de telefone e\/ou outros. O uso do YokoBoost pressup\u00f5e a aceita\u00e7\u00e3o deste Acordo de Privacidade. Caso o usu\u00e1rio n\u00e3o concorde, ainda que em parte, com os termos e condi\u00e7\u00f5es contidos nesta &#8230; <a title=\"politique de confidentialit\u00e9\" class=\"read-more\" href=\"https:\/\/yokoboost.com\/fr\/politica-de-privacidade\/\" aria-label=\"En savoir plus sur Politica de Privacidade\">Lire la suite<\/a><\/p>","protected":false},"author":1,"featured_media":0,"parent":0,"menu_order":0,"comment_status":"closed","ping_status":"closed","template":"","meta":{"footnotes":""},"class_list":["post-16","page","type-page","status-publish"],"_links":{"self":[{"href":"https:\/\/yokoboost.com\/fr\/wp-json\/wp\/v2\/pages\/16","targetHints":{"allow":["GET"]}}],"collection":[{"href":"https:\/\/yokoboost.com\/fr\/wp-json\/wp\/v2\/pages"}],"about":[{"href":"https:\/\/yokoboost.com\/fr\/wp-json\/wp\/v2\/types\/page"}],"author":[{"embeddable":true,"href":"https:\/\/yokoboost.com\/fr\/wp-json\/wp\/v2\/users\/1"}],"replies":[{"embeddable":true,"href":"https:\/\/yokoboost.com\/fr\/wp-json\/wp\/v2\/comments?post=16"}],"version-history":[{"count":2,"href":"https:\/\/yokoboost.com\/fr\/wp-json\/wp\/v2\/pages\/16\/revisions"}],"predecessor-version":[{"id":24,"href":"https:\/\/yokoboost.com\/fr\/wp-json\/wp\/v2\/pages\/16\/revisions\/24"}],"wp:attachment":[{"href":"https:\/\/yokoboost.com\/fr\/wp-json\/wp\/v2\/media?parent=16"}],"curies":[{"name":"wp","href":"https:\/\/api.w.org\/{rel}","templated":true}]}}