{"id":16,"date":"2025-03-21T23:38:10","date_gmt":"2025-03-21T23:38:10","guid":{"rendered":"https:\/\/yokoboost.com\/?page_id=16"},"modified":"2025-03-21T23:40:29","modified_gmt":"2025-03-21T23:40:29","slug":"pravila-o-privatnosti","status":"publish","type":"page","link":"https:\/\/yokoboost.com\/hr\/politica-de-privacidade\/","title":{"rendered":"Pravila o privatnosti"},"content":{"rendered":"Sve prikupljene informacije bit \u0107e kori\u0161tene za pobolj\u0161anje va\u0161eg iskustva na na\u0161oj web stranici. Prikupljene informacije mogu uklju\u010divati va\u0161e ime, adresu e-po\u0161te, broj telefona i\/ili druge informacije. Kori\u0161tenjem YokoBoosta prihva\u0107ate ovaj Ugovor o privatnosti. Ako se ne sla\u017eete, \u010dak ni djelomi\u010dno, s uvjetima i odredbama sadr\u017eanima u ovim Pravilima o privatnosti, ne biste trebali pristupati i\/ili koristiti sadr\u017eaj koji nudi YokoBoost. Kori\u0161tenjem web stranice potvr\u0111ujete i u potpunosti pristajete na obradu va\u0161ih podataka u skladu s uvjetima ovih Pravila o privatnosti i Op\u0107im uvjetima kori\u0161tenja. Pridr\u017eavamo pravo izmjene ovih Pravila o privatnosti u bilo kojem trenutku, bez pristanka ili obavijesti korisnika, stoga ih \u010desto pregledavajte. Promjene i poja\u0161njenja stupit \u0107e na snagu odmah nakon objave na web stranici. Ako napravimo zna\u010dajne promjene u ovim Pravilima, ovdje \u0107emo vas obavijestiti da su a\u017eurirana, kako biste bili svjesni koje informacije prikupljamo, kako ih koristimo i pod kojim okolnostima, ako ih ima, koristimo i\/ili otkrivamo. YokoBoost po\u0161tuje privatnost svojih korisnika i transparentnost u na\u010dinu kori\u0161tenja podataka. Na\u0161a Pravila o privatnosti pripremljena su u skladu s me\u0111unarodnim i nacionalnim standardima za\u0161tite podataka. Ova Pravila o privatnosti treba \u010ditati i tuma\u010diti zajedno s Op\u0107im uvjetima kori\u0161tenja tvrtke YokoBoost, dostupnim na <a href=\"https:\/\/yokoboost.com\/hr\/uvjeti-koristenja\/\">https:\/\/yokoboost.com\/termos-de-uso\/<\/a>\n<h2 class=\"wp-block-heading\">Op\u0107e informacije za korisnike<\/h2>\nYokoBoost ima za cilj dijeliti informacije sa svojim korisnicima, \u010dine\u0107i znanje dostupnim svima. Korisnici mogu pregledavati YokoBoost web stranicu bez potrebe za registracijom. YokoBoost se pridr\u017eava me\u0111unarodnih sigurnosnih standarda i normi za pohranu, za\u0161titu, privatnost i prijenos podataka. Va\u017eno je napomenuti da nijedna metoda pohrane, za\u0161tite, privatnosti ili prijenosa podataka nije sigurna i nepovrediva. YokoBoost usvaja prakse i tehnologije koje se stalno pregledavaju i pobolj\u0161avaju, u skladu s nacionalnim i me\u0111unarodnim tehni\u010dkim i regulatornim napretkom. Kada govorimo o za\u0161titi, mislimo na svaki neovla\u0161teni pristup, kori\u0161tenje, izmjenu, otkrivanje ili uni\u0161tavanje va\u0161ih podataka. Kako bismo to sprije\u010dili, ula\u017eemo u mjere koje uklju\u010duju \u0161ifriranu komunikaciju, kontrolu pristupa, pridr\u017eavanje sigurnog razvoja softvera, interne politike uskla\u0111enosti te mjere odgovornosti i smanjenja rizika koje osiguravaju sigurnost tijekom cijelog \u017eivotnog ciklusa podataka. Korisni\u010dke informacije tako\u0111er se pohranjuju u sigurnim, renomiranim i me\u0111unarodno priznatim bazama podataka. YokoBoost nikada ne tra\u017ei nov\u010dane iznose za izdavanje bilo koje vrste proizvoda, bez obzira na njegovu prirodu. Ako se to dogodi, odmah nas obavijestite. Nastojimo sve informacije odr\u017eavati \u0161to a\u017eurnijima. Me\u0111utim, va\u017eno je napomenuti da se ove informacije mogu razlikovati od onih koje se nalaze na web stranicama institucija ili pru\u017eatelja usluga na odre\u0111enoj stranici. Ne jam\u010dimo to\u010dnost ili a\u017eurnost ovih informacija. Uvijek pro\u010ditajte uvjete kori\u0161tenja institucija koje odaberete. Primamo mali iznos od ogla\u0161avanja na na\u0161oj stranici i od na\u0161ih partnera kada uputimo korisnika koji zatra\u017ei proizvod ili prijedlog. Sve \u0161to objavljujemo temelji se na kvantitativnim i kvalitativnim procjenama svakog proizvoda. Va\u017eno je napomenuti da na\u0161i partneri mogu izravno utjecati na proizvode o kojima pi\u0161emo i koje recenziramo, kao i na redoslijed &quot;najboljih&quot; \u010dlanaka i pozicioniranje proizvoda na YokoBoostu. S obzirom na koli\u010dinu informacija na na\u0161oj stranici, ne dajemo nikakva jamstva u vezi s kvalitetom i a\u017eurno\u0161\u0107u informacija; stoga dajemo prioritet informacijama od na\u0161ih partnera. Kako bismo za\u0161titili va\u0161e osobne podatke, poduzimamo razumne mjere opreza i slijedimo najbolje prakse u industriji kako bismo osigurali da se ne izgube, zloupotrijebe, da im se ne pristupi, da se ne otkriju, izmijene ili uni\u0161te.\n<h2 class=\"wp-block-heading\">Linkovi na web-stranice tre\u0107ih strana<\/h2>\nYokoBoost ima poveznice na druge web stranice koje, po na\u0161em mi\u0161ljenju, mogu sadr\u017eavati korisne informacije ili alate za na\u0161e posjetitelje. Na\u0161a Pravila privatnosti ne odnose se na web stranice tre\u0107ih strana. Nismo odgovorni za pravila privatnosti ili sadr\u017eaj tih web stranica. YokoBoost ne vr\u0161i nikakvu kontrolu nad njima i stoga je izuzet od bilo kakve odgovornosti u odnosima uspostavljenim izme\u0111u Korisnika i proizvoda i usluga tre\u0107ih strana ogla\u0161enih na web stranici. Nakon \u0161to napustite na\u0161u web stranicu ili budete preusmjereni na aplikaciju ili web stranicu tre\u0107e strane, vi\u0161e niste regulirani ovim Pravilima privatnosti ili Uvjetima pru\u017eanja usluge na\u0161e web stranice. Ako se nakon \u0161to date svoje podatke predomislite, mo\u017eete u bilo kojem trenutku povu\u0107i svoju privolu da vas kontaktiramo, za daljnje prikupljanje, kori\u0161tenje ili otkrivanje va\u0161ih podataka kontaktiranjem contato@appsntech.com.\n<h2 class=\"wp-block-heading\">Neosobni podaci<\/h2>\nKada korisnici ne zatra\u017ee besplatni sadr\u017eaj od YokoBoosta (e-knjige, kvizove, \u010dlanke, infografike, izme\u0111u ostalog), mo\u017ee se provoditi pra\u0107enje i prikupljanje neosobnih podataka koji, izme\u0111u ostalog, navode koje su stranice web-mjesta posje\u0107ene, kada su posje\u0107ene, na koje su hiperveze kliknute, koji su sadr\u017eaj ili usluge zatra\u017eeni ili nazna\u010deni, izme\u0111u ostalog.\n<h2 class=\"wp-block-heading\">Kola\u010di\u0107i<\/h2>\nGoogle, kao dobavlja\u010d tre\u0107e strane, koristi kola\u010di\u0107e za prikazivanje oglasa. Pomo\u0107u DART kola\u010di\u0107a Google mo\u017ee prikazivati oglase na temelju posjeta \u010ditatelja drugim web stranicama na internetu. Korisnici se mogu isklju\u010diti iz DART kola\u010di\u0107a posjetom Googleove politike privatnosti za oglase i sadr\u017eajnu mre\u017eu. YokoBoost koristi kola\u010di\u0107e kako bi pomogao u prikupljanju podataka i identifikacijskih informacija IP (Internet Protocol) kako bi olak\u0161ao navigaciju korisnika, poma\u017eu\u0107i u osiguravanju sigurnosti, za\u0161tite i autenti\u010dnosti podataka. Osim toga, na na\u0161oj web stranici koristimo i ogla\u0161avanje tre\u0107ih strana kako bismo pokrili tro\u0161kove odr\u017eavanja. Neki od ovih ogla\u0161iva\u010da mogu koristiti tehnologije poput kola\u010di\u0107a prilikom ogla\u0161avanja na na\u0161oj web stranici, \u0161to \u0107e tako\u0111er uzrokovati da ti ogla\u0161iva\u010di (kao \u0161to je Google putem Google AdSensea i Ad Exchangea) prime va\u0161e osobne podatke, kao \u0161to su va\u0161a IP adresa, va\u0161 ISP, va\u0161 preglednik itd. Ova se funkcija op\u0107enito koristi za geotargetiranje (prikazivanje oglasa koji imaju smisla na temelju va\u0161e geografske lokacije). Korisnik u bilo kojem trenutku mo\u017ee promijeniti ho\u0107e li prihvatiti kola\u010di\u0107e u postavkama svog preglednika, uz napomenu da onemogu\u0107avanjem kola\u010di\u0107a za pregledavanje neke od YokoBoostovih funkcionalnosti mogu biti naru\u0161ene.\n<h2 class=\"wp-block-heading\">Osobni podaci<\/h2>\nZa pristup besplatnom sadr\u017eaju na YokoBoostu, kao \u0161to su \u010dlanci, e-knjige, kvizovi i drugo, korisnici moraju dati odre\u0111ene osobne podatke, uklju\u010duju\u0107i adresu e-po\u0161te i puno ime i prezime. Osobni podaci koje obra\u0111uje YokoBoost koriste se u sljede\u0107e svrhe: \u2013 Ispravna i to\u010dna identifikacija korisnika, \u010dime se osigurava ve\u0107a sigurnost i za\u0161tita za njih; \u2013 Pristup uslugama i proizvodima koje pru\u017ea YokoBoost; \u2013 Analiza korisni\u010dkih profila od strane YokoBoosta kako bi se preporu\u010dili najbolji proizvodi i informacije na temelju njihovih stvarnih potreba i okolnosti. Za daljnju analizu korisni\u010dkih profila, YokoBoost mo\u017ee provoditi ankete kako bi dobio detaljnije informacije o njima i stoga preporu\u010dio personalizirane proizvode i usluge na temelju preferencija i potreba svakog korisnika. Stoga YokoBoost i njegove partnerske tvrtke mogu pozvati korisnike da sudjeluju u anketama o zadovoljstvu, koje \u0107e uklju\u010divati e-poruke s potrebnim smjernicama. Prikupljeni podaci koristit \u0107e se prvenstveno za pobolj\u0161anje sustava, proizvoda, sadr\u017eaja i usluga koje nude YokoBoost i njegove partnerske tvrtke. Ako nas korisnik kontaktira kako bi prijavio problem, postavio pitanje ili dobio podr\u0161ku, prikupljamo i pohranjujemo kontaktne podatke korisnika, kao i odgovaraju\u0107e poruke i ostale podatke potrebne za istra\u017eivanje problema ili pitanja. Ovi \u0107e se podaci koristiti za rje\u0161avanje svih pitanja na temelju prikupljenih informacija, razja\u0161njavanje nedoumica, ispravljanje problema i pobolj\u0161anje sustava, dodatno pobolj\u0161avaju\u0107i korisni\u010dko iskustvo unutar YokoBoosta.\n<h2 class=\"wp-block-heading\">O dijeljenju podataka<\/h2>\nYokoBoost ne\u0107e prodavati osobne podatke ili podatke svojih Korisnika, ali ih mo\u017ee podijeliti s partnerskim tvrtkama kako bi preporu\u010dio proizvode i usluge koji najbolje odgovaraju njihovom profilu i potrebama ili kako bi pru\u017eio proizvode i\/ili usluge koje je Korisnik zatra\u017eio. YokoBoost zadr\u017eava pravo pomo\u0107i ili sura\u0111ivati s bilo kojim pravosudnim tijelom ili vladinom agencijom te mo\u017ee dijeliti osobne podatke Korisnika kako bi: a) uspostavio ili ostvario svoja zakonska prava; b) za\u0161titio svoju imovinu; c) kada smatra da je njegova pomo\u0107 ili suradnja potrebna za za\u0161titu svojih Korisnika, zaposlenika, administratora ili bilo koje osobe o\u0161te\u0107ene radnjom ili propustom.\n<h2 class=\"wp-block-heading\">O sirovim i neprikupljenim podacima<\/h2>\nYokoBoost ne obra\u0111uje osobne podatke djece mla\u0111e od 13 (trinaest) godina bez prethodnog odobrenja njihovih roditelja ili zakonskih skrbnika. Ako se osobni podaci djece mla\u0111e od 13 (trinaest) godina nenamjerno prikupljaju i obra\u0111uju bez izri\u010ditog odobrenja njihovih roditelja ili zakonskih skrbnika, YokoBoost \u0107e izbrisati sve prikupljene podatke bez prethodne obavijesti. Ako postanete svjesni da smo gre\u0161kom obradili podatke djeteta, odmah nas kontaktirajte putem e-po\u0161te. <a>contato@appsntech.com<\/a>, kako bismo mogli poduzeti potrebne mjere.","protected":false},"excerpt":{"rendered":"<p>Todas as informa\u00e7\u00f5es recolhidas ser\u00e3o utilizadas para melhorar sua experi\u00eancia dentro do nosso site. As informa\u00e7\u00f5es recolhidas podem incluir o seu nome, email, n\u00famero de telefone e\/ou outros. O uso do YokoBoost pressup\u00f5e a aceita\u00e7\u00e3o deste Acordo de Privacidade. Caso o usu\u00e1rio n\u00e3o concorde, ainda que em parte, com os termos e condi\u00e7\u00f5es contidos nesta &#8230; <a title=\"Pravila o privatnosti\" class=\"read-more\" href=\"https:\/\/yokoboost.com\/hr\/politica-de-privacidade\/\" aria-label=\"Read more about Politica de Privacidade\">Op\u0161irnije<\/a><\/p>","protected":false},"author":1,"featured_media":0,"parent":0,"menu_order":0,"comment_status":"closed","ping_status":"closed","template":"","meta":{"footnotes":""},"class_list":["post-16","page","type-page","status-publish"],"_links":{"self":[{"href":"https:\/\/yokoboost.com\/hr\/wp-json\/wp\/v2\/pages\/16","targetHints":{"allow":["GET"]}}],"collection":[{"href":"https:\/\/yokoboost.com\/hr\/wp-json\/wp\/v2\/pages"}],"about":[{"href":"https:\/\/yokoboost.com\/hr\/wp-json\/wp\/v2\/types\/page"}],"author":[{"embeddable":true,"href":"https:\/\/yokoboost.com\/hr\/wp-json\/wp\/v2\/users\/1"}],"replies":[{"embeddable":true,"href":"https:\/\/yokoboost.com\/hr\/wp-json\/wp\/v2\/comments?post=16"}],"version-history":[{"count":2,"href":"https:\/\/yokoboost.com\/hr\/wp-json\/wp\/v2\/pages\/16\/revisions"}],"predecessor-version":[{"id":24,"href":"https:\/\/yokoboost.com\/hr\/wp-json\/wp\/v2\/pages\/16\/revisions\/24"}],"wp:attachment":[{"href":"https:\/\/yokoboost.com\/hr\/wp-json\/wp\/v2\/media?parent=16"}],"curies":[{"name":"radni list","href":"https:\/\/api.w.org\/{rel}","templated":true}]}}