{"id":18,"date":"2025-03-21T23:38:34","date_gmt":"2025-03-21T23:38:34","guid":{"rendered":"https:\/\/yokoboost.com\/?page_id=18"},"modified":"2025-03-21T23:40:01","modified_gmt":"2025-03-21T23:40:01","slug":"tko-smo-mi","status":"publish","type":"page","link":"https:\/\/yokoboost.com\/hr\/quem-somos\/","title":{"rendered":"Tko smo mi"},"content":{"rendered":"<p>YokoBoost je tehnolo\u0161ka web stranica stvorena 2024. godine s ciljem pru\u017eanja informacija i savjeta o aplikacijama, financijama i drugim temama vezanim uz digitalni svijet. Vjerujemo da je tehnologija mo\u0107an alat za transformaciju \u017eivota i poslovanja te \u017eelimo pomo\u0107i na\u0161im \u010ditateljima da ostanu u tijeku s novostima i da maksimalno iskoriste te alate.<\/p>\n\n\n\n<p>Ovdje na YokoBoostu prona\u0107i \u0107ete \u010dlanke i vodi\u010de koje su napisali tehnolo\u0161ki stru\u010dnjaci, kao i recenzije i analize proizvoda i usluga. Tako\u0111er nudimo savjete i trikove koji \u0107e vam pomo\u0107i da izvu\u010dete maksimum iz svojih mobilnih ure\u0111aja i aplikacija.<\/p>\n\n\n\n<p>Na\u0161 tim sastoji se od tehnolo\u0161kih stru\u010dnjaka, novinara i pisaca, a svi su posve\u0107eni pru\u017eanju visokokvalitetnog i to\u010dnog sadr\u017eaja na\u0161im \u010ditateljima. Vjerujemo da je tehnologija mo\u0107an alat za transformaciju \u017eivota i poslovanja, a na\u0161 je cilj pomo\u0107i na\u0161im \u010ditateljima da ostanu u tijeku s novostima i da maksimalno iskoriste te alate.<\/p>\n\n\n\n<p>Osim sadr\u017eaja, na\u0161im \u010ditateljima nudimo i mogu\u0107nost povezivanja s drugim tehnolo\u0161kim entuzijastima putem na\u0161ih kanala na dru\u0161tvenim mre\u017eama i foruma za raspravu. Cijenimo mi\u0161ljenja na\u0161ih \u010ditatelja i uvijek smo otvoreni za prijedloge i povratne informacije kako bismo pobolj\u0161ali na\u0161e usluge.<\/p>\n\n\n\n<p>Pratite nas i budite u toku s najnovijim trendovima i vijestima iz svijeta tehnologije. Hvala vam \u0161to ste posjetili na\u0161u web stranicu i nadamo se da \u0107emo vas uskoro ponovno vidjeti!<\/p>","protected":false},"excerpt":{"rendered":"<p>O YokoBoost \u00e9 um site de tecnologia criado em 2024 com o objetivo de fornecer informa\u00e7\u00f5es e dicas sobre aplicativos, finan\u00e7as e outros assuntos relacionados ao mundo digital. N\u00f3s acreditamos que a tecnologia \u00e9 uma ferramenta poderosa para transformar vidas e empresas, e queremos ajudar nossos leitores a se manterem atualizados e aproveitar ao m\u00e1ximo &#8230; <a title=\"Tko smo mi\" class=\"read-more\" href=\"https:\/\/yokoboost.com\/hr\/quem-somos\/\" aria-label=\"Read more about Quem somos\">Op\u0161irnije<\/a><\/p>","protected":false},"author":1,"featured_media":0,"parent":0,"menu_order":0,"comment_status":"closed","ping_status":"closed","template":"","meta":{"footnotes":""},"class_list":["post-18","page","type-page","status-publish"],"_links":{"self":[{"href":"https:\/\/yokoboost.com\/hr\/wp-json\/wp\/v2\/pages\/18","targetHints":{"allow":["GET"]}}],"collection":[{"href":"https:\/\/yokoboost.com\/hr\/wp-json\/wp\/v2\/pages"}],"about":[{"href":"https:\/\/yokoboost.com\/hr\/wp-json\/wp\/v2\/types\/page"}],"author":[{"embeddable":true,"href":"https:\/\/yokoboost.com\/hr\/wp-json\/wp\/v2\/users\/1"}],"replies":[{"embeddable":true,"href":"https:\/\/yokoboost.com\/hr\/wp-json\/wp\/v2\/comments?post=18"}],"version-history":[{"count":2,"href":"https:\/\/yokoboost.com\/hr\/wp-json\/wp\/v2\/pages\/18\/revisions"}],"predecessor-version":[{"id":23,"href":"https:\/\/yokoboost.com\/hr\/wp-json\/wp\/v2\/pages\/18\/revisions\/23"}],"wp:attachment":[{"href":"https:\/\/yokoboost.com\/hr\/wp-json\/wp\/v2\/media?parent=18"}],"curies":[{"name":"radni list","href":"https:\/\/api.w.org\/{rel}","templated":true}]}}