{"id":20,"date":"2025-03-21T23:38:52","date_gmt":"2025-03-21T23:38:52","guid":{"rendered":"https:\/\/yokoboost.com\/?page_id=20"},"modified":"2025-03-21T23:39:31","modified_gmt":"2025-03-21T23:39:31","slug":"uvjeti-koristenja","status":"publish","type":"page","link":"https:\/\/yokoboost.com\/hr\/termos-de-uso\/","title":{"rendered":"Uvjeti kori\u0161tenja"},"content":{"rendered":"<h2 class=\"wp-block-heading\">Uvjeti kori\u0161tenja YokoBoosta<\/h2>\nPristupom web stranici YokoBoost pristajete na po\u0161tivanje ovih uvjeta pru\u017eanja usluge, svih va\u017ee\u0107ih zakona i propisa te pristajete da ste odgovorni za po\u0161tivanje svih va\u017ee\u0107ih lokalnih zakona. Ako se ne sla\u017eete s bilo kojim od ovih uvjeta, zabranjeno vam je kori\u0161tenje ili pristup ovoj stranici. Materijali sadr\u017eani na ovoj stranici za\u0161ti\u0107eni su va\u017ee\u0107im zakonima o autorskim pravima i za\u0161titnim znakovima.\n<h2 class=\"wp-block-heading\">Koristi licencu<\/h2>\nDozvoljeno je privremeno preuzimanje jedne kopije materijala (informacija ili softvera) s YokoBoost web stranice isklju\u010divo za osobno, nekomercijalno i privremeno pregledavanje. Ovo je dodjela licence, a ne prijenos vlasni\u0161tva, i prema ovoj licenci ne smijete:\n<ul class=\"wp-block-list\">\n \t<li>mijenjati ili kopirati materijale;<\/li>\n \t<li>koristiti materijale u bilo koju komercijalnu svrhu ili za bilo kakvo javno prikazivanje (komercijalno ili nekomercijalno);<\/li>\n \t<li>poku\u0161ati dekompilirati ili izvr\u0161iti obrnuti in\u017eenjering bilo kojeg softvera koji se nalazi na YokoBoost web stranici;<\/li>\n \t<li>ukloniti sve oznake autorskih prava ili drugih vlasni\u010dkih prava iz materijala; ili<\/li>\n \t<li>Prenesite materijale drugoj osobi ili &#039;zrcalite&#039; materijale na bilo kojem drugom poslu\u017eitelju. Ova licenca automatski \u0107e prestati ako prekr\u0161ite bilo koje od ovih ograni\u010denja i YokoBoost je mo\u017ee raskinuti u bilo kojem trenutku. Nakon prestanka pregledavanja ovih materijala ili nakon raskida ove licence, morate izbrisati sve preuzete materijale koje posjedujete, bilo u elektroni\u010dkom ili tiskanom obliku.<\/li>\n<\/ul>\n<h2 class=\"wp-block-heading\">Odricanje<\/h2>\nMaterijali na YokoBoost web stranici pru\u017eaju se &quot;kakvi jesu&quot;. YokoBoost ne daje nikakva jamstva, izri\u010dita ili implicitna, te se ovime odri\u010de i negira sva druga jamstva, uklju\u010duju\u0107i, bez ograni\u010denja, implicitna jamstva ili uvjete prodajnosti, prikladnosti za odre\u0111enu svrhu ili nekr\u0161enja intelektualnog vlasni\u0161tva ili drugog kr\u0161enja prava. Nadalje, YokoBoost ne jam\u010di niti daje bilo kakve izjave u vezi s to\u010dno\u0161\u0107u, vjerojatnim rezultatima ili pouzdano\u0161\u0107u kori\u0161tenja materijala na svojoj web stranici ili na drugi na\u010din u vezi s takvim materijalima ili na stranicama povezanim s ovom web stranicom.\n<h2 class=\"wp-block-heading\">Ograni\u010denja<\/h2>\nNi u kojem slu\u010daju YokoBoost ili njegovi dobavlja\u010di ne\u0107e biti odgovorni za bilo kakvu \u0161tetu (uklju\u010duju\u0107i, bez ograni\u010denja, \u0161tetu zbog gubitka podataka ili dobiti ili zbog prekida poslovanja) koja proizlazi iz kori\u0161tenja ili nemogu\u0107nosti kori\u0161tenja materijala na YokoBoostu, \u010dak i ako je YokoBoost ili ovla\u0161teni predstavnik YokoBoosta usmeno ili pismeno obavije\u0161ten o mogu\u0107nosti takve \u0161tete. Budu\u0107i da neke jurisdikcije ne dopu\u0161taju ograni\u010denja implicitnih jamstava ili ograni\u010denja odgovornosti za posljedi\u010dnu ili slu\u010dajnu \u0161tetu, ta se ograni\u010denja mo\u017eda ne\u0107e odnositi na vas.\n<h2 class=\"wp-block-heading\">To\u010dnost materijala<\/h2>\nMaterijali prikazani na YokoBoost web stranici mogu sadr\u017eavati tehni\u010dke, tipografske ili fotografske pogre\u0161ke. YokoBoost ne jam\u010di da je bilo koji materijal na njegovoj web stranici to\u010dan, potpun ili a\u017euran. YokoBoost mo\u017ee u bilo kojem trenutku bez prethodne najave izvr\u0161iti promjene u materijalima sadr\u017eanim na svojoj web stranici. Me\u0111utim, YokoBoost se ne obvezuje a\u017eurirati materijale.\n<h2 class=\"wp-block-heading\">Linkovi<\/h2>\nYokoBoost nije pregledao sve stranice povezane s njegovom web stranicom i nije odgovoran za sadr\u017eaj bilo koje povezane stranice. Uklju\u010divanje bilo koje poveznice ne podrazumijeva odobravanje stranice od strane YokoBoosta. Kori\u0161tenje bilo koje povezane stranice je na vlastitu odgovornost korisnika.\n<h2 class=\"wp-block-heading\">Izmjene<\/h2>\nYokoBoost mo\u017ee izmijeniti ove uvjete kori\u0161tenja web stranice u bilo kojem trenutku bez prethodne najave. Kori\u0161tenjem ove web stranice pristajete na trenutnu verziju ovih uvjeta kori\u0161tenja. Mjerodavno pravo Ove uvjete i odredbe ure\u0111uju i tuma\u010de se u skladu sa zakonima YokoBoosta, a vi se neopozivo podvrgavate isklju\u010divoj nadle\u017enosti sudova u toj dr\u017eavi ili lokaciji.\n<h2 id=\"lei-aplicavel\" class=\"wp-block-heading\">Primjenjivo pravo<\/h2>\nOvi uvjeti i odredbe ure\u0111eni su i tuma\u010de se u skladu sa zakonima YokoBoosta te se neopozivo podvrgavate isklju\u010divoj nadle\u017enosti sudova u toj dr\u017eavi ili lokaciji.","protected":false},"excerpt":{"rendered":"<p>Termos de Uso do YokoBoost Ao acessar ao site YokoBoost, concorda em cumprir estes termos de servi\u00e7o, todas as leis e regulamentos aplic\u00e1veis e concorda que \u00e9 respons\u00e1vel pelo cumprimento de todas as leis locais aplic\u00e1veis. Se voc\u00ea n\u00e3o concordar com algum desses termos, est\u00e1 proibido de usar ou acessar este site. Os materiais contidos &#8230; <a title=\"Uvjeti kori\u0161tenja\" class=\"read-more\" href=\"https:\/\/yokoboost.com\/hr\/termos-de-uso\/\" aria-label=\"Read more about Termos de uso\">Op\u0161irnije<\/a><\/p>","protected":false},"author":1,"featured_media":0,"parent":0,"menu_order":0,"comment_status":"closed","ping_status":"closed","template":"","meta":{"footnotes":""},"class_list":["post-20","page","type-page","status-publish"],"_links":{"self":[{"href":"https:\/\/yokoboost.com\/hr\/wp-json\/wp\/v2\/pages\/20","targetHints":{"allow":["GET"]}}],"collection":[{"href":"https:\/\/yokoboost.com\/hr\/wp-json\/wp\/v2\/pages"}],"about":[{"href":"https:\/\/yokoboost.com\/hr\/wp-json\/wp\/v2\/types\/page"}],"author":[{"embeddable":true,"href":"https:\/\/yokoboost.com\/hr\/wp-json\/wp\/v2\/users\/1"}],"replies":[{"embeddable":true,"href":"https:\/\/yokoboost.com\/hr\/wp-json\/wp\/v2\/comments?post=20"}],"version-history":[{"count":2,"href":"https:\/\/yokoboost.com\/hr\/wp-json\/wp\/v2\/pages\/20\/revisions"}],"predecessor-version":[{"id":22,"href":"https:\/\/yokoboost.com\/hr\/wp-json\/wp\/v2\/pages\/20\/revisions\/22"}],"wp:attachment":[{"href":"https:\/\/yokoboost.com\/hr\/wp-json\/wp\/v2\/media?parent=20"}],"curies":[{"name":"radni list","href":"https:\/\/api.w.org\/{rel}","templated":true}]}}