{"id":14,"date":"2025-03-21T23:37:47","date_gmt":"2025-03-21T23:37:47","guid":{"rendered":"https:\/\/yokoboost.com\/?page_id=14"},"modified":"2025-03-21T23:40:47","modified_gmt":"2025-03-21T23:40:47","slug":"erintkezes","status":"publish","type":"page","link":"https:\/\/yokoboost.com\/hu\/contato\/","title":{"rendered":"\u00c9rintkez\u00e9s"},"content":{"rendered":"<p>Blogunkkal kapcsolatos b\u00e1rmilyen k\u00e9rd\u00e9ssel k\u00e9rj\u00fck, vegye fel vel\u00fcnk a kapcsolatot e-mailben <strong>contato@yokoboost.com<\/strong> \u00e9s 24 \u00f3r\u00e1n bel\u00fcl visszat\u00e9r\u00fcnk.<\/p>\n\n\n\n<p><\/p>","protected":false},"excerpt":{"rendered":"<p>Para qualquer assunto relacionado ao nosso Blog, por favor entre em contato atrav\u00e9s do e-mail contato@yokoboost.com que retornaremos no prazo de 24 horas.<\/p>","protected":false},"author":1,"featured_media":0,"parent":0,"menu_order":0,"comment_status":"closed","ping_status":"closed","template":"","meta":{"footnotes":""},"class_list":["post-14","page","type-page","status-publish"],"_links":{"self":[{"href":"https:\/\/yokoboost.com\/hu\/wp-json\/wp\/v2\/pages\/14","targetHints":{"allow":["GET"]}}],"collection":[{"href":"https:\/\/yokoboost.com\/hu\/wp-json\/wp\/v2\/pages"}],"about":[{"href":"https:\/\/yokoboost.com\/hu\/wp-json\/wp\/v2\/types\/page"}],"author":[{"embeddable":true,"href":"https:\/\/yokoboost.com\/hu\/wp-json\/wp\/v2\/users\/1"}],"replies":[{"embeddable":true,"href":"https:\/\/yokoboost.com\/hu\/wp-json\/wp\/v2\/comments?post=14"}],"version-history":[{"count":2,"href":"https:\/\/yokoboost.com\/hu\/wp-json\/wp\/v2\/pages\/14\/revisions"}],"predecessor-version":[{"id":25,"href":"https:\/\/yokoboost.com\/hu\/wp-json\/wp\/v2\/pages\/14\/revisions\/25"}],"wp:attachment":[{"href":"https:\/\/yokoboost.com\/hu\/wp-json\/wp\/v2\/media?parent=14"}],"curies":[{"name":"wp","href":"https:\/\/api.w.org\/{rel}","templated":true}]}}