{"id":16,"date":"2025-03-21T23:38:10","date_gmt":"2025-03-21T23:38:10","guid":{"rendered":"https:\/\/yokoboost.com\/?page_id=16"},"modified":"2025-03-21T23:40:29","modified_gmt":"2025-03-21T23:40:29","slug":"adatvedelmi-iranyelvek","status":"publish","type":"page","link":"https:\/\/yokoboost.com\/hu\/politica-de-privacidade\/","title":{"rendered":"Adatv\u00e9delmi ir\u00e1nyelvek"},"content":{"rendered":"Minden \u00f6sszegy\u0171jt\u00f6tt inform\u00e1ci\u00f3t a weboldalunkon szerzett felhaszn\u00e1l\u00f3i \u00e9lm\u00e9ny jav\u00edt\u00e1s\u00e1ra haszn\u00e1lunk fel. A gy\u0171jt\u00f6tt inform\u00e1ci\u00f3k tartalmazhatj\u00e1k az \u00d6n nev\u00e9t, e-mail c\u00edm\u00e9t, telefonsz\u00e1m\u00e1t \u00e9s\/vagy egy\u00e9b inform\u00e1ci\u00f3kat. A YokoBoost haszn\u00e1lata a jelen Adatv\u00e9delmi Meg\u00e1llapod\u00e1s elfogad\u00e1s\u00e1t jelenti. Ha \u00d6n nem \u00e9rt egyet, ak\u00e1r r\u00e9szben is, a jelen Adatv\u00e9delmi Szab\u00e1lyzatban foglalt felt\u00e9telekkel, akkor ne f\u00e9rhessen hozz\u00e1 \u00e9s\/vagy ne haszn\u00e1lhassa a YokoBoost \u00e1ltal k\u00edn\u00e1lt tartalmat. A weboldal haszn\u00e1lat\u00e1val \u00d6n tudom\u00e1sul veszi \u00e9s teljes m\u00e9rt\u00e9kben elfogadja adatainak a jelen Adatv\u00e9delmi Szab\u00e1lyzat \u00e9s az \u00c1ltal\u00e1nos Felhaszn\u00e1l\u00e1si Felt\u00e9telek szerinti feldolgoz\u00e1s\u00e1t. Fenntartjuk a jogot, hogy ezt az adatv\u00e9delmi szab\u00e1lyzatot b\u00e1rmikor, a felhaszn\u00e1l\u00f3k beleegyez\u00e9se vagy \u00e9rtes\u00edt\u00e9se n\u00e9lk\u00fcl m\u00f3dos\u00edtsuk, ez\u00e9rt k\u00e9rj\u00fck, rendszeresen tekintse \u00e1t. A v\u00e1ltoztat\u00e1sok \u00e9s pontos\u00edt\u00e1sok a weboldalon val\u00f3 k\u00f6zz\u00e9t\u00e9tel\u00fcket k\u00f6vet\u0151en azonnal hat\u00e1lyba l\u00e9pnek. Ha l\u00e9nyeges v\u00e1ltoztat\u00e1sokat hajtunk v\u00e9gre a szab\u00e1lyzatban, itt \u00e9rtes\u00edtj\u00fck \u00d6nt a friss\u00edt\u00e9sr\u0151l, hogy tiszt\u00e1ban legyen azzal, hogy milyen inform\u00e1ci\u00f3kat gy\u0171jt\u00fcnk, hogyan haszn\u00e1ljuk fel azokat, \u00e9s milyen k\u00f6r\u00fclm\u00e9nyek k\u00f6z\u00f6tt, ha vannak ilyenek, haszn\u00e1ljuk fel \u00e9s\/vagy hozzuk nyilv\u00e1noss\u00e1gra. A YokoBoost tiszteletben tartja felhaszn\u00e1l\u00f3inak mag\u00e1n\u00e9let\u00e9t \u00e9s az adatok felhaszn\u00e1l\u00e1s\u00e1nak \u00e1tl\u00e1that\u00f3s\u00e1g\u00e1t. Adatv\u00e9delmi Szab\u00e1lyzatunkat a nemzetk\u00f6zi \u00e9s nemzeti adatv\u00e9delmi szabv\u00e1nyoknak megfelel\u0151en k\u00e9sz\u00edtett\u00fck el. Ezt az Adatv\u00e9delmi Szab\u00e1lyzatot a YokoBoost \u00c1ltal\u00e1nos Felhaszn\u00e1l\u00e1si Felt\u00e9teleivel egy\u00fctt kell olvasni \u00e9s \u00e9rtelmezni, amelyek a k\u00f6vetkez\u0151 c\u00edmen \u00e9rhet\u0151k el: <a href=\"https:\/\/yokoboost.com\/hu\/felhasznalasi-feltetelek\/\">https:\/\/yokoboost.com\/termos-de-uso\/<\/a>\n<h2 class=\"wp-block-heading\">\u00c1ltal\u00e1nos inform\u00e1ci\u00f3k felhaszn\u00e1l\u00f3knak<\/h2>\nA YokoBoost c\u00e9lja, hogy inform\u00e1ci\u00f3kat osszon meg felhaszn\u00e1l\u00f3ival, \u00e9s a tud\u00e1st mindenki sz\u00e1m\u00e1ra el\u00e9rhet\u0151v\u00e9 tegye. A felhaszn\u00e1l\u00f3k regisztr\u00e1ci\u00f3 n\u00e9lk\u00fcl b\u00f6ng\u00e9szhetnek a YokoBoost weboldal\u00e1n. A YokoBoost betartja a nemzetk\u00f6zi biztons\u00e1gi szabv\u00e1nyokat \u00e9s norm\u00e1kat az adatt\u00e1rol\u00e1s, -v\u00e9delem, -adatv\u00e9delem \u00e9s -\u00e1tvitel ter\u00e9n. Fontos megjegyezni, hogy egyetlen adatt\u00e1rol\u00e1si, -v\u00e9delmi, -adatv\u00e9delmi vagy -\u00e1tviteli m\u00f3dszer sem biztons\u00e1gos \u00e9s s\u00e9rthetetlen. A YokoBoost olyan gyakorlatokat \u00e9s technol\u00f3gi\u00e1kat alkalmaz, amelyeket folyamatosan fel\u00fclvizsg\u00e1lnak \u00e9s fejlesztenek, \u00f6sszhangban a nemzeti \u00e9s nemzetk\u00f6zi m\u0171szaki \u00e9s szab\u00e1lyoz\u00e1si fejl\u0151d\u00e9ssel. Amikor v\u00e9delemr\u0151l besz\u00e9l\u00fcnk, az adatokhoz val\u00f3 jogosulatlan hozz\u00e1f\u00e9r\u00e9sre, felhaszn\u00e1l\u00e1sra, megv\u00e1ltoztat\u00e1sra, nyilv\u00e1noss\u00e1gra hozatalra vagy megsemmis\u00edt\u00e9sre utalunk. Ennek megakad\u00e1lyoz\u00e1sa \u00e9rdek\u00e9ben olyan int\u00e9zked\u00e9sekbe fektet\u00fcnk be, amelyek magukban foglalj\u00e1k a titkos\u00edtott kommunik\u00e1ci\u00f3t, a hozz\u00e1f\u00e9r\u00e9s-vez\u00e9rl\u00e9st, a biztons\u00e1gos szoftverfejleszt\u00e9s betart\u00e1s\u00e1t, a bels\u0151 megfelel\u0151s\u00e9gi szab\u00e1lyzatokat, valamint az elsz\u00e1moltathat\u00f3s\u00e1gi \u00e9s kock\u00e1zatcs\u00f6kkent\u00e9si int\u00e9zked\u00e9seket, amelyek biztos\u00edtj\u00e1k a biztons\u00e1got az adatok \u00e9letciklusa sor\u00e1n. A felhaszn\u00e1l\u00f3i adatokat biztons\u00e1gos, elismert \u00e9s nemzetk\u00f6zileg elismert adatb\u00e1zisokban is t\u00e1roljuk. A YokoBoost soha nem k\u00e9r p\u00e9nz\u00f6sszegeket semmilyen t\u00edpus\u00fa term\u00e9k kiad\u00e1s\u00e1\u00e9rt, f\u00fcggetlen\u00fcl annak jelleg\u00e9t\u0151l. Ha ez megt\u00f6rt\u00e9nik, k\u00e9rj\u00fck, azonnal \u00e9rtes\u00edtsen minket. Arra t\u00f6reksz\u00fcnk, hogy minden inform\u00e1ci\u00f3 a lehet\u0151 legnaprak\u00e9szebb legyen. Fontos azonban megjegyezni, hogy ezek az inform\u00e1ci\u00f3k elt\u00e9rhetnek az int\u00e9zm\u00e9nyek vagy szolg\u00e1ltat\u00f3k weboldalain tal\u00e1lhat\u00f3 inform\u00e1ci\u00f3kt\u00f3l egy adott oldalon. Nem garant\u00e1ljuk ezen inform\u00e1ci\u00f3k pontoss\u00e1g\u00e1t vagy id\u0151szer\u0171s\u00e9g\u00e9t. Mindig ne felejtse el elolvasni a v\u00e1lasztott int\u00e9zm\u00e9nyek felhaszn\u00e1l\u00e1si felt\u00e9teleit. Kis \u00f6sszeget kapunk az oldalunkon megjelen\u0151 hirdet\u00e9sekb\u0151l \u00e9s partnereinkt\u0151l, amikor egy term\u00e9ket vagy aj\u00e1nlatot k\u00e9r\u0151 felhaszn\u00e1l\u00f3t ir\u00e1ny\u00edtunk hozz\u00e1nk. Minden, amit k\u00f6zz\u00e9tesz\u00fcnk, az egyes term\u00e9kek mennyis\u00e9gi \u00e9s min\u0151s\u00e9gi \u00e9rt\u00e9kel\u00e9s\u00e9n alapul. Fontos megjegyezni, hogy partnereink k\u00f6zvetlen\u00fcl befoly\u00e1solhatj\u00e1k az \u00e1ltalunk \u00edrt \u00e9s \u00e9rt\u00e9kelt term\u00e9keket, valamint a &quot;legjobb&quot; cikkek sorrendj\u00e9t \u00e9s a term\u00e9kek YokoBoost-on val\u00f3 elhelyezked\u00e9s\u00e9t. Tekintettel az oldalunkon tal\u00e1lhat\u00f3 inform\u00e1ci\u00f3k mennyis\u00e9g\u00e9re, nem v\u00e1llalunk garanci\u00e1t az inform\u00e1ci\u00f3k min\u0151s\u00e9g\u00e9re \u00e9s id\u0151szer\u0171s\u00e9g\u00e9re vonatkoz\u00f3an; ez\u00e9rt a partnereinkt\u0151l sz\u00e1rmaz\u00f3 inform\u00e1ci\u00f3kat helyezz\u00fck el\u0151t\u00e9rbe. Szem\u00e9lyes adatainak v\u00e9delme \u00e9rdek\u00e9ben \u00e9sszer\u0171 \u00f3vint\u00e9zked\u00e9seket tesz\u00fcnk, \u00e9s az ipar\u00e1gi legjobb gyakorlatokat k\u00f6vetj\u00fck annak biztos\u00edt\u00e1sa \u00e9rdek\u00e9ben, hogy azok ne vesszenek el jogosulatlanul, ne haszn\u00e1lj\u00e1k fel \u0151ket vissza\u00e9l\u00e9s c\u00e9lj\u00e1b\u00f3l, ne f\u00e9rjenek hozz\u00e1juk, ne hozz\u00e1juk ne f\u00e9rhessenek hozz\u00e1, ne hozz\u00e1juk ne f\u00e9rhessenek hozz\u00e1, ne hozhass\u00e1k nyilv\u00e1noss\u00e1gra, ne m\u00f3dos\u00edthass\u00e1k vagy semmis\u00edts\u00e9k meg.\n<h2 class=\"wp-block-heading\">Harmadik f\u00e9l webhelyeire mutat\u00f3 linkek<\/h2>\nA YokoBoost m\u00e1s weboldalakra mutat\u00f3 linkeket tartalmaz, amelyek v\u00e9lem\u00e9ny\u00fcnk szerint hasznos inform\u00e1ci\u00f3kat vagy eszk\u00f6z\u00f6ket tartalmazhatnak l\u00e1togat\u00f3ink sz\u00e1m\u00e1ra. Adatv\u00e9delmi ir\u00e1nyelveink nem vonatkoznak harmadik f\u00e9l weboldalaira. Nem v\u00e1llalunk felel\u0151ss\u00e9get ezen weboldalak adatv\u00e9delmi ir\u00e1nyelvei\u00e9rt vagy tartalm\u00e1\u00e9rt. A YokoBoost semmilyen ellen\u0151rz\u00e9st nem gyakorol felett\u00fck, ez\u00e9rt mentes\u00fcl minden felel\u0151ss\u00e9g al\u00f3l a Felhaszn\u00e1l\u00f3 \u00e9s a weboldalon hirdetett harmadik f\u00e9l term\u00e9kei \u00e9s szolg\u00e1ltat\u00e1sai k\u00f6z\u00f6tt l\u00e9trej\u00f6v\u0151 kapcsolatokban. Amint elhagyja weboldalunkat, vagy \u00e1tir\u00e1ny\u00edtjuk egy harmadik f\u00e9l alkalmaz\u00e1s\u00e1ra vagy weboldal\u00e1ra, \u00d6nre m\u00e1r nem vonatkozik ez az Adatv\u00e9delmi ir\u00e1nyelv vagy weboldalunk Szolg\u00e1ltat\u00e1si Felt\u00e9telei. Ha adatainak megad\u00e1sa ut\u00e1n meggondolja mag\u00e1t, b\u00e1rmikor visszavonhatja hozz\u00e1j\u00e1rul\u00e1s\u00e1t ahhoz, hogy kapcsolatba l\u00e9pj\u00fcnk \u00d6nnel, tov\u00e1bbi adatokat gy\u0171jts\u00fcnk, haszn\u00e1ljunk fel vagy hozzunk nyilv\u00e1noss\u00e1gra a contato@appsntech.com c\u00edmen.\n<h2 class=\"wp-block-heading\">Nem szem\u00e9lyes adatok<\/h2>\nAmikor a felhaszn\u00e1l\u00f3k nem k\u00e9rnek ingyenes tartalmakat a YokoBoost-t\u00f3l (e-k\u00f6nyvek, kv\u00edzek, cikkek, infografik\u00e1k stb.), akkor nyomon k\u00f6vet\u00e9sre \u00e9s nem szem\u00e9lyes adatok gy\u0171jt\u00e9s\u00e9re ker\u00fclhet sor, amelyek t\u00f6bbek k\u00f6z\u00f6tt azt jelzik, hogy a weboldal mely oldalait l\u00e1togatt\u00e1k meg, mikor l\u00e1togatt\u00e1k meg azokat, mely hiperhivatkoz\u00e1sokra kattintottak, milyen tartalmakat vagy szolg\u00e1ltat\u00e1sokat k\u00e9rtek vagy jeleztek.\n<h2 class=\"wp-block-heading\">S\u00fctik<\/h2>\nA Google, mint harmadik f\u00e9l szolg\u00e1ltat\u00f3, s\u00fctiket haszn\u00e1l hirdet\u00e9sek megjelen\u00edt\u00e9s\u00e9hez. A DART s\u00fcti seg\u00edts\u00e9g\u00e9vel a Google az olvas\u00f3k m\u00e1s internetes webhelyeken tett l\u00e1togat\u00e1sai alapj\u00e1n tud hirdet\u00e9seket megjelen\u00edteni. A felhaszn\u00e1l\u00f3k a Google hirdet\u00e9si \u00e9s tartalomh\u00e1l\u00f3zati adatv\u00e9delmi ir\u00e1nyelveinek megtekint\u00e9s\u00e9vel leiratkozhatnak a DART s\u00fctir\u0151l. A YokoBoost s\u00fctiket haszn\u00e1l adatok \u00e9s IP (Internet Protocol) azonos\u00edt\u00f3 inform\u00e1ci\u00f3k gy\u0171jt\u00e9s\u00e9re a felhaszn\u00e1l\u00f3i navig\u00e1ci\u00f3 megk\u00f6nny\u00edt\u00e9se \u00e9rdek\u00e9ben, el\u0151seg\u00edtve az adatbiztons\u00e1g, -v\u00e9delem \u00e9s -hiteless\u00e9g biztos\u00edt\u00e1s\u00e1t. Ezenk\u00edv\u00fcl harmadik f\u00e9lt\u0151l sz\u00e1rmaz\u00f3 hirdet\u00e9seket is haszn\u00e1lunk weboldalunkon a karbantart\u00e1si k\u00f6lts\u00e9gek fedez\u00e9s\u00e9re. Ezen hirdet\u0151k n\u00e9melyike olyan technol\u00f3gi\u00e1kat haszn\u00e1lhat, mint a s\u00fctik, amikor weboldalunkon hirdet, ami azt is eredm\u00e9nyezi, hogy ezek a hirdet\u0151k (p\u00e9ld\u00e1ul a Google a Google AdSense \u00e9s az Ad Exchange-en kereszt\u00fcl) megkapj\u00e1k az \u00d6n szem\u00e9lyes adatait, p\u00e9ld\u00e1ul az IP-c\u00edm\u00e9t, az internetszolg\u00e1ltat\u00f3j\u00e1t, a b\u00f6ng\u00e9sz\u0151j\u00e9t stb. Ezt a funkci\u00f3t \u00e1ltal\u00e1ban f\u00f6ldrajzi c\u00e9lz\u00e1sra haszn\u00e1lj\u00e1k (olyan hirdet\u00e9sek megjelen\u00edt\u00e9se, amelyek a f\u00f6ldrajzi hely alapj\u00e1n \u00e9rtelmesek). A felhaszn\u00e1l\u00f3 b\u00e1rmikor m\u00f3dos\u00edthatja, hogy elfogadja-e a s\u00fctiket a b\u00f6ng\u00e9sz\u0151 be\u00e1ll\u00edt\u00e1saiban, figyelembe v\u00e9ve, hogy a b\u00f6ng\u00e9sz\u0151 s\u00fctik letilt\u00e1s\u00e1val a YokoBoost egyes funkci\u00f3i s\u00e9r\u00fclhetnek.\n<h2 class=\"wp-block-heading\">Szem\u00e9lyazonos\u00edt\u00e1sra alkalmas adatok<\/h2>\nA YokoBoost ingyenes tartalmainak, p\u00e9ld\u00e1ul cikkeknek, e-k\u00f6nyveknek, kv\u00edzeknek \u00e9s egyebeknek az el\u00e9r\u00e9s\u00e9hez a felhaszn\u00e1l\u00f3knak bizonyos szem\u00e9lyazonos\u00edt\u00e1sra alkalmas adatokat kell megadniuk, bele\u00e9rtve az e-mail c\u00edmet \u00e9s a teljes nevet. A YokoBoost \u00e1ltal feldolgozott szem\u00e9lyazonos\u00edt\u00e1sra alkalmas adatokat a k\u00f6vetkez\u0151 c\u00e9lokra haszn\u00e1lja fel: \u2013 A felhaszn\u00e1l\u00f3k helyes \u00e9s pontos azonos\u00edt\u00e1sa, ez\u00e1ltal nagyobb biztons\u00e1got \u00e9s v\u00e9delmet biztos\u00edtva sz\u00e1mukra; \u2013 Hozz\u00e1f\u00e9r\u00e9s a YokoBoost \u00e1ltal ny\u00fajtott szolg\u00e1ltat\u00e1sokhoz \u00e9s term\u00e9kekhez; \u2013 A felhaszn\u00e1l\u00f3i profilok YokoBoost \u00e1ltali elemz\u00e9se a legjobb term\u00e9kek \u00e9s inform\u00e1ci\u00f3k aj\u00e1nl\u00e1sa \u00e9rdek\u00e9ben a val\u00f3s ig\u00e9nyeik \u00e9s k\u00f6r\u00fclm\u00e9nyeik alapj\u00e1n. A felhaszn\u00e1l\u00f3i profilok tov\u00e1bbi elemz\u00e9se \u00e9rdek\u00e9ben a YokoBoost felm\u00e9r\u00e9seket v\u00e9gezhet, hogy r\u00e9szletesebb inform\u00e1ci\u00f3kat szerezzen r\u00f3luk, \u00e9s \u00edgy szem\u00e9lyre szabott term\u00e9keket \u00e9s szolg\u00e1ltat\u00e1sokat aj\u00e1nljon az egyes felhaszn\u00e1l\u00f3k preferenci\u00e1i \u00e9s ig\u00e9nyei alapj\u00e1n. Ez\u00e9rt a YokoBoost \u00e9s partnerv\u00e1llalatai megh\u00edvhatj\u00e1k a felhaszn\u00e1l\u00f3kat el\u00e9gedetts\u00e9gi felm\u00e9r\u00e9sekben val\u00f3 r\u00e9szv\u00e9telre, amelyek a sz\u00fcks\u00e9ges \u00fatmutat\u00e1st tartalmaz\u00f3 e-maileket is tartalmazz\u00e1k. A gy\u0171jt\u00f6tt adatokat els\u0151sorban a YokoBoost \u00e9s partnerv\u00e1llalatai \u00e1ltal k\u00edn\u00e1lt rendszerek, term\u00e9kek, tartalmak \u00e9s szolg\u00e1ltat\u00e1sok fejleszt\u00e9s\u00e9re haszn\u00e1lj\u00e1k fel. Ha egy felhaszn\u00e1l\u00f3 kapcsolatba l\u00e9p vel\u00fcnk, hogy probl\u00e9m\u00e1t jelentsen, k\u00e9rd\u00e9st tegyen fel, vagy t\u00e1mogat\u00e1st k\u00e9rjen, \u00f6sszegy\u0171jtj\u00fck \u00e9s t\u00e1roljuk a felhaszn\u00e1l\u00f3 el\u00e9rhet\u0151s\u00e9gi adatait, valamint a kapcsol\u00f3d\u00f3 \u00fczeneteket \u00e9s a probl\u00e9ma vagy k\u00e9rd\u00e9s kivizsg\u00e1l\u00e1s\u00e1hoz sz\u00fcks\u00e9ges egy\u00e9b adatokat. Ezeket az adatokat a begy\u0171jt\u00f6tt inform\u00e1ci\u00f3k alapj\u00e1n felmer\u00fcl\u0151 k\u00e9rd\u00e9sek megold\u00e1s\u00e1ra, a k\u00e9ts\u00e9gek tiszt\u00e1z\u00e1s\u00e1ra, a probl\u00e9m\u00e1k kijav\u00edt\u00e1s\u00e1ra \u00e9s a rendszer fejleszt\u00e9s\u00e9re haszn\u00e1ljuk fel, tov\u00e1bb jav\u00edtva a YokoBoost felhaszn\u00e1l\u00f3i \u00e9lm\u00e9ny\u00e9t.\n<h2 class=\"wp-block-heading\">Az adatmegoszt\u00e1sr\u00f3l<\/h2>\nA YokoBoost nem adja el Felhaszn\u00e1l\u00f3i szem\u00e9lyes adatait, de megoszthatja azokat partnerc\u00e9gekkel, hogy olyan term\u00e9keket \u00e9s szolg\u00e1ltat\u00e1sokat aj\u00e1nljon, amelyek a legjobban megfelelnek a profiljuknak \u00e9s ig\u00e9nyeiknek, vagy hogy a Felhaszn\u00e1l\u00f3 \u00e1ltal k\u00e9rt term\u00e9keket \u00e9s\/vagy szolg\u00e1ltat\u00e1sokat ny\u00fajtsa. A YokoBoost fenntartja a jogot, hogy seg\u00edts\u00e9get ny\u00fajtson vagy egy\u00fcttm\u0171k\u00f6dj\u00f6n b\u00e1rmely igazs\u00e1g\u00fcgyi hat\u00f3s\u00e1ggal vagy korm\u00e1nyzati szervvel, \u00e9s megoszthatja a Felhaszn\u00e1l\u00f3k szem\u00e9lyazonos\u00edt\u00e1sra alkalmas adatait a k\u00f6vetkez\u0151k \u00e9rdek\u00e9ben: a) t\u00f6rv\u00e9nyes jogainak meg\u00e1llap\u00edt\u00e1sa vagy gyakorl\u00e1sa; b) tulajdon\u00e1nak v\u00e9delme; c) ha seg\u00edts\u00e9g\u00e9t vagy egy\u00fcttm\u0171k\u00f6d\u00e9s\u00e9t sz\u00fcks\u00e9gesnek \u00edt\u00e9li Felhaszn\u00e1l\u00f3i, alkalmazottai, adminisztr\u00e1torai vagy a cselekm\u00e9ny vagy mulaszt\u00e1s \u00e1ltal k\u00e1ros\u00edtott b\u00e1rmely szem\u00e9ly v\u00e9delme \u00e9rdek\u00e9ben.\n<h2 class=\"wp-block-heading\">A nyers \u00e9s nem gy\u0171jt\u00f6tt adatokr\u00f3l<\/h2>\nA YokoBoost nem dolgozza fel a 13 (tizenh\u00e1rom) \u00e9v alatti gyermekek szem\u00e9lyes adatait sz\u00fcleik vagy t\u00f6rv\u00e9nyes gy\u00e1mjuk el\u0151zetes enged\u00e9lye n\u00e9lk\u00fcl. Amennyiben a 13 (tizenh\u00e1rom) \u00e9v alatti gyermekek szem\u00e9lyes adatait v\u00e9letlen\u00fcl gy\u0171jtik \u00e9s dolgozz\u00e1k fel sz\u00fcleik vagy t\u00f6rv\u00e9nyes gy\u00e1mjuk kifejezett enged\u00e9lye n\u00e9lk\u00fcl, a YokoBoost el\u0151zetes \u00e9rtes\u00edt\u00e9s n\u00e9lk\u00fcl t\u00f6rli az \u00f6sszes gy\u0171jt\u00f6tt adatot. Ha tudom\u00e1st szerez arr\u00f3l, hogy t\u00e9vesen dolgoztunk fel egy gyermek adatait, k\u00e9rj\u00fck, azonnal vegye fel vel\u00fcnk a kapcsolatot e-mailben. <a>contato@appsntech.com<\/a>, hogy megtehess\u00fck a sz\u00fcks\u00e9ges int\u00e9zked\u00e9seket.","protected":false},"excerpt":{"rendered":"<p>Todas as informa\u00e7\u00f5es recolhidas ser\u00e3o utilizadas para melhorar sua experi\u00eancia dentro do nosso site. As informa\u00e7\u00f5es recolhidas podem incluir o seu nome, email, n\u00famero de telefone e\/ou outros. O uso do YokoBoost pressup\u00f5e a aceita\u00e7\u00e3o deste Acordo de Privacidade. Caso o usu\u00e1rio n\u00e3o concorde, ainda que em parte, com os termos e condi\u00e7\u00f5es contidos nesta &#8230; <a title=\"Adatv\u00e9delmi ir\u00e1nyelvek\" class=\"read-more\" href=\"https:\/\/yokoboost.com\/hu\/politica-de-privacidade\/\" aria-label=\"Read more about Politica de Privacidade\">Olvass tov\u00e1bb<\/a><\/p>","protected":false},"author":1,"featured_media":0,"parent":0,"menu_order":0,"comment_status":"closed","ping_status":"closed","template":"","meta":{"footnotes":""},"class_list":["post-16","page","type-page","status-publish"],"_links":{"self":[{"href":"https:\/\/yokoboost.com\/hu\/wp-json\/wp\/v2\/pages\/16","targetHints":{"allow":["GET"]}}],"collection":[{"href":"https:\/\/yokoboost.com\/hu\/wp-json\/wp\/v2\/pages"}],"about":[{"href":"https:\/\/yokoboost.com\/hu\/wp-json\/wp\/v2\/types\/page"}],"author":[{"embeddable":true,"href":"https:\/\/yokoboost.com\/hu\/wp-json\/wp\/v2\/users\/1"}],"replies":[{"embeddable":true,"href":"https:\/\/yokoboost.com\/hu\/wp-json\/wp\/v2\/comments?post=16"}],"version-history":[{"count":2,"href":"https:\/\/yokoboost.com\/hu\/wp-json\/wp\/v2\/pages\/16\/revisions"}],"predecessor-version":[{"id":24,"href":"https:\/\/yokoboost.com\/hu\/wp-json\/wp\/v2\/pages\/16\/revisions\/24"}],"wp:attachment":[{"href":"https:\/\/yokoboost.com\/hu\/wp-json\/wp\/v2\/media?parent=16"}],"curies":[{"name":"wp","href":"https:\/\/api.w.org\/{rel}","templated":true}]}}