{"id":18,"date":"2025-03-21T23:38:34","date_gmt":"2025-03-21T23:38:34","guid":{"rendered":"https:\/\/yokoboost.com\/?page_id=18"},"modified":"2025-03-21T23:40:01","modified_gmt":"2025-03-21T23:40:01","slug":"kik-vagyunk","status":"publish","type":"page","link":"https:\/\/yokoboost.com\/hu\/quem-somos\/","title":{"rendered":"Kik vagyunk"},"content":{"rendered":"<p>A YokoBoost egy 2024-ben l\u00e9trehozott technol\u00f3giai weboldal, amelynek c\u00e9lja, hogy inform\u00e1ci\u00f3kat \u00e9s tippeket ny\u00fajtson az alkalmaz\u00e1sokr\u00f3l, a p\u00e9nz\u00fcgyekr\u0151l \u00e9s a digit\u00e1lis vil\u00e1ggal kapcsolatos egy\u00e9b t\u00e9m\u00e1kr\u00f3l. Hissz\u00fck, hogy a technol\u00f3gia egy hat\u00e9kony eszk\u00f6z az \u00e9letek \u00e9s a v\u00e1llalkoz\u00e1sok \u00e1talak\u00edt\u00e1s\u00e1ra, \u00e9s szeretn\u00e9nk seg\u00edteni olvas\u00f3inknak, hogy naprak\u00e9szek maradjanak \u00e9s a legt\u00f6bbet hozz\u00e1k ki ezekb\u0151l az eszk\u00f6z\u00f6kb\u0151l.<\/p>\n\n\n\n<p>A YokoBoost oldalon technol\u00f3giai szak\u00e9rt\u0151k \u00e1ltal \u00edrt cikkeket \u00e9s oktat\u00f3anyagokat, valamint term\u00e9k- \u00e9s szolg\u00e1ltat\u00e1s\u00e9rt\u00e9kel\u00e9seket \u00e9s elemz\u00e9seket tal\u00e1lsz. Tippeket \u00e9s tr\u00fckk\u00f6ket is k\u00edn\u00e1lunk, hogy a legt\u00f6bbet hozhasd ki mobileszk\u00f6zeidb\u0151l \u00e9s alkalmaz\u00e1saidb\u00f3l.<\/p>\n\n\n\n<p>Csapatunk technol\u00f3giai szak\u00e9rt\u0151kb\u0151l, \u00fajs\u00e1g\u00edr\u00f3kb\u00f3l \u00e9s \u00edr\u00f3kb\u00f3l \u00e1ll, akik mind elk\u00f6telezettek amellett, hogy kiv\u00e1l\u00f3 min\u0151s\u00e9g\u0171, pontos tartalmat biztos\u00edtsanak olvas\u00f3ink sz\u00e1m\u00e1ra. Hissz\u00fck, hogy a technol\u00f3gia egy hat\u00e9kony eszk\u00f6z az \u00e9letek \u00e9s a v\u00e1llalkoz\u00e1sok \u00e1talak\u00edt\u00e1s\u00e1ra, \u00e9s c\u00e9lunk, hogy seg\u00edts\u00fcnk olvas\u00f3inknak naprak\u00e9sznek maradni, \u00e9s a legt\u00f6bbet kihozni ezekb\u0151l az eszk\u00f6z\u00f6kb\u0151l.<\/p>\n\n\n\n<p>A tartalom mellett lehet\u0151s\u00e9get k\u00edn\u00e1lunk olvas\u00f3inknak arra is, hogy m\u00e1s technol\u00f3giai rajong\u00f3kkal kapcsolatba l\u00e9pjenek k\u00f6z\u00f6ss\u00e9gi m\u00e9dia csatorn\u00e1inkon \u00e9s vitaf\u00f3rumainkon kereszt\u00fcl. Nagyra \u00e9rt\u00e9kelj\u00fck olvas\u00f3ink v\u00e9lem\u00e9ny\u00e9t, \u00e9s mindig nyitottak vagyunk a javaslatokra \u00e9s visszajelz\u00e9sekre szolg\u00e1ltat\u00e1saink fejleszt\u00e9se \u00e9rdek\u00e9ben.<\/p>\n\n\n\n<p>K\u00f6vess minket, \u00e9s maradj naprak\u00e9sz a technol\u00f3gia vil\u00e1g\u00e1nak leg\u00fajabb trendjeivel \u00e9s h\u00edreivel. K\u00f6sz\u00f6nj\u00fck, hogy megl\u00e1togattad weboldalunkat, \u00e9s rem\u00e9lj\u00fck, hamarosan \u00fajra l\u00e1tunk!<\/p>","protected":false},"excerpt":{"rendered":"<p>O YokoBoost \u00e9 um site de tecnologia criado em 2024 com o objetivo de fornecer informa\u00e7\u00f5es e dicas sobre aplicativos, finan\u00e7as e outros assuntos relacionados ao mundo digital. N\u00f3s acreditamos que a tecnologia \u00e9 uma ferramenta poderosa para transformar vidas e empresas, e queremos ajudar nossos leitores a se manterem atualizados e aproveitar ao m\u00e1ximo &#8230; <a title=\"Kik vagyunk\" class=\"read-more\" href=\"https:\/\/yokoboost.com\/hu\/quem-somos\/\" aria-label=\"Tov\u00e1bbi inform\u00e1ci\u00f3 err\u0151l: Quem somos\">Olvass tov\u00e1bb<\/a><\/p>","protected":false},"author":1,"featured_media":0,"parent":0,"menu_order":0,"comment_status":"closed","ping_status":"closed","template":"","meta":{"footnotes":""},"class_list":["post-18","page","type-page","status-publish"],"_links":{"self":[{"href":"https:\/\/yokoboost.com\/hu\/wp-json\/wp\/v2\/pages\/18","targetHints":{"allow":["GET"]}}],"collection":[{"href":"https:\/\/yokoboost.com\/hu\/wp-json\/wp\/v2\/pages"}],"about":[{"href":"https:\/\/yokoboost.com\/hu\/wp-json\/wp\/v2\/types\/page"}],"author":[{"embeddable":true,"href":"https:\/\/yokoboost.com\/hu\/wp-json\/wp\/v2\/users\/1"}],"replies":[{"embeddable":true,"href":"https:\/\/yokoboost.com\/hu\/wp-json\/wp\/v2\/comments?post=18"}],"version-history":[{"count":2,"href":"https:\/\/yokoboost.com\/hu\/wp-json\/wp\/v2\/pages\/18\/revisions"}],"predecessor-version":[{"id":23,"href":"https:\/\/yokoboost.com\/hu\/wp-json\/wp\/v2\/pages\/18\/revisions\/23"}],"wp:attachment":[{"href":"https:\/\/yokoboost.com\/hu\/wp-json\/wp\/v2\/media?parent=18"}],"curies":[{"name":"wp","href":"https:\/\/api.w.org\/{rel}","templated":true}]}}