{"id":20,"date":"2025-03-21T23:38:52","date_gmt":"2025-03-21T23:38:52","guid":{"rendered":"https:\/\/yokoboost.com\/?page_id=20"},"modified":"2025-03-21T23:39:31","modified_gmt":"2025-03-21T23:39:31","slug":"felhasznalasi-feltetelek","status":"publish","type":"page","link":"https:\/\/yokoboost.com\/hu\/termos-de-uso\/","title":{"rendered":"Felhaszn\u00e1l\u00e1si felt\u00e9telek"},"content":{"rendered":"<h2 class=\"wp-block-heading\">YokoBoost Felhaszn\u00e1l\u00e1si Felt\u00e9telek<\/h2>\nA YokoBoost weboldal el\u00e9r\u00e9s\u00e9vel \u00d6n elfogadja, hogy betartja ezeket a szolg\u00e1ltat\u00e1si felt\u00e9teleket, az \u00f6sszes vonatkoz\u00f3 t\u00f6rv\u00e9nyt \u00e9s szab\u00e1lyoz\u00e1st, \u00e9s elfogadja, hogy felel\u0151s az \u00f6sszes vonatkoz\u00f3 helyi t\u00f6rv\u00e9ny betart\u00e1s\u00e1\u00e9rt. Ha nem \u00e9rt egyet a felt\u00e9telek b\u00e1rmelyik\u00e9vel, tilos a webhely haszn\u00e1lata vagy el\u00e9r\u00e9se. A webhelyen tal\u00e1lhat\u00f3 anyagokat a vonatkoz\u00f3 szerz\u0151i jogi \u00e9s v\u00e9djegyt\u00f6rv\u00e9nyek v\u00e9dik.\n<h2 class=\"wp-block-heading\">Licenc haszn\u00e1lata<\/h2>\nEnged\u00e9lyezett a YokoBoost weboldalon tal\u00e1lhat\u00f3 anyagok (inform\u00e1ci\u00f3k vagy szoftverek) egyetlen p\u00e9ld\u00e1ny\u00e1nak ideiglenes let\u00f6lt\u00e9se, kiz\u00e1r\u00f3lag szem\u00e9lyes, nem kereskedelmi c\u00e9l\u00fa, \u00e1tmeneti megtekint\u00e9sre. Ez egy licenc megad\u00e1sa, nem pedig a tulajdonjog \u00e1truh\u00e1z\u00e1sa, \u00e9s ezen licenc \u00e9rtelm\u00e9ben \u00d6n nem jogosult:\n<ul class=\"wp-block-list\">\n \t<li>m\u00f3dos\u00edtani vagy m\u00e1solni az anyagokat;<\/li>\n \t<li>az anyagokat b\u00e1rmilyen kereskedelmi c\u00e9lra felhaszn\u00e1lni, vagy b\u00e1rmilyen nyilv\u00e1nos (kereskedelmi vagy nem kereskedelmi) bemutat\u00e1sra;<\/li>\n \t<li>a YokoBoost weboldal\u00e1n tal\u00e1lhat\u00f3 szoftverek visszaford\u00edt\u00e1s\u00e1nak vagy visszafejt\u00e9s\u00e9nek k\u00eds\u00e9rlete;<\/li>\n \t<li>t\u00e1vol\u00edtson el minden szerz\u0151i jogi vagy egy\u00e9b tulajdonjogi jel\u00f6l\u00e9st az anyagokb\u00f3l; vagy<\/li>\n \t<li>Az anyagok \u00e1truh\u00e1z\u00e1sa egy m\u00e1sik szem\u00e9lyre, vagy az anyagok \u201et\u00fckr\u00f6z\u00e9se\u201d b\u00e1rmely m\u00e1s szerveren. Ez a licenc automatikusan megsz\u0171nik, ha megs\u00e9rti ezen korl\u00e1toz\u00e1sok b\u00e1rmelyik\u00e9t, \u00e9s a YokoBoost b\u00e1rmikor felmondhatja. Az anyagok megtekint\u00e9s\u00e9nek befejez\u00e9sekor, vagy a licenc megsz\u0171n\u00e9sekor t\u00f6r\u00f6lnie kell az \u00d6n birtok\u00e1ban l\u00e9v\u0151 \u00f6sszes let\u00f6lt\u00f6tt anyagot, legyen az elektronikus vagy nyomtatott form\u00e1tum\u00fa.<\/li>\n<\/ul>\n<h2 class=\"wp-block-heading\">Jogi nyilatkozat<\/h2>\nA YokoBoost weboldal\u00e1n tal\u00e1lhat\u00f3 anyagokat \u201eahogy vannak\u201d alapon biztos\u00edtjuk. A YokoBoost semmilyen kifejezett vagy hallgat\u00f3lagos garanci\u00e1t nem v\u00e1llal, \u00e9s ezennel elutas\u00edt \u00e9s tagad minden egy\u00e9b garanci\u00e1t, bele\u00e9rtve korl\u00e1toz\u00e1s n\u00e9lk\u00fcl a hallgat\u00f3lagos garanci\u00e1kat vagy az eladhat\u00f3s\u00e1gra, egy adott c\u00e9lra val\u00f3 alkalmass\u00e1gra, a szellemi tulajdonjogok megs\u00e9rt\u00e9s\u00e9nek hi\u00e1ny\u00e1ra vagy egy\u00e9b jogs\u00e9rt\u00e9sekre vonatkoz\u00f3 felt\u00e9teleket. Tov\u00e1bb\u00e1 a YokoBoost nem garant\u00e1lja \u00e9s nem tesz semmilyen nyilatkozatot a weboldal\u00e1n tal\u00e1lhat\u00f3 anyagok pontoss\u00e1g\u00e1val, val\u00f3sz\u00edn\u0171s\u00edthet\u0151 eredm\u00e9nyeivel vagy megb\u00edzhat\u00f3s\u00e1g\u00e1val kapcsolatban, illetve az ilyen anyagokkal vagy a weboldalhoz kapcsol\u00f3d\u00f3 webhelyekkel kapcsolatban.\n<h2 class=\"wp-block-heading\">Korl\u00e1toz\u00e1sok<\/h2>\nA YokoBoost vagy besz\u00e1ll\u00edt\u00f3i semmilyen esetben sem felel\u0151sek semmilyen k\u00e1r\u00e9rt (bele\u00e9rtve korl\u00e1toz\u00e1s n\u00e9lk\u00fcl az adatveszt\u00e9sb\u0151l vagy a nyeres\u00e9gkies\u00e9sb\u0151l, illetve az \u00fczleti tev\u00e9kenys\u00e9g megszakad\u00e1s\u00e1b\u00f3l ered\u0151 k\u00e1rokat), amely a YokoBooston tal\u00e1lhat\u00f3 anyagok haszn\u00e1lat\u00e1b\u00f3l vagy haszn\u00e1lat\u00e1nak lehetetlens\u00e9g\u00e9b\u0151l ered, m\u00e9g akkor sem, ha a YokoBoost-ot vagy a YokoBoost meghatalmazott k\u00e9pvisel\u0151j\u00e9t sz\u00f3ban vagy \u00edr\u00e1sban \u00e9rtes\u00edtett\u00e9k az ilyen k\u00e1rok lehet\u0151s\u00e9g\u00e9r\u0151l. Mivel egyes joghat\u00f3s\u00e1gok nem enged\u00e9lyezik a hallgat\u00f3lagos garanci\u00e1k korl\u00e1toz\u00e1s\u00e1t, illetve a k\u00f6vetkezm\u00e9nyes vagy v\u00e9letlenszer\u0171 k\u00e1rok\u00e9rt val\u00f3 felel\u0151ss\u00e9g korl\u00e1toz\u00e1s\u00e1t, ezek a korl\u00e1toz\u00e1sok esetleg nem vonatkoznak \u00d6nre.\n<h2 class=\"wp-block-heading\">Az anyagok pontoss\u00e1ga<\/h2>\nA YokoBoost weboldal\u00e1n megjelen\u00edtett anyagok tartalmazhatnak technikai, tipogr\u00e1fiai vagy f\u00e9nyk\u00e9p\u00e9szeti hib\u00e1kat. A YokoBoost nem garant\u00e1lja, hogy a weboldal\u00e1n tal\u00e1lhat\u00f3 anyagok pontosak, teljesek vagy aktu\u00e1lisak. A YokoBoost b\u00e1rmikor, el\u0151zetes \u00e9rtes\u00edt\u00e9s n\u00e9lk\u00fcl m\u00f3dos\u00edthatja a weboldal\u00e1n tal\u00e1lhat\u00f3 anyagokat. A YokoBoost azonban nem v\u00e1llalja az anyagok friss\u00edt\u00e9s\u00e9t.\n<h2 class=\"wp-block-heading\">Linkek<\/h2>\nA YokoBoost nem vizsg\u00e1lta fel\u00fcl az \u00f6sszes, a weboldal\u00e1hoz kapcsol\u00f3d\u00f3 webhelyet, \u00e9s nem v\u00e1llal felel\u0151ss\u00e9get a kapcsol\u00f3d\u00f3 webhelyek tartalm\u00e1\u00e9rt. B\u00e1rmely hivatkoz\u00e1s felt\u00fcntet\u00e9se nem jelenti a YokoBoost \u00e1ltali t\u00e1mogat\u00e1s\u00e1t az adott webhelyhez. A kapcsol\u00f3d\u00f3 webhelyek haszn\u00e1lata a felhaszn\u00e1l\u00f3 saj\u00e1t felel\u0151ss\u00e9g\u00e9re t\u00f6rt\u00e9nik.\n<h2 class=\"wp-block-heading\">M\u00f3dos\u00edt\u00e1sok<\/h2>\nA YokoBoost b\u00e1rmikor, el\u0151zetes \u00e9rtes\u00edt\u00e9s n\u00e9lk\u00fcl m\u00f3dos\u00edthatja a weboldal jelen felhaszn\u00e1l\u00e1si felt\u00e9teleit. A weboldal haszn\u00e1lat\u00e1val \u00d6n elfogadja, hogy a jelen felhaszn\u00e1l\u00e1si felt\u00e9telek aktu\u00e1lis verzi\u00f3ja k\u00f6telez\u0151 \u00e9rv\u00e9ny\u0171 \u00d6nre n\u00e9zve. Alkalmazand\u00f3 jog Ezeket a felt\u00e9teleket a YokoBoost t\u00f6rv\u00e9nyei szab\u00e1lyozz\u00e1k, \u00e9s azok szerint kell \u00e9rtelmezni, \u00e9s \u00d6n visszavonhatatlanul al\u00e1veti mag\u00e1t az adott \u00e1llam vagy helysz\u00edn b\u00edr\u00f3s\u00e1gainak kiz\u00e1r\u00f3lagos joghat\u00f3s\u00e1g\u00e1nak.\n<h2 id=\"lei-aplicavel\" class=\"wp-block-heading\">Alkalmazand\u00f3 jog<\/h2>\nEzeket a felt\u00e9teleket a YokoBoost t\u00f6rv\u00e9nyei szab\u00e1lyozz\u00e1k \u00e9s \u00e9rtelmezik, \u00e9s \u00d6n visszavonhatatlanul al\u00e1veti mag\u00e1t az adott \u00e1llam vagy helysz\u00edn b\u00edr\u00f3s\u00e1gainak kiz\u00e1r\u00f3lagos joghat\u00f3s\u00e1g\u00e1nak.","protected":false},"excerpt":{"rendered":"<p>Termos de Uso do YokoBoost Ao acessar ao site YokoBoost, concorda em cumprir estes termos de servi\u00e7o, todas as leis e regulamentos aplic\u00e1veis e concorda que \u00e9 respons\u00e1vel pelo cumprimento de todas as leis locais aplic\u00e1veis. Se voc\u00ea n\u00e3o concordar com algum desses termos, est\u00e1 proibido de usar ou acessar este site. Os materiais contidos &#8230; <a title=\"Felhaszn\u00e1l\u00e1si felt\u00e9telek\" class=\"read-more\" href=\"https:\/\/yokoboost.com\/hu\/termos-de-uso\/\" aria-label=\"Tov\u00e1bbi inform\u00e1ci\u00f3 err\u0151l: Termos de uso\">Olvass tov\u00e1bb<\/a><\/p>","protected":false},"author":1,"featured_media":0,"parent":0,"menu_order":0,"comment_status":"closed","ping_status":"closed","template":"","meta":{"footnotes":""},"class_list":["post-20","page","type-page","status-publish"],"_links":{"self":[{"href":"https:\/\/yokoboost.com\/hu\/wp-json\/wp\/v2\/pages\/20","targetHints":{"allow":["GET"]}}],"collection":[{"href":"https:\/\/yokoboost.com\/hu\/wp-json\/wp\/v2\/pages"}],"about":[{"href":"https:\/\/yokoboost.com\/hu\/wp-json\/wp\/v2\/types\/page"}],"author":[{"embeddable":true,"href":"https:\/\/yokoboost.com\/hu\/wp-json\/wp\/v2\/users\/1"}],"replies":[{"embeddable":true,"href":"https:\/\/yokoboost.com\/hu\/wp-json\/wp\/v2\/comments?post=20"}],"version-history":[{"count":2,"href":"https:\/\/yokoboost.com\/hu\/wp-json\/wp\/v2\/pages\/20\/revisions"}],"predecessor-version":[{"id":22,"href":"https:\/\/yokoboost.com\/hu\/wp-json\/wp\/v2\/pages\/20\/revisions\/22"}],"wp:attachment":[{"href":"https:\/\/yokoboost.com\/hu\/wp-json\/wp\/v2\/media?parent=20"}],"curies":[{"name":"wp","href":"https:\/\/api.w.org\/{rel}","templated":true}]}}