{"id":16,"date":"2025-03-21T23:38:10","date_gmt":"2025-03-21T23:38:10","guid":{"rendered":"https:\/\/yokoboost.com\/?page_id=16"},"modified":"2025-03-21T23:40:29","modified_gmt":"2025-03-21T23:40:29","slug":"politica-sulla-riservatezza","status":"publish","type":"page","link":"https:\/\/yokoboost.com\/it\/politica-de-privacidade\/","title":{"rendered":"politica sulla riservatezza"},"content":{"rendered":"Tutte le informazioni raccolte saranno utilizzate per migliorare la tua esperienza sul nostro sito web. Le informazioni raccolte possono includere il tuo nome, indirizzo email, numero di telefono e\/o altre informazioni. L&#039;utilizzo di YokoBoost implica l&#039;accettazione del presente Accordo sulla privacy. Se non sei d&#039;accordo, anche solo in parte, con i termini e le condizioni contenuti nella presente Informativa sulla privacy, non dovresti accedere e\/o utilizzare i contenuti offerti da YokoBoost. Utilizzando il sito web, riconosci e accetti pienamente il trattamento dei tuoi dati in conformit\u00e0 con i termini della presente Informativa sulla privacy e delle Condizioni generali d&#039;uso. Ci riserviamo il diritto di modificare la presente informativa sulla privacy in qualsiasi momento, senza il consenso o la notifica agli utenti, pertanto ti preghiamo di consultarla frequentemente. Modifiche e chiarimenti entreranno in vigore immediatamente dopo la loro pubblicazione sul sito web. Qualora apportassimo modifiche sostanziali alla presente informativa, ti informeremo qui che \u00e8 stata aggiornata, in modo che tu sia a conoscenza di quali informazioni raccogliamo, come le utilizziamo e in quali circostanze, se presenti, le utilizziamo e\/o divulghiamo. YokoBoost rispetta la privacy dei suoi utenti e la trasparenza nell&#039;utilizzo dei dati. La nostra Informativa sulla privacy \u00e8 stata redatta in conformit\u00e0 con gli standard internazionali e nazionali in materia di protezione dei dati. La presente Informativa sulla privacy deve essere letta e interpretata congiuntamente ai Termini e Condizioni Generali d&#039;Uso di YokoBoost, disponibili all&#039;indirizzo <a href=\"https:\/\/yokoboost.com\/it\/termini-di-utilizzo\/\">https:\/\/yokoboost.com\/termos-de-uso\/<\/a>\n<h2 class=\"wp-block-heading\">Informazioni generali per gli utenti<\/h2>\nYokoBoost si propone di condividere le informazioni con i propri Utenti, rendendo la conoscenza accessibile a tutti. Gli Utenti possono navigare sul sito web di YokoBoost senza bisogno di registrarsi. YokoBoost aderisce agli standard e alle norme di sicurezza internazionali per l&#039;archiviazione, la protezione, la privacy e la trasmissione dei dati. \u00c8 importante notare che nessun metodo di archiviazione, protezione, privacy o trasmissione dei dati \u00e8 sicuro e inviolabile al 100%. YokoBoost adotta pratiche e tecnologie costantemente riviste e migliorate, in linea con i progressi tecnici e normativi nazionali e internazionali. Quando parliamo di protezione, ci riferiamo a qualsiasi accesso, utilizzo, alterazione, divulgazione o distruzione non autorizzati dei dati. Per evitare che ci\u00f2 accada, investiamo in misure che includono comunicazioni crittografate, controllo degli accessi, adesione a uno sviluppo software sicuro, policy di conformit\u00e0 interna e misure di responsabilit\u00e0 e mitigazione del rischio che garantiscono la sicurezza durante l&#039;intero ciclo di vita dei dati. Le informazioni degli utenti sono inoltre archiviate in database sicuri, rinomati e riconosciuti a livello internazionale. YokoBoost non richiede mai somme di denaro per il rilascio di alcun tipo di prodotto, indipendentemente dalla sua natura. In tal caso, vi preghiamo di comunicarcelo immediatamente. Ci impegniamo a mantenere tutte le informazioni il pi\u00f9 aggiornate possibile. Tuttavia, \u00e8 importante notare che queste informazioni potrebbero differire da quelle presenti sui siti web di istituzioni o fornitori di servizi su un sito specifico. Non garantiamo l&#039;accuratezza o l&#039;attualit\u00e0 di queste informazioni. Ricordatevi sempre di leggere i termini e le condizioni d&#039;uso delle istituzioni che scegliete. Riceviamo una piccola somma dalla pubblicit\u00e0 sul nostro sito e dai nostri partner quando indirizziamo un utente che richiede un prodotto o una proposta. Tutto ci\u00f2 che pubblichiamo si basa su valutazioni quantitative e qualitative di ciascun prodotto. \u00c8 importante notare che i nostri partner possono influenzare direttamente i prodotti di cui scriviamo e che recensiamo, nonch\u00e9 l&#039;ordine degli articoli &quot;migliori&quot; e il posizionamento dei prodotti su YokoBoost. Data la quantit\u00e0 di informazioni presenti sul nostro sito, non forniamo alcuna garanzia in merito alla qualit\u00e0 e all&#039;attualit\u00e0 delle informazioni; pertanto, diamo priorit\u00e0 alle informazioni provenienti dai nostri partner. Per proteggere le vostre informazioni personali, adottiamo ragionevoli precauzioni e seguiamo le migliori pratiche del settore per garantire che non vengano perse, utilizzate in modo improprio, consultate, divulgate, alterate o distrutte in modo inappropriato.\n<h2 class=\"wp-block-heading\">Link a siti di terze parti<\/h2>\nYokoBoost contiene link ad altri siti web che, a nostro avviso, potrebbero contenere informazioni o strumenti utili per i nostri visitatori. La nostra Informativa sulla privacy non si applica ai siti web di terze parti. Non siamo responsabili delle informative sulla privacy o dei contenuti di tali siti web. YokoBoost non esercita alcun controllo su di essi e, pertanto, \u00e8 esonerata da qualsiasi responsabilit\u00e0 nei rapporti instaurati tra l&#039;Utente e i prodotti e servizi di terze parti pubblicizzati sul sito web. Una volta che l&#039;Utente abbandona il nostro sito web o viene reindirizzato a un&#039;applicazione o un sito web di terze parti, non \u00e8 pi\u00f9 soggetto alla presente Informativa sulla privacy o ai Termini di servizio del nostro sito web. Se, dopo aver fornito i propri dati, cambia idea, pu\u00f2 revocare in qualsiasi momento il consenso a contattarlo, alla raccolta, all&#039;utilizzo o alla divulgazione continua delle sue informazioni, contattando contato@appsntech.com.\n<h2 class=\"wp-block-heading\">Dati non personali<\/h2>\nQuando gli utenti non richiedono contenuti gratuiti da YokoBoost (e-book, quiz, articoli, infografiche, tra gli altri), \u00e8 possibile che venga effettuato il tracciamento e la raccolta di dati non personali che indicano, tra gli altri dettagli, quali pagine del sito web sono state visitate, quando sono state visitate, quali collegamenti ipertestuali sono stati cliccati, quali contenuti o servizi sono stati richiesti o indicati, tra gli altri.\n<h2 class=\"wp-block-heading\">Biscotti<\/h2>\nGoogle, in qualit\u00e0 di fornitore terzo, utilizza i cookie per pubblicare annunci pubblicitari. Grazie al cookie DART, Google pu\u00f2 mostrare annunci pubblicitari in base alle visite del lettore ad altri siti web. Gli utenti possono disattivare il cookie DART consultando l&#039;informativa sulla privacy di Google per annunci e reti di contenuti. YokoBoost utilizza i cookie per raccogliere dati e informazioni di identificazione IP (Internet Protocol) al fine di facilitare la navigazione dell&#039;utente, contribuendo a garantire la sicurezza, la protezione e l&#039;autenticit\u00e0 dei dati. Inoltre, utilizziamo anche pubblicit\u00e0 di terze parti sul nostro sito web per coprire i costi di manutenzione. Alcuni di questi inserzionisti potrebbero utilizzare tecnologie come i cookie quando pubblicano annunci sul nostro sito web, il che fa s\u00ec che questi inserzionisti (come Google tramite Google AdSense e Ad Exchange) ottengano anche le tue informazioni personali, come il tuo indirizzo IP, il tuo ISP, il tuo browser, ecc. Questa funzione viene generalmente utilizzata per il geotargeting (mostrare annunci pertinenti in base alla tua posizione geografica). L&#039;utente pu\u00f2 in qualsiasi momento modificare l&#039;accettazione o meno dei cookie nelle impostazioni del proprio browser, tenendo presente che disabilitando i cookie di navigazione alcune funzionalit\u00e0 di YokoBoost potrebbero essere compromesse.\n<h2 class=\"wp-block-heading\">Dati personali identificabili<\/h2>\nPer accedere ai contenuti gratuiti di YokoBoost, come articoli, ebook, quiz e altro, gli utenti devono fornire alcune informazioni personali identificabili, tra cui indirizzo email e nome completo. I dati personali identificativi trattati da YokoBoost vengono utilizzati per le seguenti finalit\u00e0: \u2013 Identificazione corretta e accurata degli utenti, garantendo loro maggiore sicurezza e protezione; \u2013 Accesso ai servizi e ai prodotti forniti da YokoBoost; \u2013 Analisi dei profili degli utenti da parte di YokoBoost per consigliare i migliori prodotti e informazioni in base alle loro reali esigenze e circostanze. Per analizzare ulteriormente i profili degli utenti, YokoBoost pu\u00f2 condurre sondaggi per ottenere informazioni pi\u00f9 dettagliate su di loro e, pertanto, consigliare prodotti e servizi personalizzati in base alle preferenze e alle esigenze di ciascun utente. Pertanto, YokoBoost e le sue aziende partner possono invitare gli utenti a partecipare a sondaggi sulla soddisfazione, che includeranno email con le necessarie indicazioni. I dati raccolti saranno utilizzati principalmente per migliorare i sistemi, i prodotti, i contenuti e i servizi offerti da YokoBoost e dalle sue aziende partner. Se un utente ci contatta per segnalare un problema, porre una domanda o ottenere supporto, raccogliamo e memorizziamo le sue informazioni di contatto, nonch\u00e9 i messaggi corrispondenti e altri dati necessari per indagare sul problema o sulla domanda. Questi dati verranno utilizzati per risolvere eventuali dubbi sulla base delle informazioni raccolte, chiarire dubbi, correggere problemi e migliorare il sistema, migliorando ulteriormente l&#039;esperienza utente all&#039;interno di YokoBoost.\n<h2 class=\"wp-block-heading\">Informazioni sulla condivisione dei dati<\/h2>\nYokoBoost non vender\u00e0 le informazioni o i dati personali dei propri Utenti, ma potr\u00e0 condividerli con aziende partner per consigliare prodotti e servizi pi\u00f9 adatti al loro profilo e alle loro esigenze, o per fornire prodotti e\/o servizi richiesti dall&#039;Utente. YokoBoost si riserva il diritto di assistere o collaborare con qualsiasi autorit\u00e0 giudiziaria o agenzia governativa e potr\u00e0 condividere i dati personali identificabili degli Utenti al fine di: a) stabilire o esercitare i propri diritti legali; b) proteggere la propria propriet\u00e0; c) quando ritenga che la propria assistenza o collaborazione sia necessaria per proteggere i propri Utenti, dipendenti, amministratori o qualsiasi persona danneggiata dall&#039;azione o dall&#039;omissione.\n<h2 class=\"wp-block-heading\">Informazioni sui dati grezzi e non raccolti<\/h2>\nYokoBoost non tratta dati personali di minori di 13 (tredici) anni senza la previa autorizzazione dei genitori o dei tutori legali. Qualora i dati personali di minori di 13 (tredici) anni vengano involontariamente raccolti e trattati senza l&#039;espressa autorizzazione dei genitori o dei tutori legali, YokoBoost canceller\u00e0 tutti i dati raccolti senza preavviso. Se dovessi accorgerti che abbiamo trattato erroneamente i dati di un minore, ti preghiamo di contattarci immediatamente via e-mail. <a>contato@appsntech.com<\/a>, in modo da poter adottare le misure necessarie.","protected":false},"excerpt":{"rendered":"<p>Todas as informa\u00e7\u00f5es recolhidas ser\u00e3o utilizadas para melhorar sua experi\u00eancia dentro do nosso site. As informa\u00e7\u00f5es recolhidas podem incluir o seu nome, email, n\u00famero de telefone e\/ou outros. O uso do YokoBoost pressup\u00f5e a aceita\u00e7\u00e3o deste Acordo de Privacidade. Caso o usu\u00e1rio n\u00e3o concorde, ainda que em parte, com os termos e condi\u00e7\u00f5es contidos nesta &#8230; <a title=\"politica sulla riservatezza\" class=\"read-more\" href=\"https:\/\/yokoboost.com\/it\/politica-de-privacidade\/\" aria-label=\"Per saperne di pi\u00f9 su Politica de Privacidade\">Leggi tutto<\/a><\/p>","protected":false},"author":1,"featured_media":0,"parent":0,"menu_order":0,"comment_status":"closed","ping_status":"closed","template":"","meta":{"footnotes":""},"class_list":["post-16","page","type-page","status-publish"],"_links":{"self":[{"href":"https:\/\/yokoboost.com\/it\/wp-json\/wp\/v2\/pages\/16","targetHints":{"allow":["GET"]}}],"collection":[{"href":"https:\/\/yokoboost.com\/it\/wp-json\/wp\/v2\/pages"}],"about":[{"href":"https:\/\/yokoboost.com\/it\/wp-json\/wp\/v2\/types\/page"}],"author":[{"embeddable":true,"href":"https:\/\/yokoboost.com\/it\/wp-json\/wp\/v2\/users\/1"}],"replies":[{"embeddable":true,"href":"https:\/\/yokoboost.com\/it\/wp-json\/wp\/v2\/comments?post=16"}],"version-history":[{"count":2,"href":"https:\/\/yokoboost.com\/it\/wp-json\/wp\/v2\/pages\/16\/revisions"}],"predecessor-version":[{"id":24,"href":"https:\/\/yokoboost.com\/it\/wp-json\/wp\/v2\/pages\/16\/revisions\/24"}],"wp:attachment":[{"href":"https:\/\/yokoboost.com\/it\/wp-json\/wp\/v2\/media?parent=16"}],"curies":[{"name":"wp","href":"https:\/\/api.w.org\/{rel}","templated":true}]}}