{"id":20,"date":"2025-03-21T23:38:52","date_gmt":"2025-03-21T23:38:52","guid":{"rendered":"https:\/\/yokoboost.com\/?page_id=20"},"modified":"2025-03-21T23:39:31","modified_gmt":"2025-03-21T23:39:31","slug":"termini-di-utilizzo","status":"publish","type":"page","link":"https:\/\/yokoboost.com\/it\/termos-de-uso\/","title":{"rendered":"Termini di utilizzo"},"content":{"rendered":"<h2 class=\"wp-block-heading\">Termini di utilizzo di YokoBoost<\/h2>\nAccedendo al sito web di YokoBoost, l&#039;utente accetta di rispettare i presenti termini di servizio, tutte le leggi e i regolamenti applicabili e di essere responsabile del rispetto di tutte le leggi locali applicabili. Se non si accetta uno qualsiasi di questi termini, \u00e8 vietato utilizzare o accedere a questo sito. I materiali contenuti in questo sito sono protetti dalle leggi applicabili in materia di copyright e marchi commerciali.\n<h2 class=\"wp-block-heading\">Licenza d&#039;uso<\/h2>\n\u00c8 concesso il permesso di scaricare temporaneamente una copia dei materiali (informazioni o software) presenti sul sito web di YokoBoost esclusivamente per la visualizzazione temporanea personale e non commerciale. Questa costituisce la concessione di una licenza, non un trasferimento di propriet\u00e0, e in base a questa licenza, non \u00e8 consentito:\n<ul class=\"wp-block-list\">\n \t<li>modificare o copiare i materiali;<\/li>\n \t<li>utilizzare i materiali per qualsiasi scopo commerciale o per qualsiasi esposizione pubblica (commerciale o non commerciale);<\/li>\n \t<li>tentare di decompilare o sottoporre a reverse engineering qualsiasi software contenuto nel sito web YokoBoost;<\/li>\n \t<li>rimuovere qualsiasi copyright o altre annotazioni proprietarie dai materiali; o<\/li>\n \t<li>Trasferire i materiali a un&#039;altra persona o &quot;specchiarli&quot; su qualsiasi altro server. La presente licenza cesser\u00e0 automaticamente in caso di violazione di una qualsiasi di queste restrizioni e potr\u00e0 essere revocata da YokoBoost in qualsiasi momento. Al termine della visualizzazione di questi materiali o alla risoluzione della presente licenza, l&#039;utente \u00e8 tenuto a eliminare tutti i materiali scaricati in suo possesso, sia in formato elettronico che cartaceo.<\/li>\n<\/ul>\n<h2 class=\"wp-block-heading\">Disclaimer<\/h2>\nI materiali presenti sul sito web di YokoBoost sono forniti &quot;cos\u00ec come sono&quot;. YokoBoost non fornisce alcuna garanzia, espressa o implicita, e con la presente declina e nega tutte le altre garanzie, incluse, a titolo esemplificativo ma non esaustivo, garanzie o condizioni implicite di commerciabilit\u00e0, idoneit\u00e0 per uno scopo particolare o non violazione della propriet\u00e0 intellettuale o altra violazione di diritti. Inoltre, YokoBoost non garantisce n\u00e9 rilascia alcuna dichiarazione in merito all&#039;accuratezza, ai probabili risultati o all&#039;affidabilit\u00e0 dell&#039;uso dei materiali presenti sul suo sito web o altrimenti relativi a tali materiali o su siti collegati a questo sito web.\n<h2 class=\"wp-block-heading\">Limitazioni<\/h2>\nIn nessun caso YokoBoost o i suoi fornitori saranno ritenuti responsabili per eventuali danni (inclusi, a titolo esemplificativo ma non esaustivo, danni per perdita di dati o profitti, o dovuti a interruzione dell&#039;attivit\u00e0) derivanti dall&#039;utilizzo o dall&#039;impossibilit\u00e0 di utilizzare i materiali presenti su YokoBoost, anche qualora YokoBoost o un rappresentante autorizzato di YokoBoost siano stati informati oralmente o per iscritto della possibilit\u00e0 di tale danno. Poich\u00e9 alcune giurisdizioni non consentono limitazioni alle garanzie implicite o limitazioni di responsabilit\u00e0 per danni consequenziali o incidentali, tali limitazioni potrebbero non essere applicabili.\n<h2 class=\"wp-block-heading\">Precisione dei materiali<\/h2>\nI materiali pubblicati sul sito web di YokoBoost potrebbero contenere errori tecnici, tipografici o fotografici. YokoBoost non garantisce che i materiali presenti sul suo sito web siano accurati, completi o aggiornati. YokoBoost pu\u00f2 apportare modifiche ai materiali presenti sul suo sito web in qualsiasi momento e senza preavviso. Tuttavia, YokoBoost non si impegna ad aggiornare i materiali.\n<h2 class=\"wp-block-heading\">Collegamenti<\/h2>\nYokoBoost non ha esaminato tutti i siti collegati al proprio sito web e non \u00e8 responsabile del contenuto di alcun sito collegato. L&#039;inclusione di qualsiasi collegamento non implica l&#039;approvazione del sito da parte di YokoBoost. L&#039;utilizzo di qualsiasi sito collegato \u00e8 a rischio e pericolo dell&#039;utente.\n<h2 class=\"wp-block-heading\">Modifiche<\/h2>\nYokoBoost si riserva il diritto di modificare i presenti termini di servizio del sito web in qualsiasi momento e senza preavviso. Utilizzando questo sito web, l&#039;utente accetta di essere vincolato dalla versione corrente dei presenti termini di servizio. Legge applicabile. I presenti termini e condizioni sono regolati e interpretati in conformit\u00e0 con le leggi di YokoBoost e l&#039;utente si sottopone irrevocabilmente alla giurisdizione esclusiva dei tribunali di tale stato o localit\u00e0.\n<h2 id=\"lei-aplicavel\" class=\"wp-block-heading\">Legge applicabile<\/h2>\nI presenti termini e condizioni sono regolati e interpretati in conformit\u00e0 con le leggi di YokoBoost e l&#039;utente si sottopone irrevocabilmente alla giurisdizione esclusiva dei tribunali di tale Stato o localit\u00e0.","protected":false},"excerpt":{"rendered":"<p>Termos de Uso do YokoBoost Ao acessar ao site YokoBoost, concorda em cumprir estes termos de servi\u00e7o, todas as leis e regulamentos aplic\u00e1veis e concorda que \u00e9 respons\u00e1vel pelo cumprimento de todas as leis locais aplic\u00e1veis. Se voc\u00ea n\u00e3o concordar com algum desses termos, est\u00e1 proibido de usar ou acessar este site. Os materiais contidos &#8230; <a title=\"Termini di utilizzo\" class=\"read-more\" href=\"https:\/\/yokoboost.com\/it\/termos-de-uso\/\" aria-label=\"Per saperne di pi\u00f9 su Termos de uso\">Leggi tutto<\/a><\/p>","protected":false},"author":1,"featured_media":0,"parent":0,"menu_order":0,"comment_status":"closed","ping_status":"closed","template":"","meta":{"footnotes":""},"class_list":["post-20","page","type-page","status-publish"],"_links":{"self":[{"href":"https:\/\/yokoboost.com\/it\/wp-json\/wp\/v2\/pages\/20","targetHints":{"allow":["GET"]}}],"collection":[{"href":"https:\/\/yokoboost.com\/it\/wp-json\/wp\/v2\/pages"}],"about":[{"href":"https:\/\/yokoboost.com\/it\/wp-json\/wp\/v2\/types\/page"}],"author":[{"embeddable":true,"href":"https:\/\/yokoboost.com\/it\/wp-json\/wp\/v2\/users\/1"}],"replies":[{"embeddable":true,"href":"https:\/\/yokoboost.com\/it\/wp-json\/wp\/v2\/comments?post=20"}],"version-history":[{"count":2,"href":"https:\/\/yokoboost.com\/it\/wp-json\/wp\/v2\/pages\/20\/revisions"}],"predecessor-version":[{"id":22,"href":"https:\/\/yokoboost.com\/it\/wp-json\/wp\/v2\/pages\/20\/revisions\/22"}],"wp:attachment":[{"href":"https:\/\/yokoboost.com\/it\/wp-json\/wp\/v2\/media?parent=20"}],"curies":[{"name":"wp","href":"https:\/\/api.w.org\/{rel}","templated":true}]}}