{"id":18,"date":"2025-03-21T23:38:34","date_gmt":"2025-03-21T23:38:34","guid":{"rendered":"https:\/\/yokoboost.com\/?page_id=18"},"modified":"2025-03-21T23:40:01","modified_gmt":"2025-03-21T23:40:01","slug":"%e7%a7%81%e3%81%9f%e3%81%a1%e3%81%af%e8%aa%b0%e3%81%a7%e3%81%99%e3%81%8b","status":"publish","type":"page","link":"https:\/\/yokoboost.com\/ja\/quem-somos\/","title":{"rendered":"\u79c1\u305f\u3061\u306b\u3064\u3044\u3066"},"content":{"rendered":"<p>YokoBoost\u306f\u3001\u30a2\u30d7\u30ea\u3001\u91d1\u878d\u3001\u305d\u306e\u4ed6\u30c7\u30b8\u30bf\u30eb\u4e16\u754c\u306b\u95a2\u9023\u3059\u308b\u30c8\u30d4\u30c3\u30af\u306b\u95a2\u3059\u308b\u60c5\u5831\u3068\u30d2\u30f3\u30c8\u3092\u63d0\u4f9b\u3059\u308b\u3053\u3068\u3092\u76ee\u7684\u3068\u3057\u3066\u30012024\u5e74\u306b\u8a2d\u7acb\u3055\u308c\u305f\u30c6\u30af\u30ce\u30ed\u30b8\u30fc\u30a6\u30a7\u30d6\u30b5\u30a4\u30c8\u3067\u3059\u3002\u30c6\u30af\u30ce\u30ed\u30b8\u30fc\u306f\u751f\u6d3b\u3084\u30d3\u30b8\u30cd\u30b9\u3092\u5909\u9769\u3059\u308b\u5f37\u529b\u306a\u30c4\u30fc\u30eb\u3067\u3042\u308b\u3068\u4fe1\u3058\u3066\u304a\u308a\u3001\u8aad\u8005\u306e\u7686\u69d8\u304c\u6700\u65b0\u60c5\u5831\u3092\u5165\u624b\u3057\u3001\u3053\u308c\u3089\u306e\u30c4\u30fc\u30eb\u3092\u6700\u5927\u9650\u306b\u6d3b\u7528\u3067\u304d\u308b\u3088\u3046\u304a\u624b\u4f1d\u3044\u3057\u305f\u3044\u3068\u8003\u3048\u3066\u3044\u307e\u3059\u3002<\/p>\n\n\n\n<p>YokoBoost\u3067\u306f\u3001\u30c6\u30af\u30ce\u30ed\u30b8\u30fc\u306e\u5c02\u9580\u5bb6\u304c\u57f7\u7b46\u3057\u305f\u8a18\u4e8b\u3084\u30c1\u30e5\u30fc\u30c8\u30ea\u30a2\u30eb\u3001\u88fd\u54c1\u3084\u30b5\u30fc\u30d3\u30b9\u306e\u30ec\u30d3\u30e5\u30fc\u3084\u5206\u6790\u306a\u3069\u3092\u63b2\u8f09\u3057\u3066\u3044\u307e\u3059\u3002\u307e\u305f\u3001\u30e2\u30d0\u30a4\u30eb\u30c7\u30d0\u30a4\u30b9\u3084\u30a2\u30d7\u30ea\u3092\u6700\u5927\u9650\u306b\u6d3b\u7528\u3059\u308b\u305f\u3081\u306e\u30d2\u30f3\u30c8\u3084\u30b3\u30c4\u3082\u63d0\u4f9b\u3057\u3066\u3044\u307e\u3059\u3002<\/p>\n\n\n\n<p>\u79c1\u305f\u3061\u306e\u30c1\u30fc\u30e0\u306f\u3001\u30c6\u30af\u30ce\u30ed\u30b8\u30fc\u306e\u5c02\u9580\u5bb6\u3001\u30b8\u30e3\u30fc\u30ca\u30ea\u30b9\u30c8\u3001\u30e9\u30a4\u30bf\u30fc\u3067\u69cb\u6210\u3055\u308c\u3066\u304a\u308a\u3001\u8aad\u8005\u306e\u7686\u69d8\u306b\u9ad8\u54c1\u8cea\u3067\u6b63\u78ba\u306a\u30b3\u30f3\u30c6\u30f3\u30c4\u3092\u63d0\u4f9b\u3059\u308b\u3053\u3068\u306b\u5c3d\u529b\u3057\u3066\u3044\u307e\u3059\u3002\u30c6\u30af\u30ce\u30ed\u30b8\u30fc\u306f\u4eba\u3005\u306e\u751f\u6d3b\u3084\u30d3\u30b8\u30cd\u30b9\u3092\u5909\u9769\u3059\u308b\u5f37\u529b\u306a\u30c4\u30fc\u30eb\u3067\u3042\u308b\u3068\u4fe1\u3058\u3066\u304a\u308a\u3001\u8aad\u8005\u306e\u7686\u69d8\u304c\u5e38\u306b\u6700\u65b0\u306e\u60c5\u5831\u3092\u5165\u624b\u3057\u3001\u3053\u308c\u3089\u306e\u30c4\u30fc\u30eb\u3092\u6700\u5927\u9650\u306b\u6d3b\u7528\u3067\u304d\u308b\u3088\u3046\u652f\u63f4\u3059\u308b\u3053\u3068\u304c\u79c1\u305f\u3061\u306e\u76ee\u6a19\u3067\u3059\u3002<\/p>\n\n\n\n<p>\u30b3\u30f3\u30c6\u30f3\u30c4\u306b\u52a0\u3048\u3066\u3001\u30bd\u30fc\u30b7\u30e3\u30eb\u30e1\u30c7\u30a3\u30a2\u30c1\u30e3\u30f3\u30cd\u30eb\u3084\u30c7\u30a3\u30b9\u30ab\u30c3\u30b7\u30e7\u30f3\u30d5\u30a9\u30fc\u30e9\u30e0\u3092\u901a\u3058\u3066\u3001\u8aad\u8005\u306e\u7686\u69d8\u306b\u4ed6\u306e\u30c6\u30af\u30ce\u30ed\u30b8\u30fc\u611b\u597d\u5bb6\u3068\u4ea4\u6d41\u3059\u308b\u6a5f\u4f1a\u3082\u63d0\u4f9b\u3057\u3066\u3044\u307e\u3059\u3002\u79c1\u305f\u3061\u306f\u8aad\u8005\u306e\u7686\u69d8\u306e\u3054\u610f\u898b\u3092\u5927\u5207\u306b\u3057\u3066\u304a\u308a\u3001\u30b5\u30fc\u30d3\u30b9\u5411\u4e0a\u306e\u305f\u3081\u306e\u3054\u63d0\u6848\u3084\u30d5\u30a3\u30fc\u30c9\u30d0\u30c3\u30af\u3092\u5e38\u306b\u6b53\u8fce\u3057\u3066\u3044\u307e\u3059\u3002<\/p>\n\n\n\n<p>\u305c\u3072\u30d5\u30a9\u30ed\u30fc\u3057\u3066\u3001\u30c6\u30af\u30ce\u30ed\u30b8\u30fc\u696d\u754c\u306e\u6700\u65b0\u30c8\u30ec\u30f3\u30c9\u3084\u30cb\u30e5\u30fc\u30b9\u3092\u3044\u3061\u65e9\u304f\u30c1\u30a7\u30c3\u30af\u3057\u3066\u304f\u3060\u3055\u3044\u3002\u30a6\u30a7\u30d6\u30b5\u30a4\u30c8\u3078\u306e\u3054\u8a2a\u554f\u3042\u308a\u304c\u3068\u3046\u3054\u3056\u3044\u307e\u3059\u3002\u307e\u305f\u306e\u3054\u5229\u7528\u3092\u304a\u5f85\u3061\u3057\u3066\u304a\u308a\u307e\u3059\u3002<\/p>","protected":false},"excerpt":{"rendered":"<p>O YokoBoost \u00e9 um site de tecnologia criado em 2024 com o objetivo de fornecer informa\u00e7\u00f5es e dicas sobre aplicativos, finan\u00e7as e outros assuntos relacionados ao mundo digital. N\u00f3s acreditamos que a tecnologia \u00e9 uma ferramenta poderosa para transformar vidas e empresas, e queremos ajudar nossos leitores a se manterem atualizados e aproveitar ao m\u00e1ximo essas ferramentas. Aqui no YokoBoost, voc\u00ea encontrar\u00e1 artigos e tutoriais escritos por especialistas em tecnologia, al\u00e9m de an\u00e1lises e resenhas de produtos e servi\u00e7os. N\u00f3s tamb\u00e9m oferecemos dicas e truques para ajudar voc\u00ea a aproveitar ao m\u00e1ximo seus dispositivos m\u00f3veis e aplicativos. Nossa equipe \u00e9 composta por especialistas em tecnologia, jornalistas e escritores, todos comprometidos &#8230; <a title=\"\u79c1\u305f\u3061\u306b\u3064\u3044\u3066\" class=\"read-more\" href=\"https:\/\/yokoboost.com\/ja\/quem-somos\/\" aria-label=\"Quem somos \u306b\u3064\u3044\u3066\u3055\u3089\u306b\u8aad\u3080\">\u7d9a\u304d\u3092\u8aad\u3080<\/a><\/p>","protected":false},"author":1,"featured_media":0,"parent":0,"menu_order":0,"comment_status":"closed","ping_status":"closed","template":"","meta":{"footnotes":""},"class_list":["post-18","page","type-page","status-publish"],"_links":{"self":[{"href":"https:\/\/yokoboost.com\/ja\/wp-json\/wp\/v2\/pages\/18","targetHints":{"allow":["GET"]}}],"collection":[{"href":"https:\/\/yokoboost.com\/ja\/wp-json\/wp\/v2\/pages"}],"about":[{"href":"https:\/\/yokoboost.com\/ja\/wp-json\/wp\/v2\/types\/page"}],"author":[{"embeddable":true,"href":"https:\/\/yokoboost.com\/ja\/wp-json\/wp\/v2\/users\/1"}],"replies":[{"embeddable":true,"href":"https:\/\/yokoboost.com\/ja\/wp-json\/wp\/v2\/comments?post=18"}],"version-history":[{"count":2,"href":"https:\/\/yokoboost.com\/ja\/wp-json\/wp\/v2\/pages\/18\/revisions"}],"predecessor-version":[{"id":23,"href":"https:\/\/yokoboost.com\/ja\/wp-json\/wp\/v2\/pages\/18\/revisions\/23"}],"wp:attachment":[{"href":"https:\/\/yokoboost.com\/ja\/wp-json\/wp\/v2\/media?parent=18"}],"curies":[{"name":"wp","href":"https:\/\/api.w.org\/{rel}","templated":true}]}}