{"id":16,"date":"2025-03-21T23:38:10","date_gmt":"2025-03-21T23:38:10","guid":{"rendered":"https:\/\/yokoboost.com\/?page_id=16"},"modified":"2025-03-21T23:40:29","modified_gmt":"2025-03-21T23:40:29","slug":"%ea%b0%9c%ec%9d%b8%ec%a0%95%eb%b3%b4-%eb%b3%b4%ed%98%b8%ec%a0%95%ec%b1%85","status":"publish","type":"page","link":"https:\/\/yokoboost.com\/ko\/politica-de-privacidade\/","title":{"rendered":"\uac1c\uc778\uc815\ubcf4 \ubcf4\ud638\uc815\ucc45"},"content":{"rendered":"\uc218\uc9d1\ub41c \ubaa8\ub4e0 \uc815\ubcf4\ub294 \ub2f9\uc0ac \uc6f9\uc0ac\uc774\ud2b8 \uc774\uc6a9 \uacbd\ud5d8\uc744 \uac1c\uc120\ud558\ub294 \ub370 \uc0ac\uc6a9\ub429\ub2c8\ub2e4. \uc218\uc9d1\ub41c \uc815\ubcf4\uc5d0\ub294 \uc774\ub984, \uc774\uba54\uc77c \uc8fc\uc18c, \uc804\ud654\ubc88\ud638 \ubc0f\/\ub610\ub294 \uae30\ud0c0 \uc815\ubcf4\uac00 \ud3ec\ud568\ub420 \uc218 \uc788\uc2b5\ub2c8\ub2e4. YokoBoost\ub97c \uc0ac\uc6a9\ud558\ub294 \uac83\uc740 \ubcf8 \uac1c\uc778\uc815\ubcf4 \ubcf4\ud638 \uacc4\uc57d\uc5d0 \ub3d9\uc758\ud558\ub294 \uac83\uc744 \uc758\ubbf8\ud569\ub2c8\ub2e4. \ubcf8 \uac1c\uc778\uc815\ubcf4 \ubcf4\ud638\uc815\ucc45\uc5d0 \ud3ec\ud568\ub41c \uc57d\uad00\uc5d0 \uc77c\ubd80\ub77c\ub3c4 \ub3d9\uc758\ud558\uc9c0 \uc54a\ub294 \uacbd\uc6b0, YokoBoost\uc5d0\uc11c \uc81c\uacf5\ud558\ub294 \ucf58\ud150\uce20\uc5d0 \uc811\uadfc\ud558\uac70\ub098 \uc0ac\uc6a9\ud574\uc11c\ub294 \uc548 \ub429\ub2c8\ub2e4. \uc6f9\uc0ac\uc774\ud2b8\ub97c \uc0ac\uc6a9\ud568\uc73c\ub85c\uc368 \uadc0\ud558\ub294 \ubcf8 \uac1c\uc778\uc815\ubcf4 \ubcf4\ud638\uc815\ucc45 \ubc0f \uc77c\ubc18 \uc774\uc6a9 \uc57d\uad00\uc5d0 \ub530\ub77c \uadc0\ud558\uc758 \ub370\uc774\ud130 \ucc98\ub9ac\uc5d0 \ub300\ud574 \uc778\uc815\ud558\uace0 \uc644\uc804\ud788 \ub3d9\uc758\ud569\ub2c8\ub2e4. \ub2f9\uc0ac\ub294 \uc0ac\uc6a9\uc790\uc758 \ub3d9\uc758\ub098 \ud1b5\uc9c0 \uc5c6\uc774 \uc5b8\uc81c\ub4e0\uc9c0 \ubcf8 \uac1c\uc778\uc815\ubcf4 \ubcf4\ud638\uc815\ucc45\uc744 \uc218\uc815\ud560 \uad8c\ub9ac\uac00 \uc788\uc73c\ubbc0\ub85c, \uc790\uc8fc \uac80\ud1a0\ud558\uc2dc\uae30 \ubc14\ub78d\ub2c8\ub2e4. \ubcc0\uacbd \uc0ac\ud56d \ubc0f \uc124\uba85\uc740 \uc6f9\uc0ac\uc774\ud2b8\uc5d0 \uac8c\uc2dc\ub418\ub294 \uc989\uc2dc \uc801\uc6a9\ub429\ub2c8\ub2e4. \ubcf8 \uc815\ucc45\uc5d0 \uc911\ub300\ud55c \ubcc0\uacbd \uc0ac\ud56d\uc774 \uc788\ub294 \uacbd\uc6b0, \ub2f9\uc0ac\ub294 \uc218\uc9d1\ud558\ub294 \uc815\ubcf4, \uc815\ubcf4\uc758 \uc0ac\uc6a9 \ubc29\ubc95, \uadf8\ub9ac\uace0 \uc815\ubcf4\uc758 \uc0ac\uc6a9 \ubc0f\/\ub610\ub294 \uacf5\uac1c \uc5ec\ubd80(\uc788\ub294 \uacbd\uc6b0)\ub97c \uc54c \uc218 \uc788\ub3c4\ub85d \uc5ec\uae30\uc5d0 \uc5c5\ub370\uc774\ud2b8\ub418\uc5c8\uc74c\uc744 \uc54c\ub824\ub4dc\ub9bd\ub2c8\ub2e4. YokoBoost\ub294 \uc0ac\uc6a9\uc790\uc758 \uac1c\uc778\uc815\ubcf4 \ubcf4\ud638\uc640 \ub370\uc774\ud130 \uc0ac\uc6a9 \ubc29\uc2dd\uc758 \ud22c\uba85\uc131\uc744 \uc874\uc911\ud569\ub2c8\ub2e4. \ub2f9\uc0ac\uc758 \uac1c\uc778\uc815\ubcf4 \ubcf4\ud638\uc815\ucc45\uc740 \uad6d\uc81c \ubc0f \uad6d\ub0b4 \ub370\uc774\ud130 \ubcf4\ud638 \ud45c\uc900\uc5d0 \ub530\ub77c \ub9c8\ub828\ub418\uc5c8\uc2b5\ub2c8\ub2e4. \ubcf8 \uac1c\uc778\uc815\ubcf4 \ubcf4\ud638\uc815\ucc45\uc740 YokoBoost\uc758 \uc77c\ubc18 \uc774\uc6a9 \uc57d\uad00(https:\/\/www.yokoboost.com\/general-terms-use-conditions\/)\uacfc \ud568\uaed8 \uc77d\uace0 \ud574\uc11d\ub418\uc5b4\uc57c \ud569\ub2c8\ub2e4. <a href=\"https:\/\/yokoboost.com\/ko\/%ec%9d%b4%ec%9a%a9-%ec%95%bd%ea%b4%80\/\">https:\/\/yokoboost.com\/termos-de-uso\/<\/a>\n<h2 class=\"wp-block-heading\">\uc0ac\uc6a9\uc790\ub97c \uc704\ud55c \uc77c\ubc18 \uc815\ubcf4<\/h2>\nYokoBoost\ub294 \uc0ac\uc6a9\uc790\uc640 \uc815\ubcf4\ub97c \uacf5\uc720\ud558\uc5ec \ub204\uad6c\ub098 \uc9c0\uc2dd\uc5d0 \uc811\uadfc\ud560 \uc218 \uc788\ub3c4\ub85d \ud558\ub294 \uac83\uc744 \ubaa9\ud45c\ub85c \ud569\ub2c8\ub2e4. \uc0ac\uc6a9\uc790\ub294 \ub4f1\ub85d \uc5c6\uc774 YokoBoost \uc6f9\uc0ac\uc774\ud2b8\ub97c \uc774\uc6a9\ud560 \uc218 \uc788\uc2b5\ub2c8\ub2e4. YokoBoost\ub294 \ub370\uc774\ud130 \uc800\uc7a5, \ubcf4\ud638, \uac1c\uc778\uc815\ubcf4 \ubcf4\ud638 \ubc0f \uc804\uc1a1\uc5d0 \ub300\ud55c \uad6d\uc81c \ubcf4\uc548 \ud45c\uc900 \ubc0f \uaddc\ubc94\uc744 \uc900\uc218\ud569\ub2c8\ub2e4. \uc5b4\ub5a4 \ub370\uc774\ud130 \uc800\uc7a5, \ubcf4\ud638, \uac1c\uc778\uc815\ubcf4 \ubcf4\ud638 \ub610\ub294 \uc804\uc1a1 \ubc29\uc2dd\ub3c4 100%\ub9cc\ud07c \uc548\uc804\ud558\uace0 \uce68\ud574\ud560 \uc218 \uc5c6\ub2e4\ub294 \uc810\uc5d0 \uc720\uc758\ud574\uc57c \ud569\ub2c8\ub2e4. YokoBoost\ub294 \uad6d\ub0b4\uc678 \uae30\uc220 \ubc0f \uaddc\uc81c \ubc1c\uc804\uc5d0 \ub530\ub77c \uc9c0\uc18d\uc801\uc73c\ub85c \uac80\ud1a0 \ubc0f \uac1c\uc120\ub418\ub294 \uad00\ud589\uacfc \uae30\uc220\uc744 \ucc44\ud0dd\ud569\ub2c8\ub2e4. &#039;\ubcf4\ud638&#039;\ub780 \ub370\uc774\ud130\uc5d0 \ub300\ud55c \ubb34\ub2e8 \uc811\uadfc, \uc0ac\uc6a9, \ubcc0\uacbd, \uacf5\uac1c \ub610\ub294 \ud30c\uae30\ub97c \uc758\ubbf8\ud569\ub2c8\ub2e4. \uc774\ub7ec\ud55c \uc0ac\uace0\ub97c \ubc29\uc9c0\ud558\uae30 \uc704\ud574 \uc554\ud638\ud654\ub41c \ud1b5\uc2e0, \uc811\uadfc \uc81c\uc5b4, \uc548\uc804\ud55c \uc18c\ud504\ud2b8\uc6e8\uc5b4 \uac1c\ubc1c \uc900\uc218, \ub0b4\ubd80 \uaddc\uc815 \uc900\uc218 \uc815\ucc45, \uadf8\ub9ac\uace0 \ub370\uc774\ud130 \uc218\uba85 \uc8fc\uae30 \uc804\ubc18\uc5d0 \uac78\uccd0 \ubcf4\uc548\uc744 \ubcf4\uc7a5\ud558\ub294 \ucc45\uc784 \ubc0f \uc704\ud5d8 \uc644\ud654 \uc870\uce58 \ub4f1\uc758 \uc870\uce58\uc5d0 \ud22c\uc790\ud569\ub2c8\ub2e4. \uc0ac\uc6a9\uc790 \uc815\ubcf4\ub294 \uc548\uc804\ud558\uace0 \uba85\uc131\uc774 \ub192\uc73c\uba70 \uad6d\uc81c\uc801\uc73c\ub85c \uc778\uc815\ubc1b\ub294 \ub370\uc774\ud130\ubca0\uc774\uc2a4\uc5d0 \uc800\uc7a5\ub429\ub2c8\ub2e4. YokoBoost\ub294 \uc81c\ud488\uc758 \uc885\ub958\uc640 \uad00\uacc4\uc5c6\uc774 \uc5b4\ub5a0\ud55c \uc720\ud615\uc758 \uc81c\ud488 \ucd9c\uc2dc\uc5d0 \ub300\ud574\uc11c\ub3c4 \uae08\uc804\uc801 \ub300\uac00\ub97c \uc694\uad6c\ud558\uc9c0 \uc54a\uc2b5\ub2c8\ub2e4. \uc774\ub7ec\ud55c \uc0c1\ud669\uc774 \ubc1c\uc0dd\ud558\uba74 \uc989\uc2dc \uc54c\ub824\uc8fc\uc2dc\uae30 \ubc14\ub78d\ub2c8\ub2e4. \uc800\ud76c\ub294 \ubaa8\ub4e0 \uc815\ubcf4\ub97c \ucd5c\ub300\ud55c \ucd5c\uc2e0 \uc0c1\ud0dc\ub85c \uc720\uc9c0\ud558\uae30 \uc704\ud574 \ucd5c\uc120\uc744 \ub2e4\ud569\ub2c8\ub2e4. \ud558\uc9c0\ub9cc \uc774 \uc815\ubcf4\ub294 \ud2b9\uc815 \uc0ac\uc774\ud2b8\uc758 \uae30\uad00 \ub610\ub294 \uc11c\ube44\uc2a4 \uc81c\uacf5\uc5c5\uccb4 \uc6f9\uc0ac\uc774\ud2b8\uc5d0 \uc788\ub294 \uc815\ubcf4\uc640 \ub2e4\ub97c \uc218 \uc788\ub2e4\ub294 \uc810\uc5d0 \uc720\uc758\ud558\uc2dc\uae30 \ubc14\ub78d\ub2c8\ub2e4. \uc800\ud76c\ub294 \uc774 \uc815\ubcf4\uc758 \uc815\ud655\uc131\uc774\ub098 \ucd5c\uc2e0\uc131\uc744 \ubcf4\uc7a5\ud558\uc9c0 \uc54a\uc2b5\ub2c8\ub2e4. \uc120\ud0dd\ud558\uc2e0 \uae30\uad00\uc758 \uc774\uc6a9 \uc57d\uad00\uc744 \ud56d\uc0c1 \uc77d\uc5b4\uc8fc\uc2dc\uae30 \ubc14\ub78d\ub2c8\ub2e4. \uc800\ud76c\ub294 \uc0ac\uc774\ud2b8 \uad11\uace0 \ubc0f \uc81c\ud488\uc774\ub098 \uc81c\uc548\uc744 \uc694\uccad\ud558\ub294 \uc0ac\uc6a9\uc790\ub97c \ucd94\ucc9c\ud558\ub294 \ud30c\ud2b8\ub108\uc0ac\ub85c\ubd80\ud130 \uc18c\uc561\uc758 \uc218\uc218\ub8cc\ub97c \ubc1b\uc2b5\ub2c8\ub2e4. \uc800\ud76c\uac00 \uac8c\uc2dc\ud558\ub294 \ubaa8\ub4e0 \ub0b4\uc6a9\uc740 \uac01 \uc81c\ud488\uc5d0 \ub300\ud55c \uc815\ub7c9\uc801 \ubc0f \uc815\uc131\uc801 \ud3c9\uac00\ub97c \uae30\ubc18\uc73c\ub85c \ud569\ub2c8\ub2e4. \ud30c\ud2b8\ub108\uc0ac\ub294 \uc800\ud76c\uac00 \uc791\uc131\ud558\uace0 \ub9ac\ubdf0\ud558\ub294 \uc81c\ud488, \uadf8\ub9ac\uace0 &quot;\ucd5c\uace0&quot; \uae30\uc0ac\uc758 \uc21c\uc11c \ubc0f YokoBoost\uc5d0\uc11c\uc758 \uc81c\ud488 \ud3ec\uc9c0\uc154\ub2dd\uc5d0 \uc9c1\uc811\uc801\uc778 \uc601\ud5a5\uc744 \ubbf8\uce60 \uc218 \uc788\ub2e4\ub294 \uc810\uc5d0 \uc720\uc758\ud558\uc2dc\uae30 \ubc14\ub78d\ub2c8\ub2e4. \uc800\ud76c \uc0ac\uc774\ud2b8\uc5d0 \uac8c\uc2dc\ub418\ub294 \uc815\ubcf4\uc758 \uc591\uc744 \uace0\ub824\ud560 \ub54c, \uc800\ud76c\ub294 \uc815\ubcf4\uc758 \ud488\uc9c8 \ubc0f \ucd5c\uc2e0\uc131\uc5d0 \ub300\ud574 \uc5b4\ub5a0\ud55c \ubcf4\uc7a5\ub3c4 \uc81c\uacf5\ud558\uc9c0 \uc54a\uc2b5\ub2c8\ub2e4. \ub530\ub77c\uc11c \ud30c\ud2b8\ub108\uc0ac\ub85c\ubd80\ud130 \uc81c\uacf5\ub418\ub294 \uc815\ubcf4\ub97c \uc6b0\uc120\uc801\uc73c\ub85c \uc81c\uacf5\ud569\ub2c8\ub2e4. \uc800\ud76c\ub294 \uadc0\ud558\uc758 \uac1c\uc778 \uc815\ubcf4\ub97c \ubcf4\ud638\ud558\uae30 \uc704\ud574 \ud569\ub9ac\uc801\uc778 \uc608\ubc29 \uc870\uce58\ub97c \ucde8\ud558\uace0 \uc5c5\uacc4 \ubaa8\ubc94 \uc0ac\ub840\ub97c \uc900\uc218\ud558\uc5ec \uc815\ubcf4\uac00 \ubd80\uc801\uc808\ud558\uac8c \ubd84\uc2e4, \uc624\uc6a9, \uc811\uadfc, \uacf5\uac1c, \ubcc0\uacbd \ub610\ub294 \ud30c\uae30\ub418\uc9c0 \uc54a\ub3c4\ub85d \ud569\ub2c8\ub2e4.\n<h2 class=\"wp-block-heading\">\ud0c0\uc0ac \uc0ac\uc774\ud2b8 \ub9c1\ud06c<\/h2>\nYokoBoost\ub294 \ub2e4\ub978 \uc6f9\uc0ac\uc774\ud2b8\ub85c \uc5f0\uacb0\ub418\ub294 \ub9c1\ud06c\ub97c \uc81c\uacf5\ud558\uba70, \ub2f9\uc0ac \ud310\ub2e8\uc5d0 \ub530\ub974\uba74 \uc774\ub7ec\ud55c \uc6f9\uc0ac\uc774\ud2b8\uc5d0\ub294 \ubc29\ubb38\uc790\uc5d0\uac8c \uc720\uc6a9\ud55c \uc815\ubcf4\ub098 \ub3c4\uad6c\uac00 \ud3ec\ud568\ub418\uc5b4 \uc788\uc744 \uc218 \uc788\uc2b5\ub2c8\ub2e4. \ub2f9\uc0ac\uc758 \uac1c\uc778\uc815\ubcf4 \ubcf4\ud638\uc815\ucc45\uc740 \uc81c3\uc790 \uc6f9\uc0ac\uc774\ud2b8\uc5d0\ub294 \uc801\uc6a9\ub418\uc9c0 \uc54a\uc2b5\ub2c8\ub2e4. \ub2f9\uc0ac\ub294 \uc774\ub7ec\ud55c \uc6f9\uc0ac\uc774\ud2b8\uc758 \uac1c\uc778\uc815\ubcf4 \ubcf4\ud638\uc815\ucc45\uc774\ub098 \ucf58\ud150\uce20\uc5d0 \ub300\ud574 \ucc45\uc784\uc744 \uc9c0\uc9c0 \uc54a\uc2b5\ub2c8\ub2e4. YokoBoost\ub294 \uc774\ub7ec\ud55c \uc6f9\uc0ac\uc774\ud2b8\uc5d0 \ub300\ud55c \uc5b4\ub5a0\ud55c \ud1b5\uc81c\uad8c\ub3c4 \ud589\uc0ac\ud558\uc9c0 \uc54a\uc73c\ubbc0\ub85c, \uc6f9\uc0ac\uc774\ud2b8\uc5d0 \uad11\uace0\ub41c \uc81c3\uc790 \uc81c\ud488 \ubc0f \uc11c\ube44\uc2a4\uc640 \uc0ac\uc6a9\uc790 \uac04\uc758 \uad00\uacc4\uc5d0 \ub300\ud55c \uc5b4\ub5a0\ud55c \ucc45\uc784\ub3c4 \uba74\uc81c\ub429\ub2c8\ub2e4. \ub2f9\uc0ac \uc6f9\uc0ac\uc774\ud2b8\ub97c \ub5a0\ub098\uac70\ub098 \uc81c3\uc790 \uc560\ud50c\ub9ac\ucf00\uc774\uc158 \ub610\ub294 \uc6f9\uc0ac\uc774\ud2b8\ub85c \ub9ac\ub514\ub809\uc158\ub418\ub294 \uacbd\uc6b0, \ubcf8 \uac1c\uc778\uc815\ubcf4 \ubcf4\ud638\uc815\ucc45 \ub610\ub294 \ub2f9\uc0ac \uc6f9\uc0ac\uc774\ud2b8\uc758 \uc11c\ube44\uc2a4 \uc57d\uad00\uc774 \ub354 \uc774\uc0c1 \uc801\uc6a9\ub418\uc9c0 \uc54a\uc2b5\ub2c8\ub2e4. \ub370\uc774\ud130 \uc81c\uacf5 \ud6c4 \ub9c8\uc74c\uc774 \ubc14\ub00c\uba74 \uc5b8\uc81c\ub4e0\uc9c0 contato@appsntech.com\uc73c\ub85c \uc5f0\ub77d\ud558\uc5ec \uc815\ubcf4\uc758 \uc9c0\uc18d\uc801\uc778 \uc218\uc9d1, \uc0ac\uc6a9 \ub610\ub294 \uacf5\uac1c\uc5d0 \ub300\ud55c \ub2f9\uc0ac\uc758 \uc5f0\ub77d \ub3d9\uc758\ub97c \ucca0\ud68c\ud560 \uc218 \uc788\uc2b5\ub2c8\ub2e4.\n<h2 class=\"wp-block-heading\">\ube44\uac1c\uc778\uc815\ubcf4<\/h2>\n\uc0ac\uc6a9\uc790\uac00 YokoBoost\uc5d0\uc11c \ubb34\ub8cc \ucf58\ud150\uce20(\uc804\uc790\ucc45, \ud034\uc988, \uae30\uc0ac, \uc778\ud3ec\uadf8\ub798\ud53d \ub4f1)\ub97c \uc694\uccad\ud558\uc9c0 \uc54a\uc744 \uacbd\uc6b0, \ube44\uac1c\uc778 \ub370\uc774\ud130\uc758 \ucd94\uc801 \ubc0f \uc218\uc9d1\uc774 \uc218\ud589\ub420 \uc218 \uc788\uc73c\uba70, \uc5ec\uae30\uc5d0\ub294 \ubc29\ubb38\ud55c \uc6f9\uc0ac\uc774\ud2b8 \ud398\uc774\uc9c0, \ubc29\ubb38 \uc2dc\uac04, \ud074\ub9ad\ud55c \ud558\uc774\ud37c\ub9c1\ud06c, \uc694\uccad \ub610\ub294 \ud45c\uc2dc\ub41c \ucf58\ud150\uce20\ub098 \uc11c\ube44\uc2a4 \ub4f1\uc758 \uc138\ubd80 \uc815\ubcf4\uac00 \ud3ec\ud568\ub429\ub2c8\ub2e4.\n<h2 class=\"wp-block-heading\">\ucfe0\ud0a4<\/h2>\nGoogle\uc740 \uc81c3\uc790 \uacf5\uae09\uc5c5\uccb4\ub85c\uc11c \ucfe0\ud0a4\ub97c \uc0ac\uc6a9\ud558\uc5ec \uad11\uace0\ub97c \uac8c\uc7ac\ud569\ub2c8\ub2e4. DART \ucfe0\ud0a4\ub97c \ud1b5\ud574 Google\uc740 \ub3c5\uc790\uac00 \uc778\ud130\ub137\uc758 \ub2e4\ub978 \uc6f9\uc0ac\uc774\ud2b8\ub97c \ubc29\ubb38\ud55c \uae30\ub85d\uc744 \uae30\ubc18\uc73c\ub85c \uad11\uace0\ub97c \ud45c\uc2dc\ud560 \uc218 \uc788\uc2b5\ub2c8\ub2e4. \uc0ac\uc6a9\uc790\ub294 Google \uad11\uace0 \ubc0f \ucf58\ud150\uce20 \ub124\ud2b8\uc6cc\ud06c \uac1c\uc778\uc815\ubcf4\ucc98\ub9ac\ubc29\uce68\uc744 \ubc29\ubb38\ud558\uc5ec DART \ucfe0\ud0a4\ub97c \uac70\ubd80\ud560 \uc218 \uc788\uc2b5\ub2c8\ub2e4. YokoBoost\ub294 \uc0ac\uc6a9\uc790 \ud0d0\uc0c9\uc744 \uc6a9\uc774\ud558\uac8c \ud558\uae30 \uc704\ud574 \ub370\uc774\ud130 \ubc0f IP(\uc778\ud130\ub137 \ud504\ub85c\ud1a0\ucf5c) \uc2dd\ubcc4 \uc815\ubcf4\ub97c \uc218\uc9d1\ud558\ub294 \ub370 \ucfe0\ud0a4\ub97c \uc0ac\uc6a9\ud558\uc5ec \ub370\uc774\ud130 \ubcf4\uc548, \ubcf4\ud638 \ubc0f \uc2e0\ub8b0\uc131\uc744 \ubcf4\uc7a5\ud569\ub2c8\ub2e4. \ub610\ud55c, \ub2f9\uc0ac\ub294 \uc6f9\uc0ac\uc774\ud2b8 \uc720\uc9c0 \uad00\ub9ac \ube44\uc6a9\uc744 \ucda9\ub2f9\ud558\uae30 \uc704\ud574 \uc81c3\uc790 \uad11\uace0\ub97c \uc0ac\uc6a9\ud569\ub2c8\ub2e4. \uc774\ub7ec\ud55c \uad11\uace0\uc8fc \uc911 \uc77c\ubd80\ub294 \ub2f9\uc0ac \uc6f9\uc0ac\uc774\ud2b8\uc5d0 \uad11\uace0\ud560 \ub54c \ucfe0\ud0a4\uc640 \uac19\uc740 \uae30\uc220\uc744 \uc0ac\uc6a9\ud560 \uc218 \uc788\uc73c\uba70, \uc774\ub85c \uc778\ud574 \uc774\ub7ec\ud55c \uad11\uace0\uc8fc(\uc608: Google AdSense \ubc0f Ad Exchange\ub97c \ud1b5\ud55c Google)\ub294 IP \uc8fc\uc18c, ISP, \ube0c\ub77c\uc6b0\uc800 \ub4f1\uacfc \uac19\uc740 \uac1c\uc778 \uc815\ubcf4\ub97c \uc218\uc2e0\ud558\uac8c \ub429\ub2c8\ub2e4. \uc774 \uae30\ub2a5\uc740 \uc77c\ubc18\uc801\uc73c\ub85c \uc9c0\ub9ac\uc801 \ud0c0\uac9f\ud305(\uc0ac\uc6a9\uc790\uc758 \uc9c0\ub9ac\uc801 \uc704\uce58\uc5d0 \ub530\ub77c \uc758\ubbf8 \uc788\ub294 \uad11\uace0 \ud45c\uc2dc)\uc5d0 \uc0ac\uc6a9\ub429\ub2c8\ub2e4. \uc0ac\uc6a9\uc790\ub294 \uc5b8\uc81c\ub4e0\uc9c0 \ube0c\ub77c\uc6b0\uc800 \uc124\uc815\uc5d0\uc11c \ucfe0\ud0a4 \ud5c8\uc6a9 \uc5ec\ubd80\ub97c \ubcc0\uacbd\ud560 \uc218 \uc788\uc73c\uba70, \ucfe0\ud0a4 \ud0d0\uc0c9\uc744 \ube44\ud65c\uc131\ud654\ud558\uba74 YokoBoost\uc758 \uc77c\ubd80 \uae30\ub2a5\uc774 \uc190\uc0c1\ub420 \uc218 \uc788\uc2b5\ub2c8\ub2e4.\n<h2 class=\"wp-block-heading\">\uac1c\uc778 \uc2dd\ubcc4 \ub370\uc774\ud130<\/h2>\nYokoBoost\uc758 \uae30\uc0ac, \uc804\uc790\ucc45, \ud034\uc988 \ub4f1 \ubb34\ub8cc \ucf58\ud150\uce20\uc5d0 \uc561\uc138\uc2a4\ud558\ub824\uba74 \uc0ac\uc6a9\uc790\ub294 \uc774\uba54\uc77c \uc8fc\uc18c\uc640 \uc131\uba85\uc744 \ud3ec\ud568\ud55c \ud2b9\uc815 \uac1c\uc778 \uc2dd\ubcc4 \uc815\ubcf4\ub97c \uc81c\uacf5\ud574\uc57c \ud569\ub2c8\ub2e4.YokoBoost\uc5d0\uc11c \ucc98\ub9ac\ud558\ub294 \uac1c\uc778 \uc2dd\ubcc4 \ub370\uc774\ud130\ub294 \ub2e4\uc74c \ubaa9\uc801\uc73c\ub85c \uc0ac\uc6a9\ub429\ub2c8\ub2e4.- \uc0ac\uc6a9\uc790\ub97c \uc815\ud655\ud558\uace0 \uc815\ud655\ud558\uac8c \uc2dd\ubcc4\ud558\uc5ec \ubcf4\uc548\uacfc \ubcf4\ud638\ub97c \uac15\ud654\ud569\ub2c8\ub2e4.- YokoBoost\uc5d0\uc11c \uc81c\uacf5\ud558\ub294 \uc11c\ube44\uc2a4 \ubc0f \uc81c\ud488\uc5d0 \uc561\uc138\uc2a4\ud569\ub2c8\ub2e4.- YokoBoost\uac00 \uc0ac\uc6a9\uc790 \ud504\ub85c\ud544\uc744 \ubd84\uc11d\ud558\uc5ec \uc2e4\uc81c \uc694\uad6c \uc0ac\ud56d\uacfc \uc0c1\ud669\uc5d0 \ub530\ub77c \ucd5c\uc0c1\uc758 \uc81c\ud488\uacfc \uc815\ubcf4\ub97c \ucd94\ucc9c\ud569\ub2c8\ub2e4.YokoBoost\ub294 \uc0ac\uc6a9\uc790 \ud504\ub85c\ud544\uc744 \ucd94\uac00\ub85c \ubd84\uc11d\ud558\uae30 \uc704\ud574 \uc124\ubb38 \uc870\uc0ac\ub97c \uc2e4\uc2dc\ud558\uc5ec \uc0ac\uc6a9\uc790\uc5d0 \ub300\ud55c \ub354 \uc790\uc138\ud55c \uc815\ubcf4\ub97c \uc5bb\uace0 \uac01 \uc0ac\uc6a9\uc790\uc758 \uc120\ud638\ub3c4\uc640 \ud544\uc694\uc5d0 \ub530\ub77c \uac1c\uc778\ud654\ub41c \uc81c\ud488\uacfc \uc11c\ube44\uc2a4\ub97c \ucd94\ucc9c\ud560 \uc218 \uc788\uc2b5\ub2c8\ub2e4.\ub530\ub77c\uc11c YokoBoost\uc640 \ud30c\ud2b8\ub108 \ud68c\uc0ac\ub294 \uc0ac\uc6a9\uc790\uc5d0\uac8c \ud544\uc694\ud55c \uc9c0\uce68\uc774 \ud3ec\ud568\ub41c \uc774\uba54\uc77c\uc744 \ud3ec\ud568\ud558\ub294 \ub9cc\uc871\ub3c4 \uc124\ubb38 \uc870\uc0ac\uc5d0 \ucc38\uc5ec\ud558\ub3c4\ub85d \uc694\uccad\ud560 \uc218 \uc788\uc2b5\ub2c8\ub2e4.\uc218\uc9d1\ub41c \ub370\uc774\ud130\ub294 \uc8fc\ub85c YokoBoost\uc640 \ud30c\ud2b8\ub108 \ud68c\uc0ac\uac00 \uc81c\uacf5\ud558\ub294 \uc2dc\uc2a4\ud15c, \uc81c\ud488, \ucf58\ud150\uce20 \ubc0f \uc11c\ube44\uc2a4\ub97c \uac1c\uc120\ud558\ub294 \ub370 \uc0ac\uc6a9\ub429\ub2c8\ub2e4. \uc0ac\uc6a9\uc790\uac00 \ubb38\uc81c \uc2e0\uace0, \uc9c8\ubb38, \uc9c0\uc6d0 \uc694\uccad\uc744 \uc704\ud574 \ub2f9\uc0ac\uc5d0 \uc5f0\ub77d\ud558\ub294 \uacbd\uc6b0, \ub2f9\uc0ac\ub294 \uc0ac\uc6a9\uc790\uc758 \uc5f0\ub77d\ucc98 \uc815\ubcf4\uc640 \ud568\uaed8 \ubb38\uc81c \ub610\ub294 \uc9c8\ubb38 \uc870\uc0ac\uc5d0 \ud544\uc694\ud55c \ud574\ub2f9 \uba54\uc2dc\uc9c0 \ubc0f \uae30\ud0c0 \ub370\uc774\ud130\ub97c \uc218\uc9d1 \ubc0f \uc800\uc7a5\ud569\ub2c8\ub2e4. \uc774 \ub370\uc774\ud130\ub294 \uc218\uc9d1\ub41c \uc815\ubcf4\ub97c \uae30\ubc18\uc73c\ub85c \ud55c \uc9c8\ubb38 \ud574\uacb0, \uc758\ubb38 \uc0ac\ud56d \ud574\uc18c, \ubb38\uc81c \ud574\uacb0, \uc2dc\uc2a4\ud15c \uac1c\uc120\uc744 \ud1b5\ud574 YokoBoost \uc0ac\uc6a9\uc790 \uacbd\ud5d8\uc744 \ub354\uc6b1 \ud5a5\uc0c1\uc2dc\ud0a4\ub294 \ub370 \uc0ac\uc6a9\ub429\ub2c8\ub2e4.\n<h2 class=\"wp-block-heading\">\ub370\uc774\ud130 \uacf5\uc720\uc5d0 \uad00\ud558\uc5ec<\/h2>\nYokoBoost\ub294 \uc0ac\uc6a9\uc790\uc758 \uac1c\uc778 \uc815\ubcf4 \ub610\ub294 \ub370\uc774\ud130\ub97c \ud310\ub9e4\ud558\uc9c0 \uc54a\uc9c0\ub9cc, \uc0ac\uc6a9\uc790\uc758 \ud504\ub85c\ud544\uacfc \uc694\uad6c\uc5d0 \uac00\uc7a5 \uc801\ud569\ud55c \uc81c\ud488 \ubc0f \uc11c\ube44\uc2a4\ub97c \ucd94\ucc9c\ud558\uac70\ub098 \uc0ac\uc6a9\uc790\uac00 \uc694\uccad\ud55c \uc81c\ud488 \ubc0f\/\ub610\ub294 \uc11c\ube44\uc2a4\ub97c \uc81c\uacf5\ud558\uae30 \uc704\ud574 \ud30c\ud2b8\ub108 \ud68c\uc0ac\uc640 \uacf5\uc720\ud560 \uc218 \uc788\uc2b5\ub2c8\ub2e4. YokoBoost\ub294 \uc0ac\ubc95 \ub2f9\uad6d \ub610\ub294 \uc815\ubd80 \uae30\uad00\uacfc \ud611\ub825\ud558\uac70\ub098 \uc9c0\uc6d0\ud560 \uad8c\ub9ac\ub97c \ubcf4\uc720\ud558\uba70, \ub2e4\uc74c\uacfc \uac19\uc740 \ubaa9\uc801\uc73c\ub85c \uc0ac\uc6a9\uc790\uc758 \uac1c\uc778 \uc2dd\ubcc4 \ub370\uc774\ud130\ub97c \uacf5\uc720\ud560 \uc218 \uc788\uc2b5\ub2c8\ub2e4. a) \ubc95\uc801 \uad8c\ub9ac \ud655\ub9bd \ub610\ub294 \ud589\uc0ac; b) \uc790\uc0b0 \ubcf4\ud638; c) \uc0ac\uc6a9\uc790, \uc9c1\uc6d0, \uad00\ub9ac\uc790 \ub610\ub294 \ud574\ub2f9 \ud589\uc704 \ub610\ub294 \ubd80\uc791\uc704\ub85c \uc778\ud574 \ud53c\ud574\ub97c \uc785\uc740 \uc0ac\ub78c\uc744 \ubcf4\ud638\ud558\uae30 \uc704\ud574 \uc9c0\uc6d0 \ub610\ub294 \ud611\ub825\uc774 \ud544\uc694\ud558\ub2e4\uace0 \ud310\ub2e8\ub418\ub294 \uacbd\uc6b0.\n<h2 class=\"wp-block-heading\">\uc6d0\uc2dc \ub370\uc774\ud130 \ubc0f \uc218\uc9d1\ub418\uc9c0 \uc54a\uc740 \ub370\uc774\ud130\uc5d0 \uad00\ud558\uc5ec<\/h2>\nYokoBoost\ub294 \ubd80\ubaa8 \ub610\ub294 \ubc95\uc801 \ubcf4\ud638\uc790\uc758 \uc0ac\uc804 \ub3d9\uc758 \uc5c6\uc774 \ub9cc 13\uc138 \ubbf8\ub9cc \uc544\ub3d9\uc758 \uac1c\uc778\uc815\ubcf4\ub97c \ucc98\ub9ac\ud558\uc9c0 \uc54a\uc2b5\ub2c8\ub2e4. \ub9cc 13\uc138 \ubbf8\ub9cc \uc544\ub3d9\uc758 \uac1c\uc778\uc815\ubcf4\uac00 \ubd80\ubaa8 \ub610\ub294 \ubc95\uc801 \ubcf4\ud638\uc790\uc758 \uba85\uc2dc\uc801\uc778 \ub3d9\uc758 \uc5c6\uc774 \uc758\ub3c4\uce58 \uc54a\uac8c \uc218\uc9d1 \ubc0f \ucc98\ub9ac\ub418\ub294 \uacbd\uc6b0, YokoBoost\ub294 \uc0ac\uc804 \ud1b5\uc9c0 \uc5c6\uc774 \uc218\uc9d1\ub41c \ubaa8\ub4e0 \ub370\uc774\ud130\ub97c \uc0ad\uc81c\ud569\ub2c8\ub2e4. \ub2f9\uc0ac\uac00 \uc544\ub3d9\uc758 \ub370\uc774\ud130\ub97c \uc2e4\uc218\ub85c \ucc98\ub9ac\ud588\ub2e4\ub294 \uc0ac\uc2e4\uc744 \uc54c\uac8c \ub418\uc2dc\uba74 \uc989\uc2dc \uc774\uba54\uc77c\uc744 \ud1b5\ud574 \ub2f9\uc0ac\uc5d0 \uc5f0\ub77d\ud574 \uc8fc\uc2dc\uae30 \ubc14\ub78d\ub2c8\ub2e4. <a>contato@appsntech.com<\/a>, \uadf8\ub7ec\uba74 \uc6b0\ub9ac\ub294 \ud544\uc694\ud55c \uc870\uce58\ub97c \ucde8\ud560 \uc218 \uc788\uc744 \uac83\uc785\ub2c8\ub2e4.","protected":false},"excerpt":{"rendered":"<p>Todas as informa\u00e7\u00f5es recolhidas ser\u00e3o utilizadas para melhorar sua experi\u00eancia dentro do nosso site. As informa\u00e7\u00f5es recolhidas podem incluir o seu nome, email, n\u00famero de telefone e\/ou outros. O uso do YokoBoost pressup\u00f5e a aceita\u00e7\u00e3o deste Acordo de Privacidade. Caso o usu\u00e1rio n\u00e3o concorde, ainda que em parte, com os termos e condi\u00e7\u00f5es contidos nesta &#8230; <a title=\"\uac1c\uc778\uc815\ubcf4 \ubcf4\ud638\uc815\ucc45\" class=\"read-more\" href=\"https:\/\/yokoboost.com\/ko\/politica-de-privacidade\/\" aria-label=\"Politica de Privacidade\uc5d0 \ub300\ud574 \ub354 \uc790\uc138\ud788 \uc54c\uc544\ubcf4\uc138\uc694\">\ub354 \uc77d\uae30<\/a><\/p>","protected":false},"author":1,"featured_media":0,"parent":0,"menu_order":0,"comment_status":"closed","ping_status":"closed","template":"","meta":{"footnotes":""},"class_list":["post-16","page","type-page","status-publish"],"_links":{"self":[{"href":"https:\/\/yokoboost.com\/ko\/wp-json\/wp\/v2\/pages\/16","targetHints":{"allow":["GET"]}}],"collection":[{"href":"https:\/\/yokoboost.com\/ko\/wp-json\/wp\/v2\/pages"}],"about":[{"href":"https:\/\/yokoboost.com\/ko\/wp-json\/wp\/v2\/types\/page"}],"author":[{"embeddable":true,"href":"https:\/\/yokoboost.com\/ko\/wp-json\/wp\/v2\/users\/1"}],"replies":[{"embeddable":true,"href":"https:\/\/yokoboost.com\/ko\/wp-json\/wp\/v2\/comments?post=16"}],"version-history":[{"count":2,"href":"https:\/\/yokoboost.com\/ko\/wp-json\/wp\/v2\/pages\/16\/revisions"}],"predecessor-version":[{"id":24,"href":"https:\/\/yokoboost.com\/ko\/wp-json\/wp\/v2\/pages\/16\/revisions\/24"}],"wp:attachment":[{"href":"https:\/\/yokoboost.com\/ko\/wp-json\/wp\/v2\/media?parent=16"}],"curies":[{"name":"wp","href":"https:\/\/api.w.org\/{rel}","templated":true}]}}