{"id":16,"date":"2025-03-21T23:38:10","date_gmt":"2025-03-21T23:38:10","guid":{"rendered":"https:\/\/yokoboost.com\/?page_id=16"},"modified":"2025-03-21T23:40:29","modified_gmt":"2025-03-21T23:40:29","slug":"privatumo-politika","status":"publish","type":"page","link":"https:\/\/yokoboost.com\/lt\/politica-de-privacidade\/","title":{"rendered":"Privatumo politika"},"content":{"rendered":"Visa surinkta informacija bus naudojama siekiant pagerinti j\u016bs\u0173 patirt\u012f m\u016bs\u0173 svetain\u0117je. Surinkta informacija gali apimti j\u016bs\u0173 vard\u0105, pavard\u0119, el. pa\u0161to adres\u0105, telefono numer\u012f ir (arba) kit\u0105 informacij\u0105. Naudodamiesi \u201eYokoBoost\u201c rei\u0161kia, kad sutinkate su \u0161ia privatumo sutartimi. Jei nesutinkate, net ir i\u0161 dalies, su \u0161ioje privatumo politikoje pateiktomis s\u0105lygomis, netur\u0117tum\u0117te pasiekti ir (arba) naudoti \u201eYokoBoost\u201c si\u016blomo turinio. Naudodamiesi svetaine, j\u016bs patvirtinate ir visi\u0161kai sutinkate su j\u016bs\u0173 duomen\u0173 tvarkymu pagal \u0161ios privatumo politikos ir Bendr\u0173j\u0173 naudojimo s\u0105lyg\u0173 s\u0105lygas. Mes pasiliekame teis\u0119 bet kada keisti \u0161i\u0105 privatumo politik\u0105 be naudotoj\u0173 sutikimo ar prane\u0161imo, tod\u0117l pra\u0161ome j\u0105 da\u017enai per\u017ei\u016br\u0117ti. Pakeitimai ir paai\u0161kinimai \u012fsigalios nedelsiant po j\u0173 paskelbimo svetain\u0117je. Jei atliksime esmini\u0173 \u0161ios politikos pakeitim\u0173, \u010dia prane\u0161ime jums, kad ji buvo atnaujinta, kad \u017einotum\u0117te, koki\u0105 informacij\u0105 renkame, kaip j\u0105 naudojame ir kokiomis aplinkyb\u0117mis, jei toki\u0173 yra, j\u0105 naudojame ir (arba) atskleid\u017eiame. \u201eYokoBoost\u201c gerbia savo naudotoj\u0173 privatum\u0105 ir skaidrum\u0105, kaip naudojami duomenys. M\u016bs\u0173 privatumo politika buvo parengta laikantis tarptautini\u0173 ir nacionalini\u0173 duomen\u0173 apsaugos standart\u0173. \u0160i privatumo politika tur\u0117t\u0173 b\u016bti skaitoma ir ai\u0161kinama kartu su \u201eYokoBoost\u201c bendrosiomis naudojimo s\u0105lygomis, kurias galima rasti adresu <a href=\"https:\/\/yokoboost.com\/lt\/naudojimo-salygos\/\">https:\/\/yokoboost.com\/termos-de-uso\/<\/a>\n<h2 class=\"wp-block-heading\">Bendra informacija vartotojams<\/h2>\n\u201eYokoBoost\u201c siekia dalytis informacija su savo vartotojais, kad \u017einios b\u016bt\u0173 prieinamos visiems. Vartotojai gali nar\u0161yti \u201eYokoBoost\u201c svetain\u0117je nereik\u0117dami registruotis. \u201eYokoBoost\u201c laikosi tarptautini\u0173 saugumo standart\u0173 ir norm\u0173, susijusi\u0173 su duomen\u0173 saugojimu, apsauga, privatumu ir perdavimu. Svarbu pa\u017eym\u0117ti, kad joks duomen\u0173 saugojimo, apsaugos, privatumo ar perdavimo b\u016bdas n\u0117ra 100% saugus ir nelie\u010diamas. \u201eYokoBoost\u201c taiko praktikas ir technologijas, kurios yra nuolat per\u017ei\u016brimos ir tobulinamos, atsi\u017evelgiant \u012f nacionalin\u0119 ir tarptautin\u0119 technin\u0119 bei reguliavimo pa\u017eang\u0105. Kalb\u0117dami apie apsaug\u0105, turime omenyje bet koki\u0105 neteis\u0117t\u0105 prieig\u0105 prie j\u016bs\u0173 duomen\u0173, j\u0173 naudojim\u0105, keitim\u0105, atskleidim\u0105 ar sunaikinim\u0105. Siekdami to i\u0161vengti, investuojame \u012f priemones, apiman\u010dias \u0161ifruot\u0105 ry\u0161\u012f, prieigos kontrol\u0119, saugaus programin\u0117s \u012frangos k\u016brimo laikym\u0105si, vidin\u0119 atitikties politik\u0105 ir atskaitomyb\u0117s bei rizikos ma\u017einimo priemones, kurios u\u017etikrina saugum\u0105 per vis\u0105 duomen\u0173 gyvavimo cikl\u0105. Vartotoj\u0173 informacija taip pat saugoma saugiose, pripa\u017eintose ir tarptautiniu mastu pripa\u017eintose duomen\u0173 baz\u0117se. \u201eYokoBoost\u201c niekada nepra\u0161o pinig\u0173 u\u017e jokio tipo produkto i\u0161leidim\u0105, nepriklausomai nuo jo pob\u016bd\u017eio. Jei taip atsitikt\u0173, nedelsdami prane\u0161kite mums. Stengiam\u0117s, kad visa informacija b\u016bt\u0173 kuo naujausia. Ta\u010diau svarbu atkreipti d\u0117mes\u012f, kad \u0161i informacija gali skirtis nuo konkre\u010dios svetain\u0117s institucij\u0173 ar paslaug\u0173 teik\u0117j\u0173 svetain\u0117se pateikiamos informacijos. Mes negarantuojame \u0161ios informacijos tikslumo ar aktualumo. Visada nepamir\u0161kite perskaityti pasirinkt\u0173 institucij\u0173 naudojimo s\u0105lyg\u0173. Mes gauname nedidel\u012f mokest\u012f u\u017e reklam\u0105 m\u016bs\u0173 svetain\u0117je ir i\u0161 savo partneri\u0173, kai nukreipiame vartotoj\u0105, kuris pra\u0161o produkto ar pasi\u016blymo. Viskas, k\u0105 skelbiame, yra pagr\u012fsta kiekybiniais ir kokybiniais kiekvieno produkto vertinimais. Svarbu atkreipti d\u0117mes\u012f, kad m\u016bs\u0173 partneriai gali tiesiogiai paveikti produktus, apie kuriuos ra\u0161ome ir ap\u017evelgiame, taip pat \u201egeriausi\u0173\u201c straipsni\u0173 eil\u0119 ir produkt\u0173 pozicij\u0105 \u201eYokoBoost\u201c. Atsi\u017evelgdami \u012f informacijos kiek\u012f m\u016bs\u0173 svetain\u0117je, mes nesuteikiame joki\u0173 garantij\u0173 d\u0117l informacijos kokyb\u0117s ir aktualumo; tod\u0117l teikiame pirmenyb\u0119 informacijai i\u0161 savo partneri\u0173. Siekdami apsaugoti j\u016bs\u0173 asmenin\u0119 informacij\u0105, imam\u0117s pagr\u012fst\u0173 atsargumo priemoni\u0173 ir laikom\u0117s geriausios pramon\u0117s praktikos, kad u\u017etikrintume, jog ji neb\u016bt\u0173 netinkamai prarasta, netinkamai panaudota, prie jos neb\u016bt\u0173 pasiekta, ji neb\u016bt\u0173 atskleista, pakeista ar sunaikinta.\n<h2 class=\"wp-block-heading\">Nuorodos \u012f tre\u010di\u0173j\u0173 \u0161ali\u0173 svetaines<\/h2>\n\u201eYokoBoost\u201c turi nuorod\u0173 \u012f kitas svetaines, kuriose, m\u016bs\u0173 nuomone, gali b\u016bti naudingos informacijos ar \u012franki\u0173 m\u016bs\u0173 lankytojams. M\u016bs\u0173 privatumo politika netaikoma tre\u010di\u0173j\u0173 \u0161ali\u0173 svetain\u0117ms. Mes neatsakome u\u017e \u0161i\u0173 svetaini\u0173 privatumo politik\u0105 ar turin\u012f. \u201eYokoBoost\u201c j\u0173 nekontroliuoja ir tod\u0117l atleid\u017eiama nuo bet kokios atsakomyb\u0117s, susijusios su santykiais tarp Vartotojo ir tre\u010di\u0173j\u0173 \u0161ali\u0173 produkt\u0173 bei paslaug\u0173, reklamuojam\u0173 svetain\u0117je. Kai i\u0161einate i\u0161 m\u016bs\u0173 svetain\u0117s arba esate nukreipiami \u012f tre\u010diosios \u0161alies program\u0105 ar svetain\u0119, jums nebetaikoma \u0161i Privatumo politika ar m\u016bs\u0173 svetain\u0117s paslaug\u0173 teikimo s\u0105lygos. Jei pateik\u0119 savo duomenis persigalvojate, galite bet kuriuo metu at\u0161aukti savo sutikim\u0105, kad mes su jumis susisiektume, toliau rinktume, naudotume ar atskleistume j\u016bs\u0173 informacij\u0105, susisiekdami el. pa\u0161tu contato@appsntech.com.\n<h2 class=\"wp-block-heading\">Neasmeniniai duomenys<\/h2>\nKai vartotojai nepra\u0161o nemokamo turinio i\u0161 \u201eYokoBoost\u201c (el. knyg\u0173, viktorin\u0173, straipsni\u0173, infografik\u0173 ir kt.), gali b\u016bti stebimi ir renkami neasmeniniai duomenys, nurodantys, be kita ko, kurie svetain\u0117s puslapiai buvo aplankyti, kada jie buvo aplankyti, kurios nuorodos buvo spustel\u0117tos, koks turinys ar paslaugos buvo pra\u0161omos ar nurodytos ir kt.\n<h2 class=\"wp-block-heading\">Slapukai<\/h2>\n\u201eGoogle\u201c, kaip tre\u010diosios \u0161alies tiek\u0117jas, naudoja slapukus skelbimams rodyti. Naudodama DART slapuk\u0105, \u201eGoogle\u201c gali rodyti skelbimus pagal skaitytojo apsilankymus kitose interneto svetain\u0117se. Vartotojai gali atsisakyti DART slapuko apsilank\u0119 \u201eGoogle\u201c skelbim\u0173 ir turinio tinklo privatumo politikoje. \u201eYokoBoost\u201c naudoja slapukus, kad pad\u0117t\u0173 rinkti duomenis ir IP (interneto protokolo) identifikavimo informacij\u0105, kad palengvint\u0173 vartotojo nar\u0161ym\u0105, pad\u0117dama u\u017etikrinti duomen\u0173 saugum\u0105, apsaug\u0105 ir autenti\u0161kum\u0105. Be to, savo svetain\u0117je taip pat naudojame tre\u010di\u0173j\u0173 \u0161ali\u0173 reklam\u0105, kad padengtume prie\u017ei\u016bros i\u0161laidas. Kai kurie i\u0161 \u0161i\u0173 reklamuotoj\u0173, reklamuodamiesi m\u016bs\u0173 svetain\u0117je, gali naudoti tokias technologijas kaip slapukai, d\u0117l kuri\u0173 \u0161ie reklamuotojai (pvz., \u201eGoogle\u201c per \u201eGoogle AdSense\u201c ir \u201eAd Exchange\u201c) taip pat gaus j\u016bs\u0173 asmenin\u0119 informacij\u0105, pvz., j\u016bs\u0173 IP adres\u0105, interneto paslaug\u0173 teik\u0117j\u0105, nar\u0161ykl\u0119 ir kt. \u0160i funkcija paprastai naudojama geografinei taikymui (rodant skelbimus, kurie yra prasmingi pagal j\u016bs\u0173 geografin\u0119 viet\u0105). Vartotojas bet kuriuo metu gali pakeisti, ar priimti slapukus savo nar\u0161ykl\u0117s nustatymuose, atkreipdamas d\u0117mes\u012f, kad i\u0161jungus nar\u0161ymo slapukus, gali b\u016bti sutrikdytos kai kurios \u201eYokoBoost\u201c funkcijos.\n<h2 class=\"wp-block-heading\">Asmeni\u0161kai identifikuojami duomenys<\/h2>\nNor\u0117dami pasiekti nemokam\u0105 \u201eYokoBoost\u201c turin\u012f, pvz., straipsnius, el. knygas, viktorinas ir kt., vartotojai turi pateikti tam tikr\u0105 asmenin\u0119 informacij\u0105, \u012fskaitant el. pa\u0161to adres\u0105 ir vard\u0105 bei pavard\u0119. \u201eYokoBoost\u201c tvarkomi asmeniniai duomenys naudojami \u0161iais tikslais: \u2013 Teisingas ir tikslus vartotoj\u0173 identifikavimas, taip u\u017etikrinant didesn\u012f j\u0173 saugum\u0105 ir apsaug\u0105; \u2013 Prieiga prie \u201eYokoBoost\u201c teikiam\u0173 paslaug\u0173 ir produkt\u0173; \u2013 \u201eYokoBoost\u201c atliekama vartotoj\u0173 profili\u0173 analiz\u0117, siekiant rekomenduoti geriausius produktus ir informacij\u0105, atsi\u017evelgiant \u012f j\u0173 realius poreikius ir aplinkybes. Siekdama toliau analizuoti vartotoj\u0173 profilius, \u201eYokoBoost\u201c gali atlikti apklausas, kad gaut\u0173 i\u0161samesn\u0117s informacijos apie juos ir atitinkamai rekomenduot\u0173 suasmenintus produktus ir paslaugas, atsi\u017evelgiant \u012f kiekvieno vartotojo pageidavimus ir poreikius. Tod\u0117l \u201eYokoBoost\u201c ir jos partneri\u0173 \u012fmon\u0117s gali pakviesti vartotojus dalyvauti pasitenkinimo apklausose, kuriose bus siun\u010diami el. lai\u0161kai su reikiamomis gair\u0117mis. Surinkti duomenys pirmiausia bus naudojami \u201eYokoBoost\u201c ir jos partneri\u0173 \u012fmoni\u0173 si\u016blomoms sistemoms, produktams, turiniui ir paslaugoms tobulinti. Jei vartotojas susisiekia su mumis nor\u0117damas prane\u0161ti apie problem\u0105, u\u017eduoti klausim\u0105 arba gauti pagalbos, mes renkame ir saugome vartotojo kontaktin\u0119 informacij\u0105, taip pat atitinkamus prane\u0161imus ir kitus duomenis, reikalingus problemai ar klausimui i\u0161tirti. \u0160ie duomenys bus naudojami siekiant i\u0161spr\u0119sti bet kokius klausimus remiantis surinkta informacija, i\u0161siai\u0161kinti abejones, i\u0161taisyti problemas ir tobulinti sistem\u0105, dar labiau pagerinant vartotojo patirt\u012f \u201eYokoBoost\u201c.\n<h2 class=\"wp-block-heading\">Apie duomen\u0173 bendrinim\u0105<\/h2>\n\u201eYokoBoost\u201c neparduos savo Vartotoj\u0173 asmenin\u0117s informacijos ar duomen\u0173, ta\u010diau gali jais dalytis su partneri\u0173 \u012fmon\u0117mis, kad rekomenduot\u0173 produktus ir paslaugas, kurios geriausiai atitikt\u0173 j\u0173 profil\u012f ir poreikius, arba kad teikt\u0173 Vartotojo pra\u0161omus produktus ir (arba) paslaugas. \u201eYokoBoost\u201c pasilieka teis\u0119 pad\u0117ti arba bendradarbiauti su bet kuria teismine institucija ar vyriausybine agent\u016bra ir gali dalytis Vartotoj\u0173 asmeniniais duomenimis, kad: a) nustatyt\u0173 arba \u012fgyvendint\u0173 savo teisines teises; b) apsaugot\u0173 savo turt\u0105; c) kai mano, kad jos pagalba ar bendradarbiavimas yra b\u016btinas siekiant apsaugoti savo Vartotojus, darbuotojus, administratorius ar bet kur\u012f asmen\u012f, nukent\u0117jus\u012f nuo veiksmo ar neveikimo.\n<h2 class=\"wp-block-heading\">Apie neapdorotus ir nesurinktus duomenis<\/h2>\n\u201eYokoBoost\u201c netvarko jaunesni\u0173 nei 13 (trylikos) met\u0173 vaik\u0173 asmens duomen\u0173 be i\u0161ankstinio j\u0173 t\u0117v\u0173 ar teis\u0117t\u0173 glob\u0117j\u0173 leidimo. Jei jaunesni\u0173 nei 13 (trylikos) met\u0173 vaik\u0173 asmens duomenys nety\u010dia renkami ir tvarkomi be ai\u0161kaus j\u0173 t\u0117v\u0173 ar teis\u0117t\u0173 glob\u0117j\u0173 leidimo, \u201eYokoBoost\u201c i\u0161trins visus surinktus duomenis be i\u0161ankstinio \u012fsp\u0117jimo. Jei su\u017einosite, kad per klaid\u0105 tvark\u0117me vaiko duomenis, nedelsdami susisiekite su mumis el. pa\u0161tu. <a>contato@appsntech.com<\/a>, kad gal\u0117tume imtis reikiam\u0173 priemoni\u0173.","protected":false},"excerpt":{"rendered":"<p>Todas as informa\u00e7\u00f5es recolhidas ser\u00e3o utilizadas para melhorar sua experi\u00eancia dentro do nosso site. As informa\u00e7\u00f5es recolhidas podem incluir o seu nome, email, n\u00famero de telefone e\/ou outros. O uso do YokoBoost pressup\u00f5e a aceita\u00e7\u00e3o deste Acordo de Privacidade. Caso o usu\u00e1rio n\u00e3o concorde, ainda que em parte, com os termos e condi\u00e7\u00f5es contidos nesta &#8230; <a title=\"Privatumo politika\" class=\"read-more\" href=\"https:\/\/yokoboost.com\/lt\/politica-de-privacidade\/\" aria-label=\"Read more about Politica de Privacidade\">Skaityti toliau<\/a><\/p>","protected":false},"author":1,"featured_media":0,"parent":0,"menu_order":0,"comment_status":"closed","ping_status":"closed","template":"","meta":{"footnotes":""},"class_list":["post-16","page","type-page","status-publish"],"_links":{"self":[{"href":"https:\/\/yokoboost.com\/lt\/wp-json\/wp\/v2\/pages\/16","targetHints":{"allow":["GET"]}}],"collection":[{"href":"https:\/\/yokoboost.com\/lt\/wp-json\/wp\/v2\/pages"}],"about":[{"href":"https:\/\/yokoboost.com\/lt\/wp-json\/wp\/v2\/types\/page"}],"author":[{"embeddable":true,"href":"https:\/\/yokoboost.com\/lt\/wp-json\/wp\/v2\/users\/1"}],"replies":[{"embeddable":true,"href":"https:\/\/yokoboost.com\/lt\/wp-json\/wp\/v2\/comments?post=16"}],"version-history":[{"count":2,"href":"https:\/\/yokoboost.com\/lt\/wp-json\/wp\/v2\/pages\/16\/revisions"}],"predecessor-version":[{"id":24,"href":"https:\/\/yokoboost.com\/lt\/wp-json\/wp\/v2\/pages\/16\/revisions\/24"}],"wp:attachment":[{"href":"https:\/\/yokoboost.com\/lt\/wp-json\/wp\/v2\/media?parent=16"}],"curies":[{"name":"wp","href":"https:\/\/api.w.org\/{rel}","templated":true}]}}