{"id":18,"date":"2025-03-21T23:38:34","date_gmt":"2025-03-21T23:38:34","guid":{"rendered":"https:\/\/yokoboost.com\/?page_id=18"},"modified":"2025-03-21T23:40:01","modified_gmt":"2025-03-21T23:40:01","slug":"kas-mes-esame","status":"publish","type":"page","link":"https:\/\/yokoboost.com\/lt\/quem-somos\/","title":{"rendered":"Kas mes esame"},"content":{"rendered":"<p>\u201eYokoBoost\u201c yra technologij\u0173 svetain\u0117, sukurta 2024 m., siekiant teikti informacij\u0105 ir patarimus apie programas, finansus ir kitas su skaitmeniniu pasauliu susijusias temas. Tikime, kad technologijos yra galingas \u012frankis, kei\u010diantis gyvenimus ir versl\u0105, tod\u0117l norime pad\u0117ti savo skaitytojams neatsilikti nuo naujausi\u0173 naujien\u0173 ir kuo geriau i\u0161naudoti \u0161ias priemones.<\/p>\n\n\n\n<p>\u201eYokoBoost\u201c rasite technologij\u0173 ekspert\u0173 para\u0161ytus straipsnius ir mokymo med\u017eiag\u0105, taip pat produkt\u0173 ir paslaug\u0173 ap\u017evalgas bei analiz\u0119. Taip pat si\u016blome patarim\u0173 ir gudrybi\u0173, pad\u0117sian\u010di\u0173 jums kuo geriau i\u0161naudoti savo mobiliuosius \u012frenginius ir programas.<\/p>\n\n\n\n<p>M\u016bs\u0173 komand\u0105 sudaro technologij\u0173 ekspertai, \u017eurnalistai ir ra\u0161ytojai, visi \u012fsipareigoj\u0119 teikti auk\u0161tos kokyb\u0117s ir tiksl\u0173 turin\u012f m\u016bs\u0173 skaitytojams. Tikime, kad technologijos yra galingas \u012frankis, kei\u010diantis gyvenimus ir versl\u0105, o m\u016bs\u0173 tikslas \u2013 pad\u0117ti savo skaitytojams neatsilikti nuo naujausi\u0173 naujien\u0173 ir kuo geriau i\u0161naudoti \u0161ias priemones.<\/p>\n\n\n\n<p>Be turinio, mes taip pat si\u016blome savo skaitytojams galimyb\u0119 bendrauti su kitais technologij\u0173 entuziastais per m\u016bs\u0173 socialin\u0117s \u017einiasklaidos kanalus ir diskusij\u0173 forumus. Mes vertiname savo skaitytoj\u0173 nuomon\u0119 ir visada esame atviri pasi\u016blymams bei atsiliepimams, kaip patobulinti savo paslaugas.<\/p>\n\n\n\n<p>Sekite mus ir gaukite naujausias technologij\u0173 pasaulio tendencijas bei naujienas. D\u0117kojame, kad apsilank\u0117te m\u016bs\u0173 svetain\u0117je, ir tikim\u0117s greitai jus pamatyti!<\/p>","protected":false},"excerpt":{"rendered":"<p>O YokoBoost \u00e9 um site de tecnologia criado em 2024 com o objetivo de fornecer informa\u00e7\u00f5es e dicas sobre aplicativos, finan\u00e7as e outros assuntos relacionados ao mundo digital. N\u00f3s acreditamos que a tecnologia \u00e9 uma ferramenta poderosa para transformar vidas e empresas, e queremos ajudar nossos leitores a se manterem atualizados e aproveitar ao m\u00e1ximo &#8230; <a title=\"Kas mes esame\" class=\"read-more\" href=\"https:\/\/yokoboost.com\/lt\/quem-somos\/\" aria-label=\"Read more about Quem somos\">Skaityti toliau<\/a><\/p>","protected":false},"author":1,"featured_media":0,"parent":0,"menu_order":0,"comment_status":"closed","ping_status":"closed","template":"","meta":{"footnotes":""},"class_list":["post-18","page","type-page","status-publish"],"_links":{"self":[{"href":"https:\/\/yokoboost.com\/lt\/wp-json\/wp\/v2\/pages\/18","targetHints":{"allow":["GET"]}}],"collection":[{"href":"https:\/\/yokoboost.com\/lt\/wp-json\/wp\/v2\/pages"}],"about":[{"href":"https:\/\/yokoboost.com\/lt\/wp-json\/wp\/v2\/types\/page"}],"author":[{"embeddable":true,"href":"https:\/\/yokoboost.com\/lt\/wp-json\/wp\/v2\/users\/1"}],"replies":[{"embeddable":true,"href":"https:\/\/yokoboost.com\/lt\/wp-json\/wp\/v2\/comments?post=18"}],"version-history":[{"count":2,"href":"https:\/\/yokoboost.com\/lt\/wp-json\/wp\/v2\/pages\/18\/revisions"}],"predecessor-version":[{"id":23,"href":"https:\/\/yokoboost.com\/lt\/wp-json\/wp\/v2\/pages\/18\/revisions\/23"}],"wp:attachment":[{"href":"https:\/\/yokoboost.com\/lt\/wp-json\/wp\/v2\/media?parent=18"}],"curies":[{"name":"wp","href":"https:\/\/api.w.org\/{rel}","templated":true}]}}