{"id":18,"date":"2025-03-21T23:38:34","date_gmt":"2025-03-21T23:38:34","guid":{"rendered":"https:\/\/yokoboost.com\/?page_id=18"},"modified":"2025-03-21T23:40:01","modified_gmt":"2025-03-21T23:40:01","slug":"wie-wij-zijn","status":"publish","type":"page","link":"https:\/\/yokoboost.com\/nl\/quem-somos\/","title":{"rendered":"Wie wij zijn"},"content":{"rendered":"<p>YokoBoost is een technologiewebsite die in 2024 is opgericht met als doel informatie en tips te bieden over apps, financi\u00ebn en andere onderwerpen die verband houden met de digitale wereld. Wij geloven dat technologie een krachtig instrument is om levens en bedrijven te transformeren, en we willen onze lezers helpen up-to-date te blijven en deze tools optimaal te benutten.<\/p>\n\n\n\n<p>Hier bij YokoBoost vind je artikelen en tutorials geschreven door technische experts, evenals product- en servicereviews. We bieden ook tips en trucs om je te helpen het maximale uit je mobiele apparaten en apps te halen.<\/p>\n\n\n\n<p>Ons team bestaat uit technologie-experts, journalisten en schrijvers, die zich allemaal inzetten om onze lezers hoogwaardige en accurate content te bieden. Wij geloven dat technologie een krachtig instrument is om levens en bedrijven te transformeren, en ons doel is om onze lezers te helpen ge\u00efnformeerd te blijven en deze tools optimaal te benutten.<\/p>\n\n\n\n<p>Naast content bieden we onze lezers ook de mogelijkheid om in contact te komen met andere technologieliefhebbers via onze sociale netwerken en discussieforums. We waarderen de mening van onze lezers en staan altijd open voor suggesties en feedback om onze diensten te verbeteren.<\/p>\n\n\n\n<p>Volg ons en blijf op de hoogte van de laatste trends en nieuws uit de technologiewereld. Bedankt voor uw bezoek aan onze website en we hopen u snel weer te zien!<\/p>","protected":false},"excerpt":{"rendered":"<p>O YokoBoost \u00e9 um site de tecnologia criado em 2024 com o objetivo de fornecer informa\u00e7\u00f5es e dicas sobre aplicativos, finan\u00e7as e outros assuntos relacionados ao mundo digital. N\u00f3s acreditamos que a tecnologia \u00e9 uma ferramenta poderosa para transformar vidas e empresas, e queremos ajudar nossos leitores a se manterem atualizados e aproveitar ao m\u00e1ximo &#8230; <a title=\"Wie wij zijn\" class=\"read-more\" href=\"https:\/\/yokoboost.com\/nl\/quem-somos\/\" aria-label=\"Lees meer over Quem somos\">Lees verder<\/a><\/p>","protected":false},"author":1,"featured_media":0,"parent":0,"menu_order":0,"comment_status":"closed","ping_status":"closed","template":"","meta":{"footnotes":""},"class_list":["post-18","page","type-page","status-publish"],"_links":{"self":[{"href":"https:\/\/yokoboost.com\/nl\/wp-json\/wp\/v2\/pages\/18","targetHints":{"allow":["GET"]}}],"collection":[{"href":"https:\/\/yokoboost.com\/nl\/wp-json\/wp\/v2\/pages"}],"about":[{"href":"https:\/\/yokoboost.com\/nl\/wp-json\/wp\/v2\/types\/page"}],"author":[{"embeddable":true,"href":"https:\/\/yokoboost.com\/nl\/wp-json\/wp\/v2\/users\/1"}],"replies":[{"embeddable":true,"href":"https:\/\/yokoboost.com\/nl\/wp-json\/wp\/v2\/comments?post=18"}],"version-history":[{"count":2,"href":"https:\/\/yokoboost.com\/nl\/wp-json\/wp\/v2\/pages\/18\/revisions"}],"predecessor-version":[{"id":23,"href":"https:\/\/yokoboost.com\/nl\/wp-json\/wp\/v2\/pages\/18\/revisions\/23"}],"wp:attachment":[{"href":"https:\/\/yokoboost.com\/nl\/wp-json\/wp\/v2\/media?parent=18"}],"curies":[{"name":"wp","href":"https:\/\/api.w.org\/{rel}","templated":true}]}}