{"id":20,"date":"2025-03-21T23:38:52","date_gmt":"2025-03-21T23:38:52","guid":{"rendered":"https:\/\/yokoboost.com\/?page_id=20"},"modified":"2025-03-21T23:39:31","modified_gmt":"2025-03-21T23:39:31","slug":"gebruiksvoorwaarden","status":"publish","type":"page","link":"https:\/\/yokoboost.com\/nl\/termos-de-uso\/","title":{"rendered":"Gebruiksvoorwaarden"},"content":{"rendered":"<h2 class=\"wp-block-heading\">YokoBoost Gebruiksvoorwaarden<\/h2>\nDoor de YokoBoost-website te bezoeken, gaat u ermee akkoord deze servicevoorwaarden en alle toepasselijke wet- en regelgeving na te leven en gaat u ermee akkoord dat u verantwoordelijk bent voor de naleving van alle toepasselijke lokale wetgeving. Indien u niet akkoord gaat met een van deze voorwaarden, is het u verboden deze website te gebruiken of te bezoeken. De materialen op deze website zijn beschermd door de toepasselijke auteursrecht- en handelsmerkwetten.\n<h2 class=\"wp-block-heading\">Gebruik licentie<\/h2>\nHet is toegestaan om tijdelijk \u00e9\u00e9n kopie van de materialen (informatie of software) op de YokoBoost-website te downloaden, uitsluitend voor persoonlijke, niet-commerci\u00eble, tijdelijke weergave. Dit is de verlening van een licentie, geen overdracht van eigendom, en onder deze licentie mag u niet:\n<ul class=\"wp-block-list\">\n \t<li>de materialen wijzigen of kopi\u00ebren;<\/li>\n \t<li>de materialen gebruiken voor commerci\u00eble doeleinden of voor openbare vertoning (commercieel of niet-commercieel);<\/li>\n \t<li>proberen software op de YokoBoost-website te decompileren of reverse-engineeren;<\/li>\n \t<li>alle auteursrechtelijke of andere eigendomsvermeldingen van de materialen verwijderen; of<\/li>\n \t<li>Draag de materialen over aan een andere persoon of &#039;spiegel&#039; de materialen op een andere server. Deze licentie wordt automatisch be\u00ebindigd als u een van deze beperkingen overtreedt en kan te allen tijde door YokoBoost worden be\u00ebindigd. Na be\u00ebindiging van het bekijken van deze materialen of na be\u00ebindiging van deze licentie, dient u alle gedownloade materialen in uw bezit te verwijderen, zowel in elektronische als in gedrukte vorm.<\/li>\n<\/ul>\n<h2 class=\"wp-block-heading\">Vrijwaring<\/h2>\nDe materialen op de YokoBoost-website worden &#039;zoals ze zijn&#039; aangeboden. YokoBoost geeft geen garanties, expliciet of impliciet, en wijst hierbij alle andere garanties af, inclusief, maar niet beperkt tot, impliciete garanties of voorwaarden van verkoopbaarheid, geschiktheid voor een bepaald doel of niet-inbreuk op intellectuele eigendomsrechten of andere schendingen van rechten. Bovendien garandeert of verklaart YokoBoost niet de nauwkeurigheid, de verwachte resultaten of de betrouwbaarheid van het gebruik van de materialen op haar website of anderszins met betrekking tot dergelijke materialen of op websites die aan deze website zijn gelinkt.\n<h2 class=\"wp-block-heading\">Beperkingen<\/h2>\nYokoBoost of haar leveranciers zijn in geen geval aansprakelijk voor enige schade (inclusief, maar niet beperkt tot, schade door gegevensverlies of winstderving, of door bedrijfsonderbreking) die voortvloeit uit het gebruik of de onmogelijkheid om de materialen op YokoBoost te gebruiken, zelfs indien YokoBoost of een geautoriseerde vertegenwoordiger van YokoBoost mondeling of schriftelijk op de hoogte is gesteld van de mogelijkheid van dergelijke schade. Omdat sommige rechtsgebieden geen beperkingen op impliciete garanties of beperkingen van aansprakelijkheid voor gevolgschade of incidentele schade toestaan, zijn deze beperkingen mogelijk niet op u van toepassing.\n<h2 class=\"wp-block-heading\">Nauwkeurigheid van materialen<\/h2>\nDe materialen op de YokoBoost-website kunnen technische, typografische of fotografische fouten bevatten. YokoBoost garandeert niet dat de materialen op haar website accuraat, volledig of actueel zijn. YokoBoost kan de materialen op haar website te allen tijde en zonder voorafgaande kennisgeving wijzigen. YokoBoost verbindt zich er echter niet toe de materialen te actualiseren.\n<h2 class=\"wp-block-heading\">Links<\/h2>\nYokoBoost heeft niet alle sites die aan haar website zijn gelinkt, beoordeeld en is niet verantwoordelijk voor de inhoud van gelinkte sites. Het opnemen van een link impliceert niet dat YokoBoost de site goedkeurt. Het gebruik van gelinkte sites is op eigen risico.\n<h2 class=\"wp-block-heading\">Wijzigingen<\/h2>\nYokoBoost kan deze servicevoorwaarden voor de website te allen tijde en zonder voorafgaande kennisgeving wijzigen. Door deze website te gebruiken, gaat u ermee akkoord gebonden te zijn aan de huidige versie van deze servicevoorwaarden. Toepasselijk recht: Deze voorwaarden worden beheerst door en ge\u00efnterpreteerd in overeenstemming met de wetten van YokoBoost, en u onderwerpt zich onherroepelijk aan de exclusieve jurisdictie van de rechtbanken in die staat of locatie.\n<h2 id=\"lei-aplicavel\" class=\"wp-block-heading\">Toepasselijk recht<\/h2>\nDeze algemene voorwaarden worden beheerst door en ge\u00efnterpreteerd in overeenstemming met de wetten van YokoBoost en u onderwerpt zich onherroepelijk aan de exclusieve jurisdictie van de rechtbanken in die staat of locatie.","protected":false},"excerpt":{"rendered":"<p>Termos de Uso do YokoBoost Ao acessar ao site YokoBoost, concorda em cumprir estes termos de servi\u00e7o, todas as leis e regulamentos aplic\u00e1veis e concorda que \u00e9 respons\u00e1vel pelo cumprimento de todas as leis locais aplic\u00e1veis. Se voc\u00ea n\u00e3o concordar com algum desses termos, est\u00e1 proibido de usar ou acessar este site. Os materiais contidos &#8230; <a title=\"Gebruiksvoorwaarden\" class=\"read-more\" href=\"https:\/\/yokoboost.com\/nl\/termos-de-uso\/\" aria-label=\"Lees meer over Termos de uso\">Lees verder<\/a><\/p>","protected":false},"author":1,"featured_media":0,"parent":0,"menu_order":0,"comment_status":"closed","ping_status":"closed","template":"","meta":{"footnotes":""},"class_list":["post-20","page","type-page","status-publish"],"_links":{"self":[{"href":"https:\/\/yokoboost.com\/nl\/wp-json\/wp\/v2\/pages\/20","targetHints":{"allow":["GET"]}}],"collection":[{"href":"https:\/\/yokoboost.com\/nl\/wp-json\/wp\/v2\/pages"}],"about":[{"href":"https:\/\/yokoboost.com\/nl\/wp-json\/wp\/v2\/types\/page"}],"author":[{"embeddable":true,"href":"https:\/\/yokoboost.com\/nl\/wp-json\/wp\/v2\/users\/1"}],"replies":[{"embeddable":true,"href":"https:\/\/yokoboost.com\/nl\/wp-json\/wp\/v2\/comments?post=20"}],"version-history":[{"count":2,"href":"https:\/\/yokoboost.com\/nl\/wp-json\/wp\/v2\/pages\/20\/revisions"}],"predecessor-version":[{"id":22,"href":"https:\/\/yokoboost.com\/nl\/wp-json\/wp\/v2\/pages\/20\/revisions\/22"}],"wp:attachment":[{"href":"https:\/\/yokoboost.com\/nl\/wp-json\/wp\/v2\/media?parent=20"}],"curies":[{"name":"wp","href":"https:\/\/api.w.org\/{rel}","templated":true}]}}