{"id":16,"date":"2025-03-21T23:38:10","date_gmt":"2025-03-21T23:38:10","guid":{"rendered":"https:\/\/yokoboost.com\/?page_id=16"},"modified":"2025-03-21T23:40:29","modified_gmt":"2025-03-21T23:40:29","slug":"polityka-prywatnosci","status":"publish","type":"page","link":"https:\/\/yokoboost.com\/pl\/politica-de-privacidade\/","title":{"rendered":"Polityka prywatno\u015bci"},"content":{"rendered":"Wszystkie zebrane informacje zostan\u0105 wykorzystane w celu poprawy komfortu korzystania z naszej witryny internetowej. Zebrane informacje mog\u0105 obejmowa\u0107 imi\u0119 i nazwisko, adres e-mail, numer telefonu i\/lub inne informacje. Korzystanie z YokoBoost oznacza akceptacj\u0119 niniejszej Umowy o Prywatno\u015bci. Je\u015bli nie zgadzasz si\u0119, nawet cz\u0119\u015bciowo, z warunkami zawartymi w niniejszej Polityce Prywatno\u015bci, nie powiniene\u015b uzyskiwa\u0107 dost\u0119pu do tre\u015bci oferowanych przez YokoBoost ani z nich korzysta\u0107. Korzystaj\u0105c z witryny internetowej, potwierdzasz i w pe\u0142ni zgadzasz si\u0119 na przetwarzanie swoich danych zgodnie z warunkami niniejszej Polityki Prywatno\u015bci i Og\u00f3lnymi Warunkami Korzystania. Zastrzegamy sobie prawo do zmiany niniejszej Polityki Prywatno\u015bci w dowolnym momencie, bez zgody lub powiadomienia u\u017cytkownik\u00f3w, dlatego prosimy o jej cz\u0119ste przegl\u0105danie. Zmiany i wyja\u015bnienia wchodz\u0105 w \u017cycie natychmiast po ich opublikowaniu na stronie internetowej. Je\u015bli wprowadzimy istotne zmiany do niniejszej polityki, powiadomimy Ci\u0119 o jej aktualizacji, aby\u015b by\u0142 \u015bwiadomy, jakie informacje gromadzimy, jak je wykorzystujemy oraz w jakich okoliczno\u015bciach, je\u015bli w og\u00f3le, je wykorzystujemy i\/lub ujawniamy. YokoBoost szanuje prywatno\u015b\u0107 swoich u\u017cytkownik\u00f3w i transparentno\u015b\u0107 w sposobie wykorzystywania danych. Nasza Polityka Prywatno\u015bci zosta\u0142a opracowana zgodnie z mi\u0119dzynarodowymi i krajowymi standardami ochrony danych. Niniejsz\u0105 Polityk\u0119 Prywatno\u015bci nale\u017cy czyta\u0107 i interpretowa\u0107 w powi\u0105zaniu z Og\u00f3lnymi Warunkami Korzystania YokoBoost, dost\u0119pnymi pod adresem <a href=\"https:\/\/yokoboost.com\/pl\/warunki-uzytkowania\/\">https:\/\/yokoboost.com\/termos-de-uso\/<\/a>\n<h2 class=\"wp-block-heading\">Informacje og\u00f3lne dla u\u017cytkownik\u00f3w<\/h2>\nYokoBoost d\u0105\u017cy do dzielenia si\u0119 informacjami ze swoimi U\u017cytkownikami, udost\u0119pniaj\u0105c wiedz\u0119 ka\u017cdemu. U\u017cytkownicy mog\u0105 przegl\u0105da\u0107 stron\u0119 YokoBoost bez konieczno\u015bci rejestracji. YokoBoost przestrzega mi\u0119dzynarodowych standard\u00f3w bezpiecze\u0144stwa i norm dotycz\u0105cych przechowywania, ochrony, prywatno\u015bci i transmisji danych. Nale\u017cy pami\u0119ta\u0107, \u017ce \u017cadna metoda przechowywania, ochrony, prywatno\u015bci ani transmisji danych nie jest w 100% bezpieczna i nienaruszalna. YokoBoost stosuje praktyki i technologie, kt\u00f3re s\u0105 stale weryfikowane i ulepszane, zgodnie z krajowymi i mi\u0119dzynarodowymi post\u0119pami technicznymi i regulacyjnymi. M\u00f3wi\u0105c o ochronie, mamy na my\u015bli ka\u017cdy nieautoryzowany dost\u0119p, u\u017cycie, modyfikacj\u0119, ujawnienie lub zniszczenie danych. Aby temu zapobiec, inwestujemy w \u015brodki obejmuj\u0105ce szyfrowan\u0105 komunikacj\u0119, kontrol\u0119 dost\u0119pu, przestrzeganie zasad bezpiecznego tworzenia oprogramowania, wewn\u0119trzne zasady zgodno\u015bci oraz \u015brodki odpowiedzialno\u015bci i ograniczania ryzyka, kt\u00f3re zapewniaj\u0105 bezpiecze\u0144stwo w ca\u0142ym cyklu \u017cycia danych. Informacje o u\u017cytkownikach s\u0105 r\u00f3wnie\u017c przechowywane w bezpiecznych, renomowanych i uznanych na ca\u0142ym \u015bwiecie bazach danych. YokoBoost nigdy nie \u017c\u0105da op\u0142at pieni\u0119\u017cnych za udost\u0119pnienie jakiegokolwiek produktu, niezale\u017cnie od jego charakteru. W przypadku wyst\u0105pienia takiej sytuacji prosimy o natychmiastowe powiadomienie nas. Dok\u0142adamy wszelkich stara\u0144, aby wszystkie informacje by\u0142y jak najbardziej aktualne. Nale\u017cy jednak pami\u0119ta\u0107, \u017ce informacje te mog\u0105 r\u00f3\u017cni\u0107 si\u0119 od tych znajduj\u0105cych si\u0119 na stronach internetowych instytucji lub dostawc\u00f3w us\u0142ug na danej stronie. Nie gwarantujemy dok\u0142adno\u015bci ani aktualno\u015bci tych informacji. Zawsze nale\u017cy zapozna\u0107 si\u0119 z warunkami korzystania z us\u0142ug wybranych instytucji. Otrzymujemy niewielk\u0105 kwot\u0119 z reklam na naszej stronie oraz od naszych partner\u00f3w, gdy polecimy u\u017cytkownika, kt\u00f3ry poprosi o produkt lub ofert\u0119. Wszystko, co publikujemy, opiera si\u0119 na ilo\u015bciowych i jako\u015bciowych ocenach ka\u017cdego produktu. Nale\u017cy pami\u0119ta\u0107, \u017ce nasi partnerzy maj\u0105 bezpo\u015bredni wp\u0142yw na produkty, o kt\u00f3rych piszemy i kt\u00f3re recenzujemy, a tak\u017ce na kolejno\u015b\u0107 \u201enajlepszych\u201d artyku\u0142\u00f3w i pozycjonowanie produkt\u00f3w w YokoBoost. Bior\u0105c pod uwag\u0119 ilo\u015b\u0107 informacji na naszej stronie, nie gwarantujemy ich jako\u015bci i aktualno\u015bci; dlatego priorytetowo traktujemy informacje od naszych partner\u00f3w. Aby chroni\u0107 Twoje dane osobowe, podejmujemy rozs\u0105dne \u015brodki ostro\u017cno\u015bci i stosujemy najlepsze praktyki bran\u017cowe, aby zapobiec ich niew\u0142a\u015bciwemu utracie, niew\u0142a\u015bciwemu wykorzystaniu, dost\u0119powi, ujawnieniu, zmianie lub zniszczeniu.\n<h2 class=\"wp-block-heading\">Linki do stron trzecich<\/h2>\nYokoBoost zawiera linki do innych stron internetowych, kt\u00f3re naszym zdaniem mog\u0105 zawiera\u0107 przydatne informacje lub narz\u0119dzia dla naszych odwiedzaj\u0105cych. Nasza Polityka Prywatno\u015bci nie ma zastosowania do stron internetowych os\u00f3b trzecich. Nie ponosimy odpowiedzialno\u015bci za polityk\u0119 prywatno\u015bci ani tre\u015b\u0107 tych stron. YokoBoost nie sprawuje nad nimi \u017cadnej kontroli i dlatego jest zwolniony z wszelkiej odpowiedzialno\u015bci w relacjach mi\u0119dzy U\u017cytkownikiem a produktami i us\u0142ugami os\u00f3b trzecich reklamowanymi na stronie internetowej. Po opuszczeniu naszej strony internetowej lub przekierowaniu do aplikacji lub strony internetowej osoby trzeciej niniejsza Polityka Prywatno\u015bci ani Warunki Korzystania z Us\u0142ugi nie obowi\u0105zuj\u0105 ju\u017c U\u017cytkownika. Je\u015bli po podaniu danych zmienisz zdanie, mo\u017cesz w dowolnym momencie wycofa\u0107 zgod\u0119 na kontakt z nami, dalsze gromadzenie, wykorzystywanie lub ujawnianie Twoich danych, kontaktuj\u0105c si\u0119 pod adresem contato@appsntech.com.\n<h2 class=\"wp-block-heading\">Dane nieosobowe<\/h2>\nW przypadku, gdy u\u017cytkownicy nie zamawiaj\u0105 bezp\u0142atnych tre\u015bci od YokoBoost (e-book\u00f3w, quiz\u00f3w, artyku\u0142\u00f3w, infografik i innych), mo\u017ce by\u0107 prowadzone \u015bledzenie i gromadzenie danych nieosobowych wskazuj\u0105cych mi\u0119dzy innymi szczeg\u00f3\u0142y dotycz\u0105ce tego, kt\u00f3re strony witryny internetowej zosta\u0142y odwiedzone, kiedy zosta\u0142y odwiedzone, w kt\u00f3re hiper\u0142\u0105cza klikni\u0119to, jakie tre\u015bci lub us\u0142ugi zosta\u0142y za\u017c\u0105dane lub wskazane i inne.\n<h2 class=\"wp-block-heading\">Ciastka<\/h2>\nGoogle, jako zewn\u0119trzny dostawca, u\u017cywa plik\u00f3w cookie do wy\u015bwietlania reklam. Dzi\u0119ki plikowi cookie DART Google mo\u017ce wy\u015bwietla\u0107 reklamy na podstawie wizyt czytelnika na innych stronach internetowych. U\u017cytkownicy mog\u0105 zrezygnowa\u0107 z pliku cookie DART, odwiedzaj\u0105c polityk\u0119 prywatno\u015bci sieci reklamowej i tre\u015bci Google. YokoBoost u\u017cywa plik\u00f3w cookie, aby pom\u00f3c w gromadzeniu danych i informacji identyfikacyjnych IP (protoko\u0142u internetowego), aby u\u0142atwi\u0107 nawigacj\u0119 U\u017cytkownika, pomagaj\u0105c zapewni\u0107 bezpiecze\u0144stwo danych, ochron\u0119 i autentyczno\u015b\u0107. Ponadto, na naszej stronie internetowej wykorzystujemy r\u00f3wnie\u017c reklamy stron trzecich, aby pokry\u0107 koszty utrzymania. Niekt\u00f3rzy z tych reklamodawc\u00f3w mog\u0105 u\u017cywa\u0107 technologii, takich jak pliki cookie, podczas reklamowania si\u0119 na naszej stronie internetowej, co spowoduje r\u00f3wnie\u017c, \u017ce ci reklamodawcy (np. Google poprzez Google AdSense i Ad Exchange) otrzymaj\u0105 Twoje dane osobowe, takie jak adres IP, Tw\u00f3j dostawca us\u0142ug internetowych, Twoja przegl\u0105darka itp. Ta funkcja jest zazwyczaj u\u017cywana do geotargetowania (wy\u015bwietlania reklam, kt\u00f3re maj\u0105 sens w oparciu o Twoj\u0105 lokalizacj\u0119 geograficzn\u0105). U\u017cytkownik mo\u017ce w dowolnym momencie zmieni\u0107 ustawienia swojej przegl\u0105darki, aby zaakceptowa\u0107 lub nie pliki cookie, pami\u0119taj\u0105c, \u017ce wy\u0142\u0105czenie plik\u00f3w cookie przegl\u0105dania mo\u017ce ograniczy\u0107 niekt\u00f3re funkcje YokoBoost.\n<h2 class=\"wp-block-heading\">Dane identyfikuj\u0105ce osob\u0119<\/h2>\nAby uzyska\u0107 dost\u0119p do bezp\u0142atnych tre\u015bci w YokoBoost, takich jak artyku\u0142y, e-booki, quizy i inne, u\u017cytkownicy musz\u0105 poda\u0107 pewne dane osobowe, w tym adres e-mail i imi\u0119 i nazwisko. Dane osobowe przetwarzane przez YokoBoost s\u0105 wykorzystywane do nast\u0119puj\u0105cych cel\u00f3w: \u2013 Prawid\u0142owa i dok\u0142adna identyfikacja u\u017cytkownik\u00f3w, zapewniaj\u0105ca im wi\u0119ksze bezpiecze\u0144stwo i ochron\u0119; \u2013 Dost\u0119p do us\u0142ug i produkt\u00f3w oferowanych przez YokoBoost; \u2013 Analiza profili u\u017cytkownik\u00f3w przez YokoBoost w celu rekomendowania najlepszych produkt\u00f3w i informacji w oparciu o ich rzeczywiste potrzeby i okoliczno\u015bci. Aby lepiej przeanalizowa\u0107 profile u\u017cytkownik\u00f3w, YokoBoost mo\u017ce przeprowadza\u0107 ankiety w celu uzyskania bardziej szczeg\u00f3\u0142owych informacji o nich, a tym samym rekomendowa\u0107 spersonalizowane produkty i us\u0142ugi w oparciu o preferencje i potrzeby ka\u017cdego u\u017cytkownika. W zwi\u0105zku z tym YokoBoost i jego firmy partnerskie mog\u0105 zaprasza\u0107 u\u017cytkownik\u00f3w do udzia\u0142u w ankietach satysfakcji, kt\u00f3re b\u0119d\u0105 obejmowa\u0107 wiadomo\u015bci e-mail z niezb\u0119dnymi wskaz\u00f3wkami. Zebrane dane b\u0119d\u0105 wykorzystywane przede wszystkim do ulepszania system\u00f3w, produkt\u00f3w, tre\u015bci i us\u0142ug oferowanych przez YokoBoost i jego firmy partnerskie. Je\u015bli u\u017cytkownik skontaktuje si\u0119 z nami w celu zg\u0142oszenia problemu, zadania pytania lub uzyskania pomocy, zbieramy i przechowujemy jego dane kontaktowe, a tak\u017ce odpowiednie wiadomo\u015bci i inne dane niezb\u0119dne do zbadania problemu lub pytania. Dane te b\u0119d\u0105 wykorzystywane do udzielania odpowiedzi na pytania na podstawie zebranych informacji, wyja\u015bniania w\u0105tpliwo\u015bci, rozwi\u0105zywania problem\u00f3w i ulepszania systemu, co dodatkowo usprawni korzystanie z YokoBoost.\n<h2 class=\"wp-block-heading\">O udost\u0119pnianiu danych<\/h2>\nYokoBoost nie b\u0119dzie sprzedawa\u0107 danych osobowych ani danych swoich U\u017cytkownik\u00f3w, ale mo\u017ce je udost\u0119pnia\u0107 firmom partnerskim w celu rekomendowania produkt\u00f3w i us\u0142ug najlepiej odpowiadaj\u0105cych ich profilowi i potrzebom lub w celu dostarczania produkt\u00f3w i\/lub us\u0142ug \u017c\u0105danych przez U\u017cytkownika. YokoBoost zastrzega sobie prawo do udzielania pomocy lub wsp\u00f3\u0142pracy z dowolnym organem s\u0105dowym lub agencj\u0105 rz\u0105dow\u0105 oraz mo\u017ce udost\u0119pnia\u0107 dane osobowe U\u017cytkownik\u00f3w w celu: a) ustalenia lub dochodzenia swoich praw; b) ochrony swojej w\u0142asno\u015bci; c) gdy uzna, \u017ce jego pomoc lub wsp\u00f3\u0142praca jest niezb\u0119dna do ochrony U\u017cytkownik\u00f3w, pracownik\u00f3w, administrator\u00f3w lub os\u00f3b poszkodowanych w wyniku dzia\u0142ania lub zaniechania.\n<h2 class=\"wp-block-heading\">O danych surowych i niezebranych<\/h2>\nYokoBoost nie przetwarza danych osobowych dzieci poni\u017cej 13. (trzynastego) roku \u017cycia bez uprzedniej zgody rodzic\u00f3w lub opiekun\u00f3w prawnych. Je\u015bli dane osobowe dzieci poni\u017cej 13. (trzynastego) roku \u017cycia zostan\u0105 nieumy\u015blnie zebrane i przetworzone bez wyra\u017anej zgody rodzic\u00f3w lub opiekun\u00f3w prawnych, YokoBoost usunie wszystkie zebrane dane bez uprzedniego powiadomienia. Je\u015bli dowiesz si\u0119, \u017ce omy\u0142kowo przetworzyli\u015bmy dane dziecka, prosimy o natychmiastowy kontakt mailowy. <a>contato@appsntech.com<\/a>, aby\u015bmy mogli podj\u0105\u0107 niezb\u0119dne kroki.","protected":false},"excerpt":{"rendered":"<p>Todas as informa\u00e7\u00f5es recolhidas ser\u00e3o utilizadas para melhorar sua experi\u00eancia dentro do nosso site. As informa\u00e7\u00f5es recolhidas podem incluir o seu nome, email, n\u00famero de telefone e\/ou outros. O uso do YokoBoost pressup\u00f5e a aceita\u00e7\u00e3o deste Acordo de Privacidade. Caso o usu\u00e1rio n\u00e3o concorde, ainda que em parte, com os termos e condi\u00e7\u00f5es contidos nesta &#8230; <a title=\"Polityka prywatno\u015bci\" class=\"read-more\" href=\"https:\/\/yokoboost.com\/pl\/politica-de-privacidade\/\" aria-label=\"Dowiedz si\u0119 wi\u0119cej o Politica de Privacidade\">Dowiedz si\u0119 wi\u0119cej<\/a><\/p>","protected":false},"author":1,"featured_media":0,"parent":0,"menu_order":0,"comment_status":"closed","ping_status":"closed","template":"","meta":{"footnotes":""},"class_list":["post-16","page","type-page","status-publish"],"_links":{"self":[{"href":"https:\/\/yokoboost.com\/pl\/wp-json\/wp\/v2\/pages\/16","targetHints":{"allow":["GET"]}}],"collection":[{"href":"https:\/\/yokoboost.com\/pl\/wp-json\/wp\/v2\/pages"}],"about":[{"href":"https:\/\/yokoboost.com\/pl\/wp-json\/wp\/v2\/types\/page"}],"author":[{"embeddable":true,"href":"https:\/\/yokoboost.com\/pl\/wp-json\/wp\/v2\/users\/1"}],"replies":[{"embeddable":true,"href":"https:\/\/yokoboost.com\/pl\/wp-json\/wp\/v2\/comments?post=16"}],"version-history":[{"count":2,"href":"https:\/\/yokoboost.com\/pl\/wp-json\/wp\/v2\/pages\/16\/revisions"}],"predecessor-version":[{"id":24,"href":"https:\/\/yokoboost.com\/pl\/wp-json\/wp\/v2\/pages\/16\/revisions\/24"}],"wp:attachment":[{"href":"https:\/\/yokoboost.com\/pl\/wp-json\/wp\/v2\/media?parent=16"}],"curies":[{"name":"wp","href":"https:\/\/api.w.org\/{rel}","templated":true}]}}