{"id":20,"date":"2025-03-21T23:38:52","date_gmt":"2025-03-21T23:38:52","guid":{"rendered":"https:\/\/yokoboost.com\/?page_id=20"},"modified":"2025-03-21T23:39:31","modified_gmt":"2025-03-21T23:39:31","slug":"warunki-uzytkowania","status":"publish","type":"page","link":"https:\/\/yokoboost.com\/pl\/termos-de-uso\/","title":{"rendered":"Warunki korzystania"},"content":{"rendered":"<h2 class=\"wp-block-heading\">Warunki korzystania z YokoBoost<\/h2>\nUzyskuj\u0105c dost\u0119p do witryny YokoBoost, zgadzasz si\u0119 przestrzega\u0107 niniejszych warunk\u00f3w korzystania z us\u0142ugi, wszystkich obowi\u0105zuj\u0105cych przepis\u00f3w i regulacji oraz przyjmujesz odpowiedzialno\u015b\u0107 za przestrzeganie wszystkich obowi\u0105zuj\u0105cych przepis\u00f3w lokalnych. Je\u015bli nie zgadzasz si\u0119 z kt\u00f3rymkolwiek z niniejszych warunk\u00f3w, korzystanie z tej witryny i dost\u0119p do niej jest zabronione. Materia\u0142y zawarte na tej stronie s\u0105 chronione obowi\u0105zuj\u0105cymi prawami autorskimi i prawami do znak\u00f3w towarowych.\n<h2 class=\"wp-block-heading\">Licencja u\u017cytkowania<\/h2>\nUdziela si\u0119 pozwolenia na tymczasowe pobranie jednej kopii materia\u0142\u00f3w (informacji lub oprogramowania) ze strony internetowej YokoBoost wy\u0142\u0105cznie do osobistego, niekomercyjnego, przej\u015bciowego przegl\u0105dania. Jest to udzielenie licencji, a nie przeniesienie tytu\u0142u w\u0142asno\u015bci, a na mocy niniejszej licencji nie wolno:\n<ul class=\"wp-block-list\">\n \t<li>modyfikowa\u0107 lub kopiowa\u0107 materia\u0142y;<\/li>\n \t<li>u\u017cywa\u0107 materia\u0142\u00f3w do cel\u00f3w komercyjnych lub do publicznego wy\u015bwietlania (komercyjnego lub niekomercyjnego);<\/li>\n \t<li>podejmowa\u0107 pr\u00f3b dekompilowania lub dokonywania in\u017cynierii wstecznej jakiegokolwiek oprogramowania zawartego na stronie internetowej YokoBoost;<\/li>\n \t<li>usun\u0105\u0107 z materia\u0142\u00f3w wszelkie informacje o prawach autorskich lub inne informacje o w\u0142asno\u015bci; lub<\/li>\n \t<li>Przenoszenia materia\u0142\u00f3w innej osobie ani \u201eprzenoszenia\u201d ich na inny serwer. Niniejsza licencja automatycznie wygasa w przypadku naruszenia kt\u00f3regokolwiek z tych ogranicze\u0144 i mo\u017ce zosta\u0107 rozwi\u0105zana przez YokoBoost w dowolnym momencie. Po zako\u0144czeniu przegl\u0105dania tych materia\u0142\u00f3w lub rozwi\u0105zaniu niniejszej licencji, musisz usun\u0105\u0107 wszystkie pobrane materia\u0142y b\u0119d\u0105ce w Twoim posiadaniu, zar\u00f3wno w formie elektronicznej, jak i drukowanej.<\/li>\n<\/ul>\n<h2 class=\"wp-block-heading\">Zastrze\u017cenie<\/h2>\nMateria\u0142y na stronie internetowej YokoBoost s\u0105 udost\u0119pniane \u201etak jak s\u0105\u201d. YokoBoost nie udziela \u017cadnych gwarancji, wyra\u017anych ani dorozumianych, i niniejszym zrzeka si\u0119 i neguje wszelkie inne gwarancje, w tym mi\u0119dzy innymi dorozumiane gwarancje lub warunki przydatno\u015bci handlowej, przydatno\u015bci do okre\u015blonego celu lub nienaruszania praw w\u0142asno\u015bci intelektualnej lub innych narusze\u0144 praw. Ponadto YokoBoost nie gwarantuje ani nie sk\u0142ada \u017cadnych o\u015bwiadcze\u0144 dotycz\u0105cych dok\u0142adno\u015bci, prawdopodobnych rezultat\u00f3w lub niezawodno\u015bci korzystania z materia\u0142\u00f3w na swojej stronie internetowej lub w inny spos\u00f3b zwi\u0105zanych z takimi materia\u0142ami lub na stronach powi\u0105zanych z t\u0105 stron\u0105 internetow\u0105.\n<h2 class=\"wp-block-heading\">Ograniczenia<\/h2>\nW \u017cadnym wypadku YokoBoost ani jego dostawcy nie ponosz\u0105 odpowiedzialno\u015bci za jakiekolwiek szkody (w tym, mi\u0119dzy innymi, szkody z tytu\u0142u utraty danych lub zysk\u00f3w, lub z powodu przerwy w dzia\u0142alno\u015bci) wynikaj\u0105ce z korzystania lub niemo\u017cno\u015bci korzystania z materia\u0142\u00f3w YokoBoost, nawet je\u015bli YokoBoost lub upowa\u017cniony przedstawiciel YokoBoost zosta\u0142 powiadomiony ustnie lub pisemnie o mo\u017cliwo\u015bci wyst\u0105pienia takich szk\u00f3d. Poniewa\u017c niekt\u00f3re jurysdykcje nie zezwalaj\u0105 na ograniczenia gwarancji dorozumianych ani ograniczenia odpowiedzialno\u015bci za szkody nast\u0119pcze lub przypadkowe, ograniczenia te mog\u0105 nie mie\u0107 zastosowania w Twoim przypadku.\n<h2 class=\"wp-block-heading\">Dok\u0142adno\u015b\u0107 materia\u0142\u00f3w<\/h2>\nMateria\u0142y prezentowane na stronie internetowej YokoBoost mog\u0105 zawiera\u0107 b\u0142\u0119dy techniczne, typograficzne lub fotograficzne. YokoBoost nie gwarantuje dok\u0142adno\u015bci, kompletno\u015bci ani aktualno\u015bci materia\u0142\u00f3w na swojej stronie internetowej. YokoBoost mo\u017ce wprowadza\u0107 zmiany w materia\u0142ach zawartych na swojej stronie internetowej w dowolnym momencie i bez uprzedzenia. YokoBoost nie zobowi\u0105zuje si\u0119 jednak do aktualizacji tych materia\u0142\u00f3w.\n<h2 class=\"wp-block-heading\">Spinki do mankiet\u00f3w<\/h2>\nYokoBoost nie sprawdzi\u0142 wszystkich stron, do kt\u00f3rych prowadz\u0105 linki z jego witryny, i nie ponosi odpowiedzialno\u015bci za tre\u015b\u0107 \u017cadnej z nich. Zamieszczenie linku nie oznacza, \u017ce YokoBoost popiera dan\u0105 stron\u0119. Korzystanie z linkowanych stron odbywa si\u0119 na w\u0142asne ryzyko u\u017cytkownika.\n<h2 class=\"wp-block-heading\">Modyfikacje<\/h2>\nYokoBoost mo\u017ce zmieni\u0107 niniejsze warunki korzystania z serwisu w dowolnym momencie i bez powiadomienia. Korzystaj\u0105c z tej witryny, zgadzasz si\u0119 na przestrzeganie aktualnej wersji niniejszych warunk\u00f3w korzystania z serwisu. Obowi\u0105zuj\u0105ce prawo. Niniejsze warunki podlegaj\u0105 prawu YokoBoost i s\u0105 zgodnie z nim interpretowane, a u\u017cytkownik nieodwo\u0142alnie poddaje si\u0119 wy\u0142\u0105cznej jurysdykcji s\u0105d\u00f3w w danym stanie lub miejscu.\n<h2 id=\"lei-aplicavel\" class=\"wp-block-heading\">Prawo w\u0142a\u015bciwe<\/h2>\nNiniejsze warunki podlegaj\u0105 przepisom prawa YokoBoost i zgodnie z nimi b\u0119d\u0105 interpretowane, a u\u017cytkownik nieodwo\u0142alnie poddaje si\u0119 wy\u0142\u0105cznej jurysdykcji s\u0105d\u00f3w danego pa\u0144stwa lub miejsca.","protected":false},"excerpt":{"rendered":"<p>Termos de Uso do YokoBoost Ao acessar ao site YokoBoost, concorda em cumprir estes termos de servi\u00e7o, todas as leis e regulamentos aplic\u00e1veis e concorda que \u00e9 respons\u00e1vel pelo cumprimento de todas as leis locais aplic\u00e1veis. Se voc\u00ea n\u00e3o concordar com algum desses termos, est\u00e1 proibido de usar ou acessar este site. Os materiais contidos &#8230; <a title=\"Warunki korzystania\" class=\"read-more\" href=\"https:\/\/yokoboost.com\/pl\/termos-de-uso\/\" aria-label=\"Dowiedz si\u0119 wi\u0119cej o Termos de uso\">Dowiedz si\u0119 wi\u0119cej<\/a><\/p>","protected":false},"author":1,"featured_media":0,"parent":0,"menu_order":0,"comment_status":"closed","ping_status":"closed","template":"","meta":{"footnotes":""},"class_list":["post-20","page","type-page","status-publish"],"_links":{"self":[{"href":"https:\/\/yokoboost.com\/pl\/wp-json\/wp\/v2\/pages\/20","targetHints":{"allow":["GET"]}}],"collection":[{"href":"https:\/\/yokoboost.com\/pl\/wp-json\/wp\/v2\/pages"}],"about":[{"href":"https:\/\/yokoboost.com\/pl\/wp-json\/wp\/v2\/types\/page"}],"author":[{"embeddable":true,"href":"https:\/\/yokoboost.com\/pl\/wp-json\/wp\/v2\/users\/1"}],"replies":[{"embeddable":true,"href":"https:\/\/yokoboost.com\/pl\/wp-json\/wp\/v2\/comments?post=20"}],"version-history":[{"count":2,"href":"https:\/\/yokoboost.com\/pl\/wp-json\/wp\/v2\/pages\/20\/revisions"}],"predecessor-version":[{"id":22,"href":"https:\/\/yokoboost.com\/pl\/wp-json\/wp\/v2\/pages\/20\/revisions\/22"}],"wp:attachment":[{"href":"https:\/\/yokoboost.com\/pl\/wp-json\/wp\/v2\/media?parent=20"}],"curies":[{"name":"wp","href":"https:\/\/api.w.org\/{rel}","templated":true}]}}