{"id":16,"date":"2025-03-21T23:38:10","date_gmt":"2025-03-21T23:38:10","guid":{"rendered":"https:\/\/yokoboost.com\/?page_id=16"},"modified":"2025-03-21T23:40:29","modified_gmt":"2025-03-21T23:40:29","slug":"politica-de-confidentialitate","status":"publish","type":"page","link":"https:\/\/yokoboost.com\/ro\/politica-de-privacidade\/","title":{"rendered":"Politica de confiden\u021bialitate"},"content":{"rendered":"Toate informa\u021biile colectate vor fi utilizate pentru a \u00eembun\u0103t\u0103\u021bi experien\u021ba dumneavoastr\u0103 pe site-ul nostru web. Informa\u021biile colectate pot include numele dumneavoastr\u0103, adresa de e-mail, num\u0103rul de telefon \u0219i\/sau alte informa\u021bii. Utilizarea YokoBoost implic\u0103 acceptarea acestui Acord de confiden\u021bialitate. Dac\u0103 nu sunte\u021bi de acord, chiar \u0219i par\u021bial, cu termenii \u0219i condi\u021biile con\u021binute \u00een aceast\u0103 Politic\u0103 de confiden\u021bialitate, nu trebuie s\u0103 accesa\u021bi \u0219i\/sau s\u0103 utiliza\u021bi con\u021binutul oferit de YokoBoost. Prin utilizarea site-ului web, recunoa\u0219te\u021bi \u0219i sunte\u021bi pe deplin de acord cu prelucrarea datelor dumneavoastr\u0103 \u00een conformitate cu termenii acestei Politici de confiden\u021bialitate \u0219i ai Termenilor \u0219i condi\u021biilor generale de utilizare. Ne rezerv\u0103m dreptul de a modifica aceast\u0103 politic\u0103 de confiden\u021bialitate \u00een orice moment, f\u0103r\u0103 consim\u021b\u0103m\u00e2ntul sau notificarea utilizatorilor, a\u0219a c\u0103 v\u0103 rug\u0103m s\u0103 o revizui\u021bi frecvent. Modific\u0103rile \u0219i clarific\u0103rile vor intra \u00een vigoare imediat dup\u0103 publicarea lor pe site. Dac\u0103 vom face modific\u0103ri semnificative la aceast\u0103 politic\u0103, v\u0103 vom notifica aici c\u0103 a fost actualizat\u0103, astfel \u00eenc\u00e2t s\u0103 fi\u021bi con\u0219tient de ce informa\u021bii colect\u0103m, cum le folosim \u0219i \u00een ce circumstan\u021be, dac\u0103 este cazul, le folosim \u0219i\/sau le divulg\u0103m. YokoBoost respect\u0103 confiden\u021bialitatea utilizatorilor s\u0103i \u0219i transparen\u021ba \u00een modul \u00een care sunt utilizate datele. Politica noastr\u0103 de confiden\u021bialitate a fost elaborat\u0103 \u00een conformitate cu standardele interna\u021bionale \u0219i na\u021bionale de protec\u021bie a datelor. Aceast\u0103 Politic\u0103 de confiden\u021bialitate trebuie citit\u0103 \u0219i interpretat\u0103 \u00eempreun\u0103 cu Termenii \u0219i condi\u021biile generale de utilizare ale YokoBoost, disponibile la adresa <a href=\"https:\/\/yokoboost.com\/ro\/termeni-de-utilizare\/\">https:\/\/yokoboost.com\/termos-de-uso\/<\/a>\n<h2 class=\"wp-block-heading\">Informa\u021bii generale pentru utilizatori<\/h2>\nYokoBoost \u00ee\u0219i propune s\u0103 partajeze informa\u021bii cu Utilizatorii s\u0103i, f\u0103c\u00e2nd cuno\u0219tin\u021bele accesibile tuturor. Utilizatorii pot naviga pe site-ul YokoBoost f\u0103r\u0103 a fi nevoie s\u0103 se \u00eenregistreze. YokoBoost respect\u0103 standardele \u0219i normele interna\u021bionale de securitate pentru stocarea, protec\u021bia, confiden\u021bialitatea \u0219i transmiterea datelor. Este important de re\u021binut c\u0103 nicio metod\u0103 de stocare, protec\u021bie, confiden\u021bialitate sau transmitere a datelor nu este 100% sigur\u0103 \u0219i inviolabil\u0103. YokoBoost adopt\u0103 practici \u0219i tehnologii care sunt revizuite \u0219i \u00eembun\u0103t\u0103\u021bite constant, \u00een conformitate cu progresele tehnice \u0219i de reglementare na\u021bionale \u0219i interna\u021bionale. C\u00e2nd vorbim despre protec\u021bie, ne referim la orice acces, utilizare, modificare, divulgare sau distrugere neautorizat\u0103 a datelor dumneavoastr\u0103. Pentru a preveni acest lucru, investim \u00een m\u0103suri care includ comunica\u021bii criptate, controlul accesului, respectarea dezvolt\u0103rii securizate de software, politici interne de conformitate \u0219i m\u0103suri de responsabilitate \u0219i atenuare a riscurilor care asigur\u0103 securitatea pe tot parcursul ciclului de via\u021b\u0103 al datelor. Informa\u021biile utilizatorilor sunt, de asemenea, stocate \u00een baze de date securizate, renumite \u0219i recunoscute la nivel interna\u021bional. YokoBoost nu solicit\u0103 niciodat\u0103 sume monetare pentru lansarea niciunui tip de produs, indiferent de natura acestuia. Dac\u0103 se \u00eent\u00e2mpl\u0103 acest lucru, v\u0103 rug\u0103m s\u0103 ne anun\u021ba\u021bi imediat. Ne str\u0103duim s\u0103 men\u021binem toate informa\u021biile c\u00e2t mai actualizate posibil. Totu\u0219i, este important de re\u021binut c\u0103 aceste informa\u021bii pot diferi de cele g\u0103site pe site-urile web ale institu\u021biilor sau ale furnizorilor de servicii de pe un anumit site. Nu garant\u0103m exactitatea sau actualitatea acestor informa\u021bii. Nu uita\u021bi \u00eentotdeauna s\u0103 citi\u021bi termenii \u0219i condi\u021biile de utilizare ale institu\u021biilor pe care le alege\u021bi. Primim o sum\u0103 mic\u0103 din publicitatea de pe site-ul nostru \u0219i de la partenerii no\u0219tri atunci c\u00e2nd recomand\u0103m un utilizator care solicit\u0103 un produs sau o propunere. Tot ceea ce public\u0103m se bazeaz\u0103 pe evalu\u0103ri cantitative \u0219i calitative ale fiec\u0103rui produs. Este important de re\u021binut c\u0103 partenerii no\u0219tri pot influen\u021ba direct produsele despre care scriem \u0219i pe care le recenz\u0103m, precum \u0219i ordinea celor mai \u201ebune\u201d articole \u0219i pozi\u021bionarea produselor pe YokoBoost. Av\u00e2nd \u00een vedere cantitatea de informa\u021bii de pe site-ul nostru, nu oferim nicio garan\u021bie cu privire la calitatea \u0219i actualitatea informa\u021biilor; prin urmare, prioritiz\u0103m informa\u021biile de la partenerii no\u0219tri. Pentru a v\u0103 proteja informa\u021biile personale, lu\u0103m m\u0103suri de precau\u021bie rezonabile \u0219i urm\u0103m cele mai bune practici din industrie pentru a ne asigura c\u0103 acestea nu sunt pierdute, utilizate \u00een mod necorespunz\u0103tor, accesate, divulgate, modificate sau distruse \u00een mod necorespunz\u0103tor.\n<h2 class=\"wp-block-heading\">Linkuri c\u0103tre site-uri ter\u021be<\/h2>\nYokoBoost are linkuri c\u0103tre alte site-uri web, care, \u00een opinia noastr\u0103, pot con\u021bine informa\u021bii sau instrumente utile pentru vizitatorii no\u0219tri. Politica noastr\u0103 de confiden\u021bialitate nu se aplic\u0103 site-urilor web ale unor ter\u021be p\u0103r\u021bi. Nu suntem responsabili pentru politicile de confiden\u021bialitate sau con\u021binutul acestor site-uri web. YokoBoost nu exercit\u0103 niciun control asupra acestora \u0219i, prin urmare, este exonerat de orice r\u0103spundere \u00een rela\u021biile stabilite \u00eentre Utilizator \u0219i produsele \u0219i serviciile ter\u021be promovate pe site. Odat\u0103 ce p\u0103r\u0103si\u021bi site-ul nostru web sau sunte\u021bi redirec\u021bionat c\u0103tre o aplica\u021bie sau un site web ter\u021b, nu mai sunte\u021bi guvernat de aceast\u0103 Politic\u0103 de confiden\u021bialitate sau de Termenii \u0219i condi\u021biile site-ului nostru web. Dac\u0103, dup\u0103 furnizarea datelor dvs., v\u0103 r\u0103zg\u00e2ndi\u021bi, v\u0103 pute\u021bi retrage consim\u021b\u0103m\u00e2ntul ca noi s\u0103 v\u0103 contact\u0103m, pentru colectarea, utilizarea sau divulgarea \u00een continuare a informa\u021biilor dvs., \u00een orice moment, contact\u00e2nd contato@appsntech.com.\n<h2 class=\"wp-block-heading\">Date f\u0103r\u0103 caracter personal<\/h2>\nAtunci c\u00e2nd utilizatorii nu solicit\u0103 con\u021binut gratuit de la YokoBoost (c\u0103r\u021bi electronice, chestionare, articole, infografice, printre altele), se pot efectua urm\u0103rirea \u0219i colectarea de date f\u0103r\u0103 caracter personal, indic\u00e2nd, printre alte detalii, ce pagini ale site-ului web au fost vizitate, c\u00e2nd au fost vizitate, pe ce hyperlinkuri s-a f\u0103cut clic, ce con\u021binut sau servicii au fost solicitate sau indicate, printre altele.\n<h2 class=\"wp-block-heading\">Cookie-uri<\/h2>\nGoogle, \u00een calitate de furnizor ter\u021b, utilizeaz\u0103 cookie-uri pentru a difuza reclame. Cu ajutorul cookie-ului DART, Google poate afi\u0219a reclame pe baza vizitelor cititorilor pe alte site-uri web de pe internet. Utilizatorii pot renun\u021ba la cookie-ul DART acces\u00e2nd politica de confiden\u021bialitate a re\u021belei de con\u021binut \u0219i a anun\u021burilor Google. YokoBoost utilizeaz\u0103 cookie-uri pentru a ajuta la colectarea datelor \u0219i a informa\u021biilor de identificare IP (Internet Protocol) pentru a facilita navigarea Utilizatorului, contribuind la asigurarea securit\u0103\u021bii, protec\u021biei \u0219i autenticit\u0103\u021bii datelor. \u00cen plus, folosim \u0219i publicitate ter\u021b\u0103 parte pe site-ul nostru web pentru a acoperi costurile de \u00eentre\u021binere. Unii dintre ace\u0219ti agen\u021bi de publicitate pot utiliza tehnologii precum cookie-urile atunci c\u00e2nd fac publicitate pe site-ul nostru web, ceea ce va determina, de asemenea, ace\u0219ti agen\u021bi de publicitate (cum ar fi Google prin Google AdSense \u0219i Ad Exchange) s\u0103 primeasc\u0103 informa\u021biile dvs. personale, cum ar fi adresa dvs. IP, furnizorul dvs. de servicii de internet, browserul dvs. etc. Aceast\u0103 func\u021bie este utilizat\u0103 \u00een general pentru geotargeting (afi\u0219area de reclame care au sens \u00een func\u021bie de loca\u021bia dvs. geografic\u0103). Utilizatorul poate oric\u00e2nd s\u0103 modifice dac\u0103 accept\u0103 sau nu cookie-urile \u00een set\u0103rile browserului s\u0103u, men\u021bion\u00e2nd c\u0103 prin dezactivarea cookie-urilor de navigare, unele dintre func\u021bionalit\u0103\u021bile YokoBoost pot fi afectate.\n<h2 class=\"wp-block-heading\">Date de identificare personal\u0103<\/h2>\nPentru a accesa con\u021binut gratuit pe YokoBoost, cum ar fi articole, c\u0103r\u021bi electronice, chestionare \u0219i multe altele, utilizatorii trebuie s\u0103 furnizeze anumite informa\u021bii de identificare personal\u0103, inclusiv adresa de e-mail \u0219i numele complet. Datele de identificare personal\u0103 prelucrate de YokoBoost sunt utilizate \u00een urm\u0103toarele scopuri: \u2013 Identificarea corect\u0103 \u0219i precis\u0103 a utilizatorilor, asigur\u00e2nd astfel o mai mare securitate \u0219i protec\u021bie pentru ace\u0219tia; \u2013 Accesul la serviciile \u0219i produsele furnizate de YokoBoost; \u2013 Analiza profilurilor utilizatorilor de c\u0103tre YokoBoost pentru a recomanda cele mai bune produse \u0219i informa\u021bii pe baza nevoilor \u0219i circumstan\u021belor lor reale. Pentru a analiza \u00een continuare profilurile utilizatorilor, YokoBoost poate realiza sondaje pentru a ob\u021bine informa\u021bii mai detaliate despre ace\u0219tia \u0219i, prin urmare, pentru a recomanda produse \u0219i servicii personalizate pe baza preferin\u021belor \u0219i nevoilor fiec\u0103rui utilizator. Prin urmare, YokoBoost \u0219i companiile sale partenere pot invita utilizatorii s\u0103 participe la sondaje de satisfac\u021bie, care vor include e-mailuri cu \u00eendrum\u0103rile necesare. Datele colectate vor fi utilizate \u00een principal pentru a \u00eembun\u0103t\u0103\u021bi sistemele, produsele, con\u021binutul \u0219i serviciile oferite de YokoBoost \u0219i companiile sale partenere. Dac\u0103 un utilizator ne contacteaz\u0103 pentru a raporta o problem\u0103, a pune o \u00eentrebare sau a ob\u021bine asisten\u021b\u0103, colect\u0103m \u0219i stoc\u0103m informa\u021biile de contact ale utilizatorului, precum \u0219i mesajele corespunz\u0103toare \u0219i alte date necesare pentru a investiga problema sau \u00eentrebarea. Aceste date vor fi utilizate pentru a rezolva orice \u00eentreb\u0103ri pe baza informa\u021biilor colectate, a clarifica \u00eendoielile, a corecta problemele \u0219i a \u00eembun\u0103t\u0103\u021bi sistemul, sporind \u0219i mai mult experien\u021ba utilizatorului \u00een cadrul YokoBoost.\n<h2 class=\"wp-block-heading\">Despre partajarea datelor<\/h2>\nYokoBoost nu va vinde informa\u021biile sau datele personale ale Utilizatorilor s\u0103i, dar le poate partaja cu companii partenere pentru a recomanda produse \u0219i servicii care se potrivesc cel mai bine profilului \u0219i nevoilor acestora sau pentru a furniza produse \u0219i\/sau servicii solicitate de Utilizator. YokoBoost \u00ee\u0219i rezerv\u0103 dreptul de a asista sau coopera cu orice autoritate judiciar\u0103 sau agen\u021bie guvernamental\u0103 \u0219i poate partaja datele de identificare personal\u0103 ale Utilizatorilor pentru a: a) stabili sau exercita drepturile sale legale; b) proteja proprietatea sa; c) atunci c\u00e2nd consider\u0103 c\u0103 asisten\u021ba sau cooperarea sa este necesar\u0103 pentru a proteja Utilizatorii, angaja\u021bii, administratorii sau orice persoan\u0103 prejudiciat\u0103 de ac\u021biunea sau omisiunea respectiv\u0103.\n<h2 class=\"wp-block-heading\">Despre datele brute \u0219i cele necolectate<\/h2>\nYokoBoost nu prelucreaz\u0103 date cu caracter personal ale copiilor sub 13 (treisprezece) ani f\u0103r\u0103 autorizarea prealabil\u0103 a p\u0103rin\u021bilor sau tutorilor legali. \u00cen cazul \u00een care datele cu caracter personal ale copiilor sub 13 (treisprezece) ani sunt colectate \u0219i prelucrate \u00een mod neinten\u021bionat f\u0103r\u0103 autorizarea expres\u0103 a p\u0103rin\u021bilor sau tutorilor legali, YokoBoost va \u0219terge toate datele colectate f\u0103r\u0103 notificare prealabil\u0103. Dac\u0103 afla\u021bi c\u0103 am prelucrat \u00een mod eronat datele unui copil, v\u0103 rug\u0103m s\u0103 ne contacta\u021bi imediat prin e-mail. <a>contato@appsntech.com<\/a>, astfel \u00eenc\u00e2t s\u0103 putem lua m\u0103surile necesare.","protected":false},"excerpt":{"rendered":"<p>Todas as informa\u00e7\u00f5es recolhidas ser\u00e3o utilizadas para melhorar sua experi\u00eancia dentro do nosso site. As informa\u00e7\u00f5es recolhidas podem incluir o seu nome, email, n\u00famero de telefone e\/ou outros. O uso do YokoBoost pressup\u00f5e a aceita\u00e7\u00e3o deste Acordo de Privacidade. Caso o usu\u00e1rio n\u00e3o concorde, ainda que em parte, com os termos e condi\u00e7\u00f5es contidos nesta &#8230; <a title=\"Politica de confiden\u021bialitate\" class=\"read-more\" href=\"https:\/\/yokoboost.com\/ro\/politica-de-privacidade\/\" aria-label=\"Cite\u0219te mai multe despre Politica de Privacidade\">Cite\u0219te mai mult<\/a><\/p>","protected":false},"author":1,"featured_media":0,"parent":0,"menu_order":0,"comment_status":"closed","ping_status":"closed","template":"","meta":{"footnotes":""},"class_list":["post-16","page","type-page","status-publish"],"_links":{"self":[{"href":"https:\/\/yokoboost.com\/ro\/wp-json\/wp\/v2\/pages\/16","targetHints":{"allow":["GET"]}}],"collection":[{"href":"https:\/\/yokoboost.com\/ro\/wp-json\/wp\/v2\/pages"}],"about":[{"href":"https:\/\/yokoboost.com\/ro\/wp-json\/wp\/v2\/types\/page"}],"author":[{"embeddable":true,"href":"https:\/\/yokoboost.com\/ro\/wp-json\/wp\/v2\/users\/1"}],"replies":[{"embeddable":true,"href":"https:\/\/yokoboost.com\/ro\/wp-json\/wp\/v2\/comments?post=16"}],"version-history":[{"count":2,"href":"https:\/\/yokoboost.com\/ro\/wp-json\/wp\/v2\/pages\/16\/revisions"}],"predecessor-version":[{"id":24,"href":"https:\/\/yokoboost.com\/ro\/wp-json\/wp\/v2\/pages\/16\/revisions\/24"}],"wp:attachment":[{"href":"https:\/\/yokoboost.com\/ro\/wp-json\/wp\/v2\/media?parent=16"}],"curies":[{"name":"wp","href":"https:\/\/api.w.org\/{rel}","templated":true}]}}