{"id":18,"date":"2025-03-21T23:38:34","date_gmt":"2025-03-21T23:38:34","guid":{"rendered":"https:\/\/yokoboost.com\/?page_id=18"},"modified":"2025-03-21T23:40:01","modified_gmt":"2025-03-21T23:40:01","slug":"cine-suntem","status":"publish","type":"page","link":"https:\/\/yokoboost.com\/ro\/quem-somos\/","title":{"rendered":"Cine suntem"},"content":{"rendered":"<p>YokoBoost este un site web dedicat tehnologiei creat \u00een 2024 cu scopul de a oferi informa\u021bii \u0219i sfaturi despre aplica\u021bii, finan\u021be \u0219i alte subiecte legate de lumea digital\u0103. Credem c\u0103 tehnologia este un instrument puternic pentru transformarea vie\u021bilor \u0219i a afacerilor \u0219i dorim s\u0103-i ajut\u0103m pe cititorii no\u0219tri s\u0103 r\u0103m\u00e2n\u0103 la curent \u0219i s\u0103 profite la maximum de aceste instrumente.<\/p>\n\n\n\n<p>Aici, la YokoBoost, ve\u021bi g\u0103si articole \u0219i tutoriale scrise de exper\u021bi \u00een tehnologie, precum \u0219i recenzii \u0219i analize de produse \u0219i servicii. De asemenea, oferim sfaturi \u0219i trucuri pentru a v\u0103 ajuta s\u0103 profita\u021bi la maximum de dispozitivele \u0219i aplica\u021biile dvs. mobile.<\/p>\n\n\n\n<p>Echipa noastr\u0103 este format\u0103 din exper\u021bi \u00een tehnologie, jurnali\u0219ti \u0219i scriitori, to\u021bi dedica\u021bi furniz\u0103rii de con\u021binut precis \u0219i de \u00eenalt\u0103 calitate cititorilor no\u0219tri. Credem c\u0103 tehnologia este un instrument puternic pentru transformarea vie\u021bilor \u0219i a afacerilor, iar obiectivul nostru este s\u0103-i ajut\u0103m pe cititorii no\u0219tri s\u0103 r\u0103m\u00e2n\u0103 la curent \u0219i s\u0103 profite la maximum de aceste instrumente.<\/p>\n\n\n\n<p>Pe l\u00e2ng\u0103 con\u021binut, le oferim cititorilor no\u0219tri \u0219i oportunitatea de a se conecta cu al\u021bi pasiona\u021bi de tehnologie prin intermediul canalelor noastre de socializare \u0219i al forumurilor de discu\u021bii. Apreciem opiniile cititorilor no\u0219tri \u0219i suntem \u00eentotdeauna deschi\u0219i la sugestii \u0219i feedback pentru a ne \u00eembun\u0103t\u0103\u021bi serviciile.<\/p>\n\n\n\n<p>Urm\u0103ri\u021bi-ne \u0219i fi\u021bi la curent cu cele mai recente tendin\u021be \u0219i \u0219tiri din lumea tehnologiei. V\u0103 mul\u021bumim c\u0103 a\u021bi vizitat site-ul nostru web \u0219i sper\u0103m s\u0103 v\u0103 revedem cur\u00e2nd!<\/p>","protected":false},"excerpt":{"rendered":"<p>O YokoBoost \u00e9 um site de tecnologia criado em 2024 com o objetivo de fornecer informa\u00e7\u00f5es e dicas sobre aplicativos, finan\u00e7as e outros assuntos relacionados ao mundo digital. N\u00f3s acreditamos que a tecnologia \u00e9 uma ferramenta poderosa para transformar vidas e empresas, e queremos ajudar nossos leitores a se manterem atualizados e aproveitar ao m\u00e1ximo &#8230; <a title=\"Cine suntem\" class=\"read-more\" href=\"https:\/\/yokoboost.com\/ro\/quem-somos\/\" aria-label=\"Cite\u0219te mai multe despre Quem somos\">Cite\u0219te mai mult<\/a><\/p>","protected":false},"author":1,"featured_media":0,"parent":0,"menu_order":0,"comment_status":"closed","ping_status":"closed","template":"","meta":{"footnotes":""},"class_list":["post-18","page","type-page","status-publish"],"_links":{"self":[{"href":"https:\/\/yokoboost.com\/ro\/wp-json\/wp\/v2\/pages\/18","targetHints":{"allow":["GET"]}}],"collection":[{"href":"https:\/\/yokoboost.com\/ro\/wp-json\/wp\/v2\/pages"}],"about":[{"href":"https:\/\/yokoboost.com\/ro\/wp-json\/wp\/v2\/types\/page"}],"author":[{"embeddable":true,"href":"https:\/\/yokoboost.com\/ro\/wp-json\/wp\/v2\/users\/1"}],"replies":[{"embeddable":true,"href":"https:\/\/yokoboost.com\/ro\/wp-json\/wp\/v2\/comments?post=18"}],"version-history":[{"count":2,"href":"https:\/\/yokoboost.com\/ro\/wp-json\/wp\/v2\/pages\/18\/revisions"}],"predecessor-version":[{"id":23,"href":"https:\/\/yokoboost.com\/ro\/wp-json\/wp\/v2\/pages\/18\/revisions\/23"}],"wp:attachment":[{"href":"https:\/\/yokoboost.com\/ro\/wp-json\/wp\/v2\/media?parent=18"}],"curies":[{"name":"wp","href":"https:\/\/api.w.org\/{rel}","templated":true}]}}