{"id":20,"date":"2025-03-21T23:38:52","date_gmt":"2025-03-21T23:38:52","guid":{"rendered":"https:\/\/yokoboost.com\/?page_id=20"},"modified":"2025-03-21T23:39:31","modified_gmt":"2025-03-21T23:39:31","slug":"termeni-de-utilizare","status":"publish","type":"page","link":"https:\/\/yokoboost.com\/ro\/termos-de-uso\/","title":{"rendered":"Termeni de utilizare"},"content":{"rendered":"<h2 class=\"wp-block-heading\">Termeni de utilizare YokoBoost<\/h2>\nPrin accesarea site-ului web YokoBoost, sunte\u021bi de acord s\u0103 respecta\u021bi ace\u0219ti termeni de utilizare, toate legile \u0219i reglement\u0103rile aplicabile \u0219i sunte\u021bi de acord c\u0103 sunte\u021bi responsabil pentru respectarea tuturor legilor locale aplicabile. Dac\u0103 nu sunte\u021bi de acord cu oricare dintre ace\u0219ti termeni, v\u0103 este interzis s\u0103 utiliza\u021bi sau s\u0103 accesa\u021bi acest site. Materialele con\u021binute \u00een acest site sunt protejate de legile aplicabile privind drepturile de autor \u0219i m\u0103rcile comerciale.\n<h2 class=\"wp-block-heading\">Utiliza\u021bi licen\u021ba<\/h2>\nSe acord\u0103 permisiunea de a desc\u0103rca temporar o copie a materialelor (informa\u021bii sau software) de pe site-ul YokoBoost, doar pentru vizualizare tranzitorie personal\u0103, necomercial\u0103. Aceasta reprezint\u0103 acordarea unei licen\u021be, nu un transfer de titlu, iar \u00een baza acestei licen\u021be, nu ave\u021bi dreptul:\n<ul class=\"wp-block-list\">\n \t<li>a modifica sau copia materialele;<\/li>\n \t<li>a utiliza materialele \u00een scopuri comerciale sau pentru afi\u0219are public\u0103 (comercial\u0103 sau necomercial\u0103);<\/li>\n \t<li>\u00eencercarea de a decompila sau de a decodifica orice software con\u021binut pe site-ul web YokoBoost;<\/li>\n \t<li>a elimina orice men\u021biuni privind drepturile de autor sau alte men\u021biuni privind proprietatea din materiale; sau<\/li>\n \t<li>Transfera\u021bi materialele c\u0103tre o alt\u0103 persoan\u0103 sau \u201ereproduce\u021bi \u00een oglind\u0103\u201d materialele pe orice alt server. Aceast\u0103 licen\u021b\u0103 va \u00eenceta automat dac\u0103 \u00eenc\u0103lca\u021bi oricare dintre aceste restric\u021bii \u0219i poate fi reziliat\u0103 de YokoBoost \u00een orice moment. La \u00eencetarea vizualiz\u0103rii acestor materiale sau la \u00eencetarea acestei licen\u021be, trebuie s\u0103 \u0219terge\u021bi toate materialele desc\u0103rcate pe care le de\u021bine\u021bi, fie \u00een format electronic, fie tip\u0103rit.<\/li>\n<\/ul>\n<h2 class=\"wp-block-heading\">Declinare de responsabilitate<\/h2>\nMaterialele de pe site-ul web YokoBoost sunt furnizate \u201eca atare\u201d. YokoBoost nu ofer\u0103 nicio garan\u021bie, expres\u0103 sau implicit\u0103, \u0219i prin prezenta declin\u0103 \u0219i neag\u0103 toate celelalte garan\u021bii, inclusiv, f\u0103r\u0103 limitare, garan\u021biile implicite sau condi\u021biile de vandabilitate, adecvare pentru un anumit scop sau ne\u00eenc\u0103lcare a propriet\u0103\u021bii intelectuale sau alte \u00eenc\u0103lc\u0103ri ale drepturilor. \u00cen plus, YokoBoost nu garanteaz\u0103 \u0219i nu face nicio declara\u021bie cu privire la acurate\u021bea, rezultatele probabile sau fiabilitatea utiliz\u0103rii materialelor de pe site-ul s\u0103u web sau \u00een leg\u0103tur\u0103 cu astfel de materiale sau de pe site-urile legate de acest site web.\n<h2 class=\"wp-block-heading\">Limit\u0103ri<\/h2>\n\u00cen nicio circumstan\u021b\u0103, YokoBoost sau furnizorii s\u0103i nu vor fi r\u0103spunz\u0103tori pentru daune (inclusiv, f\u0103r\u0103 limitare, daune pentru pierderea de date sau profit sau din cauza \u00eentreruperii activit\u0103\u021bii) care decurg din utilizarea sau incapacitatea de a utiliza materialele de pe YokoBoost, chiar dac\u0103 YokoBoost sau un reprezentant autorizat YokoBoost a fost notificat verbal sau \u00een scris cu privire la posibilitatea unor astfel de daune. Deoarece unele jurisdic\u021bii nu permit limit\u0103ri ale garan\u021biilor implicite sau limit\u0103ri ale r\u0103spunderii pentru daune indirecte sau incidentale, este posibil ca aceste limit\u0103ri s\u0103 nu vi se aplice.\n<h2 class=\"wp-block-heading\">Precizia materialelor<\/h2>\nMaterialele afi\u0219ate pe site-ul web YokoBoost pot include erori tehnice, tipografice sau fotografice. YokoBoost nu garanteaz\u0103 c\u0103 vreun material de pe site-ul s\u0103u web este corect, complet sau actual. YokoBoost poate modifica materialele con\u021binute pe site-ul s\u0103u web \u00een orice moment, f\u0103r\u0103 notificare prealabil\u0103. Cu toate acestea, YokoBoost nu se angajeaz\u0103 s\u0103 actualizeze materialele.\n<h2 class=\"wp-block-heading\">Linkuri<\/h2>\nYokoBoost nu a verificat toate site-urile la care se face trimitere c\u0103tre site-ul s\u0103u web \u0219i nu este responsabil\u0103 pentru con\u021binutul niciunui site la care se face trimitere. Includerea oric\u0103rui link nu implic\u0103 aprobarea site-ului de c\u0103tre YokoBoost. Utilizarea oric\u0103rui site la care se face trimitere se face pe riscul propriu al utilizatorului.\n<h2 class=\"wp-block-heading\">Modific\u0103ri<\/h2>\nYokoBoost \u00ee\u0219i rezerv\u0103 dreptul de a revizui ace\u0219ti termeni \u0219i condi\u021bii de utilizare ai site-ului web \u00een orice moment, f\u0103r\u0103 notificare prealabil\u0103. Prin utilizarea acestui site web, sunte\u021bi de acord s\u0103 respecta\u021bi versiunea actual\u0103 a acestor termeni \u0219i condi\u021bii de utilizare. Legea aplicabil\u0103 Ace\u0219ti termeni \u0219i condi\u021bii sunt guverna\u021bi \u0219i interpreta\u021bi \u00een conformitate cu legile YokoBoost, iar dumneavoastr\u0103 v\u0103 supune\u021bi \u00een mod irevocabil jurisdic\u021biei exclusive a instan\u021belor din statul sau loca\u021bia respectiv\u0103.\n<h2 id=\"lei-aplicavel\" class=\"wp-block-heading\">Legea aplicabil\u0103<\/h2>\nAce\u0219ti termeni \u0219i condi\u021bii sunt guverna\u021bi \u0219i interpreta\u021bi \u00een conformitate cu legile YokoBoost, iar dumneavoastr\u0103 v\u0103 supune\u021bi \u00een mod irevocabil jurisdic\u021biei exclusive a instan\u021belor din statul sau loca\u021bia respectiv\u0103.","protected":false},"excerpt":{"rendered":"<p>Termos de Uso do YokoBoost Ao acessar ao site YokoBoost, concorda em cumprir estes termos de servi\u00e7o, todas as leis e regulamentos aplic\u00e1veis e concorda que \u00e9 respons\u00e1vel pelo cumprimento de todas as leis locais aplic\u00e1veis. Se voc\u00ea n\u00e3o concordar com algum desses termos, est\u00e1 proibido de usar ou acessar este site. Os materiais contidos &#8230; <a title=\"Termeni de utilizare\" class=\"read-more\" href=\"https:\/\/yokoboost.com\/ro\/termos-de-uso\/\" aria-label=\"Cite\u0219te mai multe despre Termos de uso\">Cite\u0219te mai mult<\/a><\/p>","protected":false},"author":1,"featured_media":0,"parent":0,"menu_order":0,"comment_status":"closed","ping_status":"closed","template":"","meta":{"footnotes":""},"class_list":["post-20","page","type-page","status-publish"],"_links":{"self":[{"href":"https:\/\/yokoboost.com\/ro\/wp-json\/wp\/v2\/pages\/20","targetHints":{"allow":["GET"]}}],"collection":[{"href":"https:\/\/yokoboost.com\/ro\/wp-json\/wp\/v2\/pages"}],"about":[{"href":"https:\/\/yokoboost.com\/ro\/wp-json\/wp\/v2\/types\/page"}],"author":[{"embeddable":true,"href":"https:\/\/yokoboost.com\/ro\/wp-json\/wp\/v2\/users\/1"}],"replies":[{"embeddable":true,"href":"https:\/\/yokoboost.com\/ro\/wp-json\/wp\/v2\/comments?post=20"}],"version-history":[{"count":2,"href":"https:\/\/yokoboost.com\/ro\/wp-json\/wp\/v2\/pages\/20\/revisions"}],"predecessor-version":[{"id":22,"href":"https:\/\/yokoboost.com\/ro\/wp-json\/wp\/v2\/pages\/20\/revisions\/22"}],"wp:attachment":[{"href":"https:\/\/yokoboost.com\/ro\/wp-json\/wp\/v2\/media?parent=20"}],"curies":[{"name":"wp","href":"https:\/\/api.w.org\/{rel}","templated":true}]}}