{"id":16,"date":"2025-03-21T23:38:10","date_gmt":"2025-03-21T23:38:10","guid":{"rendered":"https:\/\/yokoboost.com\/?page_id=16"},"modified":"2025-03-21T23:40:29","modified_gmt":"2025-03-21T23:40:29","slug":"zasady-ochrany-osobnych-udajov","status":"publish","type":"page","link":"https:\/\/yokoboost.com\/sk\/politica-de-privacidade\/","title":{"rendered":"Z\u00e1sady ochrany osobn\u00fdch \u00fadajov"},"content":{"rendered":"V\u0161etky zhroma\u017eden\u00e9 inform\u00e1cie bud\u00fa pou\u017eit\u00e9 na zlep\u0161enie v\u00e1\u0161ho z\u00e1\u017eitku na na\u0161ej webovej str\u00e1nke. Zhroma\u017eden\u00e9 inform\u00e1cie m\u00f4\u017eu zah\u0155\u0148a\u0165 va\u0161e meno, e-mailov\u00fa adresu, telef\u00f3nne \u010d\u00edslo a\/alebo in\u00e9 inform\u00e1cie. Pou\u017e\u00edvan\u00edm YokoBoost s\u00fahlas\u00edte s touto zmluvou o ochrane osobn\u00fdch \u00fadajov. Ak nes\u00fahlas\u00edte, \u010do i len \u010diasto\u010dne, s podmienkami uveden\u00fdmi v t\u00fdchto z\u00e1sad\u00e1ch ochrany osobn\u00fdch \u00fadajov, nemali by ste pristupova\u0165 k obsahu pon\u00fakan\u00e9mu spolo\u010dnos\u0165ou YokoBoost a\/alebo ho pou\u017e\u00edva\u0165. Pou\u017e\u00edvan\u00edm webovej str\u00e1nky potvrdzujete a plne s\u00fahlas\u00edte so spracovan\u00edm va\u0161ich \u00fadajov v s\u00falade s podmienkami t\u00fdchto z\u00e1sad ochrany osobn\u00fdch \u00fadajov a V\u0161eobecn\u00fdmi zmluvn\u00fdmi podmienkami pou\u017e\u00edvania. Vyhradzujeme si pr\u00e1vo kedyko\u013evek zmeni\u0165 tieto z\u00e1sady ochrany osobn\u00fdch \u00fadajov bez s\u00fahlasu alebo upozornenia pou\u017e\u00edvate\u013eov, preto si ich, pros\u00edm, \u010dasto prezerajte. Zmeny a objasnenia nadobudn\u00fa \u00fa\u010dinnos\u0165 okam\u017eite po ich zverejnen\u00ed na webovej str\u00e1nke. Ak v t\u00fdchto z\u00e1sad\u00e1ch vykon\u00e1me podstatn\u00e9 zmeny, budeme v\u00e1s tu informova\u0165 o ich aktualiz\u00e1cii, aby ste vedeli, ak\u00e9 inform\u00e1cie zhroma\u017e\u010fujeme, ako ich pou\u017e\u00edvame a za ak\u00fdch okolnost\u00ed, ak v\u00f4bec nejak\u00e9, ich pou\u017e\u00edvame a\/alebo zverej\u0148ujeme. YokoBoost re\u0161pektuje s\u00fakromie svojich pou\u017e\u00edvate\u013eov a transparentnos\u0165 v tom, ako sa \u00fadaje pou\u017e\u00edvaj\u00fa. Na\u0161e z\u00e1sady ochrany osobn\u00fdch \u00fadajov boli vypracovan\u00e9 v s\u00falade s medzin\u00e1rodn\u00fdmi a n\u00e1rodn\u00fdmi normami ochrany \u00fadajov. Tieto Z\u00e1sady ochrany osobn\u00fdch \u00fadajov by sa mali \u010d\u00edta\u0165 a interpretova\u0165 v spojen\u00ed so V\u0161eobecn\u00fdmi zmluvn\u00fdmi podmienkami spolo\u010dnosti YokoBoost, ktor\u00e9 s\u00fa k dispoz\u00edcii na adrese <a href=\"https:\/\/yokoboost.com\/sk\/podmienky-pouzivania\/\">https:\/\/yokoboost.com\/termos-de-uso\/<\/a>\n<h2 class=\"wp-block-heading\">V\u0161eobecn\u00e9 inform\u00e1cie pre pou\u017e\u00edvate\u013eov<\/h2>\nCie\u013eom spolo\u010dnosti YokoBoost je zdie\u013ea\u0165 inform\u00e1cie so svojimi pou\u017e\u00edvate\u013emi a spr\u00edstupni\u0165 ich v\u0161etk\u00fdm. Pou\u017e\u00edvatelia si m\u00f4\u017eu prezera\u0165 webov\u00fa str\u00e1nku YokoBoost bez nutnosti registr\u00e1cie. YokoBoost dodr\u017eiava medzin\u00e1rodn\u00e9 bezpe\u010dnostn\u00e9 \u0161tandardy a normy pre ukladanie, ochranu, s\u00fakromie a prenos \u00fadajov. Je d\u00f4le\u017eit\u00e9 poznamena\u0165, \u017ee \u017eiadna met\u00f3da ukladania, ochrany, s\u00fakromia alebo prenosu \u00fadajov nie je bezpe\u010dn\u00e1 a nedotknute\u013en\u00e1. YokoBoost pou\u017e\u00edva postupy a technol\u00f3gie, ktor\u00e9 sa neust\u00e1le kontroluj\u00fa a vylep\u0161uj\u00fa v s\u00falade s n\u00e1rodn\u00fdm a medzin\u00e1rodn\u00fdm technick\u00fdm a regula\u010dn\u00fdm pokrokom. Ke\u010f hovor\u00edme o ochrane, mysl\u00edme t\u00fdm ak\u00fdko\u013evek neopr\u00e1vnen\u00fd pr\u00edstup, pou\u017eitie, zmenu, zverejnenie alebo zni\u010denie va\u0161ich \u00fadajov. Aby sme tomu zabr\u00e1nili, investujeme do opatren\u00ed, ktor\u00e9 zah\u0155\u0148aj\u00fa \u0161ifrovan\u00fa komunik\u00e1ciu, kontrolu pr\u00edstupu, dodr\u017eiavanie bezpe\u010dn\u00e9ho v\u00fdvoja softv\u00e9ru, intern\u00e9 politiky dodr\u017eiavania predpisov a opatrenia na zodpovednos\u0165 a zmiernenie riz\u00edk, ktor\u00e9 zabezpe\u010duj\u00fa bezpe\u010dnos\u0165 po\u010das cel\u00e9ho \u017eivotn\u00e9ho cyklu \u00fadajov. Inform\u00e1cie o pou\u017e\u00edvate\u013eoch s\u00fa tie\u017e ulo\u017een\u00e9 v bezpe\u010dn\u00fdch, renomovan\u00fdch a medzin\u00e1rodne uzn\u00e1van\u00fdch datab\u00e1zach. YokoBoost nikdy nepo\u017eaduje pe\u0148a\u017en\u00e9 sumy za vydanie ak\u00e9hoko\u013evek typu produktu, bez oh\u013eadu na jeho povahu. Ak sa tak stane, okam\u017eite n\u00e1s o tom informujte. Sna\u017e\u00edme sa udr\u017eiava\u0165 v\u0161etky inform\u00e1cie \u010do najaktu\u00e1lnej\u0161ie. Je v\u0161ak d\u00f4le\u017eit\u00e9 poznamena\u0165, \u017ee tieto inform\u00e1cie sa m\u00f4\u017eu l\u00ed\u0161i\u0165 od inform\u00e1ci\u00ed uveden\u00fdch na webov\u00fdch str\u00e1nkach in\u0161tit\u00faci\u00ed alebo poskytovate\u013eov slu\u017eieb na konkr\u00e9tnej str\u00e1nke. Nezaru\u010dujeme presnos\u0165 ani aktu\u00e1lnos\u0165 t\u00fdchto inform\u00e1ci\u00ed. V\u017edy si pre\u010d\u00edtajte zmluvn\u00e9 podmienky pou\u017e\u00edvania in\u0161tit\u00faci\u00ed, ktor\u00e9 si vyberiete. Z reklamy na na\u0161ej str\u00e1nke a od na\u0161ich partnerov dost\u00e1vame mal\u00fa sumu, ke\u010f odporu\u010d\u00edme pou\u017e\u00edvate\u013ea, ktor\u00fd si vy\u017eiada produkt alebo n\u00e1vrh. V\u0161etko, \u010do zverej\u0148ujeme, je zalo\u017een\u00e9 na kvantitat\u00edvnych a kvalitat\u00edvnych hodnoteniach ka\u017ed\u00e9ho produktu. Je d\u00f4le\u017eit\u00e9 poznamena\u0165, \u017ee na\u0161i partneri m\u00f4\u017eu priamo ovplyvni\u0165 produkty, o ktor\u00fdch p\u00ed\u0161eme a ktor\u00e9 recenzujeme, ako aj poradie \u201enajlep\u0161\u00edch\u201c \u010dl\u00e1nkov a umiestnenie produktov na YokoBoost. Vzh\u013eadom na mno\u017estvo inform\u00e1ci\u00ed na na\u0161ej str\u00e1nke neposkytujeme \u017eiadne z\u00e1ruky t\u00fdkaj\u00face sa kvality a aktu\u00e1lnosti inform\u00e1ci\u00ed; preto uprednost\u0148ujeme inform\u00e1cie od na\u0161ich partnerov. Na ochranu va\u0161ich osobn\u00fdch \u00fadajov prij\u00edmame primeran\u00e9 opatrenia a dodr\u017eiavame osved\u010den\u00e9 postupy v odvetv\u00ed, aby sme zabezpe\u010dili, \u017ee sa nevhodne nestratia, nezneu\u017eij\u00fa, nezverejnia, nezmenia ani nezni\u010dia.\n<h2 class=\"wp-block-heading\">Odkazy na str\u00e1nky tret\u00edch str\u00e1n<\/h2>\nYokoBoost obsahuje odkazy na in\u00e9 webov\u00e9 str\u00e1nky, ktor\u00e9 pod\u013ea n\u00e1\u0161ho n\u00e1zoru m\u00f4\u017eu obsahova\u0165 u\u017eito\u010dn\u00e9 inform\u00e1cie alebo n\u00e1stroje pre na\u0161ich n\u00e1v\u0161tevn\u00edkov. Na\u0161e Z\u00e1sady ochrany osobn\u00fdch \u00fadajov sa nevz\u0165ahuj\u00fa na webov\u00e9 str\u00e1nky tret\u00edch str\u00e1n. Nie sme zodpovedn\u00ed za z\u00e1sady ochrany osobn\u00fdch \u00fadajov ani za obsah t\u00fdchto webov\u00fdch str\u00e1nok. YokoBoost nad nimi nevykon\u00e1va \u017eiadnu kontrolu, a preto je zbaven\u00fd akejko\u013evek zodpovednosti vo vz\u0165ahoch medzi pou\u017e\u00edvate\u013eom a produktmi a slu\u017ebami tret\u00edch str\u00e1n inzerovan\u00fdmi na webovej str\u00e1nke. Po opusten\u00ed na\u0161ej webovej str\u00e1nky alebo presmerovan\u00ed na aplik\u00e1ciu alebo webov\u00fa str\u00e1nku tretej strany sa na v\u00e1s u\u017e nevz\u0165ahuj\u00fa tieto Z\u00e1sady ochrany osobn\u00fdch \u00fadajov ani Podmienky pou\u017e\u00edvania na\u0161ej webovej str\u00e1nky. Ak po poskytnut\u00ed svojich \u00fadajov zmen\u00edte n\u00e1zor, m\u00f4\u017eete kedyko\u013evek odvola\u0165 svoj s\u00fahlas s t\u00fdm, aby sme v\u00e1s kontaktovali, aby sme va\u0161e \u00fadaje na\u010falej zhroma\u017e\u010fovali, pou\u017e\u00edvali alebo zverej\u0148ovali, a to kontaktovan\u00edm contato@appsntech.com.\n<h2 class=\"wp-block-heading\">Neosobn\u00e9 \u00fadaje<\/h2>\nAk si pou\u017e\u00edvatelia nevy\u017eiadaj\u00fa bezplatn\u00fd obsah od YokoBoost (okrem in\u00e9ho elektronick\u00e9 knihy, kv\u00edzy, \u010dl\u00e1nky, infografiky), m\u00f4\u017ee sa vykon\u00e1va\u0165 sledovanie a zhroma\u017e\u010fovanie neosobn\u00fdch \u00fadajov, ktor\u00e9 okrem in\u00e9ho uv\u00e1dzaj\u00fa, ktor\u00e9 str\u00e1nky webovej str\u00e1nky boli nav\u0161t\u00edven\u00e9, kedy boli nav\u0161t\u00edven\u00e9, na ktor\u00e9 hypertextov\u00e9 odkazy bolo kliknut\u00e9, ak\u00fd obsah alebo slu\u017eby boli po\u017eadovan\u00e9 alebo zobrazen\u00e9, a \u010fal\u0161ie.\n<h2 class=\"wp-block-heading\">S\u00fabory cookie<\/h2>\nSpolo\u010dnos\u0165 Google ako tretia strana, ktor\u00e1 poskytuje slu\u017eby, pou\u017e\u00edva s\u00fabory cookie na zobrazovanie rekl\u00e1m. Pomocou s\u00faboru cookie DART m\u00f4\u017ee spolo\u010dnos\u0165 Google zobrazova\u0165 reklamy na z\u00e1klade n\u00e1v\u0161tev in\u00fdch webov\u00fdch str\u00e1nok na internete. Pou\u017e\u00edvatelia sa m\u00f4\u017eu odhl\u00e1si\u0165 z pou\u017e\u00edvania s\u00faborov cookie DART v z\u00e1sad\u00e1ch ochrany osobn\u00fdch \u00fadajov pre reklamy a obsahov\u00fa sie\u0165 spolo\u010dnosti Google. Spolo\u010dnos\u0165 YokoBoost pou\u017e\u00edva s\u00fabory cookie na zhroma\u017e\u010fovanie \u00fadajov a identifika\u010dn\u00fdch inform\u00e1ci\u00ed IP (internetov\u00fd protokol) s cie\u013eom u\u013eah\u010di\u0165 navig\u00e1ciu pou\u017e\u00edvate\u013eov, \u010d\u00edm zabezpe\u010d\u00ed bezpe\u010dnos\u0165, ochranu a autenticitu \u00fadajov. Okrem toho na na\u0161ej webovej str\u00e1nke pou\u017e\u00edvame aj reklamu tret\u00edch str\u00e1n na pokrytie n\u00e1kladov na \u00fadr\u017ebu. Niektor\u00ed z t\u00fdchto inzerentov m\u00f4\u017eu pri inzerovan\u00ed na na\u0161ej webovej str\u00e1nke pou\u017e\u00edva\u0165 technol\u00f3gie, ako s\u00fa s\u00fabory cookie, \u010do tie\u017e sp\u00f4sob\u00ed, \u017ee t\u00edto inzerenti (napr\u00edklad spolo\u010dnos\u0165 Google prostredn\u00edctvom slu\u017eieb Google AdSense a Ad Exchange) dostan\u00fa va\u0161e osobn\u00e9 \u00fadaje, ako je va\u0161a IP adresa, v\u00e1\u0161 poskytovate\u013e internetov\u00fdch slu\u017eieb, v\u00e1\u0161 prehliada\u010d at\u010f. T\u00e1to funkcia sa vo v\u0161eobecnosti pou\u017e\u00edva na geotargeting (zobrazovanie rekl\u00e1m, ktor\u00e9 d\u00e1vaj\u00fa zmysel na z\u00e1klade va\u0161ej geografickej polohy). Pou\u017e\u00edvate\u013e m\u00f4\u017ee kedyko\u013evek zmeni\u0165, \u010di chce alebo nechce prij\u00edma\u0165 s\u00fabory cookie v nastaveniach svojho prehliada\u010da, pri\u010dom si uvedomuje, \u017ee vypnut\u00edm s\u00faborov cookie prehliadania m\u00f4\u017eu by\u0165 niektor\u00e9 funkcie slu\u017eby YokoBoost naru\u0161en\u00e9.\n<h2 class=\"wp-block-heading\">Osobne identifikovate\u013en\u00e9 \u00fadaje<\/h2>\nPre pr\u00edstup k bezplatn\u00e9mu obsahu na YokoBoost, ako s\u00fa \u010dl\u00e1nky, elektronick\u00e9 knihy, kv\u00edzy a \u010fal\u0161ie, musia pou\u017e\u00edvatelia poskytn\u00fa\u0165 ur\u010dit\u00e9 osobn\u00e9 \u00fadaje vr\u00e1tane e-mailovej adresy a cel\u00e9ho mena. Osobn\u00e9 \u00fadaje spracov\u00e1van\u00e9 spolo\u010dnos\u0165ou YokoBoost sa pou\u017e\u00edvaj\u00fa na nasleduj\u00face \u00fa\u010dely: \u2013 Spr\u00e1vna a presn\u00e1 identifik\u00e1cia pou\u017e\u00edvate\u013eov, \u010d\u00edm sa zabezpe\u010d\u00ed ich v\u00e4\u010d\u0161ia bezpe\u010dnos\u0165 a ochrana; \u2013 Pr\u00edstup k slu\u017eb\u00e1m a produktom poskytovan\u00fdm spolo\u010dnos\u0165ou YokoBoost; \u2013 Anal\u00fdza profilov pou\u017e\u00edvate\u013eov spolo\u010dnos\u0165ou YokoBoost s cie\u013eom odporu\u010di\u0165 najlep\u0161ie produkty a inform\u00e1cie na z\u00e1klade ich skuto\u010dn\u00fdch potrieb a okolnost\u00ed. Na \u010fal\u0161iu anal\u00fdzu profilov pou\u017e\u00edvate\u013eov m\u00f4\u017ee YokoBoost vykon\u00e1va\u0165 prieskumy s cie\u013eom z\u00edska\u0165 o nich podrobnej\u0161ie inform\u00e1cie, a preto odporu\u010di\u0165 personalizovan\u00e9 produkty a slu\u017eby na z\u00e1klade preferenci\u00ed a potrieb ka\u017ed\u00e9ho pou\u017e\u00edvate\u013ea. Preto m\u00f4\u017eu YokoBoost a jej partnersk\u00e9 spolo\u010dnosti pozva\u0165 pou\u017e\u00edvate\u013eov, aby sa z\u00fa\u010dastnili prieskumov spokojnosti, ktor\u00e9 bud\u00fa zah\u0155\u0148a\u0165 e-maily s potrebn\u00fdmi pokynmi. Zhroma\u017eden\u00e9 \u00fadaje sa pou\u017eij\u00fa predov\u0161etk\u00fdm na zlep\u0161enie syst\u00e9mov, produktov, obsahu a slu\u017eieb pon\u00fakan\u00fdch spolo\u010dnos\u0165ou YokoBoost a jej partnersk\u00fdmi spolo\u010dnos\u0165ami. Ak n\u00e1s pou\u017e\u00edvate\u013e kontaktuje, aby nahl\u00e1sil probl\u00e9m, polo\u017eil ot\u00e1zku alebo z\u00edskal podporu, zhroma\u017e\u010fujeme a uchov\u00e1vame kontaktn\u00e9 inform\u00e1cie pou\u017e\u00edvate\u013ea, ako aj pr\u00edslu\u0161n\u00e9 spr\u00e1vy a \u010fal\u0161ie \u00fadaje potrebn\u00e9 na vy\u0161etrenie probl\u00e9mu alebo ot\u00e1zky. Tieto \u00fadaje sa pou\u017eij\u00fa na vyrie\u0161enie ak\u00fdchko\u013evek ot\u00e1zok na z\u00e1klade zhroma\u017eden\u00fdch inform\u00e1ci\u00ed, objasnenie pochybnost\u00ed, n\u00e1pravu probl\u00e9mov a vylep\u0161enie syst\u00e9mu, \u010d\u00edm sa \u010falej zlep\u0161\u00ed pou\u017e\u00edvate\u013esk\u00e1 sk\u00fasenos\u0165 v r\u00e1mci YokoBoost.\n<h2 class=\"wp-block-heading\">O zdie\u013ean\u00ed \u00fadajov<\/h2>\nSpolo\u010dnos\u0165 YokoBoost nebude pred\u00e1va\u0165 osobn\u00e9 \u00fadaje ani \u00fadaje svojich pou\u017e\u00edvate\u013eov, ale m\u00f4\u017ee ich zdie\u013ea\u0165 s partnersk\u00fdmi spolo\u010dnos\u0165ami s cie\u013eom odporu\u010di\u0165 produkty a slu\u017eby, ktor\u00e9 najlep\u0161ie zodpovedaj\u00fa ich profilu a potreb\u00e1m, alebo poskytn\u00fa\u0165 produkty a\/alebo slu\u017eby po\u017eadovan\u00e9 pou\u017e\u00edvate\u013eom. Spolo\u010dnos\u0165 YokoBoost si vyhradzuje pr\u00e1vo pom\u00e1ha\u0165 alebo spolupracova\u0165 s ak\u00fdmko\u013evek s\u00fadnym org\u00e1nom alebo vl\u00e1dnou agent\u00farou a m\u00f4\u017ee zdie\u013ea\u0165 osobn\u00e9 \u00fadaje pou\u017e\u00edvate\u013eov s cie\u013eom: a) preuk\u00e1za\u0165 alebo uplatni\u0165 svoje z\u00e1konn\u00e9 pr\u00e1va; b) chr\u00e1ni\u0165 svoj majetok; c) ak pova\u017euje svoju pomoc alebo spolupr\u00e1cu za nevyhnutn\u00fa na ochranu svojich pou\u017e\u00edvate\u013eov, zamestnancov, spr\u00e1vcov alebo akejko\u013evek osoby po\u0161kodenej konan\u00edm alebo opomenut\u00edm.\n<h2 class=\"wp-block-heading\">O surov\u00fdch a nezhroma\u017eden\u00fdch \u00fadajoch<\/h2>\nSpolo\u010dnos\u0165 YokoBoost nesprac\u00fava osobn\u00e9 \u00fadaje det\u00ed mlad\u0161\u00edch ako 13 (trin\u00e1s\u0165) rokov bez predch\u00e1dzaj\u00faceho s\u00fahlasu ich rodi\u010dov alebo z\u00e1konn\u00fdch z\u00e1stupcov. Ak sa osobn\u00e9 \u00fadaje det\u00ed mlad\u0161\u00edch ako 13 (trin\u00e1s\u0165) rokov ne\u00famyselne zhroma\u017e\u010fuj\u00fa a sprac\u00favaj\u00fa bez v\u00fdslovn\u00e9ho s\u00fahlasu ich rodi\u010dov alebo z\u00e1konn\u00fdch z\u00e1stupcov, spolo\u010dnos\u0165 YokoBoost v\u0161etky zhroma\u017eden\u00e9 \u00fadaje bez predch\u00e1dzaj\u00faceho upozornenia vyma\u017ee. Ak zist\u00edte, \u017ee sme omylom spracovali \u00fadaje die\u0165a\u0165a, ihne\u010f n\u00e1s kontaktujte e-mailom. <a>contato@appsntech.com<\/a>, aby sme mohli prija\u0165 potrebn\u00e9 opatrenia.","protected":false},"excerpt":{"rendered":"<p>Todas as informa\u00e7\u00f5es recolhidas ser\u00e3o utilizadas para melhorar sua experi\u00eancia dentro do nosso site. As informa\u00e7\u00f5es recolhidas podem incluir o seu nome, email, n\u00famero de telefone e\/ou outros. O uso do YokoBoost pressup\u00f5e a aceita\u00e7\u00e3o deste Acordo de Privacidade. Caso o usu\u00e1rio n\u00e3o concorde, ainda que em parte, com os termos e condi\u00e7\u00f5es contidos nesta &#8230; <a title=\"Z\u00e1sady ochrany osobn\u00fdch \u00fadajov\" class=\"read-more\" href=\"https:\/\/yokoboost.com\/sk\/politica-de-privacidade\/\" aria-label=\"Pre\u010d\u00edtajte si viac o Politica de Privacidade\">\u010c\u00edta\u0165 viac<\/a><\/p>","protected":false},"author":1,"featured_media":0,"parent":0,"menu_order":0,"comment_status":"closed","ping_status":"closed","template":"","meta":{"footnotes":""},"class_list":["post-16","page","type-page","status-publish"],"_links":{"self":[{"href":"https:\/\/yokoboost.com\/sk\/wp-json\/wp\/v2\/pages\/16","targetHints":{"allow":["GET"]}}],"collection":[{"href":"https:\/\/yokoboost.com\/sk\/wp-json\/wp\/v2\/pages"}],"about":[{"href":"https:\/\/yokoboost.com\/sk\/wp-json\/wp\/v2\/types\/page"}],"author":[{"embeddable":true,"href":"https:\/\/yokoboost.com\/sk\/wp-json\/wp\/v2\/users\/1"}],"replies":[{"embeddable":true,"href":"https:\/\/yokoboost.com\/sk\/wp-json\/wp\/v2\/comments?post=16"}],"version-history":[{"count":2,"href":"https:\/\/yokoboost.com\/sk\/wp-json\/wp\/v2\/pages\/16\/revisions"}],"predecessor-version":[{"id":24,"href":"https:\/\/yokoboost.com\/sk\/wp-json\/wp\/v2\/pages\/16\/revisions\/24"}],"wp:attachment":[{"href":"https:\/\/yokoboost.com\/sk\/wp-json\/wp\/v2\/media?parent=16"}],"curies":[{"name":"pracovn\u00fd list","href":"https:\/\/api.w.org\/{rel}","templated":true}]}}