{"id":16,"date":"2025-03-21T23:38:10","date_gmt":"2025-03-21T23:38:10","guid":{"rendered":"https:\/\/yokoboost.com\/?page_id=16"},"modified":"2025-03-21T23:40:29","modified_gmt":"2025-03-21T23:40:29","slug":"pravilnik-o-zasebnosti","status":"publish","type":"page","link":"https:\/\/yokoboost.com\/sl\/politica-de-privacidade\/","title":{"rendered":"Pravilnik o zasebnosti"},"content":{"rendered":"Vse zbrane informacije bodo uporabljene za izbolj\u0161anje va\u0161e izku\u0161nje na na\u0161i spletni strani. Zbrane informacije lahko vklju\u010dujejo va\u0161e ime, e-po\u0161tni naslov, telefonsko \u0161tevilko in\/ali druge podatke. Uporaba YokoBoosta pomeni sprejetje te pogodbe o zasebnosti. \u010ce se ne strinjate, \u010detudi delno, s pogoji, ki jih vsebuje ta politika zasebnosti, ne smete dostopati do vsebine, ki jo ponuja YokoBoost, in je\/je ne smete uporabljati. Z uporabo spletne strani potrjujete in se v celoti strinjate z obdelavo va\u0161ih podatkov v skladu s pogoji te politike zasebnosti in splo\u0161nimi pogoji uporabe. Pridr\u017eujemo si pravico, da to politiko zasebnosti kadar koli spremenimo brez soglasja ali obvestila uporabnikov, zato jo prosimo pogosto pregledujte. Spremembe in pojasnila bodo za\u010dela veljati takoj po objavi na spletni strani. \u010ce bomo to politiko bistveno spremenili, vas bomo tukaj obvestili, da je bila posodobljena, da boste seznanjeni s tem, katere informacije zbiramo, kako jih uporabljamo in v kak\u0161nih okoli\u0161\u010dinah, \u010de sploh, jih uporabljamo in\/ali razkrivamo. YokoBoost spo\u0161tuje zasebnost svojih uporabnikov in preglednost pri uporabi podatkov. Na\u0161a politika zasebnosti je bila pripravljena v skladu z mednarodnimi in nacionalnimi standardi varstva podatkov. To politiko zasebnosti je treba brati in razlagati skupaj s splo\u0161nimi pogoji uporabe YokoBoost, ki so na voljo na <a href=\"https:\/\/yokoboost.com\/sl\/pogoji-uporabe\/\">https:\/\/yokoboost.com\/termos-de-uso\/<\/a>\n<h2 class=\"wp-block-heading\">Splo\u0161ne informacije za uporabnike<\/h2>\nYokoBoost si prizadeva deliti informacije s svojimi uporabniki in tako omogo\u010diti dostop do znanja vsem. Uporabniki lahko brskajo po spletnem mestu YokoBoost brez registracije. YokoBoost se dr\u017ei mednarodnih varnostnih standardov in norm za shranjevanje, za\u0161\u010dito, zasebnost in prenos podatkov. Pomembno je omeniti, da noben na\u010din shranjevanja, za\u0161\u010dite, zasebnosti ali prenosa podatkov ni varen in nedotakljiv. YokoBoost uporablja prakse in tehnologije, ki se nenehno pregledujejo in izbolj\u0161ujejo v skladu z nacionalnim in mednarodnim tehni\u010dnim in regulativnim napredkom. Ko govorimo o za\u0161\u010diti, mislimo na vsak nepoobla\u0161\u010den dostop, uporabo, spreminjanje, razkritje ali uni\u010denje va\u0161ih podatkov. Da bi to prepre\u010dili, vlagamo v ukrepe, ki vklju\u010dujejo \u0161ifrirano komunikacijo, nadzor dostopa, upo\u0161tevanje varnega razvoja programske opreme, notranje politike skladnosti ter ukrepe za odgovornost in zmanj\u0161anje tveganj, ki zagotavljajo varnost v celotnem \u017eivljenjskem ciklu podatkov. Podatki o uporabnikih so shranjeni tudi v varnih, priznanih in mednarodno priznanih podatkovnih bazah. YokoBoost nikoli ne zahteva denarnih zneskov za izdajo katere koli vrste izdelka, ne glede na njegovo naravo. \u010ce se to zgodi, nas o tem takoj obvestite. Prizadevamo si, da so vse informacije \u010dim bolj posodobljene. Vendar je pomembno upo\u0161tevati, da se te informacije lahko razlikujejo od tistih, ki jih najdete na spletnih straneh institucij ali ponudnikov storitev na dolo\u010denem spletnem mestu. Ne jam\u010dimo za to\u010dnost ali a\u017eurnost teh informacij. Vedno preberite pogoje uporabe institucij, ki jih izberete. Od ogla\u0161evanja na na\u0161i strani in od na\u0161ih partnerjev prejmemo majhen znesek, ko napotimo uporabnika, ki zahteva izdelek ali predlog. Vse, kar objavimo, temelji na kvantitativnih in kvalitativnih ocenah vsakega izdelka. Pomembno je upo\u0161tevati, da lahko na\u0161i partnerji neposredno vplivajo na izdelke, o katerih pi\u0161emo in jih ocenjujemo, pa tudi na vrstni red &quot;najbolj\u0161ih&quot; \u010dlankov in pozicioniranje izdelkov na YokoBoost. Glede na koli\u010dino informacij na na\u0161i strani ne dajemo nobenih jamstev glede kakovosti in a\u017eurnosti informacij; zato dajemo prednost informacijam na\u0161ih partnerjev. Za za\u0161\u010dito va\u0161ih osebnih podatkov sprejemamo razumne previdnostne ukrepe in upo\u0161tevamo najbolj\u0161e prakse v panogi, da zagotovimo, da se ne izgubijo, zlorabijo, dostopajo, razkrijejo, spremenijo ali uni\u010dijo neprimerno.\n<h2 class=\"wp-block-heading\">Povezave do spletnih mest tretjih oseb<\/h2>\nYokoBoost ima povezave do drugih spletnih mest, ki po na\u0161em mnenju lahko vsebujejo koristne informacije ali orodja za na\u0161e obiskovalce. Na\u0161a politika zasebnosti ne velja za spletna mesta tretjih oseb. Ne odgovarjamo za politike zasebnosti ali vsebino teh spletnih mest. YokoBoost nad njimi ne izvaja nobenega nadzora in je zato opro\u0161\u010den kakr\u0161ne koli odgovornosti v odnosih med uporabnikom in izdelki ter storitvami tretjih oseb, ki se ogla\u0161ujejo na spletnem mestu. Ko zapustite na\u0161e spletno mesto ali ste preusmerjeni na aplikacijo ali spletno mesto tretje osebe, za vas ta politika zasebnosti ali pogoji storitve na\u0161ega spletnega mesta ne veljajo ve\u010d. \u010ce si po posredovanju podatkov premislite, lahko kadar koli prekli\u010dete svoje soglasje za stik z nami, nadaljnje zbiranje, uporabo ali razkritje va\u0161ih podatkov tako, da pi\u0161ete na contato@appsntech.com.\n<h2 class=\"wp-block-heading\">Neosebni podatki<\/h2>\nKadar uporabniki od YokoBoost ne zahtevajo brezpla\u010dnih vsebin (e-knjig, kvizov, \u010dlankov, infografik itd.), se lahko izvaja sledenje in zbiranje neosebnih podatkov, ki med drugim navajajo, katere strani spletnega mesta so bile obiskane, kdaj so bile obiskane, katere hiperpovezave so bile kliknjene, katere vsebine ali storitve so bile zahtevane ali prikazane itd.\n<h2 class=\"wp-block-heading\">Pi\u0161kotki<\/h2>\nGoogle kot tretji ponudnik uporablja pi\u0161kotke za prikazovanje oglasov. S pi\u0161kotkom DART lahko Google prikazuje oglase na podlagi obiskov bralca na drugih spletnih mestih na internetu. Uporabniki se lahko od pi\u0161kotka DART odjavijo tako, da obi\u0161\u010dejo Googlov pravilnik o zasebnosti za oglase in vsebinsko omre\u017eje. YokoBoost uporablja pi\u0161kotke za zbiranje podatkov in identifikacijskih podatkov IP (internetni protokol), da bi olaj\u0161al navigacijo uporabnikov, s \u010dimer zagotavlja varnost, za\u0161\u010dito in pristnost podatkov. Poleg tega na na\u0161em spletnem mestu uporabljamo tudi ogla\u0161evanje tretjih oseb za kritje stro\u0161kov vzdr\u017eevanja. Nekateri od teh ogla\u0161evalcev lahko pri ogla\u0161evanju na na\u0161em spletnem mestu uporabljajo tehnologije, kot so pi\u0161kotki, zaradi \u010desar bodo ti ogla\u0161evalci (kot je Google prek Google AdSense in Ad Exchange) prejeli va\u0161e osebne podatke, kot so va\u0161 IP-naslov, va\u0161 ponudnik internetnih storitev, va\u0161 brskalnik itd. Ta funkcija se obi\u010dajno uporablja za geografsko ciljanje (prikazovanje oglasov, ki so smiselni glede na va\u0161o geografsko lokacijo). Uporabnik lahko kadar koli spremeni, ali \u017eeli v nastavitvah brskalnika sprejeti pi\u0161kotke ali ne, pri \u010demer upo\u0161tevajte, da lahko onemogo\u010danje pi\u0161kotkov za brskanje ovira nekatere funkcionalnosti YokoBoosta.\n<h2 class=\"wp-block-heading\">Osebno dolo\u010dljivi podatki<\/h2>\nZa dostop do brezpla\u010dnih vsebin na YokoBoost, kot so \u010dlanki, e-knjige, kvizi in drugo, morajo uporabniki posredovati dolo\u010dene osebne podatke, vklju\u010dno z e-po\u0161tnim naslovom in polnim imenom. Osebni podatki, ki jih obdeluje YokoBoost, se uporabljajo za naslednje namene: \u2013 Pravilna in natan\u010dna identifikacija uporabnikov, s \u010dimer se zagotavlja ve\u010dja varnost in za\u0161\u010dita zanje; \u2013 Dostop do storitev in izdelkov, ki jih ponuja YokoBoost; \u2013 Analiza profilov uporabnikov s strani YokoBoost za priporo\u010dilo najbolj\u0161ih izdelkov in informacij glede na njihove dejanske potrebe in okoli\u0161\u010dine. Za nadaljnjo analizo profilov uporabnikov lahko YokoBoost izvaja ankete za pridobitev podrobnej\u0161ih informacij o njih in s tem priporo\u010da prilagojene izdelke in storitve glede na preference in potrebe vsakega uporabnika. Zato lahko YokoBoost in njegova partnerska podjetja povabijo uporabnike k sodelovanju v anketah o zadovoljstvu, ki bodo vklju\u010devale e-po\u0161tna sporo\u010dila s potrebnimi navodili. Zbrani podatki bodo uporabljeni predvsem za izbolj\u0161anje sistemov, izdelkov, vsebin in storitev, ki jih ponujajo YokoBoost in njegova partnerska podjetja. \u010ce nas uporabnik kontaktira, da bi prijavil te\u017eavo, postavil vpra\u0161anje ali pridobil podporo, zbiramo in shranjujemo kontaktne podatke uporabnika, kot tudi ustrezna sporo\u010dila in druge podatke, potrebne za preiskavo te\u017eave ali vpra\u0161anja. Ti podatki bodo uporabljeni za re\u0161evanje morebitnih vpra\u0161anj na podlagi zbranih informacij, razjasnitev dvomov, odpravljanje te\u017eav in izbolj\u0161anje sistema, s \u010dimer se bo dodatno izbolj\u0161ala uporabni\u0161ka izku\u0161nja v YokoBoostu.\n<h2 class=\"wp-block-heading\">O skupni rabi podatkov<\/h2>\nYokoBoost ne bo prodajal osebnih podatkov ali podatkov svojih uporabnikov, vendar jih lahko deli s partnerskimi podjetji, da bi jim priporo\u010dila izdelke in storitve, ki najbolj ustrezajo njihovemu profilu in potrebam, ali da bi zagotovila izdelke in\/ali storitve, ki jih zahteva uporabnik. YokoBoost si pridr\u017euje pravico, da pomaga ali sodeluje s katerim koli sodnim organom ali vladno agencijo, in lahko deli osebne podatke uporabnikov, da bi: a) vzpostavil ali uveljavil svoje zakonske pravice; b) za\u0161\u010ditil svojo lastnino; c) kadar meni, da je njegova pomo\u010d ali sodelovanje potrebno za za\u0161\u010dito svojih uporabnikov, zaposlenih, administratorjev ali katere koli osebe, ki je bila zaradi dejanja ali opustitve o\u0161kodovana.\n<h2 class=\"wp-block-heading\">O surovih in nezbranih podatkih<\/h2>\nYokoBoost ne obdeluje osebnih podatkov otrok, mlaj\u0161ih od 13 (trinajst) let, brez predhodnega dovoljenja njihovih star\u0161ev ali zakonitih skrbnikov. \u010ce se osebni podatki otrok, mlaj\u0161ih od 13 (trinajst) let, nenamerno zbirajo in obdelujejo brez izrecnega dovoljenja njihovih star\u0161ev ali zakonitih skrbnikov, bo YokoBoost brez predhodnega obvestila izbrisal vse zbrane podatke. \u010ce ugotovite, da smo pomotoma obdelali otrokove podatke, nas o tem nemudoma obvestite po e-po\u0161ti. <a>contato@appsntech.com<\/a>, da bomo lahko sprejeli potrebne ukrepe.","protected":false},"excerpt":{"rendered":"<p>Todas as informa\u00e7\u00f5es recolhidas ser\u00e3o utilizadas para melhorar sua experi\u00eancia dentro do nosso site. As informa\u00e7\u00f5es recolhidas podem incluir o seu nome, email, n\u00famero de telefone e\/ou outros. O uso do YokoBoost pressup\u00f5e a aceita\u00e7\u00e3o deste Acordo de Privacidade. Caso o usu\u00e1rio n\u00e3o concorde, ainda que em parte, com os termos e condi\u00e7\u00f5es contidos nesta &#8230; <a title=\"Pravilnik o zasebnosti\" class=\"read-more\" href=\"https:\/\/yokoboost.com\/sl\/politica-de-privacidade\/\" aria-label=\"Read more about Politica de Privacidade\">Preberi ve\u010d<\/a><\/p>","protected":false},"author":1,"featured_media":0,"parent":0,"menu_order":0,"comment_status":"closed","ping_status":"closed","template":"","meta":{"footnotes":""},"class_list":["post-16","page","type-page","status-publish"],"_links":{"self":[{"href":"https:\/\/yokoboost.com\/sl\/wp-json\/wp\/v2\/pages\/16","targetHints":{"allow":["GET"]}}],"collection":[{"href":"https:\/\/yokoboost.com\/sl\/wp-json\/wp\/v2\/pages"}],"about":[{"href":"https:\/\/yokoboost.com\/sl\/wp-json\/wp\/v2\/types\/page"}],"author":[{"embeddable":true,"href":"https:\/\/yokoboost.com\/sl\/wp-json\/wp\/v2\/users\/1"}],"replies":[{"embeddable":true,"href":"https:\/\/yokoboost.com\/sl\/wp-json\/wp\/v2\/comments?post=16"}],"version-history":[{"count":2,"href":"https:\/\/yokoboost.com\/sl\/wp-json\/wp\/v2\/pages\/16\/revisions"}],"predecessor-version":[{"id":24,"href":"https:\/\/yokoboost.com\/sl\/wp-json\/wp\/v2\/pages\/16\/revisions\/24"}],"wp:attachment":[{"href":"https:\/\/yokoboost.com\/sl\/wp-json\/wp\/v2\/media?parent=16"}],"curies":[{"name":"delovni list","href":"https:\/\/api.w.org\/{rel}","templated":true}]}}