{"id":20,"date":"2025-03-21T23:38:52","date_gmt":"2025-03-21T23:38:52","guid":{"rendered":"https:\/\/yokoboost.com\/?page_id=20"},"modified":"2025-03-21T23:39:31","modified_gmt":"2025-03-21T23:39:31","slug":"pogoji-uporabe","status":"publish","type":"page","link":"https:\/\/yokoboost.com\/sl\/termos-de-uso\/","title":{"rendered":"Pogoji uporabe"},"content":{"rendered":"<h2 class=\"wp-block-heading\">Pogoji uporabe YokoBoosta<\/h2>\nZ dostopom do spletnega mesta YokoBoost se strinjate, da boste upo\u0161tevali te pogoje storitve, vse veljavne zakone in predpise ter da ste odgovorni za upo\u0161tevanje vseh veljavnih lokalnih zakonov. \u010ce se s katerim koli od teh pogojev ne strinjate, vam je prepovedana uporaba ali dostop do tega spletnega mesta. Gradiva na tem spletnem mestu so za\u0161\u010ditena z veljavnimi zakoni o avtorskih pravicah in blagovnih znamkah.\n<h2 class=\"wp-block-heading\">Uporabi licenco<\/h2>\nDovoljeno je za\u010dasno prenesti eno kopijo gradiva (informacij ali programske opreme) s spletnega mesta YokoBoost samo za osebni, nekomercialni in prehodni ogled. To je podelitev licence, ne prenos lastni\u0161tva, in v skladu s to licenco ne smete:\n<ul class=\"wp-block-list\">\n \t<li>spreminjati ali kopirati gradiva;<\/li>\n \t<li>uporabljati gradiva za kakr\u0161en koli komercialni namen ali za kakr\u0161no koli javno predstavitev (komercialno ali nekomercialno);<\/li>\n \t<li>posku\u0161ati dekompilirati ali izvajati obratnega in\u017eeniringa katere koli programske opreme, ki je na voljo na spletnem mestu YokoBoost;<\/li>\n \t<li>odstraniti vse avtorske pravice ali druge lastni\u0161ke oznake iz gradiv; ali<\/li>\n \t<li>Prenesite gradiva na drugo osebo ali jih \u00bbzrcalite\u00ab na katerem koli drugem stre\u017eniku. Ta licenca bo samodejno prenehala veljati, \u010de kr\u0161ite katero koli od teh omejitev, YokoBoost pa jo lahko kadar koli prekine. Po prenehanju ogleda teh gradiv ali po prenehanju te licence morate izbrisati vsa prenesena gradiva, ki jih imate v lasti, bodisi v elektronski bodisi v tiskani obliki.<\/li>\n<\/ul>\n<h2 class=\"wp-block-heading\">Izjava o omejitvi odgovornosti<\/h2>\nGradiva na spletnem mestu YokoBoost so na voljo \u00bbtak\u0161na, kot so\u00ab. YokoBoost ne daje nobenih jamstev, izrecnih ali implicitnih, in s tem zavra\u010da in zanika vsa druga jamstva, vklju\u010dno z, vendar ne omejeno na, implicitna jamstva ali pogoje prodajnosti, primernosti za dolo\u010den namen ali nekr\u0161itve intelektualne lastnine ali drugih kr\u0161itev pravic. Poleg tega YokoBoost ne jam\u010di ali daje nobenih zagotovil glede to\u010dnosti, verjetnih rezultatov ali zanesljivosti uporabe gradiv na svojem spletnem mestu ali kako druga\u010de v zvezi s takimi gradivi ali na spletnih mestih, povezanih s tem spletnim mestom.\n<h2 class=\"wp-block-heading\">Omejitve<\/h2>\nYokoBoost ali njegovi dobavitelji v nobenem primeru ne odgovarjajo za kakr\u0161no koli \u0161kodo (vklju\u010dno z, vendar ne omejeno na, \u0161kodo zaradi izgube podatkov ali dobi\u010dka ali zaradi prekinitve poslovanja), ki bi nastala zaradi uporabe ali nezmo\u017enosti uporabe gradiv na YokoBoost, tudi \u010de je bil YokoBoost ali poobla\u0161\u010deni zastopnik YokoBoost ustno ali pisno obve\u0161\u010den o mo\u017enosti tak\u0161ne \u0161kode. Ker nekatere jurisdikcije ne dovoljujejo omejitev implicitnih jamstev ali omejitev odgovornosti za posledi\u010dno ali naklju\u010dno \u0161kodo, te omejitve morda ne veljajo za vas.\n<h2 class=\"wp-block-heading\">Natan\u010dnost materialov<\/h2>\nGradiva, prikazana na spletni strani YokoBoost, lahko vsebujejo tehni\u010dne, tipografske ali fotografske napake. YokoBoost ne jam\u010di, da je katero koli gradivo na svoji spletni strani to\u010dno, popolno ali a\u017eurno. YokoBoost lahko kadar koli brez predhodnega obvestila spremeni gradiva na svoji spletni strani. Vendar se YokoBoost ne zavezuje k posodabljanju gradiv.\n<h2 class=\"wp-block-heading\">Povezave<\/h2>\nYokoBoost ni pregledal vseh spletnih mest, povezanih z njegovim spletnim mestom, in ni odgovoren za vsebino nobenega povezanega spletnega mesta. Vklju\u010ditev katere koli povezave ne pomeni, da YokoBoost odobrava to spletno mesto. Uporaba katerega koli povezanega spletnega mesta je na lastno odgovornost uporabnika.\n<h2 class=\"wp-block-heading\">Spremembe<\/h2>\nYokoBoost lahko kadar koli brez predhodnega obvestila spremeni te pogoje storitve spletnega mesta. Z uporabo tega spletnega mesta se strinjate, da vas zavezuje trenutna razli\u010dica teh pogojev storitve. Veljavna zakonodaja Te pogoje ureja in razlaga zakonodaja YokoBoost, vi pa se nepreklicno podrejate izklju\u010dni pristojnosti sodi\u0161\u010d v tej dr\u017eavi ali lokaciji.\n<h2 id=\"lei-aplicavel\" class=\"wp-block-heading\">Veljavno pravo<\/h2>\nTe pogoje in dolo\u010dila ureja in razlaga zakonodaja YokoBoost, vi pa se nepreklicno podrejate izklju\u010dni pristojnosti sodi\u0161\u010d v tej dr\u017eavi ali lokaciji.","protected":false},"excerpt":{"rendered":"<p>Termos de Uso do YokoBoost Ao acessar ao site YokoBoost, concorda em cumprir estes termos de servi\u00e7o, todas as leis e regulamentos aplic\u00e1veis e concorda que \u00e9 respons\u00e1vel pelo cumprimento de todas as leis locais aplic\u00e1veis. Se voc\u00ea n\u00e3o concordar com algum desses termos, est\u00e1 proibido de usar ou acessar este site. Os materiais contidos &#8230; <a title=\"Pogoji uporabe\" class=\"read-more\" href=\"https:\/\/yokoboost.com\/sl\/termos-de-uso\/\" aria-label=\"Read more about Termos de uso\">Preberi ve\u010d<\/a><\/p>","protected":false},"author":1,"featured_media":0,"parent":0,"menu_order":0,"comment_status":"closed","ping_status":"closed","template":"","meta":{"footnotes":""},"class_list":["post-20","page","type-page","status-publish"],"_links":{"self":[{"href":"https:\/\/yokoboost.com\/sl\/wp-json\/wp\/v2\/pages\/20","targetHints":{"allow":["GET"]}}],"collection":[{"href":"https:\/\/yokoboost.com\/sl\/wp-json\/wp\/v2\/pages"}],"about":[{"href":"https:\/\/yokoboost.com\/sl\/wp-json\/wp\/v2\/types\/page"}],"author":[{"embeddable":true,"href":"https:\/\/yokoboost.com\/sl\/wp-json\/wp\/v2\/users\/1"}],"replies":[{"embeddable":true,"href":"https:\/\/yokoboost.com\/sl\/wp-json\/wp\/v2\/comments?post=20"}],"version-history":[{"count":2,"href":"https:\/\/yokoboost.com\/sl\/wp-json\/wp\/v2\/pages\/20\/revisions"}],"predecessor-version":[{"id":22,"href":"https:\/\/yokoboost.com\/sl\/wp-json\/wp\/v2\/pages\/20\/revisions\/22"}],"wp:attachment":[{"href":"https:\/\/yokoboost.com\/sl\/wp-json\/wp\/v2\/media?parent=20"}],"curies":[{"name":"delovni list","href":"https:\/\/api.w.org\/{rel}","templated":true}]}}