{"id":14,"date":"2025-03-21T23:37:47","date_gmt":"2025-03-21T23:37:47","guid":{"rendered":"https:\/\/yokoboost.com\/?page_id=14"},"modified":"2025-03-21T23:40:47","modified_gmt":"2025-03-21T23:40:47","slug":"kontakta","status":"publish","type":"page","link":"https:\/\/yokoboost.com\/sv\/contato\/","title":{"rendered":"Kontakta"},"content":{"rendered":"<p>F\u00f6r alla fr\u00e5gor som r\u00f6r v\u00e5r blogg, v\u00e4nligen kontakta oss via e-post <strong>contato@yokoboost.com<\/strong> och vi \u00e5terkommer inom 24 timmar.<\/p>\n\n\n\n<p><\/p>","protected":false},"excerpt":{"rendered":"<p>Para qualquer assunto relacionado ao nosso Blog, por favor entre em contato atrav\u00e9s do e-mail contato@yokoboost.com que retornaremos no prazo de 24 horas.<\/p>","protected":false},"author":1,"featured_media":0,"parent":0,"menu_order":0,"comment_status":"closed","ping_status":"closed","template":"","meta":{"footnotes":""},"class_list":["post-14","page","type-page","status-publish"],"_links":{"self":[{"href":"https:\/\/yokoboost.com\/sv\/wp-json\/wp\/v2\/pages\/14","targetHints":{"allow":["GET"]}}],"collection":[{"href":"https:\/\/yokoboost.com\/sv\/wp-json\/wp\/v2\/pages"}],"about":[{"href":"https:\/\/yokoboost.com\/sv\/wp-json\/wp\/v2\/types\/page"}],"author":[{"embeddable":true,"href":"https:\/\/yokoboost.com\/sv\/wp-json\/wp\/v2\/users\/1"}],"replies":[{"embeddable":true,"href":"https:\/\/yokoboost.com\/sv\/wp-json\/wp\/v2\/comments?post=14"}],"version-history":[{"count":2,"href":"https:\/\/yokoboost.com\/sv\/wp-json\/wp\/v2\/pages\/14\/revisions"}],"predecessor-version":[{"id":25,"href":"https:\/\/yokoboost.com\/sv\/wp-json\/wp\/v2\/pages\/14\/revisions\/25"}],"wp:attachment":[{"href":"https:\/\/yokoboost.com\/sv\/wp-json\/wp\/v2\/media?parent=14"}],"curies":[{"name":"wp","href":"https:\/\/api.w.org\/{rel}","templated":true}]}}