{"id":16,"date":"2025-03-21T23:38:10","date_gmt":"2025-03-21T23:38:10","guid":{"rendered":"https:\/\/yokoboost.com\/?page_id=16"},"modified":"2025-03-21T23:40:29","modified_gmt":"2025-03-21T23:40:29","slug":"integritetspolicy","status":"publish","type":"page","link":"https:\/\/yokoboost.com\/sv\/politica-de-privacidade\/","title":{"rendered":"Integritetspolicy"},"content":{"rendered":"All information som samlas in kommer att anv\u00e4ndas f\u00f6r att f\u00f6rb\u00e4ttra din upplevelse p\u00e5 v\u00e5r webbplats. Informationen som samlas in kan inkludera ditt namn, din e-postadress, ditt telefonnummer och\/eller annan information. Anv\u00e4ndning av YokoBoost inneb\u00e4r att du godk\u00e4nner detta integritetsavtal. Om du inte h\u00e5ller med, \u00e4ven delvis, om villkoren i denna integritetspolicy, b\u00f6r du inte f\u00e5 \u00e5tkomst till och\/eller anv\u00e4nda inneh\u00e5llet som erbjuds av YokoBoost. Genom att anv\u00e4nda webbplatsen bekr\u00e4ftar och samtycker du till behandlingen av dina uppgifter i enlighet med villkoren i denna integritetspolicy och de allm\u00e4nna anv\u00e4ndarvillkoren. Vi f\u00f6rbeh\u00e5ller oss r\u00e4tten att \u00e4ndra denna integritetspolicy n\u00e4r som helst, utan samtycke eller meddelande fr\u00e5n anv\u00e4ndarna, s\u00e5 v\u00e4nligen granska den ofta. \u00c4ndringar och f\u00f6rtydliganden tr\u00e4der i kraft omedelbart efter att de publicerats p\u00e5 webbplatsen. Om vi g\u00f6r v\u00e4sentliga \u00e4ndringar i denna policy kommer vi att meddela dig h\u00e4r att den har uppdaterats, s\u00e5 att du \u00e4r medveten om vilken information vi samlar in, hur vi anv\u00e4nder den och under vilka omst\u00e4ndigheter, om n\u00e5gra, vi anv\u00e4nder och\/eller l\u00e4mnar ut den. YokoBoost respekterar sina anv\u00e4ndares integritet och transparens i hur data anv\u00e4nds. V\u00e5r integritetspolicy har utarbetats i enlighet med internationella och nationella dataskyddsstandarder. Denna integritetspolicy b\u00f6r l\u00e4sas och tolkas tillsammans med YokoBoosts allm\u00e4nna anv\u00e4ndarvillkor, tillg\u00e4ngliga p\u00e5 <a href=\"https:\/\/yokoboost.com\/sv\/anvandarvillkor\/\">https:\/\/yokoboost.com\/termos-de-uso\/<\/a>\n<h2 class=\"wp-block-heading\">Allm\u00e4n information f\u00f6r anv\u00e4ndare<\/h2>\nYokoBoost str\u00e4var efter att dela information med sina anv\u00e4ndare och g\u00f6ra kunskap tillg\u00e4nglig f\u00f6r alla. Anv\u00e4ndare kan surfa p\u00e5 YokoBoosts webbplats utan att beh\u00f6va registrera sig. YokoBoost f\u00f6ljer internationella s\u00e4kerhetsstandarder och normer f\u00f6r datalagring, skydd, integritet och \u00f6verf\u00f6ring. Det \u00e4r viktigt att notera att ingen datalagring, skydd, integritet eller \u00f6verf\u00f6ringsmetod \u00e4r s\u00e4ker och okr\u00e4nkbar. YokoBoost anv\u00e4nder metoder och tekniker som st\u00e4ndigt granskas och f\u00f6rb\u00e4ttras i linje med nationella och internationella tekniska och regulatoriska framsteg. N\u00e4r vi talar om skydd h\u00e4nvisar vi till all obeh\u00f6rig \u00e5tkomst, anv\u00e4ndning, \u00e4ndring, avsl\u00f6jande eller f\u00f6rst\u00f6relse av dina data. F\u00f6r att f\u00f6rhindra att detta h\u00e4nder investerar vi i \u00e5tg\u00e4rder som inkluderar krypterad kommunikation, \u00e5tkomstkontroll, efterlevnad av s\u00e4ker programvaruutveckling, interna efterlevnadspolicyer och ansvars- och riskreducerings\u00e5tg\u00e4rder som s\u00e4kerst\u00e4ller s\u00e4kerhet under hela datalivscykeln. Anv\u00e4ndarinformation lagras ocks\u00e5 i s\u00e4kra, v\u00e4lrenommerade och internationellt erk\u00e4nda databaser. YokoBoost beg\u00e4r aldrig monet\u00e4ra belopp f\u00f6r lansering av n\u00e5gon typ av produkt, oavsett dess natur. Om detta h\u00e4nder, v\u00e4nligen meddela oss omedelbart. Vi str\u00e4var efter att h\u00e5lla all information s\u00e5 aktuell som m\u00f6jligt. Det \u00e4r dock viktigt att notera att denna information kan skilja sig fr\u00e5n den som finns p\u00e5 institutioners eller tj\u00e4nsteleverant\u00f6rers webbplatser p\u00e5 en specifik webbplats. Vi garanterar inte riktigheten eller aktualiteten av denna information. Kom alltid ih\u00e5g att l\u00e4sa anv\u00e4ndarvillkoren f\u00f6r de institutioner du v\u00e4ljer. Vi f\u00e5r en liten summa fr\u00e5n reklam p\u00e5 v\u00e5r webbplats och fr\u00e5n v\u00e5ra partners n\u00e4r vi h\u00e4nvisar en anv\u00e4ndare som beg\u00e4r en produkt eller ett f\u00f6rslag. Allt vi publicerar \u00e4r baserat p\u00e5 kvantitativa och kvalitativa utv\u00e4rderingar av varje produkt. Det \u00e4r viktigt att notera att v\u00e5ra partners direkt kan p\u00e5verka de produkter vi skriver om och recenserar, samt ordningen p\u00e5 de &quot;b\u00e4sta&quot; artiklarna och produktplaceringen p\u00e5 YokoBoost. Med tanke p\u00e5 m\u00e4ngden information p\u00e5 v\u00e5r webbplats ger vi inga garantier f\u00f6r informationens kvalitet och aktualitet; d\u00e4rf\u00f6r prioriterar vi information fr\u00e5n v\u00e5ra partners. F\u00f6r att skydda din personliga information vidtar vi rimliga f\u00f6rsiktighets\u00e5tg\u00e4rder och f\u00f6ljer branschens b\u00e4sta praxis f\u00f6r att s\u00e4kerst\u00e4lla att den inte p\u00e5 felaktigt s\u00e4tt f\u00f6rloras, missbrukas, \u00e5tkoms, avsl\u00f6jas, \u00e4ndras eller f\u00f6rst\u00f6rs.\n<h2 class=\"wp-block-heading\">L\u00e4nkar till webbplatser fr\u00e5n tredje part<\/h2>\nYokoBoost har l\u00e4nkar till andra webbplatser, som enligt v\u00e5r uppfattning kan inneh\u00e5lla anv\u00e4ndbar information eller verktyg f\u00f6r v\u00e5ra bes\u00f6kare. V\u00e5r integritetspolicy g\u00e4ller inte f\u00f6r webbplatser fr\u00e5n tredje part. Vi ansvarar inte f\u00f6r integritetspolicyerna eller inneh\u00e5llet p\u00e5 dessa webbplatser. YokoBoost ut\u00f6var ingen kontroll \u00f6ver dem och \u00e4r d\u00e4rf\u00f6r befriad fr\u00e5n allt ansvar i de relationer som uppr\u00e4ttas mellan anv\u00e4ndaren och tredjepartsprodukter och -tj\u00e4nster som annonseras p\u00e5 webbplatsen. N\u00e4r du l\u00e4mnar v\u00e5r webbplats eller omdirigeras till en tredjepartsapplikation eller webbplats omfattas du inte l\u00e4ngre av denna integritetspolicy eller v\u00e5r webbplats anv\u00e4ndarvillkor. Om du, efter att ha l\u00e4mnat dina uppgifter, \u00e4ndrar dig kan du n\u00e4r som helst \u00e5terkalla ditt samtycke till att vi kontaktar dig, f\u00f6r fortsatt insamling, anv\u00e4ndning eller utl\u00e4mnande av din information, genom att kontakta contato@appsntech.com.\n<h2 class=\"wp-block-heading\">Icke-personliga uppgifter<\/h2>\nN\u00e4r anv\u00e4ndare inte beg\u00e4r gratis inneh\u00e5ll fr\u00e5n YokoBoost (e-b\u00f6cker, fr\u00e5gesporter, artiklar, infografik, bland annat) kan sp\u00e5rning och insamling av icke-personliga uppgifter ske, bland annat vilka sidor p\u00e5 webbplatsen som bes\u00f6ktes, n\u00e4r de bes\u00f6ktes, vilka hyperl\u00e4nkar som klickades p\u00e5, vilket inneh\u00e5ll eller vilka tj\u00e4nster som beg\u00e4rdes eller angavs, bland annat.\n<h2 class=\"wp-block-heading\">Sm\u00e5kakor<\/h2>\nGoogle, som en tredjepartsleverant\u00f6r, anv\u00e4nder cookies f\u00f6r att visa annonser. Med DART-cookien kan Google visa annonser baserat p\u00e5 l\u00e4sarens bes\u00f6k p\u00e5 andra webbplatser p\u00e5 internet. Anv\u00e4ndare kan v\u00e4lja bort DART-cookien genom att bes\u00f6ka Googles integritetspolicy f\u00f6r annons- och inneh\u00e5llsn\u00e4tverk. YokoBoost anv\u00e4nder cookies f\u00f6r att samla in data och IP-identifieringsinformation (Internet Protocol) f\u00f6r att underl\u00e4tta anv\u00e4ndarnavigering, vilket bidrar till att s\u00e4kerst\u00e4lla datas\u00e4kerhet, skydd och autenticitet. Dessutom anv\u00e4nder vi \u00e4ven tredjepartsannonsering p\u00e5 v\u00e5r webbplats f\u00f6r att t\u00e4cka underh\u00e5llskostnader. Vissa av dessa annons\u00f6rer kan anv\u00e4nda tekniker som cookies n\u00e4r de annonserar p\u00e5 v\u00e5r webbplats, vilket ocks\u00e5 kommer att f\u00e5 dessa annons\u00f6rer (som Google via Google AdSense och Ad Exchange) att ta emot din personliga information, till exempel din IP-adress, din internetleverant\u00f6r, din webbl\u00e4sare etc. Denna funktion anv\u00e4nds vanligtvis f\u00f6r geotargeting (visar annonser som \u00e4r meningsfulla baserat p\u00e5 din geografiska plats). Anv\u00e4ndaren kan n\u00e4r som helst \u00e4ndra om de vill acceptera cookies i sina webbl\u00e4sarinst\u00e4llningar, men observera att genom att inaktivera surfcookies kan vissa av YokoBoosts funktioner f\u00f6rs\u00e4mras.\n<h2 class=\"wp-block-heading\">Personligt identifierbara uppgifter<\/h2>\nF\u00f6r att f\u00e5 tillg\u00e5ng till gratis inneh\u00e5ll p\u00e5 YokoBoost, s\u00e5som artiklar, e-b\u00f6cker, fr\u00e5gesporter med mera, m\u00e5ste anv\u00e4ndare ange viss personligt identifierbar information, inklusive e-postadress och fullst\u00e4ndigt namn. De personligt identifierbara uppgifter som behandlas av YokoBoost anv\u00e4nds f\u00f6r f\u00f6ljande \u00e4ndam\u00e5l: \u2013 Korrekt och noggrann identifiering av anv\u00e4ndare, vilket s\u00e4kerst\u00e4ller st\u00f6rre s\u00e4kerhet och skydd f\u00f6r dem; \u2013 Tillg\u00e5ng till tj\u00e4nster och produkter som tillhandah\u00e5lls av YokoBoost; \u2013 Analys av anv\u00e4ndarprofiler av YokoBoost f\u00f6r att rekommendera de b\u00e4sta produkterna och informationen baserat p\u00e5 deras verkliga behov och omst\u00e4ndigheter. F\u00f6r att ytterligare analysera anv\u00e4ndarprofiler kan YokoBoost genomf\u00f6ra unders\u00f6kningar f\u00f6r att f\u00e5 mer detaljerad information om dem och d\u00e4rmed rekommendera personliga produkter och tj\u00e4nster baserat p\u00e5 varje anv\u00e4ndares preferenser och behov. D\u00e4rf\u00f6r kan YokoBoost och dess partnerf\u00f6retag bjuda in anv\u00e4ndare att delta i n\u00f6jdhetsunders\u00f6kningar, vilket kommer att inkludera e-postmeddelanden med n\u00f6dv\u00e4ndig v\u00e4gledning. De insamlade uppgifterna kommer fr\u00e4mst att anv\u00e4ndas f\u00f6r att f\u00f6rb\u00e4ttra de system, produkter, inneh\u00e5ll och tj\u00e4nster som erbjuds av YokoBoost och dess partnerf\u00f6retag. Om en anv\u00e4ndare kontaktar oss f\u00f6r att rapportera ett problem, st\u00e4lla en fr\u00e5ga eller f\u00e5 support, samlar vi in och lagrar anv\u00e4ndarens kontaktuppgifter, samt motsvarande meddelanden och annan information som beh\u00f6vs f\u00f6r att unders\u00f6ka problemet eller fr\u00e5gan. Denna information kommer att anv\u00e4ndas f\u00f6r att l\u00f6sa eventuella fr\u00e5gor baserat p\u00e5 den insamlade informationen, reda ut tvivel, korrigera problem och f\u00f6rb\u00e4ttra systemet, vilket ytterligare f\u00f6rb\u00e4ttrar anv\u00e4ndarupplevelsen inom YokoBoost.\n<h2 class=\"wp-block-heading\">Om datadelning<\/h2>\nYokoBoost kommer inte att s\u00e4lja sina anv\u00e4ndares personuppgifter eller data, men kan komma att dela dem med partnerf\u00f6retag f\u00f6r att rekommendera produkter och tj\u00e4nster som b\u00e4st passar deras profil och behov, eller f\u00f6r att tillhandah\u00e5lla produkter och\/eller tj\u00e4nster som beg\u00e4rs av anv\u00e4ndaren. YokoBoost f\u00f6rbeh\u00e5ller sig r\u00e4tten att bist\u00e5 eller samarbeta med alla r\u00e4ttsliga myndigheter eller myndigheter, och kan komma att dela anv\u00e4ndares personligt identifierbara uppgifter f\u00f6r att: a) fastst\u00e4lla eller ut\u00f6va sina juridiska r\u00e4ttigheter; b) skydda sin egendom; c) n\u00e4r YokoBoost anser att dess bist\u00e5nd eller samarbete \u00e4r n\u00f6dv\u00e4ndigt f\u00f6r att skydda sina anv\u00e4ndare, anst\u00e4llda, administrat\u00f6rer eller n\u00e5gon person som skadats av handlingen eller underl\u00e5tenheten.\n<h2 class=\"wp-block-heading\">Om r\u00e5data och icke-insamlade data<\/h2>\nYokoBoost behandlar inte personuppgifter f\u00f6r barn under 13 (tretton) \u00e5r utan f\u00f6reg\u00e5ende tillst\u00e5nd fr\u00e5n deras f\u00f6r\u00e4ldrar eller v\u00e5rdnadshavare. Om personuppgifter f\u00f6r barn under 13 (tretton) \u00e5r oavsiktligt samlas in och behandlas utan uttryckligt tillst\u00e5nd fr\u00e5n deras f\u00f6r\u00e4ldrar eller v\u00e5rdnadshavare, kommer YokoBoost att radera alla insamlade uppgifter utan f\u00f6reg\u00e5ende meddelande. Om du blir medveten om att vi felaktigt har behandlat ett barns uppgifter, v\u00e4nligen kontakta oss omedelbart via e-post. <a>contato@appsntech.com<\/a>, s\u00e5 att vi kan vidta n\u00f6dv\u00e4ndiga \u00e5tg\u00e4rder.","protected":false},"excerpt":{"rendered":"<p>Todas as informa\u00e7\u00f5es recolhidas ser\u00e3o utilizadas para melhorar sua experi\u00eancia dentro do nosso site. As informa\u00e7\u00f5es recolhidas podem incluir o seu nome, email, n\u00famero de telefone e\/ou outros. O uso do YokoBoost pressup\u00f5e a aceita\u00e7\u00e3o deste Acordo de Privacidade. Caso o usu\u00e1rio n\u00e3o concorde, ainda que em parte, com os termos e condi\u00e7\u00f5es contidos nesta &#8230; <a title=\"Integritetspolicy\" class=\"read-more\" href=\"https:\/\/yokoboost.com\/sv\/politica-de-privacidade\/\" aria-label=\"L\u00e4s mer om Politica de Privacidade\">L\u00e4s mer<\/a><\/p>","protected":false},"author":1,"featured_media":0,"parent":0,"menu_order":0,"comment_status":"closed","ping_status":"closed","template":"","meta":{"footnotes":""},"class_list":["post-16","page","type-page","status-publish"],"_links":{"self":[{"href":"https:\/\/yokoboost.com\/sv\/wp-json\/wp\/v2\/pages\/16","targetHints":{"allow":["GET"]}}],"collection":[{"href":"https:\/\/yokoboost.com\/sv\/wp-json\/wp\/v2\/pages"}],"about":[{"href":"https:\/\/yokoboost.com\/sv\/wp-json\/wp\/v2\/types\/page"}],"author":[{"embeddable":true,"href":"https:\/\/yokoboost.com\/sv\/wp-json\/wp\/v2\/users\/1"}],"replies":[{"embeddable":true,"href":"https:\/\/yokoboost.com\/sv\/wp-json\/wp\/v2\/comments?post=16"}],"version-history":[{"count":2,"href":"https:\/\/yokoboost.com\/sv\/wp-json\/wp\/v2\/pages\/16\/revisions"}],"predecessor-version":[{"id":24,"href":"https:\/\/yokoboost.com\/sv\/wp-json\/wp\/v2\/pages\/16\/revisions\/24"}],"wp:attachment":[{"href":"https:\/\/yokoboost.com\/sv\/wp-json\/wp\/v2\/media?parent=16"}],"curies":[{"name":"wp","href":"https:\/\/api.w.org\/{rel}","templated":true}]}}