{"id":20,"date":"2025-03-21T23:38:52","date_gmt":"2025-03-21T23:38:52","guid":{"rendered":"https:\/\/yokoboost.com\/?page_id=20"},"modified":"2025-03-21T23:39:31","modified_gmt":"2025-03-21T23:39:31","slug":"anvandarvillkor","status":"publish","type":"page","link":"https:\/\/yokoboost.com\/sv\/termos-de-uso\/","title":{"rendered":"Anv\u00e4ndarvillkor"},"content":{"rendered":"<h2 class=\"wp-block-heading\">YokoBoost Anv\u00e4ndarvillkor<\/h2>\nGenom att bes\u00f6ka YokoBoosts webbplats godk\u00e4nner du att f\u00f6lja dessa anv\u00e4ndarvillkor, alla till\u00e4mpliga lagar och f\u00f6rordningar, och samtycker till att du \u00e4r ansvarig f\u00f6r att f\u00f6lja alla till\u00e4mpliga lokala lagar. Om du inte godk\u00e4nner n\u00e5got av dessa villkor \u00e4r du f\u00f6rbjuden att anv\u00e4nda eller bes\u00f6ka denna webbplats. Materialet p\u00e5 denna webbplats \u00e4r skyddat av till\u00e4mpliga upphovsr\u00e4tts- och varum\u00e4rkeslagar.\n<h2 class=\"wp-block-heading\">Anv\u00e4nd licens<\/h2>\nTillst\u00e5nd beviljas att tillf\u00e4lligt ladda ner en kopia av materialet (information eller programvara) p\u00e5 YokoBoosts webbplats f\u00f6r personlig, icke-kommersiell och tillf\u00e4llig visning. Detta \u00e4r ett beviljande av en licens, inte en \u00f6verf\u00f6ring av \u00e4gander\u00e4tt, och under denna licens f\u00e5r du inte:\n<ul class=\"wp-block-list\">\n \t<li>modifiera eller kopiera materialet;<\/li>\n \t<li>anv\u00e4nda materialet f\u00f6r kommersiella \u00e4ndam\u00e5l eller f\u00f6r offentlig visning (kommersiell eller icke-kommersiell);<\/li>\n \t<li>f\u00f6rs\u00f6ka dekompilera eller bak\u00e5tkompilera programvara som finns p\u00e5 YokoBoosts webbplats;<\/li>\n \t<li>ta bort alla upphovsr\u00e4ttsliga eller andra \u00e4gander\u00e4ttsliga anteckningar fr\u00e5n materialet; eller<\/li>\n \t<li>\u00d6verf\u00f6ra materialet till en annan person eller &quot;spegla&quot; materialet p\u00e5 n\u00e5gon annan server. Denna licens upph\u00f6r automatiskt om du bryter mot n\u00e5gon av dessa begr\u00e4nsningar och kan s\u00e4gas upp av YokoBoost n\u00e4r som helst. N\u00e4r du avslutar din visning av detta material eller n\u00e4r licensen upph\u00f6r m\u00e5ste du radera allt nedladdat material i din besittning, oavsett om det \u00e4r i elektroniskt eller tryckt format.<\/li>\n<\/ul>\n<h2 class=\"wp-block-heading\">Ansvarsfriskrivning<\/h2>\nMaterialet p\u00e5 YokoBoosts webbplats tillhandah\u00e5lls &quot;i befintligt skick&quot;. YokoBoost l\u00e4mnar inga garantier, vare sig uttryckliga eller underf\u00f6rst\u00e5dda, och fr\u00e5ns\u00e4ger sig h\u00e4rmed alla andra garantier, inklusive, utan begr\u00e4nsning, underf\u00f6rst\u00e5dda garantier eller villkor f\u00f6r s\u00e4ljbarhet, l\u00e4mplighet f\u00f6r ett visst \u00e4ndam\u00e5l eller icke-intr\u00e5ng i immateriella r\u00e4ttigheter eller andra r\u00e4ttigheter. Vidare garanterar eller g\u00f6r YokoBoost inga utf\u00e4stelser ang\u00e5ende riktigheten, sannolika resultat eller tillf\u00f6rlitligheten av anv\u00e4ndningen av materialet p\u00e5 sin webbplats eller p\u00e5 annat s\u00e4tt relaterat till s\u00e5dant material eller p\u00e5 webbplatser l\u00e4nkade till denna webbplats.\n<h2 class=\"wp-block-heading\">Begr\u00e4nsningar<\/h2>\nUnder inga omst\u00e4ndigheter ska YokoBoost eller dess leverant\u00f6rer vara ansvariga f\u00f6r n\u00e5gra skador (inklusive, utan begr\u00e4nsning, skador f\u00f6r f\u00f6rlust av data eller vinst, eller p\u00e5 grund av avbrott i verksamheten) som uppst\u00e5r p\u00e5 grund av anv\u00e4ndning eller of\u00f6rm\u00e5ga att anv\u00e4nda materialet p\u00e5 YokoBoost, \u00e4ven om YokoBoost eller en auktoriserad representant f\u00f6r YokoBoost har underr\u00e4ttats muntligt eller skriftligt om m\u00f6jligheten till s\u00e5dan skada. Eftersom vissa jurisdiktioner inte till\u00e5ter begr\u00e4nsningar av underf\u00f6rst\u00e5dda garantier eller begr\u00e4nsningar av ansvar f\u00f6r f\u00f6ljdskador eller of\u00f6rutsedda skador, kanske dessa begr\u00e4nsningar inte g\u00e4ller dig.\n<h2 class=\"wp-block-heading\">Materialens noggrannhet<\/h2>\nMaterialet som visas p\u00e5 YokoBoosts webbplats kan inneh\u00e5lla tekniska, typografiska eller fotografiska fel. YokoBoost garanterar inte att n\u00e5got material p\u00e5 webbplatsen \u00e4r korrekt, fullst\u00e4ndigt eller aktuellt. YokoBoost kan n\u00e4r som helst utan f\u00f6reg\u00e5ende meddelande g\u00f6ra \u00e4ndringar i materialet p\u00e5 webbplatsen. YokoBoost \u00e5tar sig dock inte att uppdatera materialet.\n<h2 class=\"wp-block-heading\">L\u00e4nkar<\/h2>\nYokoBoost har inte granskat alla webbplatser som l\u00e4nkas till sin webbplats och ansvarar inte f\u00f6r inneh\u00e5llet p\u00e5 n\u00e5gon l\u00e4nkad webbplats. Inkluderingen av en l\u00e4nk inneb\u00e4r inte att YokoBoost st\u00f6der webbplatsen. Anv\u00e4ndning av n\u00e5gon l\u00e4nkad webbplats sker p\u00e5 anv\u00e4ndarens egen risk.\n<h2 class=\"wp-block-heading\">Modifieringar<\/h2>\nYokoBoost kan komma att revidera dessa webbplatsvillkor n\u00e4r som helst utan f\u00f6reg\u00e5ende meddelande. Genom att anv\u00e4nda denna webbplats godk\u00e4nner du att vara bunden av den aktuella versionen av dessa anv\u00e4ndarvillkor. Till\u00e4mplig lag Dessa villkor regleras av och tolkas i enlighet med YokoBoosts lagar, och du underkastar dig o\u00e5terkalleligen domstolarnas exklusiva jurisdiktion i den staten eller p\u00e5 den platsen.\n<h2 id=\"lei-aplicavel\" class=\"wp-block-heading\">Till\u00e4mplig lag<\/h2>\nDessa villkor regleras av och tolkas i enlighet med YokoBoosts lagar och du underkastar dig o\u00e5terkalleligen domstolarnas exklusiva jurisdiktion i den staten eller p\u00e5 den platsen.","protected":false},"excerpt":{"rendered":"<p>Termos de Uso do YokoBoost Ao acessar ao site YokoBoost, concorda em cumprir estes termos de servi\u00e7o, todas as leis e regulamentos aplic\u00e1veis e concorda que \u00e9 respons\u00e1vel pelo cumprimento de todas as leis locais aplic\u00e1veis. Se voc\u00ea n\u00e3o concordar com algum desses termos, est\u00e1 proibido de usar ou acessar este site. Os materiais contidos &#8230; <a title=\"Anv\u00e4ndarvillkor\" class=\"read-more\" href=\"https:\/\/yokoboost.com\/sv\/termos-de-uso\/\" aria-label=\"L\u00e4s mer om Termos de uso\">L\u00e4s mer<\/a><\/p>","protected":false},"author":1,"featured_media":0,"parent":0,"menu_order":0,"comment_status":"closed","ping_status":"closed","template":"","meta":{"footnotes":""},"class_list":["post-20","page","type-page","status-publish"],"_links":{"self":[{"href":"https:\/\/yokoboost.com\/sv\/wp-json\/wp\/v2\/pages\/20","targetHints":{"allow":["GET"]}}],"collection":[{"href":"https:\/\/yokoboost.com\/sv\/wp-json\/wp\/v2\/pages"}],"about":[{"href":"https:\/\/yokoboost.com\/sv\/wp-json\/wp\/v2\/types\/page"}],"author":[{"embeddable":true,"href":"https:\/\/yokoboost.com\/sv\/wp-json\/wp\/v2\/users\/1"}],"replies":[{"embeddable":true,"href":"https:\/\/yokoboost.com\/sv\/wp-json\/wp\/v2\/comments?post=20"}],"version-history":[{"count":2,"href":"https:\/\/yokoboost.com\/sv\/wp-json\/wp\/v2\/pages\/20\/revisions"}],"predecessor-version":[{"id":22,"href":"https:\/\/yokoboost.com\/sv\/wp-json\/wp\/v2\/pages\/20\/revisions\/22"}],"wp:attachment":[{"href":"https:\/\/yokoboost.com\/sv\/wp-json\/wp\/v2\/media?parent=20"}],"curies":[{"name":"wp","href":"https:\/\/api.w.org\/{rel}","templated":true}]}}