{"id":16,"date":"2025-03-21T23:38:10","date_gmt":"2025-03-21T23:38:10","guid":{"rendered":"https:\/\/yokoboost.com\/?page_id=16"},"modified":"2025-03-21T23:40:29","modified_gmt":"2025-03-21T23:40:29","slug":"gizlilik-politikasi","status":"publish","type":"page","link":"https:\/\/yokoboost.com\/tr\/politica-de-privacidade\/","title":{"rendered":"Gizlilik Politikas\u0131"},"content":{"rendered":"Toplanan t\u00fcm bilgiler, web sitemizdeki deneyiminizi iyile\u015ftirmek i\u00e7in kullan\u0131lacakt\u0131r. Toplanan bilgiler ad\u0131n\u0131z\u0131, e-posta adresinizi, telefon numaran\u0131z\u0131 ve\/veya di\u011fer bilgileri i\u00e7erebilir. YokoBoost&#039;u kullanmak, bu Gizlilik S\u00f6zle\u015fmesi&#039;ni kabul etti\u011finiz anlam\u0131na gelir. Bu Gizlilik Politikas\u0131&#039;nda yer alan h\u00fck\u00fcm ve ko\u015fullar\u0131 k\u0131smen de olsa kabul etmiyorsan\u0131z, YokoBoost taraf\u0131ndan sunulan i\u00e7eri\u011fe eri\u015fmemeli ve\/veya kullanmamal\u0131s\u0131n\u0131z. Web sitesini kullanarak, verilerinizin bu Gizlilik Politikas\u0131 ve Genel Kullan\u0131m \u015eartlar\u0131 uyar\u0131nca i\u015flenmesini kabul etmi\u015f ve tamamen onaylam\u0131\u015f olursunuz. Bu gizlilik politikas\u0131n\u0131, kullan\u0131c\u0131lar\u0131n izni veya bildirimi olmaks\u0131z\u0131n herhangi bir zamanda de\u011fi\u015ftirme hakk\u0131m\u0131z\u0131 sakl\u0131 tutuyoruz, bu nedenle l\u00fctfen s\u0131k s\u0131k g\u00f6zden ge\u00e7irin. De\u011fi\u015fiklikler ve a\u00e7\u0131klamalar, web sitesinde yay\u0131nlan\u0131r yay\u0131nlanmaz y\u00fcr\u00fcrl\u00fc\u011fe girecektir. Bu politikada \u00f6nemli de\u011fi\u015fiklikler yaparsak, g\u00fcncellendi\u011fini burada size bildirece\u011fiz, b\u00f6ylece hangi bilgileri toplad\u0131\u011f\u0131m\u0131z, nas\u0131l kulland\u0131\u011f\u0131m\u0131z ve hangi durumlarda kulland\u0131\u011f\u0131m\u0131z ve\/veya if\u015fa etti\u011fimiz konusunda bilgi sahibi olacaks\u0131n\u0131z. YokoBoost, kullan\u0131c\u0131lar\u0131n\u0131n gizlili\u011fine ve verilerin nas\u0131l kullan\u0131ld\u0131\u011f\u0131 konusunda \u015feffafl\u0131\u011fa sayg\u0131 duyar. Gizlilik Politikam\u0131z, uluslararas\u0131 ve ulusal veri koruma standartlar\u0131na uygun olarak haz\u0131rlanm\u0131\u015ft\u0131r. Bu Gizlilik Politikas\u0131, YokoBoost&#039;un Genel Kullan\u0131m \u015eartlar\u0131 ve Ko\u015fullar\u0131 ile birlikte okunmal\u0131 ve yorumlanmal\u0131d\u0131r. Bu ko\u015fullara \u015fu adresten ula\u015f\u0131labilir: <a href=\"https:\/\/yokoboost.com\/tr\/kullanim-kosullari\/\">https:\/\/yokoboost.com\/termos-de-uso\/<\/a>\n<h2 class=\"wp-block-heading\">Kullan\u0131c\u0131lar i\u00e7in genel bilgiler<\/h2>\nYokoBoost, Kullan\u0131c\u0131lar\u0131yla bilgi payla\u015f\u0131m\u0131nda bulunarak bilgiyi herkesin eri\u015fimine a\u00e7may\u0131 hedefler. Kullan\u0131c\u0131lar, kay\u0131t olmadan YokoBoost web sitesine g\u00f6z atabilirler. YokoBoost, veri depolama, koruma, gizlilik ve iletimi i\u00e7in uluslararas\u0131 g\u00fcvenlik standartlar\u0131na ve normlar\u0131na uymaktad\u0131r. Hi\u00e7bir veri depolama, koruma, gizlilik veya iletim y\u00f6nteminin g\u00fcvenli ve dokunulmaz olmad\u0131\u011f\u0131n\u0131 belirtmek \u00f6nemlidir. YokoBoost, ulusal ve uluslararas\u0131 teknik ve d\u00fczenleyici geli\u015fmeler do\u011frultusunda s\u00fcrekli olarak g\u00f6zden ge\u00e7irilen ve iyile\u015ftirilen uygulama ve teknolojileri benimser. Korumadan bahsetti\u011fimizde, verilerinize yetkisiz eri\u015fim, kullan\u0131m, de\u011fi\u015fiklik, if\u015fa veya imhay\u0131 kastediyoruz. Bunun olmas\u0131n\u0131 \u00f6nlemek i\u00e7in, \u015fifreli ileti\u015fim, eri\u015fim kontrol\u00fc, g\u00fcvenli yaz\u0131l\u0131m geli\u015ftirmeye uyum, dahili uyumluluk politikalar\u0131 ve veri ya\u015fam d\u00f6ng\u00fcs\u00fc boyunca g\u00fcvenli\u011fi sa\u011flayan hesap verebilirlik ve risk azaltma \u00f6nlemleri gibi \u00f6nlemlere yat\u0131r\u0131m yap\u0131yoruz. Kullan\u0131c\u0131 bilgileri ayr\u0131ca g\u00fcvenli, tan\u0131nm\u0131\u015f ve uluslararas\u0131 alanda tan\u0131nan veritabanlar\u0131nda saklan\u0131r. YokoBoost, niteli\u011fi ne olursa olsun hi\u00e7bir \u00fcr\u00fcn i\u00e7in parasal bir \u00fccret talep etmez. B\u00f6yle bir durumda, l\u00fctfen derhal bize bildirin. T\u00fcm bilgileri m\u00fcmk\u00fcn oldu\u011funca g\u00fcncel tutmaya \u00e7al\u0131\u015f\u0131yoruz. Ancak, bu bilgilerin belirli bir sitedeki kurum veya hizmet sa\u011flay\u0131c\u0131lar\u0131n web sitelerinde bulunan bilgilerden farkl\u0131 olabilece\u011fini unutmamak \u00f6nemlidir. Bu bilgilerin do\u011frulu\u011funu veya g\u00fcncelli\u011fini garanti etmiyoruz. Se\u00e7ti\u011finiz kurumlar\u0131n kullan\u0131m \u015fartlar\u0131n\u0131 ve ko\u015fullar\u0131n\u0131 okumay\u0131 unutmay\u0131n. Sitemizdeki reklamlardan ve bir \u00fcr\u00fcn veya teklif talep eden bir kullan\u0131c\u0131y\u0131 y\u00f6nlendirdi\u011fimizde i\u015f ortaklar\u0131m\u0131zdan k\u00fc\u00e7\u00fck bir miktar gelir elde ediyoruz. Yay\u0131nlad\u0131\u011f\u0131m\u0131z her \u015fey, her \u00fcr\u00fcn\u00fcn nicel ve nitel de\u011ferlendirmelerine dayanmaktad\u0131r. \u0130\u015f ortaklar\u0131m\u0131z\u0131n, hakk\u0131nda yaz\u0131p inceledi\u011fimiz \u00fcr\u00fcnleri, &quot;en iyi&quot; makalelerin s\u0131ras\u0131n\u0131 ve YokoBoost&#039;taki \u00fcr\u00fcn konumland\u0131rmas\u0131n\u0131 do\u011frudan etkileyebilece\u011fini unutmamak \u00f6nemlidir. Sitemizdeki bilgi miktar\u0131 g\u00f6z \u00f6n\u00fcne al\u0131nd\u0131\u011f\u0131nda, bilgilerin kalitesi ve g\u00fcncelli\u011fi konusunda herhangi bir garanti vermiyoruz; bu nedenle i\u015f ortaklar\u0131m\u0131zdan gelen bilgilere \u00f6ncelik veriyoruz. Ki\u015fisel bilgilerinizi korumak i\u00e7in makul \u00f6nlemler al\u0131yor ve uygunsuz bir \u015fekilde kaybolmamas\u0131n\u0131, k\u00f6t\u00fcye kullan\u0131lmamas\u0131n\u0131, eri\u015filmemesini, if\u015fa edilmemesini, de\u011fi\u015ftirilmemesini veya imha edilmemesini sa\u011flamak i\u00e7in sekt\u00f6rdeki en iyi uygulamalar\u0131 takip ediyoruz.\n<h2 class=\"wp-block-heading\">\u00dc\u00e7\u00fcnc\u00fc Taraf Sitelerine Ba\u011flant\u0131lar<\/h2>\nYokoBoost, ziyaret\u00e7ilerimiz i\u00e7in faydal\u0131 bilgiler veya ara\u00e7lar i\u00e7erebilece\u011fini d\u00fc\u015f\u00fcnd\u00fc\u011f\u00fcm\u00fcz di\u011fer web sitelerine ba\u011flant\u0131lar i\u00e7ermektedir. Gizlilik Politikam\u0131z \u00fc\u00e7\u00fcnc\u00fc taraf web siteleri i\u00e7in ge\u00e7erli de\u011fildir. Bu web sitelerinin gizlilik politikalar\u0131ndan veya i\u00e7eriklerinden sorumlu de\u011filiz. YokoBoost, bunlar \u00fczerinde herhangi bir kontrole sahip de\u011fildir ve bu nedenle Kullan\u0131c\u0131 ile web sitesinde reklam\u0131 yap\u0131lan \u00fc\u00e7\u00fcnc\u00fc taraf \u00fcr\u00fcn ve hizmetler aras\u0131nda kurulan ili\u015fkilerde herhangi bir sorumluluktan muaft\u0131r. Web sitemizden ayr\u0131ld\u0131\u011f\u0131n\u0131zda veya bir \u00fc\u00e7\u00fcnc\u00fc taraf uygulama veya web sitesine y\u00f6nlendirildi\u011finizde, art\u0131k bu Gizlilik Politikas\u0131 veya web sitemizin Hizmet \u015eartlar\u0131&#039;na tabi olmazs\u0131n\u0131z. Verilerinizi sa\u011flad\u0131ktan sonra fikrinizi de\u011fi\u015ftirirseniz, istedi\u011finiz zaman contato@appsntech.com adresine e-posta g\u00f6ndererek sizinle ileti\u015fime ge\u00e7memiz, bilgilerinizin toplanmaya, kullan\u0131lmaya veya if\u015fa edilmeye devam etmesi i\u00e7in verdi\u011finiz izni geri \u00e7ekebilirsiniz.\n<h2 class=\"wp-block-heading\">Ki\u015fisel olmayan veriler<\/h2>\nKullan\u0131c\u0131lar YokoBoost&#039;tan \u00fccretsiz i\u00e7erik (e-kitaplar, s\u0131navlar, makaleler, infografikler vb.) talep etmedikleri takdirde, di\u011fer ayr\u0131nt\u0131lar\u0131n yan\u0131 s\u0131ra, web sitesinin hangi sayfalar\u0131n\u0131n ziyaret edildi\u011fi, ne zaman ziyaret edildi\u011fi, hangi k\u00f6pr\u00fclere t\u0131kland\u0131\u011f\u0131, hangi i\u00e7erik veya hizmetlerin talep edildi\u011fi veya belirtildi\u011fi gibi ki\u015fisel olmayan verilerin izlenmesi ve toplanmas\u0131 ger\u00e7ekle\u015ftirilebilir.\n<h2 class=\"wp-block-heading\">\u00c7erezler<\/h2>\n\u00dc\u00e7\u00fcnc\u00fc taraf bir sat\u0131c\u0131 olan Google, reklamlar\u0131 sunmak i\u00e7in \u00e7erezler kullan\u0131r. DART \u00e7erezi ile Google, okuyucunun internetteki di\u011fer web sitelerine yapt\u0131\u011f\u0131 ziyaretlere dayal\u0131 reklamlar g\u00f6sterebilir. Kullan\u0131c\u0131lar, Google reklam ve i\u00e7erik a\u011f\u0131 gizlilik politikas\u0131n\u0131 ziyaret ederek DART \u00e7erezini devre d\u0131\u015f\u0131 b\u0131rakabilirler. YokoBoost, Kullan\u0131c\u0131 gezinmesini kolayla\u015ft\u0131rmak i\u00e7in veri ve IP (\u0130nternet Protokol\u00fc) tan\u0131mlama bilgilerini toplamak amac\u0131yla \u00e7erezler kullan\u0131r ve veri g\u00fcvenli\u011fini, korumas\u0131n\u0131 ve ger\u00e7ekli\u011fini sa\u011flamaya yard\u0131mc\u0131 olur. Ayr\u0131ca, bak\u0131m maliyetlerini kar\u015f\u0131lamak i\u00e7in web sitemizde \u00fc\u00e7\u00fcnc\u00fc taraf reklamlar\u0131 da kullan\u0131r\u0131z. Bu reklamverenlerden baz\u0131lar\u0131, web sitemizde reklam verirken \u00e7erez gibi teknolojiler kullanabilir ve bu da bu reklamverenlerin (Google AdSense ve Ad Exchange arac\u0131l\u0131\u011f\u0131yla Google gibi) IP adresiniz, \u0130SS&#039;niz, taray\u0131c\u0131n\u0131z vb. gibi ki\u015fisel bilgilerinizi almas\u0131na neden olur. Bu i\u015flev genellikle co\u011frafi hedefleme (co\u011frafi konumunuza g\u00f6re anlaml\u0131 reklamlar g\u00f6sterme) i\u00e7in kullan\u0131l\u0131r. Kullan\u0131c\u0131, taray\u0131c\u0131 ayarlar\u0131ndan \u00e7erezleri kabul edip etmemeyi istedi\u011fi zaman de\u011fi\u015ftirebilir; tarama \u00e7erezlerini devre d\u0131\u015f\u0131 b\u0131rakman\u0131n YokoBoost&#039;un baz\u0131 i\u015flevlerini olumsuz etkileyebilece\u011fini unutmay\u0131n.\n<h2 class=\"wp-block-heading\">Ki\u015fisel Olarak Tan\u0131mlanabilir Veriler<\/h2>\nYokoBoost&#039;taki makaleler, e-kitaplar, testler ve daha fazlas\u0131 gibi \u00fccretsiz i\u00e7eriklere eri\u015fmek i\u00e7in kullan\u0131c\u0131lar\u0131n e-posta adresi ve tam ad\u0131 dahil olmak \u00fczere belirli ki\u015fisel olarak tan\u0131mlanabilir bilgileri sa\u011flamas\u0131 gerekir. YokoBoost taraf\u0131ndan i\u015flenen ki\u015fisel olarak tan\u0131mlanabilir veriler a\u015fa\u011f\u0131daki ama\u00e7lar i\u00e7in kullan\u0131l\u0131r: \u2013 Kullan\u0131c\u0131lar\u0131n do\u011fru ve eksiksiz bir \u015fekilde tan\u0131mlanmas\u0131, b\u00f6ylece onlar i\u00e7in daha fazla g\u00fcvenlik ve koruma sa\u011flanmas\u0131; \u2013 YokoBoost taraf\u0131ndan sa\u011flanan hizmet ve \u00fcr\u00fcnlere eri\u015fim; \u2013 YokoBoost taraf\u0131ndan kullan\u0131c\u0131lar\u0131n profillerinin analiz edilerek ger\u00e7ek ihtiya\u00e7 ve ko\u015fullar\u0131na g\u00f6re en iyi \u00fcr\u00fcn ve bilgilerin \u00f6nerilmesi. Kullan\u0131c\u0131 profillerini daha ayr\u0131nt\u0131l\u0131 bir \u015fekilde analiz etmek i\u00e7in YokoBoost, kullan\u0131c\u0131lar hakk\u0131nda daha ayr\u0131nt\u0131l\u0131 bilgi edinmek amac\u0131yla anketler d\u00fczenleyebilir ve bu sayede her kullan\u0131c\u0131n\u0131n tercihlerine ve ihtiya\u00e7lar\u0131na g\u00f6re ki\u015fiselle\u015ftirilmi\u015f \u00fcr\u00fcn ve hizmetler \u00f6nerebilir. Bu nedenle YokoBoost ve ortak \u015firketleri, kullan\u0131c\u0131lar\u0131 gerekli rehberli\u011fi i\u00e7eren e-postalar i\u00e7eren memnuniyet anketlerine kat\u0131lmaya davet edebilir. Toplanan veriler \u00f6ncelikle YokoBoost ve ortak \u015firketleri taraf\u0131ndan sunulan sistemleri, \u00fcr\u00fcnleri, i\u00e7eri\u011fi ve hizmetleri iyile\u015ftirmek i\u00e7in kullan\u0131lacakt\u0131r. Bir kullan\u0131c\u0131 bir sorun bildirmek, soru sormak veya destek almak i\u00e7in bizimle ileti\u015fime ge\u00e7erse, kullan\u0131c\u0131n\u0131n ileti\u015fim bilgilerini, ilgili mesajlar\u0131 ve sorunu veya soruyu ara\u015ft\u0131rmak i\u00e7in gerekli di\u011fer verileri toplar ve saklar\u0131z. Bu veriler, toplanan bilgilere dayanarak olas\u0131 sorular\u0131 \u00e7\u00f6zmek, \u015f\u00fcpheleri gidermek, sorunlar\u0131 gidermek ve sistemi iyile\u015ftirerek YokoBoost i\u00e7indeki kullan\u0131c\u0131 deneyimini daha da iyile\u015ftirmek i\u00e7in kullan\u0131lacakt\u0131r.\n<h2 class=\"wp-block-heading\">Veri payla\u015f\u0131m\u0131 hakk\u0131nda<\/h2>\nYokoBoost, Kullan\u0131c\u0131lar\u0131n\u0131n ki\u015fisel bilgilerini veya verilerini satmaz; ancak, profillerine ve ihtiya\u00e7lar\u0131na en uygun \u00fcr\u00fcn ve hizmetleri \u00f6nermek veya Kullan\u0131c\u0131 taraf\u0131ndan talep edilen \u00fcr\u00fcn ve\/veya hizmetleri sa\u011flamak amac\u0131yla i\u015f ortaklar\u0131yla payla\u015fabilir. YokoBoost, herhangi bir yarg\u0131 makam\u0131 veya resmi kurumla yard\u0131m veya i\u015f birli\u011fi yapma hakk\u0131n\u0131 sakl\u0131 tutar ve Kullan\u0131c\u0131lar\u0131n ki\u015fisel olarak tan\u0131mlanabilir verilerini \u015fu ama\u00e7larla payla\u015fabilir: a) yasal haklar\u0131n\u0131 tesis etmek veya kullanmak; b) mal varl\u0131\u011f\u0131n\u0131 korumak; c) Kullan\u0131c\u0131lar\u0131n\u0131, \u00e7al\u0131\u015fanlar\u0131n\u0131, y\u00f6neticilerini veya eylem veya ihmalden zarar g\u00f6ren herhangi bir ki\u015fiyi korumak i\u00e7in yard\u0131m veya i\u015f birli\u011finin gerekli oldu\u011funu d\u00fc\u015f\u00fcnd\u00fc\u011f\u00fcnde.\n<h2 class=\"wp-block-heading\">Ham ve toplanmayan veriler hakk\u0131nda<\/h2>\nYokoBoost, ebeveynlerinin veya yasal vasilerinin \u00f6nceden izni olmaks\u0131z\u0131n 13 (on \u00fc\u00e7) ya\u015f\u0131n alt\u0131ndaki \u00e7ocuklar\u0131n ki\u015fisel verilerini i\u015flemez. 13 (on \u00fc\u00e7) ya\u015f\u0131n alt\u0131ndaki \u00e7ocuklar\u0131n ki\u015fisel verileri, ebeveynlerinin veya yasal vasilerinin a\u00e7\u0131k izni olmaks\u0131z\u0131n kas\u0131ts\u0131z olarak toplan\u0131r ve i\u015flenirse, YokoBoost toplanan t\u00fcm verileri \u00f6nceden haber vermeksizin silecektir. Bir \u00e7ocu\u011fun verilerini yanl\u0131\u015fl\u0131kla i\u015fledi\u011fimizi fark ederseniz, l\u00fctfen derhal e-posta yoluyla bizimle ileti\u015fime ge\u00e7in. <a>contato@appsntech.com<\/a>Gerekli tedbirleri alabilmemiz i\u00e7in.","protected":false},"excerpt":{"rendered":"<p>Todas as informa\u00e7\u00f5es recolhidas ser\u00e3o utilizadas para melhorar sua experi\u00eancia dentro do nosso site. As informa\u00e7\u00f5es recolhidas podem incluir o seu nome, email, n\u00famero de telefone e\/ou outros. O uso do YokoBoost pressup\u00f5e a aceita\u00e7\u00e3o deste Acordo de Privacidade. Caso o usu\u00e1rio n\u00e3o concorde, ainda que em parte, com os termos e condi\u00e7\u00f5es contidos nesta &#8230; <a title=\"Gizlilik Politikas\u0131\" class=\"read-more\" href=\"https:\/\/yokoboost.com\/tr\/politica-de-privacidade\/\" aria-label=\"Read more about Politica de Privacidade\">Devam\u0131n\u0131 oku<\/a><\/p>","protected":false},"author":1,"featured_media":0,"parent":0,"menu_order":0,"comment_status":"closed","ping_status":"closed","template":"","meta":{"footnotes":""},"class_list":["post-16","page","type-page","status-publish"],"_links":{"self":[{"href":"https:\/\/yokoboost.com\/tr\/wp-json\/wp\/v2\/pages\/16","targetHints":{"allow":["GET"]}}],"collection":[{"href":"https:\/\/yokoboost.com\/tr\/wp-json\/wp\/v2\/pages"}],"about":[{"href":"https:\/\/yokoboost.com\/tr\/wp-json\/wp\/v2\/types\/page"}],"author":[{"embeddable":true,"href":"https:\/\/yokoboost.com\/tr\/wp-json\/wp\/v2\/users\/1"}],"replies":[{"embeddable":true,"href":"https:\/\/yokoboost.com\/tr\/wp-json\/wp\/v2\/comments?post=16"}],"version-history":[{"count":2,"href":"https:\/\/yokoboost.com\/tr\/wp-json\/wp\/v2\/pages\/16\/revisions"}],"predecessor-version":[{"id":24,"href":"https:\/\/yokoboost.com\/tr\/wp-json\/wp\/v2\/pages\/16\/revisions\/24"}],"wp:attachment":[{"href":"https:\/\/yokoboost.com\/tr\/wp-json\/wp\/v2\/media?parent=16"}],"curies":[{"name":"wp","href":"https:\/\/api.w.org\/{rel}","templated":true}]}}